{"id":5746,"date":"2022-10-21T05:20:55","date_gmt":"2022-10-21T03:20:55","guid":{"rendered":"http:\/\/tyditiao.com\/product\/golyoallo-acel-nij-iv-7-mm-3-kg-golyoallo-ballisztikus-melllemez-250x300-mm\/"},"modified":"2025-09-29T15:50:12","modified_gmt":"2025-09-29T13:50:12","slug":"golyoallo-acel-nij-level-iv-7mm-3kg-mellved-golyoallo-250x300mm","status":"publish","type":"product","link":"https:\/\/tyditiao.com\/hu\/termek\/golyoallo-acel-nij-level-iv-7mm-3kg-mellved-golyoallo-250x300mm\/","title":{"rendered":"Goly\u00f3\u00e1ll\u00f3 ac\u00e9l, NIJ IV, 7 mm, 3 kg, goly\u00f3\u00e1ll\u00f3 ballisztikus melllemez, 250&#215;300 mm"},"content":{"rendered":"<p>S\u00faly: 3 kg<br \/>\nAnyaga: goly\u00f3\u00e1ll\u00f3 ac\u00e9l;<br \/>\nVastags\u00e1g: 7mm<br \/>\nV\u00e9delmi oszt\u00e1ly: NIJ IV (GA6)<\/p>\n<p>M\u00e9rete: 25cm * 30cm<br \/>\nForma: Trap\u00e9z (Trap\u00e9z t\u00e1bla let\u00f6rt sarkokkal)<\/p>\n<p>Csomagol\u00e1si lista:<br \/>\n1 x trap\u00e9z alak\u00fa goly\u00f3\u00e1ll\u00f3 lemez.<\/p>\n<p>\u00c9rtes\u00edt\u00e9s:<br \/>\nF\u00e9nyvisszaver\u0151 mell\u00e9ny nem tartoz\u00e9k<\/p>\n<p>Felhaszn\u00e1l\u00f3k: csal\u00e1dv\u00e9delem, kock\u00e1zatokkal kapcsolatos szem\u00e9lyzet, banki valutav\u00e9delem, k\u00fclf\u00f6ldi katonas\u00e1g, k\u00fclf\u00f6ldi fegyveres konfliktusban dolgoz\u00f3k, biztons\u00e1gi szem\u00e9lyzet, tenger\u00e9szek, hat\u00e1r\u0151r\u00f6k stb.<\/p>\n","protected":false},"excerpt":{"rendered":"<p>Speci\u00e1lis goly\u00f3\u00e1ll\u00f3 ac\u00e9llemezb\u0151l k\u00e9sz\u00fclt: azonos szint\u0171 v\u00e9delem, el\u0151nye, hogy v\u00e9kony \u00e9s k\u00f6nny\u0171.<\/p>\n<p>Pufferr\u00e9teg: Minden goly\u00f3\u00e1ll\u00f3 lemez belsej\u00e9ben egy r\u00e9teg \u00fct\u00e9s\u00e1ll\u00f3 EVA vattakorong tal\u00e1lhat\u00f3, amely hat\u00e9konyan cs\u00f6kkenti az emberi testre gyakorolt \u200b\u200bhat\u00e1st a bomb\u00e1z\u00e1s ut\u00e1n<\/p>\n<p>Dupla\u00edves kialak\u00edt\u00e1s: A deszka bal \u00e9s jobb oldal\u00e1n az ergon\u00f3miai elvek szerint mechanikus vasal\u00e1ssal az \u00edves \u00e9lek t\u00f6k\u00e9letesen illeszkednek a testhez<\/p>\n<p>Alkalmaz\u00e1sa: A biztons\u00e1g kedv\u00e9\u00e9rt haszn\u00e1lja taktikai mell\u00e9nyekkel, kab\u00e1tokkal, ballisztikus h\u00e1tizs\u00e1kokkal, k\u00fcl\u00f6nf\u00e9le testp\u00e1nc\u00e9lokkal stb.<\/p>\n","protected":false},"featured_media":5368,"comment_status":"open","ping_status":"closed","template":"","meta":[],"product_brand":[],"product_cat":[236],"product_tag":[],"woo-feed-brand":[50],"class_list":{"0":"post-5746","1":"product","2":"type-product","3":"status-publish","4":"has-post-thumbnail","6":"product_cat-bulletproof-chest-plate-hu","7":"woo-feed-brand-tyditiao","9":"first","10":"instock","11":"sale","12":"shipping-taxable","13":"purchasable","14":"product-type-simple"},"_links":{"self":[{"href":"https:\/\/tyditiao.com\/hu\/wp-json\/wp\/v2\/product\/5746","targetHints":{"allow":["GET"]}}],"collection":[{"href":"https:\/\/tyditiao.com\/hu\/wp-json\/wp\/v2\/product"}],"about":[{"href":"https:\/\/tyditiao.com\/hu\/wp-json\/wp\/v2\/types\/product"}],"replies":[{"embeddable":true,"href":"https:\/\/tyditiao.com\/hu\/wp-json\/wp\/v2\/comments?post=5746"}],"wp:featuredmedia":[{"embeddable":true,"href":"https:\/\/tyditiao.com\/hu\/wp-json\/wp\/v2\/media\/5368"}],"wp:attachment":[{"href":"https:\/\/tyditiao.com\/hu\/wp-json\/wp\/v2\/media?parent=5746"}],"wp:term":[{"taxonomy":"product_brand","embeddable":true,"href":"https:\/\/tyditiao.com\/hu\/wp-json\/wp\/v2\/product_brand?post=5746"},{"taxonomy":"product_cat","embeddable":true,"href":"https:\/\/tyditiao.com\/hu\/wp-json\/wp\/v2\/product_cat?post=5746"},{"taxonomy":"product_tag","embeddable":true,"href":"https:\/\/tyditiao.com\/hu\/wp-json\/wp\/v2\/product_tag?post=5746"},{"taxonomy":"woo-feed-brand","embeddable":true,"href":"https:\/\/tyditiao.com\/hu\/wp-json\/wp\/v2\/woo-feed-brand?post=5746"}],"curies":[{"name":"wp","href":"https:\/\/api.w.org\/{rel}","templated":true}]}}