{"id":5748,"date":"2022-10-21T05:25:40","date_gmt":"2022-10-21T03:25:40","guid":{"rendered":"http:\/\/tyditiao.com\/product\/uhmwpe-nij-iiia-szint-7-mm-05-kg-golyoallo-mellkasi-lemez-250-x-300-mm\/"},"modified":"2026-01-25T18:08:08","modified_gmt":"2026-01-25T16:08:08","slug":"uhmwpe-nij-level-iiia-7mm-0-5kgn-mellvert-golyoallo-250x300mm","status":"publish","type":"product","link":"https:\/\/tyditiao.com\/hu\/termek\/uhmwpe-nij-level-iiia-7mm-0-5kgn-mellvert-golyoallo-250x300mm\/","title":{"rendered":"UHMWPE, NIJ, IIIA szint, 7 mm, 0,5 kg, goly\u00f3\u00e1ll\u00f3 mellkasi lemez, 250 x 300 mm"},"content":{"rendered":"<p>S\u00faly: 0,5 kg<br \/>\nAnyaga: PE<br \/>\nVastags\u00e1g: 7mm<br \/>\nV\u00e9delmi oszt\u00e1ly: NIJ IIIA szint (GA4)<\/p>\n<p>K\u00fcls\u0151 r\u00e9teg: fekete v\u00edz\u00e1ll\u00f3 poli\u00e9szter sz\u00f6vet;<br \/>\nM\u00e9retek: 250x300mm \/ 9,8&#8243;x11,8&#8243;<br \/>\nForma: Trap\u00e9z (Trap\u00e9z t\u00e1bla let\u00f6rt sarkokkal)<\/p>\n<p>Csomagol\u00e1si lista:<br \/>\n1 x trap\u00e9z alak\u00fa goly\u00f3\u00e1ll\u00f3 lemez.<\/p>\n<p>\u00c9rtes\u00edt\u00e9s:<br \/>\nF\u00e9nyvisszaver\u0151 mell\u00e9ny nem tartoz\u00e9k<\/p>\n<p>C\u00e9lzott felhaszn\u00e1l\u00f3k: fegyveres er\u0151k, SWAT, belbiztons\u00e1g, v\u00e1m- \u00e9s hat\u00e1rv\u00e9delem, bev\u00e1ndorl\u00e1s-ellen\u0151rz\u00e9s \u00e9s m\u00e1sok, akik fegyveres fenyeget\u00e9snek vannak kit\u00e9ve, felszerelhet\u0151k term\u00e9keinkkel. Az emberek jobb eredm\u00e9nyeket \u00e9s kevesebb \u00e1ldozatot \u00e9rnek el. A term\u00e9k alkalmasabb olyan helyzetekre is, mint a t\u00e1vols\u00e1gi k\u00fcldet\u00e9sek vagy a hossz\u00fa t\u00e1v\u00fa k\u00fcldet\u00e9sek. Saj\u00e1t csal\u00e1d v\u00e9delm\u00e9re is j\u00f3 v\u00e1laszt\u00e1s<\/p>\n","protected":false},"excerpt":{"rendered":"<p>Ez a b\u00e9l\u00e9s tiszta PE sz\u00e1lb\u00f3l k\u00e9sz\u00fclt: el\u0151nye a k\u00f6nny\u0171 s\u00faly \u00e9s a s\u00fct\u00e9s ut\u00e1ni m\u00e1sodlagos k\u00e1rosod\u00e1s es\u00e9lye. A reteszel\u00e9st k\u00f6vet\u0151en a l\u00f6ved\u00e9k be\u00e1gyaz\u00f3dik a peng\u00e9be, \u00e9s nagyon kicsi a visszapattan\u00e1s val\u00f3sz\u00edn\u0171s\u00e9ge<\/p>\n<p>Pure PE goly\u00f3\u00e1ll\u00f3 lemez, NIJ IIIA oszt\u00e1ly: s\u00falya 0,5 kg, \u00f3lom\u00e1ll\u00f3, 54-es, 64-es pisztoly, 79-es g\u00e9ppisztoly<\/p>\n<p>Pufferr\u00e9teg: Minden goly\u00f3\u00e1ll\u00f3 lemez belsej\u00e9ben egy r\u00e9teg \u00fct\u00e9s\u00e1ll\u00f3 EVA vattakorong tal\u00e1lhat\u00f3, amely hat\u00e9konyan cs\u00f6kkenti az emberi testre gyakorolt \u200b\u200bhat\u00e1st a bomb\u00e1z\u00e1s ut\u00e1n<\/p>\n<p>Dupla\u00edves kialak\u00edt\u00e1s: A deszka bal \u00e9s jobb oldal\u00e1n az ergon\u00f3miai elvek szerint mechanikus vasal\u00e1ssal az \u00edves \u00e9lek t\u00f6k\u00e9letesen illeszkednek a testhez<\/p>\n","protected":false},"featured_media":5458,"comment_status":"open","ping_status":"closed","template":"","meta":[],"product_brand":[],"product_cat":[236],"product_tag":[],"woo-feed-brand":[50],"class_list":{"0":"post-5748","1":"product","2":"type-product","3":"status-publish","4":"has-post-thumbnail","6":"product_cat-bulletproof-chest-plate-hu","7":"woo-feed-brand-tyditiao","9":"first","10":"instock","11":"sale","12":"shipping-taxable","13":"purchasable","14":"product-type-simple"},"_links":{"self":[{"href":"https:\/\/tyditiao.com\/hu\/wp-json\/wp\/v2\/product\/5748","targetHints":{"allow":["GET"]}}],"collection":[{"href":"https:\/\/tyditiao.com\/hu\/wp-json\/wp\/v2\/product"}],"about":[{"href":"https:\/\/tyditiao.com\/hu\/wp-json\/wp\/v2\/types\/product"}],"replies":[{"embeddable":true,"href":"https:\/\/tyditiao.com\/hu\/wp-json\/wp\/v2\/comments?post=5748"}],"wp:featuredmedia":[{"embeddable":true,"href":"https:\/\/tyditiao.com\/hu\/wp-json\/wp\/v2\/media\/5458"}],"wp:attachment":[{"href":"https:\/\/tyditiao.com\/hu\/wp-json\/wp\/v2\/media?parent=5748"}],"wp:term":[{"taxonomy":"product_brand","embeddable":true,"href":"https:\/\/tyditiao.com\/hu\/wp-json\/wp\/v2\/product_brand?post=5748"},{"taxonomy":"product_cat","embeddable":true,"href":"https:\/\/tyditiao.com\/hu\/wp-json\/wp\/v2\/product_cat?post=5748"},{"taxonomy":"product_tag","embeddable":true,"href":"https:\/\/tyditiao.com\/hu\/wp-json\/wp\/v2\/product_tag?post=5748"},{"taxonomy":"woo-feed-brand","embeddable":true,"href":"https:\/\/tyditiao.com\/hu\/wp-json\/wp\/v2\/woo-feed-brand?post=5748"}],"curies":[{"name":"wp","href":"https:\/\/api.w.org\/{rel}","templated":true}]}}