{"id":7141,"date":"2023-03-05T03:25:17","date_gmt":"2023-03-05T04:25:37","guid":{"rendered":"http:\/\/tyditiao.com\/product\/wendy-taktikai-sisak-3a-konnyu-robbanasbiztos-sisak-kulonleges-meretu-egyedi-szin-egyedi-vasarlasi-link\/"},"modified":"2023-03-05T06:25:37","modified_gmt":"2023-03-05T04:25:37","slug":"wendy-taktikai-helm-light-forces-special-3a-robbanasbiztos-sisak-specialis-meret-egyedi-szin-dedikalt-link-vasarlashoz","status":"publish","type":"product","link":"https:\/\/tyditiao.com\/hu\/termek\/wendy-taktikai-helm-light-forces-special-3a-robbanasbiztos-sisak-specialis-meret-egyedi-szin-dedikalt-link-vasarlashoz\/","title":{"rendered":"WENDY taktikai sisak 3A k\u00f6nny\u0171, robban\u00e1sbiztos sisak k\u00fcl\u00f6nleges m\u00e9ret\u0171 egyedi sz\u00edn egyedi v\u00e1s\u00e1rl\u00e1si link"},"content":{"rendered":"<p><strong>A WENDY goly\u00f3\u00e1ll\u00f3 sisak m\u00e9ret\u00e9r\u0151l:<\/strong> Ehhez a WENDY k\u00fcl\u00f6nleges er\u0151k goly\u00f3\u00e1ll\u00f3 sisakj\u00e1hoz nagy m\u00e9ret\u0171 \u00e9s kis m\u00e9ret\u0171 gy\u00e1rt\u00e1si form\u00e1kat adtunk hozz\u00e1, hogy megfeleljenek a felhaszn\u00e1l\u00f3k k\u00fcl\u00f6nb\u00f6z\u0151 ig\u00e9nyeinek. Az M-es m\u00e9ret norm\u00e1l m\u00e9ret, amely a legt\u00f6bb ember sz\u00e1m\u00e1ra megfelel\u0151. Ha \u00fagy gondolja, hogy a kis m\u00e9ret jobban megfelel saj\u00e1t ig\u00e9nyeinek vagy visel\u00e9si szok\u00e1sainak, k\u00e9rj\u00fck, v\u00e1lasszon kicsi m\u00e9retet, ellenkez\u0151 esetben v\u00e1lasszon nagy m\u00e9retet.<\/p>\n<p><strong>A WENDY goly\u00f3\u00e1ll\u00f3 sisak sz\u00edn\u00e9r\u0151l:<\/strong> Az \u00e1ltalunk t\u00f6megesen gy\u00e1rtott sz\u00ednek f\u0151k\u00e9nt fekete, vil\u00e1gosbarna \u00e9s z\u00f6ld. Ugyanakkor lehet\u0151s\u00e9g\u00fcnk van b\u00e1rmilyen sz\u00ednt vagy k\u00fcl\u00f6nf\u00e9le \u00e1lc\u00e1z\u00e1si mint\u00e1kat el\u0151\u00e1ll\u00edtani, amelyeket az \u00fcgyfelek ig\u00e9nyelnek, mint p\u00e9ld\u00e1ul erdei \u00e1lc\u00e1z\u00e1s, dzsungel \u00e1lc\u00e1z\u00e1s, sivatagi \u00e1lc\u00e1z\u00e1s, tengeri \u00e1lc\u00e1z\u00e1s, v\u00e1rosi \u00e1lc\u00e1z\u00e1s stb. Ha t\u00f6bb mint 10 sisakot szeretne rendelni, vegye fel vel\u00fcnk a kapcsolatot, ingyenesen megkapja ezt az egyedi sz\u00ednszolg\u00e1ltat\u00e1st, csak k\u00fcldje el nek\u00fcnk a k\u00edv\u00e1nt sz\u00ednmint\u00e1t<\/p>\n<p><strong>WENDY taktikai sisak goly\u00f3\u00e1ll\u00f3 szint:<\/strong> 0101.06 szabv\u00e1ny IIIA szint<\/p>\n<p>K\u00c9NYELMES Visel\u00e9s: A Zorbium hab p\u00e1rn\u00e1z\u00e1s v\u00edzleperget\u0151 b\u00e9l\u00e9ssel rendelkezik, antimikrobi\u00e1lis bevonattal, amely elvezeti a nedvess\u00e9get, \u00edgy h\u0171v\u00f6s \u00e9s sz\u00e1raz marad.<\/p>\n<p>K\u00d6NNY\u0170 BE\u00c1LL\u00cdT\u00c1S: K\u00f6nny\u0171, katonai min\u0151s\u00e9g\u0171 CAM FIT r\u00f6gz\u00edt\u0151rendszer BOA z\u00e1r\u00f3rendszerrel a biztons\u00e1gos, egykezes be\u00e1ll\u00edt\u00e1s a pontos illeszked\u00e9s \u00e9rdek\u00e9ben.<\/p>\n<p>B\u0150V\u00cdTHET\u0150: A Rail 2.0 r\u00f6gz\u00edt\u00e9si rendszer az \u00f6sszes EXFIL Rail 2.0 tartoz\u00e9kkal kompatibilis. A megford\u00edthat\u00f3 gimbal-r\u00f6gz\u00edt\u0151s\u00edn \u00e9s a homlokon tal\u00e1lhat\u00f3 gimbal-tart\u00f3 lehet\u0151v\u00e9 teszi Wendy sz\u00e1m\u00e1ra, hogy t\u00f6bb lehet\u0151s\u00e9get teremtsen.<\/p>\n<p>A norm\u00e1l felf\u00fcggeszt\u00e9s mellett a sisak h\u00e1rom \u00fctk\u00f6z\u0151bet\u00e9ttel \u00e9s nyolc \u00e1ll\u00edthat\u00f3 p\u00e1rn\u00e1val rendelkezik az optim\u00e1lis illeszked\u00e9s \u00e9s k\u00e9nyelem \u00e9rdek\u00e9ben<\/p>\n","protected":false},"excerpt":{"rendered":"<p>A WENDY goly\u00f3\u00e1ll\u00f3 sisak m\u00e9ret\u00e9r\u0151l: Ehhez a WENDY k\u00fcl\u00f6nleges er\u0151k goly\u00f3\u00e1ll\u00f3 sisakj\u00e1hoz nagy m\u00e9ret\u0171 \u00e9s kis m\u00e9ret\u0171 gy\u00e1rt\u00e1si form\u00e1kat adtunk&#8230;<\/p>\n","protected":false},"featured_media":4424,"comment_status":"open","ping_status":"closed","template":"","meta":[],"product_brand":[],"product_cat":[348,180,170],"product_tag":[],"woo-feed-brand":[],"class_list":{"0":"post-7141","1":"product","2":"type-product","3":"status-publish","4":"has-post-thumbnail","6":"product_cat-golyoallo-sisak","7":"product_cat-uncategorized-hu","8":"product_cat-wendy-hu","10":"first","11":"instock","12":"sale","13":"shipping-taxable","14":"purchasable","15":"product-type-variable","16":"has-default-attributes"},"_links":{"self":[{"href":"https:\/\/tyditiao.com\/hu\/wp-json\/wp\/v2\/product\/7141","targetHints":{"allow":["GET"]}}],"collection":[{"href":"https:\/\/tyditiao.com\/hu\/wp-json\/wp\/v2\/product"}],"about":[{"href":"https:\/\/tyditiao.com\/hu\/wp-json\/wp\/v2\/types\/product"}],"replies":[{"embeddable":true,"href":"https:\/\/tyditiao.com\/hu\/wp-json\/wp\/v2\/comments?post=7141"}],"wp:featuredmedia":[{"embeddable":true,"href":"https:\/\/tyditiao.com\/hu\/wp-json\/wp\/v2\/media\/4424"}],"wp:attachment":[{"href":"https:\/\/tyditiao.com\/hu\/wp-json\/wp\/v2\/media?parent=7141"}],"wp:term":[{"taxonomy":"product_brand","embeddable":true,"href":"https:\/\/tyditiao.com\/hu\/wp-json\/wp\/v2\/product_brand?post=7141"},{"taxonomy":"product_cat","embeddable":true,"href":"https:\/\/tyditiao.com\/hu\/wp-json\/wp\/v2\/product_cat?post=7141"},{"taxonomy":"product_tag","embeddable":true,"href":"https:\/\/tyditiao.com\/hu\/wp-json\/wp\/v2\/product_tag?post=7141"},{"taxonomy":"woo-feed-brand","embeddable":true,"href":"https:\/\/tyditiao.com\/hu\/wp-json\/wp\/v2\/woo-feed-brand?post=7141"}],"curies":[{"name":"wp","href":"https:\/\/api.w.org\/{rel}","templated":true}]}}