{"id":7151,"date":"2023-03-05T03:22:19","date_gmt":"2023-03-05T04:27:56","guid":{"rendered":"http:\/\/tyditiao.com\/product\/mich2000-ballisztikus-sisak-3a-taktikai-ballisztikus-sisak-kulonleges-meret-egyedi-szin-dedikalt-vasarlasi-link\/"},"modified":"2023-03-05T06:27:56","modified_gmt":"2023-03-05T04:27:56","slug":"mich2000-golyoallo-sisak-3a-taktikai-ballisztikus-sisak-kulonleges-meretu-egyedi-szin-dedikalt-vasarlasi-link","status":"publish","type":"product","link":"https:\/\/tyditiao.com\/hu\/termek\/mich2000-golyoallo-sisak-3a-taktikai-ballisztikus-sisak-kulonleges-meretu-egyedi-szin-dedikalt-vasarlasi-link\/","title":{"rendered":"Mich2000 ballisztikus sisak, 3A taktikai ballisztikus sisak, k\u00fcl\u00f6nleges m\u00e9ret, egyedi sz\u00edn, dedik\u00e1lt v\u00e1s\u00e1rl\u00e1si link"},"content":{"rendered":"<p><strong>A Mich2000 sisakm\u00e9retr\u0151l:<\/strong> Kis \u00e9s nagy gy\u00e1rt\u00f3form\u00e1kat adtunk ehhez a Mich 3A taktikai ballisztikus sisakhoz, hogy megfelelj\u00fcnk a k\u00fcl\u00f6nb\u00f6z\u0151 ig\u00e9ny\u0171 felhaszn\u00e1l\u00f3knak. Az M-es m\u00e9ret norm\u00e1l m\u00e9ret, \u00e9s a legt\u00f6bb ember sz\u00e1m\u00e1ra megfelel\u0151. Ha \u00fagy gondolja, hogy a kis m\u00e9ret jobban megfelel saj\u00e1t ig\u00e9nyeinek vagy visel\u00e9si szok\u00e1sainak, k\u00e9rj\u00fck, v\u00e1lassza a kis m\u00e9retet, ellenkez\u0151 esetben v\u00e1lassza a nagy m\u00e9retet.<\/p>\n<p><strong>A Mich2000 goly\u00f3\u00e1ll\u00f3 sisak sz\u00edn\u00e9r\u0151l:<\/strong> Mich 3A taktikai goly\u00f3\u00e1ll\u00f3 sisak, els\u0151sorban h\u00e1rom sz\u00ednben gy\u00e1rtunk: fekete, vil\u00e1gosbarna \u00e9s z\u00f6ld. Ugyanakkor lehet\u0151s\u00e9g\u00fcnk van b\u00e1rmilyen sz\u00ednt vagy k\u00fcl\u00f6nf\u00e9le \u00e1lc\u00e1z\u00e1si mint\u00e1kat el\u0151\u00e1ll\u00edtani, amelyeket az \u00fcgyfelek hat\u00e1roznak meg, mint p\u00e9ld\u00e1ul az erdei \u00e1lc\u00e1z\u00e1s, a dzsungel \u00e1lc\u00e1z\u00e1sa, a sivatagi \u00e1lc\u00e1z\u00e1s, a tengeri \u00e1lc\u00e1z\u00e1s \u00e9s a v\u00e1rosi \u00e1lc\u00e1z\u00e1s stb. Ha 10-n\u00e9l t\u00f6bb sisakot szeretne rendelni, vegye fel vel\u00fcnk a kapcsolatot, ingyenesen megkapja ezt az egyedi sz\u00ednszolg\u00e1ltat\u00e1st, csak k\u00fcldje el nek\u00fcnk a k\u00edv\u00e1nt sz\u00ednmint\u00e1t.<\/p>\n<p>MICH2000 sisak goly\u00f3\u00e1ll\u00f3 sisak: 0101.06 szabv\u00e1ny IIIA szint<\/p>\n<p>Anyaga: nagy szak\u00edt\u00f3szil\u00e1rds\u00e1g\u00fa Kevlar-Dupont aramidsz\u00e1l<\/p>\n<p>A MICH2000 ballisztikus sisak nagyobb v\u00e9d\u0151fel\u00fclettel \u00e9s m\u00e9lyen dekolt\u00e1lt kialak\u00edt\u00e1ssal rendelkezik, amely jobban fedi a fej oldal\u00e1t, ami m\u00e9g el\u0151ny\u00f6sebb, ha nem tervezel sok kieg\u00e9sz\u00edt\u0151 felszerel\u00e9s\u00e9t.<\/p>\n<p>A Mich2000 ballisztikus sisak n\u00e9gypontos r\u00f6gz\u00edt\u00e9si rendszere hasonl\u00f3 a g\u00f6rdeszk\u00e1s \u00e9s ker\u00e9kp\u00e1ros sisakokon tal\u00e1lhat\u00f3 v\u00e9delemhez \u00e9s p\u00e1ntokhoz.<\/p>\n","protected":false},"excerpt":{"rendered":"<p>A Mich2000 sisakm\u00e9retr\u0151l: Kis \u00e9s nagy gy\u00e1rt\u00f3form\u00e1kat adtunk ehhez a Mich 3A taktikai ballisztikus sisakhoz, hogy megfelelj\u00fcnk a k\u00fcl\u00f6nb\u00f6z\u0151 ig\u00e9ny\u0171&#8230;<\/p>\n","protected":false},"featured_media":4276,"comment_status":"open","ping_status":"closed","template":"","meta":[],"product_brand":[],"product_cat":[348,157],"product_tag":[],"woo-feed-brand":[],"class_list":{"0":"post-7151","1":"product","2":"type-product","3":"status-publish","4":"has-post-thumbnail","6":"product_cat-golyoallo-sisak","7":"product_cat-mich2000-hu","9":"first","10":"instock","11":"sale","12":"shipping-taxable","13":"purchasable","14":"product-type-variable","15":"has-default-attributes"},"_links":{"self":[{"href":"https:\/\/tyditiao.com\/hu\/wp-json\/wp\/v2\/product\/7151","targetHints":{"allow":["GET"]}}],"collection":[{"href":"https:\/\/tyditiao.com\/hu\/wp-json\/wp\/v2\/product"}],"about":[{"href":"https:\/\/tyditiao.com\/hu\/wp-json\/wp\/v2\/types\/product"}],"replies":[{"embeddable":true,"href":"https:\/\/tyditiao.com\/hu\/wp-json\/wp\/v2\/comments?post=7151"}],"wp:featuredmedia":[{"embeddable":true,"href":"https:\/\/tyditiao.com\/hu\/wp-json\/wp\/v2\/media\/4276"}],"wp:attachment":[{"href":"https:\/\/tyditiao.com\/hu\/wp-json\/wp\/v2\/media?parent=7151"}],"wp:term":[{"taxonomy":"product_brand","embeddable":true,"href":"https:\/\/tyditiao.com\/hu\/wp-json\/wp\/v2\/product_brand?post=7151"},{"taxonomy":"product_cat","embeddable":true,"href":"https:\/\/tyditiao.com\/hu\/wp-json\/wp\/v2\/product_cat?post=7151"},{"taxonomy":"product_tag","embeddable":true,"href":"https:\/\/tyditiao.com\/hu\/wp-json\/wp\/v2\/product_tag?post=7151"},{"taxonomy":"woo-feed-brand","embeddable":true,"href":"https:\/\/tyditiao.com\/hu\/wp-json\/wp\/v2\/woo-feed-brand?post=7151"}],"curies":[{"name":"wp","href":"https:\/\/api.w.org\/{rel}","templated":true}]}}