{"id":13992,"date":"2022-10-21T05:20:55","date_gmt":"2023-05-22T16:37:52","guid":{"rendered":"http:\/\/tyditiao.com\/product\/skothelt-stal-nij-iv-7mm-3kg-skotheldt-skothelt-brjostplata-250x300mm\/"},"modified":"2025-09-29T15:50:12","modified_gmt":"2025-09-29T13:50:12","slug":"skotheld-stal-nij-stig-iv-7mm-3kg-brynjuvorn-skotheld-250x300mm","status":"publish","type":"product","link":"https:\/\/tyditiao.com\/is\/product\/skotheld-stal-nij-stig-iv-7mm-3kg-brynjuvorn-skotheld-250x300mm\/","title":{"rendered":"Skothelt st\u00e1l, NIJ IV, 7MM, 3KG, skotheldt skothelt brj\u00f3stplata, 250X300MM"},"content":{"rendered":"<p>\u00deyngd: 3kg<br \/>\nEfni: skotheld st\u00e1l;<br \/>\n\u00deykkt: 7MM<br \/>\nVerndarflokkur: NIJ IV (GA6)<\/p>\n<p>St\u00e6r\u00f0: 25cm * 30cm<br \/>\nL\u00f6gun: trapezoid (trapezoid bor\u00f0 me\u00f0 afskornum hornum)<\/p>\n<p>P\u00f6kkunarlisti:<br \/>\n1 x trapisulaga skotheld plata.<\/p>\n<p>Tilkynning:<br \/>\nEndurskinsvesti fylgir ekki me\u00f0<\/p>\n<p>Notendur: fj\u00f6lskylduvarnir, \u00e1h\u00e6ttutengd starfsf\u00f3lk, gjaldeyrisv\u00f6rn banka, erlent herli\u00f0, erlent vopna\u00f0 \u00e1t\u00f6k, \u00f6ryggisstarfsmenn, sj\u00f3menn, landam\u00e6raver\u00f0ir o.s.frv.<\/p>\n","protected":false},"excerpt":{"rendered":"<p>\u00dar s\u00e9rstakri skotheldri st\u00e1lpl\u00f6tu: sama verndarstig, me\u00f0 \u00feeim kostum a\u00f0 vera \u00feunnt og l\u00e9tt.<\/p>\n<p>Stu\u00f0p\u00fa\u00f0alag: \u00dea\u00f0 er lag af h\u00f6gg\u00fe\u00e9ttum EVA b\u00f3mullarp\u00fa\u00f0a inni \u00ed hverri skotheldri pl\u00f6tu, sem getur \u00ed raun dregi\u00f0 \u00far \u00e1hrifum \u00e1 mannsl\u00edkamann eftir a\u00f0 hafa veri\u00f0 sprengd<\/p>\n<p>Tv\u00f6faldur bogah\u00f6nnun: V\u00e9lr\u00e6n strauja \u00e1 vinstri og h\u00e6gri hli\u00f0 bor\u00f0sins samkv\u00e6mt vinnuvistfr\u00e6\u00f0ilegum reglum gerir \u00fea\u00f0 a\u00f0 verkum a\u00f0 bogadregnar br\u00fanir passa fullkomlega vi\u00f0 l\u00edkamann<\/p>\n<p>Notkun: Til \u00f6ryggis, nota\u00f0u \u00fea\u00f0 me\u00f0 takt\u00edskum vestum, jakkum, ballistic bakpokum, \u00fdmsum l\u00edkamsbrynjum osfrv.<\/p>\n","protected":false},"featured_media":12001,"comment_status":"open","ping_status":"closed","template":"","meta":[],"product_brand":[],"product_cat":[882],"product_tag":[],"woo-feed-brand":[50],"class_list":{"0":"post-13992","1":"product","2":"type-product","3":"status-publish","4":"has-post-thumbnail","6":"product_cat-skotheld-brjostplata","7":"woo-feed-brand-tyditiao","9":"first","10":"instock","11":"sale","12":"shipping-taxable","13":"purchasable","14":"product-type-simple"},"_links":{"self":[{"href":"https:\/\/tyditiao.com\/is\/wp-json\/wp\/v2\/product\/13992","targetHints":{"allow":["GET"]}}],"collection":[{"href":"https:\/\/tyditiao.com\/is\/wp-json\/wp\/v2\/product"}],"about":[{"href":"https:\/\/tyditiao.com\/is\/wp-json\/wp\/v2\/types\/product"}],"replies":[{"embeddable":true,"href":"https:\/\/tyditiao.com\/is\/wp-json\/wp\/v2\/comments?post=13992"}],"wp:featuredmedia":[{"embeddable":true,"href":"https:\/\/tyditiao.com\/is\/wp-json\/wp\/v2\/media\/12001"}],"wp:attachment":[{"href":"https:\/\/tyditiao.com\/is\/wp-json\/wp\/v2\/media?parent=13992"}],"wp:term":[{"taxonomy":"product_brand","embeddable":true,"href":"https:\/\/tyditiao.com\/is\/wp-json\/wp\/v2\/product_brand?post=13992"},{"taxonomy":"product_cat","embeddable":true,"href":"https:\/\/tyditiao.com\/is\/wp-json\/wp\/v2\/product_cat?post=13992"},{"taxonomy":"product_tag","embeddable":true,"href":"https:\/\/tyditiao.com\/is\/wp-json\/wp\/v2\/product_tag?post=13992"},{"taxonomy":"woo-feed-brand","embeddable":true,"href":"https:\/\/tyditiao.com\/is\/wp-json\/wp\/v2\/woo-feed-brand?post=13992"}],"curies":[{"name":"wp","href":"https:\/\/api.w.org\/{rel}","templated":true}]}}