{"id":14015,"date":"2022-10-21T05:17:38","date_gmt":"2023-05-23T00:34:05","guid":{"rendered":"http:\/\/tyditiao.com\/product\/alpe-nij-level-iii-20mm-2kg-skotheld-brjostplata-ballistic-innlegg-250x300mm\/"},"modified":"2023-05-23T02:42:24","modified_gmt":"2023-05-23T00:42:24","slug":"sural-nij-stig-iii-20mm-2kg-napore-skotheldur-250x300mm","status":"publish","type":"product","link":"https:\/\/tyditiao.com\/is\/product\/sural-nij-stig-iii-20mm-2kg-napore-skotheldur-250x300mm\/","title":{"rendered":"\u00c1l+PE, NIJ Level III, 20MM, 2KG, skotheld brj\u00f3stplata, ballistic innlegg 250X300MM"},"content":{"rendered":"<p>\u00deyngd: 2kg<br \/>\nEfni: \u00c1l + PE<br \/>\n\u00deykkt: 20MM<br \/>\nVerndarflokkur: NIJ III flokkur (GA5)<\/p>\n<p>Ytra lag: svart vatnsheldur p\u00f3l\u00fdester efni;<br \/>\nM\u00e1l: 250x300mm \/ 9,8&#8217;x11,8&#8242;<br \/>\nL\u00f6gun: trapezoid (trapezoid bor\u00f0 me\u00f0 afskornum hornum)<\/p>\n<p>P\u00f6kkunarlisti:<br \/>\n1 x trapisulaga skotheld plata.<\/p>\n<p>Tilkynning:<br \/>\nEndurskinsvesti fylgir ekki me\u00f0<\/p>\n<p>Marknotendur: Hersveitir, SWAT, heimavernd, toll- og landam\u00e6ravernd, \u00fatlendingaeftirlit og a\u00f0rir sem standa frammi fyrir vopna\u00f3gnum g\u00e6tu veri\u00f0 b\u00fanir v\u00f6rum okkar. F\u00f3lk n\u00e6r betri \u00e1rangri og f\u00e6rri mannfall. Varan hentar l\u00edka betur fyrir a\u00f0st\u00e6\u00f0ur eins og langfer\u00f0afer\u00f0ir e\u00f0a langfer\u00f0afer\u00f0ir. \u00dea\u00f0 er l\u00edka g\u00f3\u00f0ur kostur fyrir eigin fj\u00f6lskylduvernd<\/p>\n<p>Ballistic innlegg eru oft notu\u00f0 \u00ed herkl\u00e6\u00f0i e\u00f0a takt\u00edsk vesti. \u00dea\u00f0 eru tv\u00e6r ger\u00f0ir af skotheldum skothylki: framan og hli\u00f0. Framhli\u00f0in verndar bringuna og baki\u00f0 og hli\u00f0arpl\u00f6turnar verja hli\u00f0ar l\u00edkamans. Skakkarnir vernda venjulega framhli\u00f0 bringunnar og ferningarnir hl\u00edfa bakinu.<\/p>\n<p>\u00dea\u00f0 eru fj\u00f3rar tegundir af skotheldu pl\u00f6tuefni: skotheldu st\u00e1li, PE p\u00f3l\u00fdet\u00fdleni, PE + s\u00far\u00e1l, PE + k\u00edsilkarb\u00ed\u00f0.<\/p>\n<p>Skotheld keramik innlegg eru venjulega \u00far efnum eins og keramik og p\u00f3l\u00fdet\u00fdlen PE. Reglan er \u00feessi: \u00feegar k\u00fala lendir \u00ed skotheldu skothylki lendir k\u00falan fyrst \u00e1 keramiklaginu. Hinn mikli h\u00f6ggkraftur skotflaugarinnar er sendur \u00fat \u00ed umhverfi\u00f0 og gleypir mikla hreyfiorku skotsins. \u00deegar skothylki\u00f0 fer \u00ed gegnum keramiklagi\u00f0 tapar \u00fea\u00f0 megninu af hreyfiorku sinni. \u00deegar skoti\u00f0 n\u00e6r til p\u00f3l\u00fdet\u00fdlenlagsins, dreifir p\u00f3l\u00fdet\u00fdleninu hreyfiorku skotsins me\u00f0 \u00fev\u00ed a\u00f0 teygja og vefja skoti\u00f0 og brotin, me\u00f0 l\u00edtil \u00e1hrif \u00e1 l\u00edkamann, sem veitir fram\u00farskarandi v\u00f6rn.<\/p>\n","protected":false},"excerpt":{"rendered":"<p>Me\u00f0 s\u00f6mu ballistic einkunn er \u00fea\u00f0 l\u00e9ttara en st\u00e1l og \u00f3d\u00fdrara en k\u00edsilkarb\u00ed\u00f0, \u00feannig a\u00f0 s\u00far\u00e1l keramik ballistic er gott jafnv\u00e6gi.<\/p>\n<p>Efsta lagi\u00f0 er \u00far vatnsheldu p\u00f3l\u00fdesterefni og spjaldi\u00f0 er vatnsheldur og bletta\u00feolinn.<\/p>\n<p>Stu\u00f0p\u00fa\u00f0alag: Hver skotheld plata er fest vi\u00f0 innra lagi\u00f0 \u00e1 EVA h\u00f6gg\u00fe\u00e9ttu p\u00fa\u00f0anum, sem getur \u00ed raun dregi\u00f0 \u00far \u00e1hrifum \u00e1 mannsl\u00edkamann eftir sprenginguna<\/p>\n<p>Plata efni: efsta lagi\u00f0 er \u00e1l keramik plata, og ne\u00f0sta lagi\u00f0 er PE skotheld plata;<\/p>\n","protected":false},"featured_media":11944,"comment_status":"open","ping_status":"closed","template":"","meta":[],"product_brand":[],"product_cat":[882],"product_tag":[],"woo-feed-brand":[50],"class_list":{"0":"post-14015","1":"product","2":"type-product","3":"status-publish","4":"has-post-thumbnail","6":"product_cat-skotheld-brjostplata","7":"woo-feed-brand-tyditiao","9":"first","10":"instock","11":"sale","12":"shipping-taxable","13":"purchasable","14":"product-type-simple"},"_links":{"self":[{"href":"https:\/\/tyditiao.com\/is\/wp-json\/wp\/v2\/product\/14015","targetHints":{"allow":["GET"]}}],"collection":[{"href":"https:\/\/tyditiao.com\/is\/wp-json\/wp\/v2\/product"}],"about":[{"href":"https:\/\/tyditiao.com\/is\/wp-json\/wp\/v2\/types\/product"}],"replies":[{"embeddable":true,"href":"https:\/\/tyditiao.com\/is\/wp-json\/wp\/v2\/comments?post=14015"}],"wp:featuredmedia":[{"embeddable":true,"href":"https:\/\/tyditiao.com\/is\/wp-json\/wp\/v2\/media\/11944"}],"wp:attachment":[{"href":"https:\/\/tyditiao.com\/is\/wp-json\/wp\/v2\/media?parent=14015"}],"wp:term":[{"taxonomy":"product_brand","embeddable":true,"href":"https:\/\/tyditiao.com\/is\/wp-json\/wp\/v2\/product_brand?post=14015"},{"taxonomy":"product_cat","embeddable":true,"href":"https:\/\/tyditiao.com\/is\/wp-json\/wp\/v2\/product_cat?post=14015"},{"taxonomy":"product_tag","embeddable":true,"href":"https:\/\/tyditiao.com\/is\/wp-json\/wp\/v2\/product_tag?post=14015"},{"taxonomy":"woo-feed-brand","embeddable":true,"href":"https:\/\/tyditiao.com\/is\/wp-json\/wp\/v2\/woo-feed-brand?post=14015"}],"curies":[{"name":"wp","href":"https:\/\/api.w.org\/{rel}","templated":true}]}}