{"id":14093,"date":"2022-10-18T08:54:02","date_gmt":"2022-10-18T06:54:02","guid":{"rendered":"http:\/\/tyditiao.com\/product\/cs-thjalfunarbunadur-skotheldur-vesti-ytri-taktisk-vesti-med-hradlosun-thar-med-talid-2xpe-iiia-10x12-skotheldar-plotur\/"},"modified":"2026-01-26T09:13:28","modified_gmt":"2026-01-26T07:13:28","slug":"cs-thjalfunartaeki-uti-balliskt-vesti-hradlosandi-taktiskt-vesti-i-settinu-skotheldur-plata-2xpe-iiia-10x12","status":"publish","type":"product","link":"https:\/\/tyditiao.com\/is\/product\/cs-thjalfunartaeki-uti-balliskt-vesti-hradlosandi-taktiskt-vesti-i-settinu-skotheldur-plata-2xpe-iiia-10x12\/","title":{"rendered":"CS \u00fej\u00e1lfunarb\u00fana\u00f0ur skotheldur vesti, ytri takt\u00edsk vesti me\u00f0 hra\u00f0losun, \u00fear me\u00f0 tali\u00f0 2XPE IIIA 10&#215;12 skotheldar pl\u00f6tur"},"content":{"rendered":"<p>Hli\u00f0ar og axlir \u00feessarar v\u00f6ru eru stillanlegar me\u00f0 Velcro, svo notendur af hva\u00f0a st\u00e6r\u00f0 sem er geta kl\u00e6\u00f0st henni.<br \/>\nInnra lag: efni me\u00f0 miklum styrkleika<br \/>\nYtra lag: slit\u00feoli\u00f0 oxford kl\u00fat, b\u00f3mull e\u00f0a nylon, bletta\u00feoli\u00f0 og endingargott.<\/p>\n<p>&nbsp;<\/p>\n<p>Varnarstig: Sj\u00e1lfgefin PE skotheld plata, NIJIIIA,<br \/>\nVerndarinnlegg: UHMW-PE<br \/>\n\u00deykkt: ~8mm\/~0.3&#8242;<br \/>\nGildist\u00edmi: 5 \u00e1r<br \/>\nTegundir skotvopna sem h\u00e6gt er a\u00f0 verjast:<br \/>\n9mm fullur m\u00e1lmjakki (FMJ) \/ kringl\u00f3tt h\u00f6fu\u00f0 (RN)<br \/>\n.44 Universal Jacket Hollow Point (JHP)<\/p>\n<p>Mi\u00f0a \u00e1 notendur:<br \/>\nFalin NIJ Class IIIA skotheld vesti vernda gegn vopnatengdri h\u00e6ttu. Og \u00fea\u00f0 hefur fleiri fylgihluti og tekur st\u00e6rra sv\u00e6\u00f0i. H\u00e6gt er a\u00f0 stilla st\u00e6r\u00f0ina me\u00f0 rennil\u00e1s \u00e1 hli\u00f0um og \u00f6xlum. V\u00f6rur okkar geta veri\u00f0 b\u00fanar hersveitum, SWAT-stofnunum, innri \u00f6ryggisstofnunum, toll- og landam\u00e6raverndarstofnunum, innflytjendaeftirlitsstofnunum og \u00f6\u00f0rum stofnunum sem eru \u00ed h\u00e6ttu \u00e1 skotvopnum. F\u00f3lk f\u00e6r betri \u00fatkomu og f\u00e6rri f\u00f3rnarl\u00f6mb.<\/p>\n","protected":false},"excerpt":{"rendered":"<p>ST\u00c6R\u00d0ARST\u00c6R\u00d0: Stillanleg st\u00e6r\u00f0 me\u00f0 rennil\u00e1s \u00e1 hli\u00f0um og \u00f6xlum, ein st\u00e6r\u00f0 passar \u00f6llum.<\/p>\n<p>Ger\u00f0u \u00fe\u00e9r grein fyrir hra\u00f0losun: Au\u00f0velt er a\u00f0 nota mittislygjuna.<\/p>\n<p>N\u00e6g geymsla: Innbygg\u00f0ur geymsluvasi og h\u00e6gt er a\u00f0 setja upp e\u00f0a fjarl\u00e6gja notavasann eftir \u00fe\u00f6rfum \u00fe\u00ednum.<\/p>\n<p>B\u00fain me\u00f0 NIJ IIIA skotheldum pl\u00f6tum a\u00f0 framan og aftan: getur tekist \u00e1 vi\u00f0 \u00f3gn af skammbyssuk\u00falum.<\/p>\n<p>Auktu v\u00f6rn \u00fe\u00edna frj\u00e1lslega: jakkann getur veri\u00f0 me\u00f0 skotheldum innleggjum \u00e1 mismunandi stigum.<\/p>\n","protected":false},"featured_media":11887,"comment_status":"open","ping_status":"closed","template":"","meta":[],"product_brand":[],"product_cat":[856],"product_tag":[],"woo-feed-brand":[50],"class_list":{"0":"post-14093","1":"product","2":"type-product","3":"status-publish","4":"has-post-thumbnail","6":"product_cat-taktiskt-vesti","7":"product_shipping_class-0-3-kg-is","8":"woo-feed-brand-tyditiao","10":"first","11":"instock","12":"sale","13":"shipping-taxable","14":"purchasable","15":"product-type-simple"},"_links":{"self":[{"href":"https:\/\/tyditiao.com\/is\/wp-json\/wp\/v2\/product\/14093","targetHints":{"allow":["GET"]}}],"collection":[{"href":"https:\/\/tyditiao.com\/is\/wp-json\/wp\/v2\/product"}],"about":[{"href":"https:\/\/tyditiao.com\/is\/wp-json\/wp\/v2\/types\/product"}],"replies":[{"embeddable":true,"href":"https:\/\/tyditiao.com\/is\/wp-json\/wp\/v2\/comments?post=14093"}],"wp:featuredmedia":[{"embeddable":true,"href":"https:\/\/tyditiao.com\/is\/wp-json\/wp\/v2\/media\/11887"}],"wp:attachment":[{"href":"https:\/\/tyditiao.com\/is\/wp-json\/wp\/v2\/media?parent=14093"}],"wp:term":[{"taxonomy":"product_brand","embeddable":true,"href":"https:\/\/tyditiao.com\/is\/wp-json\/wp\/v2\/product_brand?post=14093"},{"taxonomy":"product_cat","embeddable":true,"href":"https:\/\/tyditiao.com\/is\/wp-json\/wp\/v2\/product_cat?post=14093"},{"taxonomy":"product_tag","embeddable":true,"href":"https:\/\/tyditiao.com\/is\/wp-json\/wp\/v2\/product_tag?post=14093"},{"taxonomy":"woo-feed-brand","embeddable":true,"href":"https:\/\/tyditiao.com\/is\/wp-json\/wp\/v2\/woo-feed-brand?post=14093"}],"curies":[{"name":"wp","href":"https:\/\/api.w.org\/{rel}","templated":true}]}}