{"id":14171,"date":"2022-06-13T04:36:04","date_gmt":"2022-06-13T02:36:04","guid":{"rendered":"http:\/\/tyditiao.com\/product\/military-hjalmur-class-iiia-body-armor-military-tactical-helmet-wendy-ljosbrunt\/"},"modified":"2026-01-26T09:14:24","modified_gmt":"2026-01-26T07:14:24","slug":"wendys-skotheldur-hjalmur-kevlar-hjalmur-taktiskur-ljosbrunn","status":"publish","type":"product","link":"https:\/\/tyditiao.com\/is\/product\/wendys-skotheldur-hjalmur-kevlar-hjalmur-taktiskur-ljosbrunn\/","title":{"rendered":"Military Hj\u00e1lmur, Class IIIA Body Armor, Military Tactical Helmet Wendy, lj\u00f3sbr\u00fant"},"content":{"rendered":"<p>Wendy her tactical IIIA ballistic hj\u00e1lmurinn er hanna\u00f0ur til a\u00f0 vera ofurl\u00e9ttur og mj\u00f6g \u00fe\u00e6gilegur \u00ed notkun. Flj\u00f3tleg og au\u00f0veld a\u00f0l\u00f6gun me\u00f0 einni hendi tryggir n\u00e1kv\u00e6ma passa. \u00dea\u00f0 er einnig b\u00fai\u00f0 h\u00e1g\u00e6\u00f0a orkudeyfandi p\u00fa\u00f0um, sem geta \u00e1 \u00e1hrifar\u00edkan h\u00e1tt teki\u00f0 \u00e1 sig h\u00f6ggkraftinn, dregi\u00f0 \u00far afl\u00f6gun hj\u00e1lm l\u00edkamans eftir a\u00f0 byssuk\u00falan snertir og dregi\u00f0 \u00far mei\u00f0slat\u00ed\u00f0ni og alvarleika notandans. Wendy herna\u00f0arhj\u00e1lmurinn er b\u00fainn alhli\u00f0a festingarteinum og h\u00f6fu\u00f0p\u00fa\u00f0a, sem gefur Wendy meiri m\u00f6guleika. \u00cd samanbur\u00f0i vi\u00f0 MICH skotheldan hj\u00e1lm \u00fe\u00fd\u00f0ir l\u00e9ttari \u00feyngdin a\u00f0 hann \u00fearf ekki a\u00f0 leggja meira \u00e1 h\u00f6fu\u00f0i\u00f0 heldur er h\u00e6gt a\u00f0 nota hann til a\u00f0 bera n\u00fat\u00edmalegri b\u00fana\u00f0 sem hentar betur til uppl\u00fdsingaskipta milli li\u00f0a.<\/p>\n<p>&nbsp;<\/p>\n<p><strong>Varnarflokkur:<\/strong><\/p>\n<p>\u00deessi skotheldi hj\u00e1lmur er NIJ Level IIIA skotheldur hj\u00e1lmur samkv\u00e6mt NIJ 0101.06 sta\u00f0li og h\u00e6gt er a\u00f0 \u00fatvega samsvarandi pr\u00f3funarsk\u00fdrslu.<\/p>\n<p>&nbsp;<\/p>\n<p><strong>V\u00f6rn skotf\u00e6ri f\u00e6ribreytur:<\/strong><\/p>\n<p>.44 Mag SJHP<br \/>\n.357 SIG FMJ FN<br \/>\n9mm FMJ RN<br \/>\n.357 Mag JSP<br \/>\n.40 S&amp;W FMJ<\/p>\n<p>Veitir einnig vernd gegn flestum skammbyssu\u00f3gnum sem og Class IIA og II \u00f3gnum<\/p>\n<p>&nbsp;<\/p>\n<p><strong>Skuluheldur hj\u00e1lmf\u00e6ribreytur:<\/strong><br \/>\nNafn: NIJ llla WENDY skotheldur hj\u00e1lmur<\/p>\n<p>Efni: High Tensile Kevlar-DuPont Aramid trefjar<\/p>\n<p>H\u00f6fu\u00f0m\u00e1l: 52-60 cm<\/p>\n<p>F\u00f3\u00f0ur: Zorbium fro\u00f0u h\u00f6ggp\u00fa\u00f0ar halda \u00fe\u00e9r k\u00f6ldum og \u00feurrum me\u00f0 vatnsheldu, \u00fe\u00e6gilegu f\u00f3\u00f0ri og bakter\u00edudrepandi h\u00fa\u00f0 sem dregur fr\u00e1 \u00fe\u00e9r svita. Skilar minna en helmingi \u00feeim krafti sem \u00fearf til endurtekinna h\u00f6gga vi\u00f0 allar umhverfisa\u00f0st\u00e6\u00f0ur. Hj\u00e1lmurinn kemur sta\u00f0alb\u00fana\u00f0ur me\u00f0 \u00feremur h\u00f6ggp\u00fa\u00f0um til vi\u00f0b\u00f3tar og \u00e1tta stillanlegum p\u00fa\u00f0um sem h\u00e6gt er a\u00f0 setja upp \u00e1 sveigjanlegan h\u00e1tt \u00ed samr\u00e6mi vi\u00f0 kr\u00f6fur notenda til a\u00f0 passa og \u00fe\u00e6gindi.<\/p>\n<p>Valfrj\u00e1ls aukab\u00fana\u00f0ur: uppbl\u00e1sanlegar s\u00farefnisgr\u00edmur, andlitshl\u00edfar, hli\u00f0arhl\u00edfar, brynvar\u00f0ar hli\u00f0arhl\u00edfar, hl\u00edf\u00f0arhl\u00edfar, hj\u00e1lmhl\u00edfar, skotheldar gr\u00edmur o.fl.<\/p>\n<p>Hj\u00e1lmlitur: Lj\u00f3sbr\u00fann<br \/>\nMICH er hj\u00e1lmur sem st\u00f6\u00f0var skothr\u00ed\u00f0 og veitir \u00e1rei\u00f0anlega v\u00f6rn gegn rusli og fallandi rusli.<br \/>\nmun draga \u00far vernd.<\/p>\n<p>&nbsp;<\/p>\n<p><strong>&#8222;Fyrir f\u00f3lk:<\/strong><br \/>\nNIJ llla Kevlar WENDY Ballistic hj\u00e1lmurinn h\u00f6ndlar skammbyssu- og sprengjuh\u00f3tanir me\u00f0 sterkari festingum sem eru l\u00e9ttari og \u00fe\u00e6gilegri \u00ed notkun. \u00deessi hj\u00e1lmur hentar \u00f6llum tegundum notenda. Starfsf\u00f3lk fr\u00e1 stofnunum eins og hernum, l\u00f6greglunni, SWAT, innra \u00f6ryggi, tollg\u00e6slu og landam\u00e6rav\u00f6r\u00f0um getur veri\u00f0 \u00fatb\u00fai\u00f0 me\u00f0 auknum bardagah\u00e6fileikum. \u00dea\u00f0 er l\u00edka g\u00f3\u00f0ur kostur fyrir heimilisvernd og cosplay.<\/p>\n<p>&nbsp;<\/p>\n<p>Ef \u00fe\u00fa hefur einhverjar spurningar um v\u00f6rur okkar \u00e1\u00f0ur en \u00fe\u00fa ert tilb\u00fainn a\u00f0 kaupa v\u00f6rur okkar,<\/p>\n<p>Vinsamlegast (<a href=\"https:\/\/tyditiao.com\/is\/hafdu-samband\/\">haf\u00f0u samband vi\u00f0 okkur<\/a>) strax og vi\u00f0 munum svara innan eins virkra dags. Ef \u00fe\u00fa vilt panta fleiri en 5 skothelda hj\u00e1lma \u00e1 sama t\u00edma f\u00e6r\u00f0u aukaafsl\u00e1tt;<\/p>\n","protected":false},"excerpt":{"rendered":"<p>G\u00f3\u00f0 skotheld frammista\u00f0a: NIJ Level lllA, fullkomin h\u00f6fu\u00f0v\u00f6rn.<\/p>\n<p>G\u00f3\u00f0 g\u00e6\u00f0i: Wendy Military Tactical Helmet er \u00far endingarg\u00f3\u00f0um Dupont Kevlar aram\u00ed\u00f0 trefjum, sem er hita\u00feoli\u00f0 og ekki au\u00f0velt a\u00f0 afmynda.<\/p>\n<p>Au\u00f0velt a\u00f0l\u00f6gun: L\u00e9tt Military CAM FIT hj\u00e1lmfestingarkerfi me\u00f0 BOA lokunarkerfi veitir skj\u00f3ta og au\u00f0velda einhenda a\u00f0l\u00f6gun og n\u00e1kv\u00e6ma passa.<\/p>\n<p>\u00de\u00e6gilegt a\u00f0 kl\u00e6\u00f0ast: Zorbium Foam Impact hnakkur er me\u00f0 vatnsheldu f\u00f3\u00f0ri og bakter\u00edudrepandi h\u00fa\u00f0 sem hrindir fr\u00e1 \u00fe\u00e9r raka til a\u00f0 halda \u00fe\u00e9r k\u00f6ldum og \u00feurrum \u00e1 me\u00f0an \u00fe\u00fa ert \u00ed honum.<\/p>\n<p>St\u00e6kkun: Rail 2.0 festingarkerfi\u00f0 er samh\u00e6ft \u00f6llum EXFIL Rail 2.0 festingum. Au\u00f0velt er a\u00f0 setja upp og stilla tv\u00edhli\u00f0a gimbal festingarteina og enni gimbal, h\u00f6fu\u00f0t\u00f3l, byssulj\u00f3s, myndav\u00e9lar, strobe lj\u00f3s, n\u00e6tursj\u00f3nt\u00e6ki, GoPro myndav\u00e9lar og NVG gleraugu.<\/p>\n","protected":false},"featured_media":10766,"comment_status":"closed","ping_status":"closed","template":"","meta":[],"product_brand":[],"product_cat":[701,700],"product_tag":[],"woo-feed-brand":[50],"class_list":{"0":"post-14171","1":"product","2":"type-product","3":"status-publish","4":"has-post-thumbnail","6":"product_cat-skotheldur-hjalmur","7":"product_cat-wendy-is","8":"woo-feed-brand-tyditiao","10":"first","11":"instock","12":"sale","13":"shipping-taxable","14":"purchasable","15":"product-type-simple"},"_links":{"self":[{"href":"https:\/\/tyditiao.com\/is\/wp-json\/wp\/v2\/product\/14171","targetHints":{"allow":["GET"]}}],"collection":[{"href":"https:\/\/tyditiao.com\/is\/wp-json\/wp\/v2\/product"}],"about":[{"href":"https:\/\/tyditiao.com\/is\/wp-json\/wp\/v2\/types\/product"}],"replies":[{"embeddable":true,"href":"https:\/\/tyditiao.com\/is\/wp-json\/wp\/v2\/comments?post=14171"}],"wp:featuredmedia":[{"embeddable":true,"href":"https:\/\/tyditiao.com\/is\/wp-json\/wp\/v2\/media\/10766"}],"wp:attachment":[{"href":"https:\/\/tyditiao.com\/is\/wp-json\/wp\/v2\/media?parent=14171"}],"wp:term":[{"taxonomy":"product_brand","embeddable":true,"href":"https:\/\/tyditiao.com\/is\/wp-json\/wp\/v2\/product_brand?post=14171"},{"taxonomy":"product_cat","embeddable":true,"href":"https:\/\/tyditiao.com\/is\/wp-json\/wp\/v2\/product_cat?post=14171"},{"taxonomy":"product_tag","embeddable":true,"href":"https:\/\/tyditiao.com\/is\/wp-json\/wp\/v2\/product_tag?post=14171"},{"taxonomy":"woo-feed-brand","embeddable":true,"href":"https:\/\/tyditiao.com\/is\/wp-json\/wp\/v2\/woo-feed-brand?post=14171"}],"curies":[{"name":"wp","href":"https:\/\/api.w.org\/{rel}","templated":true}]}}