{"id":14190,"date":"2022-06-13T04:32:01","date_gmt":"2022-06-13T02:32:01","guid":{"rendered":"http:\/\/tyditiao.com\/product\/nyr-kevlar-hjalmur-flokkur-iiia-her-hjalmur-hernadarhjalmsveit-wendy-graenn\/"},"modified":"2026-01-26T09:14:35","modified_gmt":"2026-01-26T07:14:35","slug":"wendys-skotheldur-hjalmur-kevlar-hjalmur-taktisk-graenn","status":"publish","type":"product","link":"https:\/\/tyditiao.com\/is\/product\/wendys-skotheldur-hjalmur-kevlar-hjalmur-taktisk-graenn\/","title":{"rendered":"N\u00fdr Kevlar hj\u00e1lmur, flokkur IIIA her hj\u00e1lmur, herna\u00f0arhj\u00e1lmsveit Wendy, gr\u00e6nn"},"content":{"rendered":"<p>Light Soldier hj\u00e1lmur Wendy hj\u00e1lmurinn er hanna\u00f0ur til a\u00f0 vera ofurl\u00e9ttur og mj\u00f6g \u00fe\u00e6gilegur \u00ed notkun. \u00dea\u00f0 er einnig b\u00fai\u00f0 h\u00e1g\u00e6\u00f0a orkudeyfandi innleggjum, sem geta \u00ed raun teki\u00f0 \u00e1 sig h\u00f6ggkraftinn, dregi\u00f0 \u00far afl\u00f6gun hj\u00e1lm l\u00edkamans \u00feegar byssuk\u00falan lendir \u00e1 hj\u00e1lminum og dregi\u00f0 \u00far mei\u00f0slat\u00ed\u00f0ni og stigi notandans. Tv\u00edhli\u00f0a me\u00f0 alhli\u00f0a festingarteinum og gimbal festingu \u00e1 enni, sem gerir Wendy kleift a\u00f0 skapa fleiri m\u00f6guleika.<\/p>\n<p>&nbsp;<\/p>\n<p><strong>Varnarflokkur:<\/strong><\/p>\n<p>\u00deessi skotheldi hj\u00e1lmur er NIJ Level IIIA skotheldur hj\u00e1lmur samkv\u00e6mt NIJ 0101.06 sta\u00f0li og h\u00e6gt er a\u00f0 \u00fatvega samsvarandi pr\u00f3funarsk\u00fdrslu.<\/p>\n<p>&nbsp;<\/p>\n<p><strong>Varnar skotf\u00e6ri:<\/strong><\/p>\n<p>.44 Mag SJHP<br \/>\n.357 SIG FMJ FN<br \/>\n9mm FMJ RN<br \/>\n.357 Mag JSP<br \/>\n.40 S&amp;W FMJ<\/p>\n<p>Veitir einnig vernd gegn flestum skammbyssu\u00f3gnum sem og Class IIA og II \u00f3gnum<\/p>\n<p>&nbsp;<\/p>\n<p><strong>Skuluheldur hj\u00e1lmf\u00e6ribreytur:<\/strong><br \/>\nNafn: NIJ llla WENDY skotheldur hj\u00e1lmur<\/p>\n<p>Efni: High Tensile Kevlar-DuPont Aramid trefjar<br \/>\nH\u00f6fu\u00f0m\u00e1l: 52-60 cm<\/p>\n<p>F\u00f3\u00f0ur: Zorbium Foam Impact Pads halda \u00fe\u00e9r k\u00f6ldum og \u00feurrum me\u00f0 vatnsheldri, \u00fe\u00e6gilegri b\u00f3lstrun og bakter\u00edudrepandi hl\u00edf sem dregur fr\u00e1 \u00fe\u00e9r svita. Skilar minna en helmingi \u00feeim krafti sem \u00fearf til endurtekinna h\u00f6gga vi\u00f0 allar umhverfisa\u00f0st\u00e6\u00f0ur. M\u00fasarp\u00fa\u00f0inn kemur sta\u00f0alb\u00fana\u00f0ur me\u00f0 \u00feremur h\u00f6gg\u00feolnum p\u00fa\u00f0um og \u00e1tta stillanlegum p\u00fa\u00f0um til a\u00f0 passa og \u00fe\u00e6gindi.<\/p>\n<p>Valfrj\u00e1ls aukab\u00fana\u00f0ur: uppbl\u00e1sanlegar s\u00farefnisgr\u00edmur, andlitshl\u00edfar, hli\u00f0arhl\u00edfar, brynvar\u00f0ar hli\u00f0arhl\u00edfar, hl\u00edfar, hj\u00e1lmhl\u00edfar, skotheldar gr\u00edmur o.fl.<br \/>\nHj\u00e1lmur Litur: Gr\u00e6nn<br \/>\nMICH er hj\u00e1lmur sem st\u00f6\u00f0var skothr\u00ed\u00f0 og veitir \u00e1rei\u00f0anlega v\u00f6rn gegn rusli og fallandi rusli.<br \/>\nmun draga \u00far vernd.<\/p>\n<p>&nbsp;<\/p>\n<p><strong>&#8222;Fyrir f\u00f3lk:<\/strong><br \/>\nNIJ llla Kevlar WENDY Ballistic hj\u00e1lmurinn h\u00f6ndlar skammbyssu- og sprengjuh\u00f3tanir me\u00f0 sterkari festingum sem eru l\u00e9ttari og \u00fe\u00e6gilegri \u00ed notkun. \u00deessi hj\u00e1lmur hentar \u00f6llum tegundum notenda. Starfsf\u00f3lk fr\u00e1 stofnunum eins og hernum, l\u00f6greglunni, SWAT, innra \u00f6ryggi, tollg\u00e6slu og landam\u00e6rav\u00f6r\u00f0um getur veri\u00f0 \u00fatb\u00fai\u00f0 me\u00f0 auknum bardagah\u00e6fileikum. \u00dea\u00f0 er l\u00edka g\u00f3\u00f0ur kostur fyrir heimilisvernd og cosplay.<\/p>\n<p>&nbsp;<\/p>\n<p>Ef \u00fe\u00fa vilt kaupa v\u00f6rur okkar e\u00f0a hefur einhverjar spurningar um v\u00f6rur okkar;<br \/>\nEf \u00fe\u00fa hefur einhverjar a\u00f0l\u00f6gunar\u00fearfir;<br \/>\nVinsamlegast (<a href=\"https:\/\/tyditiao.com\/is\/hafdu-samband\/\">haf\u00f0u samband<\/a>) strax, vi\u00f0 munum svara \u00fe\u00e9r innan eins virks dags<\/p>\n","protected":false},"excerpt":{"rendered":"<p>G\u00f3\u00f0 g\u00e6\u00f0i: T\u00e6knileg herhj\u00e1lmur er ger\u00f0ur \u00far sterkum DuPont Kevlar Aramid trefjum, sem er hita\u00feolinn og ekki au\u00f0velt a\u00f0 afmynda<\/p>\n<p>G\u00f3\u00f0 ballistic \u00e1rangur: NIJ stig IIIA<\/p>\n<p>\u00de\u00e6gilegt a\u00f0 kl\u00e6\u00f0ast: Zorbium Foam Impact koddinn er me\u00f0 vatnsheldu f\u00f3\u00f0ri og \u00f6rveruey\u00f0andi h\u00fa\u00f0 sem hrindir fr\u00e1 \u00fe\u00e9r raka til a\u00f0 halda \u00fe\u00e9r k\u00f6ldum og \u00feurrum.<\/p>\n<p>Au\u00f0veld stilling: L\u00e9tt CAM FIT festingarkerfi fyrir her hj\u00e1lm me\u00f0 BOA lokunarkerfi fyrir \u00f6rugga einh\u00f6ndrar a\u00f0l\u00f6gun fyrir n\u00e1kv\u00e6ma passa.<\/p>\n<p>St\u00e6kkanlegt: Rail 2.0 festingarkerfi\u00f0 er samh\u00e6ft vi\u00f0 allar EXFIL Rail 2.0 festingar. Tv\u00edhli\u00f0a gimbal festingarteinn og gimbal krappi \u00e1 enninu gera Wendy kleift a\u00f0 skapa fleiri m\u00f6guleika.<\/p>\n","protected":false},"featured_media":10633,"comment_status":"open","ping_status":"closed","template":"","meta":[],"product_brand":[],"product_cat":[701,700],"product_tag":[],"woo-feed-brand":[50],"class_list":{"0":"post-14190","1":"product","2":"type-product","3":"status-publish","4":"has-post-thumbnail","6":"product_cat-skotheldur-hjalmur","7":"product_cat-wendy-is","8":"woo-feed-brand-tyditiao","10":"first","11":"instock","12":"sale","13":"shipping-taxable","14":"purchasable","15":"product-type-simple"},"_links":{"self":[{"href":"https:\/\/tyditiao.com\/is\/wp-json\/wp\/v2\/product\/14190","targetHints":{"allow":["GET"]}}],"collection":[{"href":"https:\/\/tyditiao.com\/is\/wp-json\/wp\/v2\/product"}],"about":[{"href":"https:\/\/tyditiao.com\/is\/wp-json\/wp\/v2\/types\/product"}],"replies":[{"embeddable":true,"href":"https:\/\/tyditiao.com\/is\/wp-json\/wp\/v2\/comments?post=14190"}],"wp:featuredmedia":[{"embeddable":true,"href":"https:\/\/tyditiao.com\/is\/wp-json\/wp\/v2\/media\/10633"}],"wp:attachment":[{"href":"https:\/\/tyditiao.com\/is\/wp-json\/wp\/v2\/media?parent=14190"}],"wp:term":[{"taxonomy":"product_brand","embeddable":true,"href":"https:\/\/tyditiao.com\/is\/wp-json\/wp\/v2\/product_brand?post=14190"},{"taxonomy":"product_cat","embeddable":true,"href":"https:\/\/tyditiao.com\/is\/wp-json\/wp\/v2\/product_cat?post=14190"},{"taxonomy":"product_tag","embeddable":true,"href":"https:\/\/tyditiao.com\/is\/wp-json\/wp\/v2\/product_tag?post=14190"},{"taxonomy":"woo-feed-brand","embeddable":true,"href":"https:\/\/tyditiao.com\/is\/wp-json\/wp\/v2\/woo-feed-brand?post=14190"}],"curies":[{"name":"wp","href":"https:\/\/api.w.org\/{rel}","templated":true}]}}