{"id":14209,"date":"2022-06-13T04:11:33","date_gmt":"2023-05-23T01:54:53","guid":{"rendered":"http:\/\/tyditiao.com\/product\/polskur-herhjalmur-flokkur-iiia-taktisk-kevlar-hjalmur-orkuhjalmur-med-hradgrimu-svartur\/"},"modified":"2023-05-23T03:54:53","modified_gmt":"2023-05-23T01:54:53","slug":"fljotur-skotheldur-hjalmur-taktiskur-kevlar-nijiiia-svartur","status":"publish","type":"product","link":"https:\/\/tyditiao.com\/is\/product\/fljotur-skotheldur-hjalmur-taktiskur-kevlar-nijiiia-svartur\/","title":{"rendered":"P\u00f3lskur herhj\u00e1lmur, flokkur IIIA takt\u00edsk Kevlar hj\u00e1lmur, orkuhj\u00e1lmur me\u00f0 hra\u00f0gr\u00edmu, svartur"},"content":{"rendered":"<p><strong>Varnarflokkur:<\/strong><\/p>\n<p>\u00deessi skotheldi hj\u00e1lmur er NIJ Level IIIA skotheldur hj\u00e1lmur samkv\u00e6mt NIJ 0101.06 sta\u00f0li og h\u00e6gt er a\u00f0 \u00fatvega samsvarandi pr\u00f3funarsk\u00fdrslu.<\/p>\n<hr>\n<p><strong>V\u00f6rn skotf\u00e6ri f\u00e6ribreytur:<\/strong><\/p>\n<p>.44 Mag SJHP<br \/>\n.357 SIG FMJ FN<br \/>\n9mm FMJ RN<br \/>\n.357 Mag JSP<br \/>\n.40 S&amp;W FMJ<\/p>\n<p>Veitir einnig vernd gegn flestum skammbyssu\u00f3gnum sem og Class IIA og II \u00f3gnum<\/p>\n<hr>\n<p><strong>Skuluheldur hj\u00e1lmf\u00e6ribreytur:<\/strong><br \/>\nNafn: NIJ lllA FAST skotheldur hj\u00e1lmur<\/p>\n<p>Efni: High Tensile Kevlar-DuPont Aramid trefjar<br \/>\nH\u00f6fu\u00f0m\u00e1l: 52-64 cm<br \/>\nValfrj\u00e1ls aukab\u00fana\u00f0ur: skotheld gr\u00edma osfrv.<br \/>\nHj\u00e1lmur Litur: Svartur<br \/>\nMICH er hj\u00e1lmur sem st\u00f6\u00f0var skothr\u00ed\u00f0 og veitir \u00e1rei\u00f0anlega v\u00f6rn gegn rusli og fallandi rusli.<br \/>\nmun draga \u00far vernd.<\/p>\n<hr>\n<p><strong>&#8222;Fyrir f\u00f3lk:<\/strong><br \/>\nNIJ llla Kevlar FAST ballistic hj\u00e1lmurinn er hanna\u00f0ur til a\u00f0 takast \u00e1 vi\u00f0 \u00f3gn af byssum og sprengju, me\u00f0 sterkari festingum fyrir l\u00e9ttari og \u00fe\u00e6gilegri passa. \u00deessi hj\u00e1lmur hentar \u00f6llum tegundum notenda. Starfsf\u00f3lk fr\u00e1 stofnunum eins og hernum, l\u00f6greglunni, SWAT, innra \u00f6ryggi, tollg\u00e6slu og landam\u00e6rav\u00f6r\u00f0um getur veri\u00f0 b\u00fai\u00f0 auknum bardagah\u00e6fileikum. \u00dea\u00f0 er l\u00edka g\u00f3\u00f0ur kostur fyrir heimilisvernd og cosplay.<\/p>\n<hr>\n<p><strong>Hva\u00f0 er FAST ballistic hj\u00e1lmur?<\/strong><\/p>\n<p>FAST skotheldur hj\u00e1lmur (enska: Future Assault Shell Technology Helmet, h\u00e9r eftir nefndur: FAST) Future Assault Shell Technology Helmet er bardagahj\u00e1lmur sem \u00fer\u00f3a\u00f0ur er af ranns\u00f3knarstofnun bandar\u00edska hersins og ranns\u00f3knar-, \u00fer\u00f3unar- og verkfr\u00e6\u00f0imi\u00f0st\u00f6\u00f0 bandar\u00edska hersins Natick. Hj\u00e1lmurinn er hanna\u00f0ur til a\u00f0 veita s\u00e9rt\u00e6kum rekstrara\u00f0ilum \u00fe\u00e6gindi \u00e1 sama t\u00edma og hann veitir grunn boltav\u00f6rn. FAST hj\u00e1lmurinn var fyrst s\u00fdndur almenningi \u00e1 SHOT SHOW \u00e1ri\u00f0 2009 og var flj\u00f3tlega tekinn upp af bandar\u00edskum s\u00e9rsveitum sem starfa\u00f0i \u00ed Afganistan. FAST takt\u00edskir ballistic hj\u00e1lmar eru n\u00fa miki\u00f0 nota\u00f0ir \u00ed s\u00e9rsveitum og s\u00e9rsveitum l\u00f6greglu \u00ed \u00fdmsum l\u00f6ndum. A\u00f0 auki er FAST takt\u00edski hj\u00e1lmurinn n\u00fa venjulegur bardagahj\u00e1lmur fyrir norska herinn.<\/p>\n<hr>\n<p><strong>Eiginleikar FAST Kevlar hj\u00e1lmsins:<\/strong><\/p>\n<p>\u00cd samanbur\u00f0i vi\u00f0 venjulega herhj\u00e1lma er FAST hj\u00e1lmurinn 25% l\u00e9ttari. Me\u00f0 hj\u00e1lmfj\u00f6\u00f0runarkerfinu geta notendur au\u00f0veldlega stillt passa e\u00f0a \u00fe\u00e9ttleika hj\u00e1lmsins fyrir bestu \u00fe\u00e6gindi. FAST hj\u00e1lmar eru b\u00fanir ARC teinum \u00e1 vinstri og h\u00e6gri hli\u00f0 til a\u00f0 festa b\u00fana\u00f0 eins og vasalj\u00f3s, h\u00e1va\u00f0adeyfandi heyrnart\u00f3l og samskiptab\u00fana\u00f0, auk \u00feess sem h\u00e6gt er a\u00f0 festa n\u00e6tursj\u00f3n e\u00f0a myndbandsb\u00fana\u00f0 \u00e1 mi\u00f0ju hj\u00e1lmsins \u00ed gegnum millistykki\u00f0, sem er s\u00e9rstakur bardagi, sem getur b\u00e6tt vi\u00f0 meiri takt\u00edskum forskoti. Dj\u00f6fullinn fannst festur vi\u00f0 hj\u00e1lminn gerir notendum kleift a\u00f0 festa f\u00e1na, her e\u00f0a stofnun lands s\u00edns, auk vi\u00f0eigandi au\u00f0kenningarstimpla eins og kallmerki og bl\u00f3\u00f0flokka. A\u00f0 auki, vegna einingah\u00f6nnunarinnar, er borgaraleg \u00fatg\u00e1fa FAST hj\u00e1lmsins \u00e1n skotheldrar virkni ekki a\u00f0eins notu\u00f0 af hernum og l\u00f6greglunni, heldur einnig \u00e1kaft sam\u00feykkt af \u00fativistar\u00ed\u00fer\u00f3ttam\u00f6nnum, bla\u00f0am\u00f6nnum, bj\u00f6rgunarm\u00f6nnum og \u00f6\u00f0rum starfsm\u00f6nnum \u00e1 vettvangi.<\/p>\n<hr>\n<p><strong>Er FAST takt\u00edski ballistic hj\u00e1lmurinn fr\u00e1b\u00e6r v\u00f6rn og hvers vegna er hann svona vins\u00e6ll?<\/strong><\/p>\n<p>\u00dea\u00f0 eru tv\u00e6r \u00e1st\u00e6\u00f0ur: \u00cd fyrsta lagi hefur framfarir t\u00e6kninnar leitt til s\u00edfellt meiri t\u00e6knib\u00fana\u00f0ar fyrir einstaka hermenn, sem krefst vettvangs til a\u00f0 hla\u00f0a t\u00e6knilega fylgihluti, sem \u00fearf a\u00f0 f\u00f3rna \u00e1 kostna\u00f0 verndar;<br \/>\n\u00cd \u00f6\u00f0ru lagi eru FAST notendur a\u00f0allega s\u00e9rsveitarmenn, og \u00ed bardaga fjarl\u00e6g\u00f0 gefa s\u00e9rsveitir einfaldlega upp einhverja vernd, flytjanleika og t\u00e6knib\u00fana\u00f0i \u00e1 pallinum er breytt \u00ed lifunarhlutfall, og jafnvel \u00ed hagn\u00fdtum notkun, venjulega a\u00f0eins \u00feegar um er a\u00f0 r\u00e6\u00f0a hra\u00f0a hj\u00e1lma, \u00dea\u00f0 eru engir \u00fe\u00e6ttir \u00e1 m\u00f6rgum einingum, bara til a\u00f0 flytja.<\/p>\n<p>FAST byggist ekki \u00e1 str\u00f6ngri v\u00f6rn Engar tv\u00edhli\u00f0a heyrnarhl\u00edfar duga ekki A\u00f0allega til \u00fe\u00e6ginda fyrir starfsf\u00f3lk sem er me\u00f0 heyrnart\u00f3l og aukab\u00fana\u00f0. L\u00e9ttir takt\u00edskir hj\u00e1lmar gefa upp vernd a\u00f0 hluta til meiri \u00e1vinnings \u00ed bardaga.<\/p>\n<p>FAST hj\u00e1lmar eru miki\u00f0 nota\u00f0ir \u00ed m\u00f6rgum l\u00f6ndum og \u00ed m\u00f6rgum l\u00f6ndum eru hj\u00e1lmah\u00f6nnun mj\u00f6g l\u00edk amer\u00edskum FAST hj\u00e1lmar, eins og R\u00fassland, Frakkland og Bretland hj\u00e1lmar eru hanna\u00f0ir til a\u00f0 vera \u00ed samr\u00e6mi vi\u00f0 FAST hj\u00e1lma, \u00fe\u00f3 \u00feeir muni \u00fer\u00f3ast me\u00f0 t\u00edmanum. Fj\u00f6ldi \u00feessara hj\u00e1lma er l\u00edka a\u00f0 breytast, en l\u00edtur samt \u00fat eins og FAST hj\u00e1lmurinn, af auglj\u00f3sum \u00e1st\u00e6\u00f0um getur \u00feessi hj\u00e1lmur \u00ed raun vernda\u00f0 h\u00f6fu\u00f0i\u00f0 og h\u00e1marka\u00f0 l\u00edf hermannsins.<\/p>\n<hr>\n<p><strong>FR\u00c1TT ver\u00f0 Kevlar hj\u00e1lms?<\/strong><\/p>\n<p>Kauptu beint af vefs\u00ed\u00f0u okkar og spara\u00f0u 15% afsl\u00e1tt af venjulegu ver\u00f0i<\/p>\n<hr>\n<p>Ef \u00fe\u00fa vilt kaupa v\u00f6rur okkar e\u00f0a hefur einhverjar spurningar um v\u00f6rur okkar;<br \/>\nEf \u00fe\u00fa hefur einhverjar a\u00f0l\u00f6gunar\u00fearfir;<br \/>\nVinsamlegast (<a href=\"http:\/\/tyditiao.com\/en\/contact\/\">haf\u00f0u samband<\/a>) strax, vi\u00f0 munum svara \u00fe\u00e9r innan eins virks dags<\/p>\n<p>&nbsp;<\/p>\n<p>&nbsp;<\/p>\n","protected":false},"excerpt":{"rendered":"<p>Gert \u00far sterkum DuPont Kevlar Aramid trefjum, hita\u00feoli\u00f0 og ekki au\u00f0velt a\u00f0 afmynda<\/p>\n<p>NIJ stig IIIA<\/p>\n<p>H\u00f6fu\u00f0umm\u00e1lsstillingarkerfi\u00f0 gerir \u00fe\u00e9r kleift a\u00f0 stilla h\u00f6fu\u00f0umm\u00e1li\u00f0 me\u00f0 \u00fev\u00ed a\u00f0 \u00fdta \u00e1 hnapp til a\u00f0 n\u00e1 fullkominni passa \u00e1 hj\u00e1lminum<\/p>\n<p>Enni\u00f0 er styrkt me\u00f0 teygjub\u00f6ndum \u00e1 hli\u00f0um kolkrabbans (ne\u00f0st \u00e1 n\u00e6tursj\u00f3nast\u00f3lnum) til a\u00f0 festa spegla, myndav\u00e9lar, n\u00e6tursj\u00f3ngleraugu og \u00f6nnur t\u00e6ki<\/p>\n<p>B\u00fain me\u00f0 teinum, \u00f6flugri aukab\u00fana\u00f0arfestingu, h\u00e6gt a\u00f0 \u00fatb\u00faa sterku lj\u00f3sakerfi og lei\u00f0alj\u00f3sum, einnig h\u00e6gt a\u00f0 \u00fatb\u00faa heyrnarhl\u00edfum<\/p>\n","protected":false},"featured_media":10329,"comment_status":"closed","ping_status":"closed","template":"","meta":[],"product_brand":[],"product_cat":[818,701],"product_tag":[],"woo-feed-brand":[50],"class_list":{"0":"post-14209","1":"product","2":"type-product","3":"status-publish","4":"has-post-thumbnail","6":"product_cat-hratt","7":"product_cat-skotheldur-hjalmur","8":"woo-feed-brand-tyditiao","10":"first","11":"instock","12":"sale","13":"shipping-taxable","14":"purchasable","15":"product-type-simple"},"_links":{"self":[{"href":"https:\/\/tyditiao.com\/is\/wp-json\/wp\/v2\/product\/14209","targetHints":{"allow":["GET"]}}],"collection":[{"href":"https:\/\/tyditiao.com\/is\/wp-json\/wp\/v2\/product"}],"about":[{"href":"https:\/\/tyditiao.com\/is\/wp-json\/wp\/v2\/types\/product"}],"replies":[{"embeddable":true,"href":"https:\/\/tyditiao.com\/is\/wp-json\/wp\/v2\/comments?post=14209"}],"wp:featuredmedia":[{"embeddable":true,"href":"https:\/\/tyditiao.com\/is\/wp-json\/wp\/v2\/media\/10329"}],"wp:attachment":[{"href":"https:\/\/tyditiao.com\/is\/wp-json\/wp\/v2\/media?parent=14209"}],"wp:term":[{"taxonomy":"product_brand","embeddable":true,"href":"https:\/\/tyditiao.com\/is\/wp-json\/wp\/v2\/product_brand?post=14209"},{"taxonomy":"product_cat","embeddable":true,"href":"https:\/\/tyditiao.com\/is\/wp-json\/wp\/v2\/product_cat?post=14209"},{"taxonomy":"product_tag","embeddable":true,"href":"https:\/\/tyditiao.com\/is\/wp-json\/wp\/v2\/product_tag?post=14209"},{"taxonomy":"woo-feed-brand","embeddable":true,"href":"https:\/\/tyditiao.com\/is\/wp-json\/wp\/v2\/woo-feed-brand?post=14209"}],"curies":[{"name":"wp","href":"https:\/\/api.w.org\/{rel}","templated":true}]}}