{"id":14228,"date":"2022-06-13T04:08:57","date_gmt":"2022-06-13T02:08:57","guid":{"rendered":"http:\/\/tyditiao.com\/product\/hermannahjalmur-aramid-fiber-tactical-class-iiia-hjalmur-fast-kevlar-hjalmur-ljosbrunn\/"},"modified":"2026-01-26T09:14:43","modified_gmt":"2026-01-26T07:14:43","slug":"fljotur-skotheldur-hjalmur-taktiskur-kevlar-nijiiia-ljosbrunn","status":"publish","type":"product","link":"https:\/\/tyditiao.com\/is\/product\/fljotur-skotheldur-hjalmur-taktiskur-kevlar-nijiiia-ljosbrunn\/","title":{"rendered":"Hermannahj\u00e1lmur, Aramid Fiber Tactical Class IIIA hj\u00e1lmur, Fast Kevlar hj\u00e1lmur, lj\u00f3sbr\u00fann"},"content":{"rendered":"<p><strong>Varnarflokkur:<\/strong><\/p>\n<p>\u00deessi skotheldi hj\u00e1lmur er NIJ Level IIIA skotheldur hj\u00e1lmur samkv\u00e6mt NIJ 0101.06 sta\u00f0li og h\u00e6gt er a\u00f0 \u00fatvega samsvarandi pr\u00f3funarsk\u00fdrslu.<\/p>\n<hr \/>\n<p><strong>V\u00f6rn skotf\u00e6ri f\u00e6ribreytur:<\/strong><\/p>\n<p>.44 Mag SJHP<br \/>\n.357 SIG FMJ FN<br \/>\n9mm FMJ RN<br \/>\n.357 Mag JSP<br \/>\n.40 S&amp;W FMJ<\/p>\n<p>Veitir einnig vernd gegn flestum skammbyssu\u00f3gnum sem og Class IIA og II \u00f3gnum<\/p>\n<hr \/>\n<p><strong>Skuluheldur hj\u00e1lmf\u00e6ribreytur:<\/strong><\/p>\n<p>Nafn: NIJ lllA FAST skotheldur hj\u00e1lmur<\/p>\n<p>Efni: High Tensile Kevlar-DuPont Aramid trefjar<br \/>\nH\u00f6fu\u00f0m\u00e1l: 52-64 cm<br \/>\nValfrj\u00e1ls aukab\u00fana\u00f0ur: skotheld gr\u00edma osfrv.<br \/>\nHj\u00e1lmlitur: Lj\u00f3sbr\u00fann<\/p>\n<p>Skotheldur hj\u00e1lmur samanstendur af hj\u00e1lmskel (\u00fear \u00e1 me\u00f0al perluv\u00f6rn) og fj\u00f6\u00f0runarstu\u00f0p\u00fa\u00f0akerfi (\u00fear \u00e1 me\u00f0al h\u00f6fu\u00f0band, stu\u00f0p\u00fa\u00f0alag, h\u00f6ku\u00f3l, ke\u00f0jutenglar o.s.frv.). \u00de\u00e6gilegt og st\u00f6\u00f0ugt a\u00f0 kl\u00e6\u00f0ast;<\/p>\n<p>Ytra yfirbor\u00f0 hj\u00e1lmskeljarins er einsleitt og sl\u00e9tt, \u00e1n mengunar a\u00f0skotaefna, bl\u00f6\u00f0rumyndunar, fl\u00f6gnunar og annarra galla.<\/p>\n<p>Logavarnarefni hj\u00e1lmskeljar: samfelldur brennslut\u00edmi \u00e1 yfirbor\u00f0i 5S;<\/p>\n<p>Kraftur h\u00f6kubandsb\u00fana\u00f0arins: ney\u00f0arfl\u00f3ttahra\u00f0i 500N, slepptu \u00feegar ytri krafturinn er 1000N;<\/p>\n<p>Vatnsheldur: Skotheldi hj\u00e1lmurinn mun ekki sprunga, mynda bl\u00f6\u00f0rur e\u00f0a brotna \u00e1 yfirbor\u00f0i hj\u00e1lmskeljarnar \u00feegar hann er \u00e1 kafi \u00ed vatni \u00ed 24 klukkustundir vi\u00f0 stofuhita. Enginn hluti af fj\u00f6\u00f0runarp\u00fa\u00f0anum losna\u00f0i eftir tv\u00f6 vel heppnu\u00f0 skot<\/p>\n<p>MICH er hj\u00e1lmur sem st\u00f6\u00f0var skothr\u00ed\u00f0 og veitir \u00e1rei\u00f0anlega v\u00f6rn gegn rusli og fallandi rusli.<br \/>\nmun draga \u00far vernd.<\/p>\n<hr \/>\n<p><strong>&#8222;Fyrir f\u00f3lk:<\/strong><\/p>\n<p>NIJ llla Kevlar FAST ballistic hj\u00e1lmurinn er hanna\u00f0ur til a\u00f0 takast \u00e1 vi\u00f0 \u00f3gn af byssum og sprengju, me\u00f0 sterkari festingum fyrir l\u00e9ttari og \u00fe\u00e6gilegri passa. \u00deessi hj\u00e1lmur hentar \u00f6llum tegundum notenda. Starfsf\u00f3lk fr\u00e1 stofnunum eins og hernum, l\u00f6greglunni, SWAT, innra \u00f6ryggi, tollg\u00e6slu og landam\u00e6rav\u00f6r\u00f0um getur veri\u00f0 b\u00fai\u00f0 auknum bardagah\u00e6fileikum. \u00dea\u00f0 er l\u00edka g\u00f3\u00f0ur kostur fyrir heimilisvernd og cosplay.<\/p>\n<hr \/>\n<p><strong>Hva\u00f0 er FAST ballistic hj\u00e1lmur?<\/strong><\/p>\n<p>FAST skotheldur hj\u00e1lmur (enska: Future Assault Shell Technology Helmet, h\u00e9r eftir nefndur: FAST) Future Assault Shell Technology Helmet er bardagahj\u00e1lmur sem \u00fer\u00f3a\u00f0ur er af ranns\u00f3knarstofnun bandar\u00edska hersins og ranns\u00f3knar-, \u00fer\u00f3unar- og verkfr\u00e6\u00f0imi\u00f0st\u00f6\u00f0 bandar\u00edska hersins Natick. Hj\u00e1lmurinn er hanna\u00f0ur til a\u00f0 veita s\u00e9rt\u00e6kum rekstrara\u00f0ilum \u00fe\u00e6gindi \u00e1 sama t\u00edma og hann veitir grunn boltav\u00f6rn. FAST hj\u00e1lmurinn var fyrst s\u00fdndur almenningi \u00e1 SHOT SHOW \u00e1ri\u00f0 2009 og var flj\u00f3tlega tekinn upp af bandar\u00edskum s\u00e9rsveitum sem starfa\u00f0i \u00ed Afganistan. FAST takt\u00edskir ballistic hj\u00e1lmar eru n\u00fa miki\u00f0 nota\u00f0ir \u00ed s\u00e9rsveitum og s\u00e9rsveitum l\u00f6greglu \u00ed \u00fdmsum l\u00f6ndum. A\u00f0 auki er FAST takt\u00edski hj\u00e1lmurinn n\u00fa venjulegur bardagahj\u00e1lmur fyrir norska herinn.<\/p>\n<hr \/>\n<p><strong>Eiginleikar FAST Fiber Aramid takt\u00edsks hermannahj\u00e1lms:<\/strong><\/p>\n<p>\u00cd samanbur\u00f0i vi\u00f0 venjulega herhj\u00e1lma er FAST hj\u00e1lmurinn 25% l\u00e9ttari. \u00de\u00f6kk s\u00e9 fj\u00f6\u00f0runarkerfi hj\u00e1lmsins geta notendur au\u00f0veldlega stillt passa e\u00f0a \u00fe\u00e9ttleika hj\u00e1lmsins fyrir bestu \u00fe\u00e6gindi. FAST hj\u00e1lmurinn er b\u00fainn ARC teinum \u00e1 vinstri og h\u00e6gri hli\u00f0 til a\u00f0 festa fylgihluti eins og vasalj\u00f3s, h\u00e1va\u00f0adeyfandi heyrnart\u00f3l og samskiptab\u00fana\u00f0, auk n\u00e6tursj\u00f3nar e\u00f0a myndbandsuppt\u00f6kub\u00fana\u00f0ar. H\u00e6gt er a\u00f0 festa millistykki\u00f0 \u00ed mi\u00f0ju hj\u00e1lmsins \u00ed gegnum millistykki\u00f0 \u00deetta er s\u00e9rstakur bardagi sem getur b\u00e6tt vi\u00f0 meiri takt\u00edskum yfirbur\u00f0i. \u00dear a\u00f0 auki, vegna einingah\u00f6nnunarinnar, er borgaraleg \u00fatg\u00e1fa af \u00f3skothelda FAST hj\u00e1lminum ekki a\u00f0eins notu\u00f0 af hernum og l\u00f6greglunni, heldur einnig \u00e1kaft teki\u00f0 af \u00ed\u00fer\u00f3ttam\u00f6nnum og \u00fativistarm\u00f6nnum eins og bla\u00f0am\u00f6nnum og bj\u00f6rgunarm\u00f6nnum. \u00dear a\u00f0 auki, vegna einingah\u00f6nnunarinnar, er borgaraleg \u00fatg\u00e1fa af \u00f3skothelda FAST hj\u00e1lminum ekki a\u00f0eins notu\u00f0 af hernum og l\u00f6greglunni, heldur einnig \u00e1kaft teki\u00f0 af \u00ed\u00fer\u00f3ttam\u00f6nnum og \u00fativistarm\u00f6nnum eins og bla\u00f0am\u00f6nnum og bj\u00f6rgunarm\u00f6nnum.<\/p>\n<hr \/>\n<p><strong>Er FAST fiber aramid takt\u00edsk hermannahj\u00e1lmur g\u00f3\u00f0 v\u00f6rn, hvers vegna er hann vins\u00e6ll?<\/strong><\/p>\n<p>\u00dea\u00f0 eru tv\u00e6r \u00e1st\u00e6\u00f0ur: \u00cd fyrsta lagi hafa framfarir t\u00e6kninnar gert einstaka hermenn s\u00edfellt meiri t\u00e6knib\u00fana\u00f0, sem \u00fearfnast vettvangs til a\u00f0 hla\u00f0a t\u00e6knilegum fylgihlutum, og \u00feurftu a\u00f0 f\u00f3rna vernd til a\u00f0 velja;<br \/>\n\u00cd \u00f6\u00f0ru lagi eru FAST notendur a\u00f0allega s\u00e9rsveitarmenn og s\u00e9rsveitirnar gefa einfaldlega upp einhverja vernd \u00ed bardaga fjarl\u00e6g\u00f0inni, flytjanleiki og t\u00e6knib\u00fana\u00f0ur \u00e1 pallinum ver\u00f0a lifunarhlutfall, jafnvel \u00ed hagn\u00fdtum forritum, venjulega a\u00f0eins fyrir hra\u00f0virka hj\u00e1lma, \u00feeir eru ekki margar einingar \u00fe\u00e6ttir \u00e1 \u00fev\u00ed, bara til a\u00f0 flytja.<\/p>\n<p>FAST treystir ekki \u00e1 stranga vernd Engir eyrnah\u00fa\u00f0ar \u00e1 b\u00e1\u00f0um hli\u00f0um n\u00e6gja A\u00f0allega til \u00fe\u00e6ginda fyrir starfsf\u00f3lk sem er me\u00f0 heyrnart\u00f3l og aukab\u00fana\u00f0.<\/p>\n<p>FAST hj\u00e1lmar eru miki\u00f0 nota\u00f0ir \u00ed m\u00f6rgum l\u00f6ndum og \u00ed m\u00f6rgum l\u00f6ndum eru hj\u00e1lmah\u00f6nnun mj\u00f6g l\u00edk bandar\u00edskum FAST hj\u00e1lmar eins og r\u00fassneskir, franskir og breskir hj\u00e1lmar eru hanna\u00f0ir eftir FAST hj\u00e1lma, \u00fe\u00f3 \u00feeir muni \u00fer\u00f3ast me\u00f0 t\u00edmanum. \u00deessir hj\u00e1lmar eru l\u00edka a\u00f0 breytast st\u00f6\u00f0ugt, en l\u00edkjast samt mj\u00f6g FAST hj\u00e1lmunum, af auglj\u00f3sum \u00e1st\u00e6\u00f0um, sem vernda h\u00f6fu\u00f0i\u00f0 \u00e1 \u00e1hrifar\u00edkan h\u00e1tt og h\u00e1marka l\u00edf hermannsins.<\/p>\n<hr \/>\n<p><strong>FRAGT trefjaaramid takt\u00edsk hermannahj\u00e1lmur ver\u00f0?<\/strong><\/p>\n<p>Kauptu beint af vefs\u00ed\u00f0u okkar og spara\u00f0u 15% afsl\u00e1tt af venjulegu ver\u00f0i<\/p>\n<p>Ef \u00fe\u00fa vilt kaupa v\u00f6rur okkar e\u00f0a hefur einhverjar spurningar um v\u00f6rur okkar, vinsamlegast (<a href=\"https:\/\/tyditiao.com\/is\/hafdu-samband\/\">haf\u00f0u samband vi\u00f0 okkur<\/a>) tafarlaust, vi\u00f0 munum svara \u00fe\u00e9r innan t\u00ed\u00f0ar 1 virkur dagur. <span style=\"color: #ff0000;\">Ef \u00fe\u00fa vilt panta fleiri en 5 skothelda hj\u00e1lma \u00e1 sama t\u00edma f\u00e6r\u00f0u aukaafsl\u00e1tt;<\/span><\/p>\n","protected":false},"excerpt":{"rendered":"<p>Gert \u00far sterkum DuPont Kevlar Aramid trefjum, hita\u00feoli\u00f0 og ekki au\u00f0velt a\u00f0 afmynda<\/p>\n<p>NIJ stig IIIA<\/p>\n<p>H\u00f6fu\u00f0umm\u00e1lsstillingarkerfi\u00f0 gerir \u00fe\u00e9r kleift a\u00f0 stilla h\u00f6fu\u00f0umm\u00e1li\u00f0 me\u00f0 \u00fev\u00ed a\u00f0 \u00fdta \u00e1 hnapp til a\u00f0 n\u00e1 fullkominni passa \u00e1 hj\u00e1lminum<\/p>\n<p>Enni\u00f0 er styrkt me\u00f0 teygjub\u00f6ndum \u00e1 hli\u00f0um kolkrabbans (ne\u00f0st \u00e1 n\u00e6tursj\u00f3nast\u00f3lnum) til a\u00f0 festa spegla, myndav\u00e9lar, n\u00e6tursj\u00f3ngleraugu og \u00f6nnur t\u00e6ki<\/p>\n<p>B\u00fain me\u00f0 teinum, \u00f6flugri aukab\u00fana\u00f0arfestingu, h\u00e6gt a\u00f0 \u00fatb\u00faa sterku lj\u00f3sakerfi og lei\u00f0alj\u00f3sum, einnig h\u00e6gt a\u00f0 \u00fatb\u00faa heyrnarhl\u00edfum<\/p>\n","protected":false},"featured_media":10253,"comment_status":"open","ping_status":"closed","template":"","meta":[],"product_brand":[],"product_cat":[818,701],"product_tag":[],"woo-feed-brand":[50],"class_list":{"0":"post-14228","1":"product","2":"type-product","3":"status-publish","4":"has-post-thumbnail","6":"product_cat-hratt","7":"product_cat-skotheldur-hjalmur","8":"woo-feed-brand-tyditiao","10":"first","11":"instock","12":"sale","13":"shipping-taxable","14":"purchasable","15":"product-type-simple"},"_links":{"self":[{"href":"https:\/\/tyditiao.com\/is\/wp-json\/wp\/v2\/product\/14228","targetHints":{"allow":["GET"]}}],"collection":[{"href":"https:\/\/tyditiao.com\/is\/wp-json\/wp\/v2\/product"}],"about":[{"href":"https:\/\/tyditiao.com\/is\/wp-json\/wp\/v2\/types\/product"}],"replies":[{"embeddable":true,"href":"https:\/\/tyditiao.com\/is\/wp-json\/wp\/v2\/comments?post=14228"}],"wp:featuredmedia":[{"embeddable":true,"href":"https:\/\/tyditiao.com\/is\/wp-json\/wp\/v2\/media\/10253"}],"wp:attachment":[{"href":"https:\/\/tyditiao.com\/is\/wp-json\/wp\/v2\/media?parent=14228"}],"wp:term":[{"taxonomy":"product_brand","embeddable":true,"href":"https:\/\/tyditiao.com\/is\/wp-json\/wp\/v2\/product_brand?post=14228"},{"taxonomy":"product_cat","embeddable":true,"href":"https:\/\/tyditiao.com\/is\/wp-json\/wp\/v2\/product_cat?post=14228"},{"taxonomy":"product_tag","embeddable":true,"href":"https:\/\/tyditiao.com\/is\/wp-json\/wp\/v2\/product_tag?post=14228"},{"taxonomy":"woo-feed-brand","embeddable":true,"href":"https:\/\/tyditiao.com\/is\/wp-json\/wp\/v2\/woo-feed-brand?post=14228"}],"curies":[{"name":"wp","href":"https:\/\/api.w.org\/{rel}","templated":true}]}}