{"id":14291,"date":"2022-06-13T03:53:55","date_gmt":"2022-06-13T01:53:55","guid":{"rendered":"http:\/\/tyditiao.com\/product\/skotheld-herklaedi-taktisk-hjalmur-af-flokki-iiia-mich2000-sersveitarhjalmur-ljosbrunn\/"},"modified":"2026-01-26T09:15:09","modified_gmt":"2026-01-26T07:15:09","slug":"mich2000-skotheldur-hjalmur-kevlar-stig-3-ljosbrunn","status":"publish","type":"product","link":"https:\/\/tyditiao.com\/is\/product\/mich2000-skotheldur-hjalmur-kevlar-stig-3-ljosbrunn\/","title":{"rendered":"Skotheld herkl\u00e6\u00f0i, takt\u00edsk hj\u00e1lmur af flokki IIIA, mich2000 s\u00e9rsveitarhj\u00e1lmur, lj\u00f3sbr\u00fann"},"content":{"rendered":"<p>MICH er hj\u00e1lmur sem st\u00f6\u00f0var skothr\u00ed\u00f0 og veitir \u00e1rei\u00f0anlega v\u00f6rn gegn rusli og fallandi rusli. L\u00e1gskur\u00f0urinn veitir betri \u00feekju \u00e1 b\u00e1\u00f0um hli\u00f0um h\u00f6fu\u00f0sins en yfireyrnahj\u00e1lmar. \u00deessir hj\u00e1lmar eru einnig me\u00f0 eyrnalokka til a\u00f0 h\u00fdsa heyrnart\u00f3l og annan samskiptab\u00fana\u00f0.<\/p>\n<p>&nbsp;<\/p>\n<p><strong>Varnarflokkur:<\/strong><\/p>\n<p>\u00deessi skotheldi hj\u00e1lmur er NIJ Level IIIA skotheldur hj\u00e1lmur samkv\u00e6mt NIJ 0101.06 sta\u00f0li og h\u00e6gt er a\u00f0 \u00fatvega samsvarandi pr\u00f3funarsk\u00fdrslu.<\/p>\n<p>\u00deessi vara uppfyllir einnig skilyr\u00f0i sem Enhanced Combat Helmet (ECH) \u00feegar h\u00fan er notu\u00f0 me\u00f0 yfirbrynjupl\u00f6tu fyrir sanna riffilv\u00f6rn<\/p>\n<p>&nbsp;<\/p>\n<p><strong>V\u00f6rn skotf\u00e6ri f\u00e6ribreytur:<\/strong><\/p>\n<p>.44 Mag SJHP<br \/>\n.357 SIG FMJ FN<br \/>\n9mm FMJ RN<br \/>\n.357 Mag JSP<br \/>\n.40 S&amp;W FMJ<\/p>\n<p>Veitir einnig vernd gegn flestum skammbyssu\u00f3gnum sem og Class IIA og II \u00f3gnum<\/p>\n<p>&nbsp;<\/p>\n<p><strong>Skuluheldur hj\u00e1lmf\u00e6ribreytur:<\/strong><br \/>\nNafn: NIJ lllA MICH2000 skotheldur hj\u00e1lmur<\/p>\n<p>Efni: High Tensile Kevlar-DuPont Aramid trefjar<br \/>\nH\u00f6fu\u00f0umm\u00e1l: 52-60 cm (tveggja \u00ferepa stilling \u00e1 baki og stillanleg h\u00f6ku\u00f3l)<br \/>\nF\u00f3\u00f0ur: H\u00e6gt a\u00f0 endurstilla fro\u00f0uf\u00f3\u00f0ur me\u00f0 h\u00e6gum fr\u00e1kasti heldur hj\u00e1lminum \u00fe\u00e6gilegum og kemur \u00ed veg fyrir \u00fereytu og ofhitnun.<br \/>\nValfrj\u00e1ls aukab\u00fana\u00f0ur: skotheld gr\u00edma osfrv.<br \/>\nHj\u00e1lmlitur: Lj\u00f3sbr\u00fann<br \/>\nMICH er hj\u00e1lmur sem st\u00f6\u00f0var skothr\u00ed\u00f0 og veitir \u00e1rei\u00f0anlega v\u00f6rn gegn rusli og fallandi rusli.<br \/>\nmun draga \u00far vernd.<\/p>\n<p>&nbsp;<\/p>\n<p><strong>&#8222;Fyrir f\u00f3lk:<\/strong><br \/>\nNIJ lllA Kevlar MICH2000 Ballistic hj\u00e1lmurinn h\u00f6ndlar skammbyssu- og sprengjuh\u00f3tanir me\u00f0 meiri festingargetu fyrir l\u00e9ttari, \u00fe\u00e6gilegri passa. \u00deessi hj\u00e1lmur hentar \u00f6llum tegundum notenda. Starfsf\u00f3lk fr\u00e1 stofnunum eins og hernum, l\u00f6greglunni, SWAT, innra \u00f6ryggi, tollg\u00e6slu og landam\u00e6rav\u00f6r\u00f0um getur veri\u00f0 \u00fatb\u00fai\u00f0 me\u00f0 auknum bardagah\u00e6fileikum. \u00dea\u00f0 er l\u00edka g\u00f3\u00f0ur kostur fyrir heimilisvernd og cosplay.<\/p>\n<p>&nbsp;<\/p>\n<p>Ef \u00fe\u00fa vilt kaupa v\u00f6rur okkar e\u00f0a hefur einhverjar spurningar um v\u00f6rur okkar;<br \/>\nEf \u00fe\u00fa hefur einhverjar a\u00f0l\u00f6gunar\u00fearfir;<br \/>\nVinsamlegast (<a href=\"https:\/\/tyditiao.com\/is\/hafdu-samband\/\">haf\u00f0u samband<\/a>) strax, vi\u00f0 munum svara \u00fe\u00e9r innan eins virks dags<\/p>\n","protected":false},"excerpt":{"rendered":"<p>St\u00f3rt verndarsv\u00e6\u00f0i: Varnarsv\u00e6\u00f0i\u00f0 er st\u00e6rra en hef\u00f0bundinna skothelda hj\u00e1lma, sem veitir g\u00f3\u00f0a v\u00f6rn fyrir eyrnahlutann<\/p>\n<p>G\u00f3\u00f0 g\u00e6\u00f0i: Ger\u00f0 \u00far h\u00e1g\u00e6\u00f0a DuPont Kevlar Aramid trefjum, hita\u00feolin og ekki au\u00f0veldlega afl\u00f6gu\u00f0<\/p>\n<p>G\u00f3\u00f0 ballistic \u00e1rangur: NIJ stig IIIA<\/p>\n<p>Smokkfisk\u00feurrkunarkerfi og vinstri og h\u00e6gri j\u00e1rnbrautarsett gerir \u00fe\u00e9r kleift a\u00f0 setja upp h\u00f6fu\u00f0t\u00f3l, byssulj\u00f3s, myndav\u00e9l, flasslista, n\u00e6tursj\u00f3n, GoPro myndav\u00e9l, NVG gleraugu<\/p>\n<p>G\u00f3\u00f0 uppf\u00e6rsla: uppf\u00e6ranleg s\u00farefnismaska, hj\u00e1lmur, hli\u00f0arhl\u00edf, brynv\u00f6r\u00f0ur hli\u00f0arhl\u00edf, hl\u00edf\u00f0arskj\u00f6ldur, hj\u00e1lmhl\u00edf<\/p>\n","protected":false},"featured_media":10196,"comment_status":"open","ping_status":"closed","template":"","meta":[],"product_brand":[],"product_cat":[886,701],"product_tag":[],"woo-feed-brand":[50],"class_list":{"0":"post-14291","1":"product","2":"type-product","3":"status-publish","4":"has-post-thumbnail","6":"product_cat-mich2000-is","7":"product_cat-skotheldur-hjalmur","8":"woo-feed-brand-tyditiao","10":"first","11":"instock","12":"sale","13":"shipping-taxable","14":"purchasable","15":"product-type-simple"},"_links":{"self":[{"href":"https:\/\/tyditiao.com\/is\/wp-json\/wp\/v2\/product\/14291","targetHints":{"allow":["GET"]}}],"collection":[{"href":"https:\/\/tyditiao.com\/is\/wp-json\/wp\/v2\/product"}],"about":[{"href":"https:\/\/tyditiao.com\/is\/wp-json\/wp\/v2\/types\/product"}],"replies":[{"embeddable":true,"href":"https:\/\/tyditiao.com\/is\/wp-json\/wp\/v2\/comments?post=14291"}],"wp:featuredmedia":[{"embeddable":true,"href":"https:\/\/tyditiao.com\/is\/wp-json\/wp\/v2\/media\/10196"}],"wp:attachment":[{"href":"https:\/\/tyditiao.com\/is\/wp-json\/wp\/v2\/media?parent=14291"}],"wp:term":[{"taxonomy":"product_brand","embeddable":true,"href":"https:\/\/tyditiao.com\/is\/wp-json\/wp\/v2\/product_brand?post=14291"},{"taxonomy":"product_cat","embeddable":true,"href":"https:\/\/tyditiao.com\/is\/wp-json\/wp\/v2\/product_cat?post=14291"},{"taxonomy":"product_tag","embeddable":true,"href":"https:\/\/tyditiao.com\/is\/wp-json\/wp\/v2\/product_tag?post=14291"},{"taxonomy":"woo-feed-brand","embeddable":true,"href":"https:\/\/tyditiao.com\/is\/wp-json\/wp\/v2\/woo-feed-brand?post=14291"}],"curies":[{"name":"wp","href":"https:\/\/api.w.org\/{rel}","templated":true}]}}