{"id":14308,"date":"2022-06-13T03:50:24","date_gmt":"2022-06-13T01:50:24","guid":{"rendered":"http:\/\/tyditiao.com\/product\/class-iiia-taktisk-bunadur-skotheldur-herhjalmur-svartur\/"},"modified":"2026-03-17T13:18:07","modified_gmt":"2026-03-17T11:18:07","slug":"mich2000-skotheldur-hjalmur-kevlar-stig-3-svartur","status":"publish","type":"product","link":"https:\/\/tyditiao.com\/is\/product\/mich2000-skotheldur-hjalmur-kevlar-stig-3-svartur\/","title":{"rendered":"Class IIIA takt\u00edsk b\u00fana\u00f0ur, skotheldur herhj\u00e1lmur, svartur"},"content":{"rendered":"<p><strong>Varnarflokkur:<\/strong><br \/>\n\u00deessi skotheldi hj\u00e1lmur er NIJ Level IIIA skotheldur hj\u00e1lmur samkv\u00e6mt NIJ 0101.06 sta\u00f0li og h\u00e6gt er a\u00f0 \u00fatvega samsvarandi pr\u00f3funarsk\u00fdrslu.<\/p>\n<p>&nbsp;<\/p>\n<p><strong>V\u00f6rn skotf\u00e6ri f\u00e6ribreytur:<\/strong><br \/>\n.44 Mag SJHP<br \/>\n.357 SIG FMJ FN<br \/>\n9mm FMJ RN<br \/>\n.357 Mag JSP<br \/>\n.40 S&amp;W FMJ<\/p>\n<p>Veitir einnig vernd gegn flestum skammbyssu\u00f3gnum sem og Class IIA og II \u00f3gnum<\/p>\n<p>&nbsp;<\/p>\n<p><strong>Skuluheldur hj\u00e1lmf\u00e6ribreytur:<\/strong><br \/>\nNafn: NIJ lllA MICH2000 skotheldur hj\u00e1lmur<\/p>\n<p>Efni: High Tensile Kevlar-DuPont Aramid trefjar<br \/>\nH\u00f6fu\u00f0m\u00e1l: 52-60 cm<br \/>\nF\u00f3\u00f0ur: H\u00e6gt a\u00f0 endurstilla fro\u00f0uf\u00f3\u00f0ur me\u00f0 h\u00e6gum fr\u00e1kasti heldur hj\u00e1lminum \u00fe\u00e6gilegum og kemur \u00ed veg fyrir \u00fereytu og ofhitnun.<br \/>\nValfrj\u00e1ls aukab\u00fana\u00f0ur: s\u00farefnismaska, andlitshl\u00edf, hli\u00f0arhl\u00edf, brynja hli\u00f0arhl\u00edf, skj\u00f6ldur, hj\u00e1lmhl\u00edf, skotheld gr\u00edma o.fl.<br \/>\nHj\u00e1lmur Litur: Svartur<br \/>\nMICH er hj\u00e1lmur sem st\u00f6\u00f0var skothr\u00ed\u00f0 og veitir \u00e1rei\u00f0anlega v\u00f6rn gegn rusli og fallandi rusli.<br \/>\nmun draga \u00far vernd.<\/p>\n<p>&nbsp;<\/p>\n<p><strong>&#8222;Fyrir f\u00f3lk:<\/strong><br \/>\nNIJ lllA Kevlar MICH2000 Ballistic hj\u00e1lmurinn h\u00f6ndlar skammbyssu- og sprengjuh\u00f3tanir me\u00f0 meiri festingargetu fyrir l\u00e9ttari, \u00fe\u00e6gilegri passa. \u00deessi hj\u00e1lmur hentar \u00f6llum tegundum notenda. Starfsf\u00f3lk fr\u00e1 stofnunum eins og hernum, l\u00f6greglunni, SWAT, innra \u00f6ryggi, tollg\u00e6slu og landam\u00e6rav\u00f6r\u00f0um getur veri\u00f0 b\u00fai\u00f0 auknum bardagah\u00e6fileikum. \u00dea\u00f0 er l\u00edka g\u00f3\u00f0ur kostur fyrir heimilisvernd og cosplay.<\/p>\n<p>&nbsp;<\/p>\n<p><strong>Hva\u00f0 er MICH2000 Kevlar herahj\u00e1lmur?<\/strong><br \/>\nModular Integrated Communications Helmet (MICH) er bandar\u00edskur bardagahj\u00e1lmur og einn af nokkrum hj\u00e1lmum sem bandar\u00edski herinn notar. Hann var \u00fer\u00f3a\u00f0ur af US Army Soldier Systems Systems Systems Center sem n\u00e6stu kynsl\u00f3\u00f0ar hl\u00edf\u00f0arbardagahj\u00e1lmur sem nota\u00f0ur er af bandar\u00edska hernum. A\u00f0al\u00e1st\u00e6\u00f0an fyrir \u00fer\u00f3un MICH var a\u00f0 skipta um hl\u00edf\u00f0ar en \u00feungar PASGT, \u00fear sem \u00feau voru l\u00e9ttari, \u00fe\u00e6gilegri, passa betur og au\u00f0veldara var a\u00f0 setja upp aukahluti, s\u00e9rstaklega n\u00e6tursj\u00f3nb\u00fana\u00f0 og samskiptaheyrnart\u00f3l. Veldur ekki \u00f3\u00fearfa \u00e1lagi \u00e1 h\u00e1lsinn. Upphaflega var \u00fea\u00f0 n\u00e1nast eing\u00f6ngu nota\u00f0 af SOCOM og nokkrum n\u00e1skyldum a\u00f0ilum. Hinga\u00f0 til hafa MICH og aflei\u00f0ur hans, Advanced Combat Helmet og Modified Combat Helmet, algj\u00f6rlega komi\u00f0 \u00ed sta\u00f0 PASGT \u00ed virkri \u00fej\u00f3nustu bandar\u00edska hersins og eru notu\u00f0, a\u00f0 minnsta kosti a\u00f0 einhverju leyti, \u00ed \u00f6llum herdeildum Bandar\u00edkjanna.<\/p>\n<p>&nbsp;<\/p>\n<p><strong>Eiginleikar MICH2000 Kevlar hj\u00e1lmsins:<\/strong><br \/>\n\u00deyngd MICH er um \u00fea\u00f0 bil 1,6 kg. MICH er l\u00edka a\u00f0eins minni en PASGT, hefur 8% minna dr\u00e6gni, notar n\u00fdjar, fullkomnari Kevlar trefjar og b\u00fd\u00f0ur upp \u00e1 betri skammbyssu- og skotv\u00f6rn. P\u00fa\u00f0akerfi og fj\u00f6gurra punkta festingarkerfi, svipa\u00f0 og hl\u00edfar og \u00f3lar \u00e1 hj\u00f3labrettum, rei\u00f0hj\u00f3lahj\u00e1lma og vatnshj\u00e1lma, koma \u00ed sta\u00f0 n\u00e6lonsn\u00farafj\u00f6\u00f0runarkerfisins, svitabandsins og h\u00f6kubandsins sem finnast \u00e1 PASGT hj\u00e1lma. \u00deessi breyting veitir notandanum meiri h\u00f6ggv\u00f6rn og \u00fe\u00e6gindi. \u00dea\u00f0 er me\u00f0 festingarfestingu a\u00f0 framan fyrir n\u00e6tursj\u00f3ngleraugu (eins og AN\/PVS-14 e\u00f0a AN\/PVS-15), svipa\u00f0 og \u00e1 PASGT hj\u00e1lminum. Hann er einnig me\u00f0 \u00f3l \u00e1 bakinu til a\u00f0 festa \u00f6ryggisgleraugu \u00e1, auk tau hj\u00e1lmhl\u00edf \u00ed \u00fdmsum felulitum. \u00d6fugt vi\u00f0 \u201esveig\u00f0a\u201c \u00fatl\u00ednur sn\u00fdst PASGT fyrst og fremst um a\u00f0 fjarl\u00e6gja augabr\u00fanirnar og h\u00e6kka hli\u00f0arnar upp \u00ed \u201eflatan\u201c punkt \u00e1 ne\u00f0ri br\u00faninni fyrir aftan musteri. \u00deetta dregur nokku\u00f0 \u00far \u00feyngd og gerir r\u00e1\u00f0 fyrir betri a\u00f0st\u00e6\u00f0ursvitund og f\u00e6rri hindranir \u00ed sj\u00f3nsvi\u00f0i notandans, s\u00e9rstaklega \u00feegar \u00fea\u00f0 er sameina\u00f0 skotheldum vestum. Hermenn hafa \u00e1\u00f0ur kvarta\u00f0 yfir \u00fev\u00ed a\u00f0 h\u00e1i hlerunarkraginn og tveggja punkta h\u00f6ku\u00f3lin \u00fer\u00fdsti afturhluta PASGT hj\u00e1lmsins fram og \u00feegar \u00feeir reyna a\u00f0 skj\u00f3ta \u00far beygjandi st\u00f6\u00f0u rennur br\u00fan hj\u00e1lmsins framhj\u00e1 augum \u00feeirra, sem \u00ed MICH, hefur mj\u00f3kku\u00f0 Contoured og fj\u00f6gurra punkta h\u00f6ku\u00f3l.<\/p>\n<p>&nbsp;<\/p>\n<p><strong>Hvor er vins\u00e6lli, MICH2000 e\u00f0a FAST takt\u00edsk ballistic hj\u00e1lmur?<\/strong><br \/>\nMICH2000 er me\u00f0 st\u00e6rra hl\u00edf\u00f0aryfirbor\u00f0, sem er gagnlegra ef \u00fe\u00fa \u00e6tlar ekki a\u00f0 setja upp marga aukahluti. Ef \u00fe\u00fa \u00e6tlar a\u00f0 velja mikinn b\u00fana\u00f0, eins og (me\u00f0 vasalj\u00f3s, h\u00e1va\u00f0adeyfandi heyrnart\u00f3l og samskiptab\u00fana\u00f0, n\u00e6tursj\u00f3ngleraugu e\u00f0a myndbandst\u00e6ki o.s.frv.), er m\u00e6lt me\u00f0 \u00fev\u00ed a\u00f0 velja FAST, \u00fev\u00ed \u00fea\u00f0 ver\u00f0ur ekki of \u00feungt , \u00fea\u00f0 mun setja \u00fer\u00fdsting \u00e1 h\u00e1lsinn, sem mun \u00f3beint hafa \u00e1hrif \u00e1 virkni getu.<\/p>\n<p>&nbsp;<\/p>\n<p><strong>MICH2000 herhj\u00e1lmaver\u00f0<\/strong><br \/>\n\u00deetta er takt\u00edsk \u00f6ryggishj\u00e1lmaverslun okkar, vinsamlegast keyptu beint af vefs\u00ed\u00f0u okkar, \u00fe\u00fa getur fengi\u00f0 15% afsl\u00e1tt af upprunalegu ver\u00f0i<\/p>\n<p>&nbsp;<\/p>\n<p>Ef \u00fe\u00fa vilt kaupa v\u00f6rur okkar e\u00f0a hefur einhverjar spurningar um v\u00f6rur okkar;<br \/>\nEf \u00fe\u00fa hefur einhverjar a\u00f0l\u00f6gunar\u00fearfir;<br \/>\nVinsamlegast (<a href=\"https:\/\/tyditiao.com\/is\/hafdu-samband\/\">haf\u00f0u samband<\/a>) strax, vi\u00f0 munum svara \u00fe\u00e9r innan eins virks dags<\/p>\n","protected":false},"excerpt":{"rendered":"<p>Gert \u00far sterkum DuPont Kevlar Aramid trefjum, hita\u00feoli\u00f0 og ekki au\u00f0velt a\u00f0 afmynda<\/p>\n<p>NIJ stig IIIA<\/p>\n<p>A\u00f0l\u00f6gunarkerfi h\u00f6fu\u00f0umm\u00e1ls, getur gert hj\u00e1lminn til a\u00f0 n\u00e1 fram fullkomnum slit\u00e1hrifum<\/p>\n<p>Enni\u00f0 er styrkt me\u00f0 teygjub\u00f6ndum \u00e1 hli\u00f0um kolkrabbans (ne\u00f0st \u00e1 n\u00e6tursj\u00f3nast\u00f3lnum) til a\u00f0 festa spegla, myndav\u00e9lar, n\u00e6tursj\u00f3ngleraugu og \u00f6nnur t\u00e6ki<\/p>\n<p>B\u00fain me\u00f0 teinum, \u00f6flugri aukab\u00fana\u00f0arfestingu, h\u00e6gt a\u00f0 \u00fatb\u00faa sterku lj\u00f3sakerfi og lei\u00f0alj\u00f3sum, einnig h\u00e6gt a\u00f0 \u00fatb\u00faa heyrnarhl\u00edfum<\/p>\n","protected":false},"featured_media":11393,"comment_status":"open","ping_status":"closed","template":"","meta":[],"product_brand":[],"product_cat":[886,701],"product_tag":[],"woo-feed-brand":[50],"class_list":{"0":"post-14308","1":"product","2":"type-product","3":"status-publish","4":"has-post-thumbnail","6":"product_cat-mich2000-is","7":"product_cat-skotheldur-hjalmur","8":"woo-feed-brand-tyditiao","10":"first","11":"instock","12":"sale","13":"shipping-taxable","14":"purchasable","15":"product-type-simple"},"_links":{"self":[{"href":"https:\/\/tyditiao.com\/is\/wp-json\/wp\/v2\/product\/14308","targetHints":{"allow":["GET"]}}],"collection":[{"href":"https:\/\/tyditiao.com\/is\/wp-json\/wp\/v2\/product"}],"about":[{"href":"https:\/\/tyditiao.com\/is\/wp-json\/wp\/v2\/types\/product"}],"replies":[{"embeddable":true,"href":"https:\/\/tyditiao.com\/is\/wp-json\/wp\/v2\/comments?post=14308"}],"wp:featuredmedia":[{"embeddable":true,"href":"https:\/\/tyditiao.com\/is\/wp-json\/wp\/v2\/media\/11393"}],"wp:attachment":[{"href":"https:\/\/tyditiao.com\/is\/wp-json\/wp\/v2\/media?parent=14308"}],"wp:term":[{"taxonomy":"product_brand","embeddable":true,"href":"https:\/\/tyditiao.com\/is\/wp-json\/wp\/v2\/product_brand?post=14308"},{"taxonomy":"product_cat","embeddable":true,"href":"https:\/\/tyditiao.com\/is\/wp-json\/wp\/v2\/product_cat?post=14308"},{"taxonomy":"product_tag","embeddable":true,"href":"https:\/\/tyditiao.com\/is\/wp-json\/wp\/v2\/product_tag?post=14308"},{"taxonomy":"woo-feed-brand","embeddable":true,"href":"https:\/\/tyditiao.com\/is\/wp-json\/wp\/v2\/woo-feed-brand?post=14308"}],"curies":[{"name":"wp","href":"https:\/\/api.w.org\/{rel}","templated":true}]}}