{"id":14318,"date":"2023-03-05T03:22:19","date_gmt":"2023-05-23T07:25:20","guid":{"rendered":"http:\/\/tyditiao.com\/product\/mich2000-ballistic-hjalmur-3a-taktisk-ballistic-hjalmur-serstaerd-sersnidin-litur-hollur-kauptengil\/"},"modified":"2023-05-23T09:25:20","modified_gmt":"2023-05-23T07:25:20","slug":"mich2000-skotheldur-hjalmur-3a-taktiskur-ballistic-hjalmur-serstok-staerd-sersnidin-litur-hollur-kauptengil","status":"publish","type":"product","link":"https:\/\/tyditiao.com\/is\/product\/mich2000-skotheldur-hjalmur-3a-taktiskur-ballistic-hjalmur-serstok-staerd-sersnidin-litur-hollur-kauptengil\/","title":{"rendered":"Mich2000 Ballistic hj\u00e1lmur, 3A takt\u00edsk ballistic hj\u00e1lmur, s\u00e9rst\u00e6r\u00f0, s\u00e9rsni\u00f0in litur, hollur kauptengil"},"content":{"rendered":"<p><strong>Um Mich2000 hj\u00e1lmst\u00e6r\u00f0:<\/strong> Vi\u00f0 h\u00f6fum b\u00e6tt vi\u00f0 litlum og st\u00f3rum framlei\u00f0slum\u00f3tum fyrir \u00feennan Mich 3A takt\u00edska ballistic hj\u00e1lm til a\u00f0 m\u00e6ta notendum me\u00f0 mismunandi \u00fearfir. St\u00e6r\u00f0 M er venjuleg st\u00e6r\u00f0 og passar flestum. Ef \u00fe\u00fa heldur a\u00f0 l\u00edtil st\u00e6r\u00f0 geti betur m\u00e6tt eigin kr\u00f6fum \u00fe\u00ednum e\u00f0a kl\u00e6\u00f0ast venjum, vinsamlegast veldu litlu st\u00e6r\u00f0ina, annars veldu st\u00f3ru st\u00e6r\u00f0ina.<\/p>\n<p><strong>Um litinn \u00e1 Mich2000 skotheldum hj\u00e1lm:<\/strong> Mich 3A takt\u00edsk skotheldur hj\u00e1lm, vi\u00f0 framlei\u00f0um a\u00f0allega \u00ferj\u00e1 liti: svartan, lj\u00f3sbr\u00fann og gr\u00e6nan. En \u00e1 sama t\u00edma h\u00f6fum vi\u00f0 getu til a\u00f0 framlei\u00f0a hva\u00f0a lit sem er e\u00f0a \u00fdmis felulitur sem vi\u00f0skiptavinir tilgreina, svo sem sk\u00f3glendisfelulitur, frumsk\u00f3garfelu, ey\u00f0imerkurfelu, sj\u00e1varfelulit og \u00fe\u00e9ttb\u00fdlisfelu osfrv. Ef \u00fe\u00fa \u00e6tlar a\u00f0 panta meira en 10 hj\u00e1lma , vinsamlegast haf\u00f0u samband vi\u00f0 okkur, \u00fe\u00fa f\u00e6r\u00f0 \u00feessa s\u00e9rsni\u00f0nu lita\u00fej\u00f3nustu \u00f3keypis, sendu okkur bara litamynstri\u00f0 sem \u00fe\u00fa vilt.<\/p>\n<p>MICH2000 hj\u00e1lmur skotheldur hj\u00e1lmur: 0101.06 sta\u00f0all IIIA stig<\/p>\n<p>Efni: High Tenacity Kevlar-Dupont Aramid trefjar<\/p>\n<p>MICH2000 Ballistic hj\u00e1lmurinn hefur st\u00e6rra hl\u00edf\u00f0aryfirbor\u00f0 og l\u00e1gskorna h\u00f6nnun sem hylur betur hli\u00f0ar h\u00f6fu\u00f0sins, sem er enn gagnlegra ef \u00fe\u00fa \u00e6tlar ekki a\u00f0 setja miki\u00f0 af aukahlutum.<\/p>\n<p>Fj\u00f6gurra punkta festingarkerfi Mich2000 ballistic hj\u00e1lmsins er svipa\u00f0 og v\u00f6rnin og b\u00f6ndin sem finnast \u00e1 hj\u00f3labretta- og rei\u00f0hj\u00f3lahj\u00e1lmum.<\/p>\n","protected":false},"excerpt":{"rendered":"<p>Um Mich2000 hj\u00e1lmst\u00e6r\u00f0: Vi\u00f0 h\u00f6fum b\u00e6tt vi\u00f0 litlum og st\u00f3rum framlei\u00f0slum\u00f3tum fyrir \u00feennan Mich 3A takt\u00edska ballistic hj\u00e1lm til a\u00f0&#8230;<\/p>\n","protected":false},"featured_media":9208,"comment_status":"open","ping_status":"closed","template":"","meta":[],"product_brand":[],"product_cat":[886,701],"product_tag":[],"woo-feed-brand":[],"class_list":{"0":"post-14318","1":"product","2":"type-product","3":"status-publish","4":"has-post-thumbnail","6":"product_cat-mich2000-is","7":"product_cat-skotheldur-hjalmur","9":"first","10":"instock","11":"sale","12":"shipping-taxable","13":"purchasable","14":"product-type-variable","15":"has-default-attributes"},"_links":{"self":[{"href":"https:\/\/tyditiao.com\/is\/wp-json\/wp\/v2\/product\/14318","targetHints":{"allow":["GET"]}}],"collection":[{"href":"https:\/\/tyditiao.com\/is\/wp-json\/wp\/v2\/product"}],"about":[{"href":"https:\/\/tyditiao.com\/is\/wp-json\/wp\/v2\/types\/product"}],"replies":[{"embeddable":true,"href":"https:\/\/tyditiao.com\/is\/wp-json\/wp\/v2\/comments?post=14318"}],"wp:featuredmedia":[{"embeddable":true,"href":"https:\/\/tyditiao.com\/is\/wp-json\/wp\/v2\/media\/9208"}],"wp:attachment":[{"href":"https:\/\/tyditiao.com\/is\/wp-json\/wp\/v2\/media?parent=14318"}],"wp:term":[{"taxonomy":"product_brand","embeddable":true,"href":"https:\/\/tyditiao.com\/is\/wp-json\/wp\/v2\/product_brand?post=14318"},{"taxonomy":"product_cat","embeddable":true,"href":"https:\/\/tyditiao.com\/is\/wp-json\/wp\/v2\/product_cat?post=14318"},{"taxonomy":"product_tag","embeddable":true,"href":"https:\/\/tyditiao.com\/is\/wp-json\/wp\/v2\/product_tag?post=14318"},{"taxonomy":"woo-feed-brand","embeddable":true,"href":"https:\/\/tyditiao.com\/is\/wp-json\/wp\/v2\/woo-feed-brand?post=14318"}],"curies":[{"name":"wp","href":"https:\/\/api.w.org\/{rel}","templated":true}]}}