{"id":14329,"date":"2022-10-21T05:25:40","date_gmt":"2022-10-21T03:25:40","guid":{"rendered":"http:\/\/tyditiao.com\/product\/uhmwpe-nij-level-iiia-7mm-05kg-skotheld-brjostplata-250x300mm\/"},"modified":"2026-01-26T09:12:46","modified_gmt":"2026-01-26T07:12:46","slug":"uhmwpe-nij-level-iiia-7mm-0-5kgn-brystplata-skotheld-250x300mm","status":"publish","type":"product","link":"https:\/\/tyditiao.com\/is\/product\/uhmwpe-nij-level-iiia-7mm-0-5kgn-brystplata-skotheld-250x300mm\/","title":{"rendered":"UHMWPE, NIJ Level IIIA, 7MM, 0,5KG, skotheld brj\u00f3stplata, 250X300MM"},"content":{"rendered":"<p>\u00deyngd: 0,5KG<br \/>\nEfni: PE<br \/>\n\u00deykkt: 7MM<br \/>\nVerndarflokkur: NIJ IIIA stig (GA4)<\/p>\n<p>Ytra lag: svart vatnsheldur p\u00f3l\u00fdester efni;<br \/>\nM\u00e1l: 250x300mm \/ 9,8&#8217;x11,8&#8242;<br \/>\nL\u00f6gun: trapezoid (trapezoid bor\u00f0 me\u00f0 afskornum hornum)<\/p>\n<p>P\u00f6kkunarlisti:<br \/>\n1 x trapisulaga skotheld plata.<\/p>\n<p>Tilkynning:<br \/>\nEndurskinsvesti fylgir ekki me\u00f0<\/p>\n<p>Marknotendur: Hersveitir, SWAT, heimavernd, toll- og landam\u00e6ravernd, \u00fatlendingaeftirlit og a\u00f0rir sem standa frammi fyrir vopna\u00f3gnum g\u00e6tu veri\u00f0 b\u00fanir v\u00f6rum okkar. F\u00f3lk n\u00e6r betri \u00e1rangri og f\u00e6rri mannfall. Varan hentar l\u00edka betur fyrir a\u00f0st\u00e6\u00f0ur eins og langfer\u00f0afer\u00f0ir e\u00f0a langfer\u00f0afer\u00f0ir. \u00dea\u00f0 er l\u00edka g\u00f3\u00f0ur kostur fyrir eigin fj\u00f6lskylduvernd<\/p>\n","protected":false},"excerpt":{"rendered":"<p>\u00deessi liner er \u00far hreinum PE trefjum: kosturinn er l\u00e9ttur og minni l\u00edkur \u00e1 aukaskemmdum eftir steikingu. \u00deegar \u00fea\u00f0 hefur veri\u00f0 l\u00e6st er skothylki\u00f0 fellt inn \u00ed bla\u00f0i\u00f0 me\u00f0 mj\u00f6g litlar l\u00edkur \u00e1 fr\u00e1kasti<\/p>\n<p>Hrein PE skotheld plata, NIJ IIIA einkunn: \u00feyngd 0,5 kg, bl\u00fdheld, 54 ger\u00f0, 64 ger\u00f0 skammbyssa, 79 ger\u00f0 v\u00e9lbyssa<\/p>\n<p>Stu\u00f0p\u00fa\u00f0alag: \u00dea\u00f0 er lag af h\u00f6gg\u00fe\u00e9ttum EVA b\u00f3mullarp\u00fa\u00f0a inni \u00ed hverri skotheldri pl\u00f6tu, sem getur \u00ed raun dregi\u00f0 \u00far \u00e1hrifum \u00e1 mannsl\u00edkamann eftir a\u00f0 hafa veri\u00f0 sprengd<\/p>\n<p>Tv\u00f6faldur bogah\u00f6nnun: V\u00e9lr\u00e6n strauja \u00e1 vinstri og h\u00e6gri hli\u00f0 bor\u00f0sins samkv\u00e6mt vinnuvistfr\u00e6\u00f0ilegum meginreglum gerir \u00fea\u00f0 a\u00f0 verkum a\u00f0 bogadregnu br\u00fanirnar passa fullkomlega vi\u00f0 l\u00edkamann<\/p>\n","protected":false},"featured_media":12096,"comment_status":"open","ping_status":"closed","template":"","meta":[],"product_brand":[],"product_cat":[882],"product_tag":[],"woo-feed-brand":[50],"class_list":{"0":"post-14329","1":"product","2":"type-product","3":"status-publish","4":"has-post-thumbnail","6":"product_cat-skotheld-brjostplata","7":"woo-feed-brand-tyditiao","9":"first","10":"instock","11":"sale","12":"shipping-taxable","13":"purchasable","14":"product-type-simple"},"_links":{"self":[{"href":"https:\/\/tyditiao.com\/is\/wp-json\/wp\/v2\/product\/14329","targetHints":{"allow":["GET"]}}],"collection":[{"href":"https:\/\/tyditiao.com\/is\/wp-json\/wp\/v2\/product"}],"about":[{"href":"https:\/\/tyditiao.com\/is\/wp-json\/wp\/v2\/types\/product"}],"replies":[{"embeddable":true,"href":"https:\/\/tyditiao.com\/is\/wp-json\/wp\/v2\/comments?post=14329"}],"wp:featuredmedia":[{"embeddable":true,"href":"https:\/\/tyditiao.com\/is\/wp-json\/wp\/v2\/media\/12096"}],"wp:attachment":[{"href":"https:\/\/tyditiao.com\/is\/wp-json\/wp\/v2\/media?parent=14329"}],"wp:term":[{"taxonomy":"product_brand","embeddable":true,"href":"https:\/\/tyditiao.com\/is\/wp-json\/wp\/v2\/product_brand?post=14329"},{"taxonomy":"product_cat","embeddable":true,"href":"https:\/\/tyditiao.com\/is\/wp-json\/wp\/v2\/product_cat?post=14329"},{"taxonomy":"product_tag","embeddable":true,"href":"https:\/\/tyditiao.com\/is\/wp-json\/wp\/v2\/product_tag?post=14329"},{"taxonomy":"woo-feed-brand","embeddable":true,"href":"https:\/\/tyditiao.com\/is\/wp-json\/wp\/v2\/woo-feed-brand?post=14329"}],"curies":[{"name":"wp","href":"https:\/\/api.w.org\/{rel}","templated":true}]}}