{"id":16847,"date":"2025-04-17T11:28:35","date_gmt":"2025-04-17T09:28:35","guid":{"rendered":"https:\/\/tyditiao.com\/product\/ballistic-hjalmur-med-andlitshlif-og-hokuvorn-tdtm-3-full-nij-iiia-vorn-tilvalinn-fyrir-erfidar-taktiskar-adstaedur\/"},"modified":"2025-04-22T08:19:51","modified_gmt":"2025-04-22T06:19:51","slug":"ballistic-hjalmur-med-andlitshlif-og-hokuvorn-tdtm-3-full-nij-iiia-vorn-tilvalinn-fyrir-erfidar-taktiskar-adstaedur","status":"publish","type":"product","link":"https:\/\/tyditiao.com\/is\/product\/ballistic-hjalmur-med-andlitshlif-og-hokuvorn-tdtm-3-full-nij-iiia-vorn-tilvalinn-fyrir-erfidar-taktiskar-adstaedur\/","title":{"rendered":"ballistic hj\u00e1lmur me\u00f0 andlitshl\u00edf og h\u00f6kuv\u00f6rn, TDTM-3, full NIJ IIIA v\u00f6rn, tilvalinn fyrir erfi\u00f0ar takt\u00edskar a\u00f0st\u00e6\u00f0ur"},"content":{"rendered":"<p>H\u00e1styrkt skotheld gler: H\u00e1g\u00e6\u00f0a skotheld gler veitir \u00e1hrifar\u00edka v\u00f6rn fyrir andlit \u00feitt ef sprenging e\u00f0a h\u00f6gg ver\u00f0ur \u00e1 me\u00f0an \u00fea\u00f0 tryggir fr\u00e1b\u00e6rt skyggni.<\/p>\n<p>Jaw Guard Module: Eining sem er s\u00e9rstaklega h\u00f6nnu\u00f0 til a\u00f0 vernda kj\u00e1lkasv\u00e6\u00f0i\u00f0, veita h\u00f6kunni frekari vernd, vernda gegn mei\u00f0slum vi\u00f0 takt\u00edskar a\u00f0ger\u00f0ir.<\/p>\n<p>\u00de\u00e6gilegt stillingarkerfi: \u00datb\u00fai\u00f0 stillanlegu fj\u00f6\u00f0runarkerfi og h\u00e1r\u00fe\u00e9ttni memory foam b\u00f3lstrun sem veitir dempun, dregur \u00ed sig raka og svita og dregur \u00far \u00fereytu vi\u00f0 langvarandi notkun. Frambo\u00f0 mismunandi st\u00e6r\u00f0a (S, M, L, XL) tryggir \u00fe\u00e6gilega passa vi\u00f0 l\u00f6gun h\u00f6fu\u00f0sins. <\/p>\n<p>Takt\u00edsk aukab\u00fana\u00f0ur festur: Hj\u00e1lmurinn hefur marga festingarpunkta sem gera kleift a\u00f0 setja upp n\u00e6tursj\u00f3n, samskiptab\u00fana\u00f0 og annan takt\u00edskan aukab\u00fana\u00f0 flj\u00f3tt og uppfylla kr\u00f6fur s\u00e9rh\u00e6f\u00f0ra bardagaa\u00f0ger\u00f0a.<\/p>\n<p><strong>S\u00e9rstakar athugasemdir:<\/strong><\/p>\n<p>\u00deessi ballistic hj\u00e1lmur \u00ed NIJ IIIA flokki veitir alhli\u00f0a h\u00f6fu\u00f0v\u00f6rn vi\u00f0 takt\u00edskar a\u00f0ger\u00f0ir. Hann var s\u00e9rstaklega hanna\u00f0ur til a\u00f0 tryggja \u00f6ryggi hermanna vi\u00f0 erfi\u00f0ar a\u00f0st\u00e6\u00f0ur. Hvort sem um er a\u00f0 r\u00e6\u00f0a skot\u00feoli\u00f0 gler \u00e1 andliti e\u00f0a skot\u00feolnar einingar \u00e1 kj\u00e1lkanum, veita \u00feau \u00f3vi\u00f0jafnanlega v\u00f6rn gegn broti, brotum og h\u00f6ggskemmdum. Vel \u00edgrundu\u00f0 h\u00f6nnun og \u00fe\u00e6gindastillingarkerfi tryggja h\u00e1marks \u00fe\u00e6gindi \u00ed langvarandi bardaga. Hvort sem \u00fea\u00f0 er \u00e1 v\u00edgvellinum, l\u00f6gg\u00e6slua\u00f0ger\u00f0ir e\u00f0a \u00fej\u00e1lfunarumhverfi, \u00fe\u00e1 getum vi\u00f0 veitt \u00fe\u00e9r traustan stu\u00f0ning.    <\/p>\n<p>Ef \u00fea\u00f0 er engin s\u00e9rst\u00f6k athugasemd er sj\u00e1lfgefna stillingin: st\u00e6r\u00f0 L, litur gr\u00e6nn. A\u00f0 auki bj\u00f3\u00f0um vi\u00f0 upp \u00e1 miki\u00f0 \u00farval af litum (sand\/svartur\/gr\u00e6nn\/MC felulitur\/\u00falfabr\u00fant) og st\u00e6r\u00f0ir (S, M, L, XL) til a\u00f0 velja \u00far. <\/p>\n<p>Sama hvar \u00fe\u00fa ert getur\u00f0u lagt inn p\u00f6ntunina beint \u00ed gegnum \u00feennan hlekk og gert kaupin \u00e1n vandr\u00e6\u00f0a. Tilgreindu bara st\u00e6r\u00f0 og lit sem \u00fe\u00fa \u00fearft \u00ed p\u00f6ntunarse\u00f0lum (til d\u00e6mis: XL-svartur) og \u00fe\u00fa f\u00e6r\u00f0 draumab\u00fana\u00f0inn \u00feinn. Vi\u00f0 munum ekki rukka nein aukagj\u00f6ld fyrir a\u00f0 velja a\u00f0ra liti og st\u00e6r\u00f0ir.  <\/p>\n<hr>\n<p><strong>Var\u00f0andi a\u00f0st\u00e6\u00f0ur:<\/strong><\/p>\n<p>S\u00e9rsveitir<br \/>\nFramkv\u00e6md \u00ed \u00e1h\u00e6ttuh\u00f3pum<br \/>\nTactical Sports og skot\u00fej\u00e1lfun utandyra<br \/>\nBj\u00f6rgunar- og \u00f3eir\u00f0astj\u00f3rnarverkefni<\/p>\n<hr>\n<p><strong>f\u00e6ribreytur varnarskeyta:<\/strong><\/p>\n<p>.44 Mag SJHP<br \/>\n.357 SIG FMJ FN<br \/>\n9mm FMJ RN<br \/>\n.357 Mag JSP<br \/>\n.40 S&amp;W FMJ<\/p>\n<p>\u00dea\u00f0 veitir einnig vernd gegn flestum skotvopna\u00f3gnum, sem og Class IIA og II \u00f3gnum.<\/p>\n<hr>\n<p><strong>f\u00e6ribreyta:<\/strong><\/p>\n<p>Hj\u00e1lmger\u00f0: TDTM-3<br \/>\nEfni: Hj\u00e1lmur og munnhl\u00edf eru \u00far UHMWPE<br \/>\n\u00deyngd: um 2,8 kg (skotheldur hj\u00e1lmur + skotheldur gr\u00edma + munnhl\u00edf)<br \/>\nSt\u00e6r\u00f0ir: S (53-59cm), M (53-59cm), L (56-59cm), L (58-62cm)<br \/>\nLitur: Svartur\/Gr\u00e6nn\/MC Camo\/Wolf Brown<br \/>\nUppbygging: Hj\u00e1lmur l\u00edkami og andlitshl\u00edf\u00f0ar\u00edhlutir (a\u00f0skiljanlegt)<br \/>\nVerndarsv\u00e6\u00f0i: hj\u00e1lm l\u00edkami \u2265 0,125 mm, hl\u00edf\u00f0argleraugu \u2265 0,025 m, enni \u2265 0,04 m<\/p>\n<p>&nbsp;<\/p>\n","protected":false},"excerpt":{"rendered":"<p>Alhli\u00f0a v\u00f6rn: Sameinar skot\u00feolinn andlitshl\u00edf og kj\u00e1lkaverndareiningu til a\u00f0 veita 360 gr\u00e1\u00f0u v\u00f6rn fyrir allt h\u00f6fu\u00f0i\u00f0, sem tryggir fullkomi\u00f0 \u00f6ryggi \u00ed h\u00e6ttulegu umhverfi.<\/p>\n<p>F\u00ednstillt \u00feyngdarpunktur, st\u00f6\u00f0ug passa: N\u00e1kv\u00e6mlega h\u00f6nnu\u00f0 uppbygging hj\u00e1lmsins tryggir skynsamlega dreifingu \u00feyngdarpunktsins og kemur \u00ed veg fyrir \u00e1f\u00f6ll \u00feegar hlaupi\u00f0 er e\u00f0a hoppa\u00f0. \u00deetta gerir \u00fe\u00e9r kleift a\u00f0 vi\u00f0halda sveigjanleika og frelsi \u00feegar \u00fe\u00fa mi\u00f0ar \u00ed standandi st\u00f6\u00f0u, sk\u00fdtur, framkv\u00e6mir takt\u00edskar hreyfingar og a\u00f0rar athafnir. Heildar\u00feyngd hefur veri\u00f0 l\u00e6kku\u00f0 ni\u00f0ur \u00ed h\u00e1marks m\u00f6gulega stig \u00e1 me\u00f0an fullri v\u00f6rn er vi\u00f0haldi\u00f0.  <\/p>\n<p>NIJ IIIA verndarsta\u00f0all: Uppfyllir NIJ IIIA sta\u00f0la, verndar \u00e1 \u00e1hrifar\u00edkan h\u00e1tt gegn l\u00edtilli til mi\u00f0lungs h\u00e6ttulegum \u00e1r\u00e1sum eins og skammbyssuk\u00falum og sprengjum, sem eykur takt\u00edskt \u00f6ryggi.<\/p>\n","protected":false},"featured_media":16760,"comment_status":"open","ping_status":"closed","template":"","meta":[],"product_brand":[],"product_cat":[587,701],"product_tag":[],"woo-feed-brand":[50],"class_list":{"0":"post-16847","1":"product","2":"type-product","3":"status-publish","4":"has-post-thumbnail","6":"product_cat-ballistic-grima","7":"product_cat-skotheldur-hjalmur","8":"woo-feed-brand-tyditiao","10":"first","11":"instock","12":"sale","13":"shipping-taxable","14":"purchasable","15":"product-type-simple"},"_links":{"self":[{"href":"https:\/\/tyditiao.com\/is\/wp-json\/wp\/v2\/product\/16847","targetHints":{"allow":["GET"]}}],"collection":[{"href":"https:\/\/tyditiao.com\/is\/wp-json\/wp\/v2\/product"}],"about":[{"href":"https:\/\/tyditiao.com\/is\/wp-json\/wp\/v2\/types\/product"}],"replies":[{"embeddable":true,"href":"https:\/\/tyditiao.com\/is\/wp-json\/wp\/v2\/comments?post=16847"}],"wp:featuredmedia":[{"embeddable":true,"href":"https:\/\/tyditiao.com\/is\/wp-json\/wp\/v2\/media\/16760"}],"wp:attachment":[{"href":"https:\/\/tyditiao.com\/is\/wp-json\/wp\/v2\/media?parent=16847"}],"wp:term":[{"taxonomy":"product_brand","embeddable":true,"href":"https:\/\/tyditiao.com\/is\/wp-json\/wp\/v2\/product_brand?post=16847"},{"taxonomy":"product_cat","embeddable":true,"href":"https:\/\/tyditiao.com\/is\/wp-json\/wp\/v2\/product_cat?post=16847"},{"taxonomy":"product_tag","embeddable":true,"href":"https:\/\/tyditiao.com\/is\/wp-json\/wp\/v2\/product_tag?post=16847"},{"taxonomy":"woo-feed-brand","embeddable":true,"href":"https:\/\/tyditiao.com\/is\/wp-json\/wp\/v2\/woo-feed-brand?post=16847"}],"curies":[{"name":"wp","href":"https:\/\/api.w.org\/{rel}","templated":true}]}}