{"id":16789,"date":"2025-04-17T09:25:14","date_gmt":"2025-04-17T07:25:14","guid":{"rendered":"https:\/\/tyditiao.com\/product\/casco-balistico-fast-con-inserto-in-zorbium-wendys-e-sistema-di-sospensione-cam-fit-livello-di-protezione-nij-iiia\/"},"modified":"2025-09-15T13:00:40","modified_gmt":"2025-09-15T11:00:40","slug":"casco-balistico-fast-con-inserto-in-zorbium-wendys-e-sistema-di-sospensione-cam-fit-livello-di-protezione-nij-iiia","status":"publish","type":"product","link":"https:\/\/tyditiao.com\/it\/prodotto\/casco-balistico-fast-con-inserto-in-zorbium-wendys-e-sistema-di-sospensione-cam-fit-livello-di-protezione-nij-iiia\/","title":{"rendered":"Casco balistico FAST, con inserto in Zorbium Wendy&#8217;s e sistema di sospensione CAM FIT, livello di protezione NIJ IIIA"},"content":{"rendered":"<p><strong>Note speciali:<\/strong><\/p>\n<p>Questo \u00e8 il nostro nuovo modello di punta, che unisce la lavorazione di alta qualit\u00e0 al massimo comfort. Salvo diversa indicazione, la configurazione predefinita \u00e8 la seguente: taglia L, verde, casco antiproiettile FAST con fodera in schiuma Zorbium e sistema di sospensione CAM FIT, livello di protezione NIJ IIIA. Inoltre, offriamo un&#8217;ampia gamma di colori (verde, sabbia, nero) e taglie (S, M, L, XL) tra cui scegliere.<\/p>\n<p>Ovunque tu sia, puoi effettuare il tuo ordine direttamente tramite questo link e concludere l&#8217;acquisto senza alcun problema. Basta specificare nelle note dell&#8217;ordine la taglia e il colore desiderati (ad esempio: XL-nero) e riceverai l&#8217;attrezzatura dei tuoi sogni. Non addebiteremo alcun costo aggiuntivo per la scelta di altri colori e taglie.<\/p>\n<hr \/>\n<p><strong>Classe di difesa:<\/strong><\/p>\n<p>Questo casco antiproiettile \u00e8 un casco antiproiettile NIJ Livello IIIA secondo lo standard NIJ 0101.06 e pu\u00f2 essere fornito il rapporto di prova corrispondente.<\/p>\n<hr \/>\n<p><strong>Parametri del proiettile di difesa:<\/strong><\/p>\n<p>.44 Mag SJHP<br \/>\n.357 SIG FMJ FN<br \/>\n9mm FMJ RN<br \/>\n.357 Mag JSP<br \/>\n.40 S&amp;W FMJ<\/p>\n<p>Fornisce inoltre protezione contro la maggior parte delle minacce da arma da fuoco e dalle minacce di Classe IIA e II<\/p>\n<hr \/>\n<p><strong>Parametri del casco antiproiettile:<\/strong><\/p>\n<p>Nome: Casco tattico antiproiettile militare NIJ lllA FAST in Kevlar con fodera in schiuma Wendy Zorbium + sistema di sospensione CAM FIT<\/p>\n<p>Materiale: fibra aramidica Kevlar DuPont ad alta resistenza<br \/>\nTaglia: S, M, L, XL<br \/>\nColore: verde, sabbia, nero<br \/>\nAccessori opzionali: maschera antiproiettile, ecc.<br \/>\nPeriodo di garanzia: il periodo di garanzia di 5 anni pu\u00f2 avere una capacit\u00e0 di protezione adeguata, ma se supera il periodo di garanzia<br \/>\nLa qualit\u00e0 della vita ridurr\u00e0 la capacit\u00e0 di proteggere.<\/p>\n<p>&nbsp;<\/p>\n<hr \/>\n<p><strong>Dettagli e confronto delle dimensioni dei caschi antiproiettile:<\/strong><\/p>\n<p>&nbsp;<\/p>\n<table style=\"border-collapse: collapse;\" border=\"1\" cellspacing=\"0\" cellpadding=\"5\">\n<thead>\n<tr>\n<th>Dimensioni del casco balistico<\/th>\n<th>S<\/th>\n<th>M<\/th>\n<th>L<\/th>\n<th>XL<\/th>\n<\/tr>\n<\/thead>\n<tbody>\n<tr>\n<td>Spessore del rivestimento<\/td>\n<td>9.5<\/td>\n<td>9.5<\/td>\n<td>10 (9.5)<\/td>\n<td>10 (9.5)<\/td>\n<\/tr>\n<tr>\n<td>Livello di protezione<\/td>\n<td>3A.44<\/td>\n<td>3A.44<\/td>\n<td>3A.44<\/td>\n<td>3A.44<\/td>\n<\/tr>\n<tr>\n<td>Asse lungo (asse lungo\/mm)<\/td>\n<td>235<\/td>\n<td>240<\/td>\n<td>247<\/td>\n<td>263<\/td>\n<\/tr>\n<tr>\n<td>Asse corto (asse minore\/mm)<\/td>\n<td>182<\/td>\n<td>185<\/td>\n<td>193<\/td>\n<td>205<\/td>\n<\/tr>\n<tr>\n<td>Altezza interna\/mm<\/td>\n<td>146<\/td>\n<td>153<\/td>\n<td>158<\/td>\n<td>161<\/td>\n<\/tr>\n<tr>\n<td>Circonferenza della testa (con unghie)<\/td>\n<td>53-59<\/td>\n<td>53-59<\/td>\n<td>56-59<\/td>\n<td>58-62<\/td>\n<\/tr>\n<tr>\n<td>Peso standard (peso\/kg)<\/td>\n<td>1.24<\/td>\n<td>1.29<\/td>\n<td>1.32<\/td>\n<td>1.42<\/td>\n<\/tr>\n<tr>\n<td>Deviazione del peso\/kg<\/td>\n<td>0.05<\/td>\n<td>0.05<\/td>\n<td>0.05<\/td>\n<td>0.05<\/td>\n<\/tr>\n<tr>\n<td>Peso della scatola\/KG<\/td>\n<td>2<\/td>\n<td>2<\/td>\n<td>2<\/td>\n<td>2.1<\/td>\n<\/tr>\n<\/tbody>\n<\/table>\n","protected":false},"excerpt":{"rendered":"<p>La combinazione dei vantaggi del casco balistico FAST e del casco Wendy garantisce un comfort e una protezione eccellenti, consentendo di mantenere la massima mobilit\u00e0 e sicurezza durante qualsiasi attivit\u00e0.<\/p>\n<p>Design leggero e confortevole: il casco FAST con il suo moderno design leggero riduce al minimo il peso, rendendolo ideale per l&#8217;uso prolungato in condizioni impegnative. Offre un comfort eccezionale, anche durante le attivit\u00e0 intense.<\/p>\n<p>Sistema di sospensione di precisione: l&#8217;inserto in Zorbium e il sistema di sospensione CAM FIT consentono una regolazione precisa in base alla forma della testa, garantendo una calzata stabile, morbida e confortevole, che garantisce il massimo comfort anche quando indossato per lunghi periodi.<\/p>\n<p>Non \u00e8 necessario alcun montaggio fai da te, il che ti consente di risparmiare tempo e fatica e di usufruire immediatamente di un equipaggiamento tattico completo.<\/p>\n","protected":false},"featured_media":16569,"comment_status":"open","ping_status":"closed","template":"","meta":[],"product_brand":[],"product_cat":[213,349,149],"product_tag":[],"woo-feed-brand":[50],"class_list":{"0":"post-16789","1":"product","2":"type-product","3":"status-publish","4":"has-post-thumbnail","6":"product_cat-ballistic-mask-it","7":"product_cat-casco-antiproiettile","8":"product_cat-fast-it","9":"woo-feed-brand-tyditiao","11":"first","12":"instock","13":"sale","14":"shipping-taxable","15":"purchasable","16":"product-type-simple"},"_links":{"self":[{"href":"https:\/\/tyditiao.com\/it\/wp-json\/wp\/v2\/product\/16789","targetHints":{"allow":["GET"]}}],"collection":[{"href":"https:\/\/tyditiao.com\/it\/wp-json\/wp\/v2\/product"}],"about":[{"href":"https:\/\/tyditiao.com\/it\/wp-json\/wp\/v2\/types\/product"}],"replies":[{"embeddable":true,"href":"https:\/\/tyditiao.com\/it\/wp-json\/wp\/v2\/comments?post=16789"}],"wp:featuredmedia":[{"embeddable":true,"href":"https:\/\/tyditiao.com\/it\/wp-json\/wp\/v2\/media\/16569"}],"wp:attachment":[{"href":"https:\/\/tyditiao.com\/it\/wp-json\/wp\/v2\/media?parent=16789"}],"wp:term":[{"taxonomy":"product_brand","embeddable":true,"href":"https:\/\/tyditiao.com\/it\/wp-json\/wp\/v2\/product_brand?post=16789"},{"taxonomy":"product_cat","embeddable":true,"href":"https:\/\/tyditiao.com\/it\/wp-json\/wp\/v2\/product_cat?post=16789"},{"taxonomy":"product_tag","embeddable":true,"href":"https:\/\/tyditiao.com\/it\/wp-json\/wp\/v2\/product_tag?post=16789"},{"taxonomy":"woo-feed-brand","embeddable":true,"href":"https:\/\/tyditiao.com\/it\/wp-json\/wp\/v2\/woo-feed-brand?post=16789"}],"curies":[{"name":"wp","href":"https:\/\/api.w.org\/{rel}","templated":true}]}}