{"id":16790,"date":"2025-04-17T11:28:35","date_gmt":"2025-04-17T09:28:35","guid":{"rendered":"https:\/\/tyditiao.com\/product\/casco-balistico-con-visiera-e-mentoniera-tdtm-3-protezione-completa-nij-iiia-ideale-per-condizioni-tattiche-estreme\/"},"modified":"2025-04-19T09:00:21","modified_gmt":"2025-04-19T07:00:21","slug":"casco-balistico-con-visiera-e-mentoniera-tdtm-3-protezione-completa-nij-iiia-ideale-per-condizioni-tattiche-estreme","status":"publish","type":"product","link":"https:\/\/tyditiao.com\/it\/prodotto\/casco-balistico-con-visiera-e-mentoniera-tdtm-3-protezione-completa-nij-iiia-ideale-per-condizioni-tattiche-estreme\/","title":{"rendered":"casco balistico con visiera e mentoniera, TDTM-3, protezione completa NIJ IIIA, ideale per condizioni tattiche estreme"},"content":{"rendered":"<p>Vetro antiproiettile ad alta resistenza: il vetro antiproiettile di alta qualit\u00e0 offre una protezione efficace per il viso in caso di esplosione o impatto, garantendo al contempo un&#8217;eccellente visibilit\u00e0.<\/p>\n<p>Modulo Jaw Guard: un modulo progettato specificamente per proteggere la zona della mascella, offrendo una protezione aggiuntiva al mento e proteggendolo da lesioni durante le operazioni tattiche.<\/p>\n<p>Comodo sistema di regolazione: dotato di un sistema di sospensione regolabile e di imbottitura in memory foam ad alta densit\u00e0 che fornisce ammortizzazione, assorbe l&#8217;umidit\u00e0 e il sudore e riduce l&#8217;affaticamento durante l&#8217;uso prolungato. La disponibilit\u00e0 di diverse taglie (S, M, L, XL) garantisce una vestibilit\u00e0 confortevole alla conformazione della testa. <\/p>\n<p>Montaggio di accessori tattici: il casco \u00e8 dotato di molteplici punti di montaggio che consentono la rapida installazione di visori notturni, apparecchiature di comunicazione e altri accessori tattici, soddisfacendo i requisiti delle operazioni di combattimento specializzate.<\/p>\n<p><strong>Note speciali:<\/strong><\/p>\n<p>Questo casco balistico di classe NIJ IIIA garantisce una protezione completa della testa durante le operazioni tattiche. \u00c8 stato progettato appositamente per garantire la sicurezza dei soldati in condizioni estreme. Che si tratti di vetro antiproiettile sulla parte anteriore o di moduli antiproiettile sulla mascella, offrono una protezione senza pari contro schegge, frammenti e danni da impatto. Il design ben studiato e il sistema di regolazione del comfort garantiscono il massimo comfort durante i combattimenti di lunga durata. Che si tratti di un campo di battaglia, di un&#8217;operazione di polizia o di un ambiente di addestramento, possiamo offrirti un solido supporto.    <\/p>\n<p>Se non ci sono note particolari, la configurazione predefinita \u00e8: taglia L, colore verde. Inoltre, offriamo un&#8217;ampia gamma di colori (sabbia\/nero\/verde\/mimetico MC\/marrone lupo) e taglie (S, M, L, XL) tra cui scegliere. <\/p>\n<p>Ovunque tu sia, puoi effettuare il tuo ordine direttamente tramite questo link e concludere l&#8217;acquisto senza alcun problema. Basta specificare nelle note dell&#8217;ordine la taglia e il colore desiderati (ad esempio: XL-nero) e riceverai l&#8217;attrezzatura dei tuoi sogni. Non addebiteremo alcun costo aggiuntivo per la scelta di altri colori e taglie.  <\/p>\n<hr>\n<p><strong>Per quanto riguarda gli scenari:<\/strong><\/p>\n<p>Forze per le operazioni speciali<br \/>\nApplicazione della legge in ambienti ad alto rischio<br \/>\nAllenamento di tiro e sport tattici all&#8217;aperto<br \/>\nMissioni di salvataggio e antisommossa<\/p>\n<hr>\n<p><strong>Parametri del proiettile di difesa:<\/strong><\/p>\n<p>.44 Mag SJHP<br \/>\n.357 SIG FMJ FN<br \/>\n9mm FMJ RN<br \/>\n.357 Mag JSP<br \/>\n.40 S&amp;W FMJ<\/p>\n<p>Fornisce inoltre protezione contro la maggior parte delle minacce da arma da fuoco e dalle minacce di Classe IIA e II<\/p>\n<hr>\n<p><strong>parametro:<\/strong><\/p>\n<p>Modello del casco: TDTM-3<br \/>\nMateriale: casco e paradenti sono realizzati in UHMWPE<br \/>\nPeso: circa 2,8 kg (casco antiproiettile + maschera antiproiettile + paradenti)<br \/>\nTaglia: S (53-59 cm), M (53-59 cm), L (56-59 cm), L (58-62 cm)<br \/>\nColore: Nero\/Verde\/MC Camo\/Marrone lupo<br \/>\nStruttura: Componenti di protezione del corpo e del viso del casco (staccabili)<br \/>\nArea di protezione: corpo del casco \u2265 0,125 mm, occhiali \u2265 0,025 m, fronte \u2265 0,04 m<\/p>\n<p>&nbsp;<\/p>\n","protected":false},"excerpt":{"rendered":"<p>Protezione completa: combina una visiera antiproiettile e un modulo di protezione della mascella per fornire una protezione a 360 gradi per l&#8217;intera testa, garantendo la completa sicurezza in ambienti ad alto rischio.<\/p>\n<p>Baricentro ottimizzato, calzata stabile: la struttura del casco progettata con precisione garantisce una distribuzione razionale del baricentro, eliminando gli urti durante la corsa o il salto. Ci\u00f2 consente di mantenere flessibilit\u00e0 e libert\u00e0 quando si mira da una posizione eretta, si spara, si eseguono manovre tattiche e altre attivit\u00e0. Il peso complessivo \u00e8 stato ridotto al massimo livello possibile, mantenendo al contempo la protezione completa.  <\/p>\n<p>Standard di protezione NIJ IIIA: soddisfa gli standard NIJ IIIA, proteggendo efficacemente contro attacchi di bassa e media pericolosit\u00e0, come proiettili di pistola e schegge, migliorando la sicurezza tattica.<\/p>\n","protected":false},"featured_media":16762,"comment_status":"open","ping_status":"closed","template":"","meta":[],"product_brand":[],"product_cat":[213,349],"product_tag":[],"woo-feed-brand":[50],"class_list":{"0":"post-16790","1":"product","2":"type-product","3":"status-publish","4":"has-post-thumbnail","6":"product_cat-ballistic-mask-it","7":"product_cat-casco-antiproiettile","8":"woo-feed-brand-tyditiao","10":"first","11":"instock","12":"sale","13":"shipping-taxable","14":"purchasable","15":"product-type-simple"},"_links":{"self":[{"href":"https:\/\/tyditiao.com\/it\/wp-json\/wp\/v2\/product\/16790","targetHints":{"allow":["GET"]}}],"collection":[{"href":"https:\/\/tyditiao.com\/it\/wp-json\/wp\/v2\/product"}],"about":[{"href":"https:\/\/tyditiao.com\/it\/wp-json\/wp\/v2\/types\/product"}],"replies":[{"embeddable":true,"href":"https:\/\/tyditiao.com\/it\/wp-json\/wp\/v2\/comments?post=16790"}],"wp:featuredmedia":[{"embeddable":true,"href":"https:\/\/tyditiao.com\/it\/wp-json\/wp\/v2\/media\/16762"}],"wp:attachment":[{"href":"https:\/\/tyditiao.com\/it\/wp-json\/wp\/v2\/media?parent=16790"}],"wp:term":[{"taxonomy":"product_brand","embeddable":true,"href":"https:\/\/tyditiao.com\/it\/wp-json\/wp\/v2\/product_brand?post=16790"},{"taxonomy":"product_cat","embeddable":true,"href":"https:\/\/tyditiao.com\/it\/wp-json\/wp\/v2\/product_cat?post=16790"},{"taxonomy":"product_tag","embeddable":true,"href":"https:\/\/tyditiao.com\/it\/wp-json\/wp\/v2\/product_tag?post=16790"},{"taxonomy":"woo-feed-brand","embeddable":true,"href":"https:\/\/tyditiao.com\/it\/wp-json\/wp\/v2\/woo-feed-brand?post=16790"}],"curies":[{"name":"wp","href":"https:\/\/api.w.org\/{rel}","templated":true}]}}