{"id":3887,"date":"2022-06-13T03:50:24","date_gmt":"2022-06-13T01:50:24","guid":{"rendered":"http:\/\/tyditiao.com\/product\/truppa-per-elmetti-equipaggiamento-tattico-di-classe-iiia-elmetto-in-kevlar-nero\/"},"modified":"2026-03-17T13:18:07","modified_gmt":"2026-03-17T11:18:07","slug":"mich2000-elmo-antiproiettile-kevlar-livello-3-nero","status":"publish","type":"product","link":"https:\/\/tyditiao.com\/it\/prodotto\/mich2000-elmo-antiproiettile-kevlar-livello-3-nero\/","title":{"rendered":"Truppa per elmetti, equipaggiamento tattico di classe IIIA, elmetto in kevlar, nero"},"content":{"rendered":"<p><strong>Classe di difesa:<\/strong><br \/>\nQuesto casco antiproiettile \u00e8 un casco antiproiettile NIJ Livello IIIA secondo lo standard NIJ 0101.06 e pu\u00f2 essere fornito il rapporto di prova corrispondente.<\/p>\n<hr \/>\n<p><strong>Parametri del proiettile di difesa:<\/strong><br \/>\n.44 Mag SJHP<br \/>\n.357 SIG FMJ FN<br \/>\n9mm FMJ RN<br \/>\n.357 Mag JSP<br \/>\n.40 S&amp;W FMJ<\/p>\n<p>Fornisce inoltre protezione contro la maggior parte delle minacce da arma da fuoco e dalle minacce di Classe IIA e II<\/p>\n<hr \/>\n<p><strong>Parametri del casco antiproiettile:<\/strong><br \/>\nNome: casco antiproiettile NIJ lllA MICH2000<\/p>\n<p>Materiale: fibra aramidica Kevlar-DuPont ad alta resistenza<br \/>\nCirconferenza della testa: 52-60 cm<br \/>\nFodera: la fodera in schiuma a rimbalzo lento riposizionabile mantiene il casco comodo e previene l&#8217;affaticamento e il surriscaldamento.<br \/>\nAccessori opzionali: maschera per ossigeno, visiera, visiera laterale, armatura laterale, visiera, copricasco, maschera antiproiettile, ecc.<br \/>\nColore del casco: nero<br \/>\nPeriodo di garanzia: il periodo di garanzia di 5 anni pu\u00f2 avere una protezione sufficiente, ma se il periodo di garanzia viene superato<br \/>\nridurr\u00e0 la protezione.<\/p>\n<hr \/>\n<p><strong>Per le persone:<\/strong><br \/>\nL&#8217;elmetto balistico NIJ lllA Kevlar MICH2000 gestisce minacce di pistole e schegge con una maggiore capacit\u00e0 di attacco per una vestibilit\u00e0 pi\u00f9 leggera e confortevole. Questo casco \u00e8 adatto a tutti i tipi di utenti. Il personale di agenzie come l&#8217;esercito, la polizia, la SWAT, la sicurezza interna, le dogane e le guardie di frontiera pu\u00f2 essere dotato di capacit\u00e0 di combattimento avanzate. \u00c8 anche una buona scelta per la protezione della casa e il cosplay.<\/p>\n<hr \/>\n<p><strong>Cos&#8217;\u00e8 l&#8217;elmetto militare MICH2000 in Kevlar?<\/strong><br \/>\nIl Modular Integrated Communications Helmet (MICH) \u00e8 un elmetto da combattimento americano e uno dei numerosi elmetti utilizzati dalle forze armate statunitensi. \u00c8 stato sviluppato dall&#8217;US Army Soldier Systems Center come elmetto protettivo da combattimento di nuova generazione utilizzato dalle forze armate statunitensi. Il motivo principale per lo sviluppo del MICH \u00e8 stato quello di sostituire i PASGT protettivi ma pesanti, poich\u00e9 sono pi\u00f9 leggeri, pi\u00f9 comodi, si adattano meglio e sono accessori pi\u00f9 facili da installare, in particolare dispositivi per la visione notturna e cuffie di comunicazione. Non provoca stress inutili sul collo. Inizialmente, \u00e8 stato utilizzato quasi esclusivamente da SOCOM e alcune entit\u00e0 strettamente correlate. Ad oggi, il MICH e i suoi derivati, l&#8217;Advanced Combat Helmet e il Modified Combat Helmet, hanno completamente sostituito il PASGT nel servizio attivo dell&#8217;esercito americano e sono utilizzati, almeno in una certa misura, in tutte le divisioni dell&#8217;esercito americano.<\/p>\n<hr \/>\n<p><strong>Caratteristiche del casco in Kevlar MICH2000:<\/strong><br \/>\nIl peso del MICH \u00e8 di circa 1,6 kg. Il MICH \u00e8 anche leggermente pi\u00f9 piccolo del PASGT, ha una portata inferiore dell&#8217;8%, utilizza fibre di Kevlar nuove e pi\u00f9 avanzate e offre una migliore protezione da pistole e proiettili. Il sistema di ammortizzazione e il sistema di fissaggio a quattro punti, simili alle protezioni e alle cinghie di skateboard, caschi da bici e caschi da acqua, sostituiscono il sistema di sospensione con cavo di nylon, fascia per il sudore e sottogola dei caschi PASGT. Questa modifica offre a chi lo indossa una maggiore protezione dagli impatti e comfort. Ha una staffa di montaggio anteriore per occhiali per la visione notturna (come AN\/PVS-14 o AN\/PVS-15), simile a quella del casco PASGT. Dispone inoltre di un paio di cinghie sul retro per il fissaggio degli occhiali di sicurezza, nonch\u00e9 di una copertura del casco in tessuto in vari motivi mimetici. Al contrario di un contorno &#8220;curvo&#8221;, il PASGT riguarda principalmente la rimozione delle sopracciglia e il sollevamento dei lati in un punto &#8220;piatto&#8221; sul bordo inferiore dietro le tempie. Ci\u00f2 riduce leggermente il peso e consente una migliore consapevolezza della situazione e meno ostacoli nel campo visivo dell&#8217;utente, specialmente se combinato con giubbotti antiproiettile intercettori. I soldati si sono gi\u00e0 lamentati del fatto che il collare di intercettazione alto e il sottogola a due punti spingono in avanti la parte posteriore dell&#8217;elmetto PASGT e quando cercano di sparare da una posizione prona, il bordo dell&#8217;elmetto scivola oltre i loro occhi, che in MICH ha un sottogola sagomato e stretto a quattro punti.<\/p>\n<hr \/>\n<p><strong>Qual \u00e8 il casco balistico tattico pi\u00f9 popolare, MICH2000 o FAST?<\/strong><br \/>\nIl MICH2000 ha una superficie protettiva pi\u00f9 ampia, che \u00e8 pi\u00f9 vantaggiosa se non si prevede di installare molti accessori. Se prevedi di scegliere molte attrezzature, come (indossare una torcia, cuffie con cancellazione del rumore e apparecchiature di comunicazione, occhiali per la visione notturna o apparecchiature video, ecc.), Si consiglia di scegliere FAST, perch\u00e9 il peso non sar\u00e0 eccessivo pesante, causer\u00e0 pressione sul collo, che influenzer\u00e0 indirettamente la capacit\u00e0 di attivit\u00e0.<\/p>\n<hr \/>\n<p><strong>Prezzo elmetto militare MICH2000<\/strong><br \/>\nQuesto \u00e8 il nostro negozio di caschi di sicurezza tattici, si prega di acquistare direttamente dal nostro sito Web, \u00e8 possibile ottenere uno sconto del 15% sul prezzo originale<\/p>\n<hr \/>\n<p>Se vuoi acquistare i nostri prodotti o hai domande sui nostri prodotti;<br \/>\nSe hai esigenze di personalizzazione;<br \/>\nPer favore (<a href=\"http:\/\/tyditiao.com\/contact\/\">contattaci<\/a>) immediatamente, ti risponderemo entro 1 giorno lavorativo<\/p>\n","protected":false},"excerpt":{"rendered":"<p>Realizzato in fibra aramidica DuPont Kevlar ad alta resistenza, resistente al calore e non facile da deformare<\/p>\n<p>NIJ Livello IIIA<\/p>\n<p>Sistema di regolazione della circonferenza della testa, pu\u00f2 rendere il casco per ottenere l&#8217;effetto ideale da indossare<\/p>\n<p>La fronte \u00e8 rinforzata con cinghie elastiche ai lati del polpo (parte inferiore del supporto per la visione notturna) per fissare specchi, fotocamere, occhiali per la visione notturna e altri dispositivi<\/p>\n<p>Dotato di binari, montaggio di accessori pi\u00f9 potente, pu\u00f2 essere dotato di un potente sistema di illuminazione e luci di identificazione del faro, pu\u00f2 anche essere dotato di protezione dell&#8217;udito<\/p>\n","protected":false},"featured_media":3691,"comment_status":"open","ping_status":"closed","template":"","meta":[],"product_brand":[],"product_cat":[349,166],"product_tag":[],"woo-feed-brand":[50],"class_list":{"0":"post-3887","1":"product","2":"type-product","3":"status-publish","4":"has-post-thumbnail","6":"product_cat-casco-antiproiettile","7":"product_cat-mich2000-it","8":"woo-feed-brand-tyditiao","10":"first","11":"instock","12":"sale","13":"shipping-taxable","14":"purchasable","15":"product-type-simple"},"_links":{"self":[{"href":"https:\/\/tyditiao.com\/it\/wp-json\/wp\/v2\/product\/3887","targetHints":{"allow":["GET"]}}],"collection":[{"href":"https:\/\/tyditiao.com\/it\/wp-json\/wp\/v2\/product"}],"about":[{"href":"https:\/\/tyditiao.com\/it\/wp-json\/wp\/v2\/types\/product"}],"replies":[{"embeddable":true,"href":"https:\/\/tyditiao.com\/it\/wp-json\/wp\/v2\/comments?post=3887"}],"wp:featuredmedia":[{"embeddable":true,"href":"https:\/\/tyditiao.com\/it\/wp-json\/wp\/v2\/media\/3691"}],"wp:attachment":[{"href":"https:\/\/tyditiao.com\/it\/wp-json\/wp\/v2\/media?parent=3887"}],"wp:term":[{"taxonomy":"product_brand","embeddable":true,"href":"https:\/\/tyditiao.com\/it\/wp-json\/wp\/v2\/product_brand?post=3887"},{"taxonomy":"product_cat","embeddable":true,"href":"https:\/\/tyditiao.com\/it\/wp-json\/wp\/v2\/product_cat?post=3887"},{"taxonomy":"product_tag","embeddable":true,"href":"https:\/\/tyditiao.com\/it\/wp-json\/wp\/v2\/product_tag?post=3887"},{"taxonomy":"woo-feed-brand","embeddable":true,"href":"https:\/\/tyditiao.com\/it\/wp-json\/wp\/v2\/woo-feed-brand?post=3887"}],"curies":[{"name":"wp","href":"https:\/\/api.w.org\/{rel}","templated":true}]}}