{"id":3888,"date":"2022-06-13T04:08:57","date_gmt":"2022-06-13T02:08:57","guid":{"rendered":"http:\/\/tyditiao.com\/product\/casco-da-soldato-elmetto-tattico-in-fibra-aramidica-di-classe-iiia-elmetto-in-kevlar-veloce-marrone-chiaro\/"},"modified":"2025-03-17T07:39:21","modified_gmt":"2025-03-17T05:39:21","slug":"elmo-tattico-veloce-antiproiettile-in-kevlar-nijiiia-marrone-chiaro","status":"publish","type":"product","link":"https:\/\/tyditiao.com\/it\/prodotto\/elmo-tattico-veloce-antiproiettile-in-kevlar-nijiiia-marrone-chiaro\/","title":{"rendered":"Casco da soldato, elmetto tattico in fibra aramidica di classe IIIA, elmetto in kevlar veloce, marrone chiaro"},"content":{"rendered":"<p><strong>Classe di difesa:<\/strong><\/p>\n<p>Questo casco antiproiettile \u00e8 un casco antiproiettile NIJ Livello IIIA secondo lo standard NIJ 0101.06 e pu\u00f2 essere fornito il rapporto di prova corrispondente.<\/p>\n<hr \/>\n<p><strong>Parametri del proiettile di difesa:<\/strong><\/p>\n<p>.44 Mag SJHP<br \/>\n.357 SIG FMJ FN<br \/>\n9mm FMJ RN<br \/>\n.357 Mag JSP<br \/>\n.40 S&amp;W FMJ<\/p>\n<p>Fornisce inoltre protezione contro la maggior parte delle minacce da arma da fuoco e dalle minacce di Classe IIA e II<\/p>\n<hr \/>\n<p><strong>Parametri del casco antiproiettile:<\/strong><\/p>\n<p>Nome: casco antiproiettile NIJ lllA FAST<\/p>\n<p>Materiale: fibra aramidica Kevlar-DuPont ad alta resistenza<br \/>\nCirconferenza della testa: 52-64 cm<br \/>\nAccessori opzionali: maschera antiproiettile, ecc.<br \/>\nColore del casco: marrone chiaro<\/p>\n<p>Un casco antiproiettile \u00e8 costituito da un guscio del casco (compresa la protezione del tallone) e un sistema di ammortizzatori di sospensione (comprendente fascia per la testa, strato di protezione, sottogola, maglie della catena, ecc.). Comodo e stabile da indossare;<\/p>\n<p>La superficie esterna della calotta del casco \u00e8 uniforme e liscia, senza contaminazione da corpi estranei, vesciche, desquamazione e altri difetti.<\/p>\n<p>Prestazioni ignifughe della calotta del casco: tempo di combustione continuo sulla superficie di 5S;<\/p>\n<p>La forza del dispositivo sottogola: velocit\u00e0 di fuga di emergenza di 500 N, rilascio quando la forza esterna \u00e8 1000 N;<\/p>\n<p>Impermeabile: il casco antiproiettile non si crepa, non presenta bolle o si delamina sulla superficie del guscio del casco se immerso in acqua per 24 ore a temperatura ambiente. Nessuna parte del cuscino di sospensione si \u00e8 staccata dopo due tiri riusciti<\/p>\n<p>Periodo di garanzia: il periodo di garanzia di 5 anni pu\u00f2 avere una protezione sufficiente, ma se il periodo di garanzia viene superato<br \/>\nridurr\u00e0 la protezione.<\/p>\n<hr \/>\n<p><strong>Per le persone:<\/strong><\/p>\n<p>L&#8217;elmetto balistico NIJ lllA Kevlar FAST \u00e8 progettato per affrontare la minaccia di pistole e schegge, con attacchi pi\u00f9 forti per una vestibilit\u00e0 pi\u00f9 leggera e confortevole. Questo casco \u00e8 adatto a tutti i tipi di utenti. Il personale di agenzie come l&#8217;esercito, la polizia, la SWAT, la sicurezza interna, le dogane e le guardie di frontiera pu\u00f2 essere dotato di capacit\u00e0 di combattimento avanzate. \u00c8 anche una buona scelta per la protezione della casa e il cosplay.<\/p>\n<hr \/>\n<p><strong>Cos&#8217;\u00e8 un casco balistico FAST?<\/strong><\/p>\n<p>Casco antiproiettile FAST (inglese: Future Assault Shell Technology Helmet, di seguito denominato: FAST) Il casco Future Assault Shell Technology \u00e8 un elmetto da combattimento sviluppato dall&#8217;US Army Research Institute e dal US Army Research, Development and Engineering Center Natick. Il casco \u00e8 progettato per offrire comfort agli operatori di operazioni speciali fornendo al contempo una protezione balistica di base. Il casco FAST \u00e8 stato mostrato per la prima volta al pubblico allo SHOT SHOW nel 2009 ed \u00e8 stato presto adottato dalle forze speciali statunitensi che operano in Afghanistan. Gli elmetti balistici tattici FAST sono ora ampiamente utilizzati nelle forze speciali e nelle forze di polizia speciali in vari paesi. Inoltre, l&#8217;elmetto tattico FAST \u00e8 ora l&#8217;elmetto da combattimento standard per le forze armate norvegesi.<\/p>\n<hr \/>\n<p><strong>Caratteristiche del casco da soldato tattico in fibra aramidica FAST:<\/strong><\/p>\n<p>Rispetto ai normali elmetti militari, il casco FAST \u00e8 pi\u00f9 leggero del 25%. Grazie al sistema di sospensione del casco, gli utenti possono facilmente regolare la vestibilit\u00e0 o la tenuta del casco per un comfort ottimale. Il casco FAST \u00e8 dotato di guide ARC sui lati sinistro e destro per il montaggio di accessori come torce elettriche, cuffie con cancellazione del rumore e apparecchiature di comunicazione, nonch\u00e9 apparecchiature per la visione notturna o di registrazione video. L&#8217;adattatore pu\u00f2 essere montato al centro del casco tramite l&#8217;adattatore. Questo \u00e8 un combattimento speciale che pu\u00f2 aggiungere un maggiore vantaggio tattico. Il diavolo in feltro attaccato all&#8217;elmo permette di apporre la bandiera di un paese, esercito o istituzione, oltre a timbri identificativi appropriati come nominativo, gruppo sanguigno, ecc. Inoltre, grazie al design modulare, la versione civile del casco FAST non antiproiettile non \u00e8 utilizzata solo da militari e polizia, ma anche accettata con entusiasmo da sportivi all&#8217;aperto e operatori sul campo come giornalisti e soccorritori.<\/p>\n<hr \/>\n<p><strong>L&#8217;elmetto da soldato tattico in fibra aramidica FAST \u00e8 una buona protezione, perch\u00e9 \u00e8 popolare?<\/strong><\/p>\n<p>Ci sono due ragioni: in primo luogo, il progresso della tecnologia ha reso i singoli soldati sempre pi\u00f9 equipaggiamenti tecnici, richiedendo una piattaforma per caricare gli accessori tecnici, e ha dovuto sacrificare la protezione per scegliere;<br \/>\nIn secondo luogo, gli utenti FAST sono principalmente forze speciali e le forze speciali rinunciano semplicemente a una certa protezione a distanza di combattimento, la portabilit\u00e0 e l&#8217;attrezzatura tecnica sulla piattaforma diventano il tasso di sopravvivenza, anche nelle applicazioni pratiche, di solito solo per caschi veloci, non lo sono pi\u00f9 elementi di unit\u00e0 su di esso, solo per la portabilit\u00e0.<\/p>\n<p>FAST non si basa su una protezione rigorosa Non sono sufficienti padiglioni auricolari su entrambi i lati Principalmente per il comfort del personale che indossa cuffie e accessori aggiuntivi I caschi tattici leggeri rinunciano parzialmente alla protezione apportano maggiori vantaggi in combattimento.<\/p>\n<p>I caschi FAST sono ampiamente utilizzati in molti paesi e molti paesi hanno design dei caschi molto simili ai caschi FAST statunitensi, come i caschi russi, francesi e britannici sono progettati secondo i caschi FAST, anche se si evolveranno nel tempo. Anche questi caschi cambiano costantemente, ma sembrano ancora molto simili ai caschi FAST, per ovvi motivi, che proteggono efficacemente la testa e massimizzano la vita del soldato.<\/p>\n<hr \/>\n<p><strong>Prezzo elmetto tattico soldato in fibra aramidica FAST?<\/strong><\/p>\n<p>Acquista direttamente dal nostro sito e risparmia il 15% sul prezzo normale<\/p>\n<p>Se desideri acquistare i nostri prodotti o hai domande sui nostri prodotti, per favore (<a href=\"http:\/\/tyditiao.com\/contact\/\">contattaci<\/a>) prontamente, ti risponderemo entro 1 giorno lavorativo. <span style=\"color: #ff0000;\">Se vuoi ordinare pi\u00f9 di 5 caschi antiproiettile contemporaneamente, avrai uno sconto aggiuntivo;<\/span><\/p>\n","protected":false},"excerpt":{"rendered":"<p>Realizzato in fibra aramidica DuPont Kevlar ad alta resistenza, resistente al calore e non facile da deformare<\/p>\n<p>NIJ Livello IIIA<\/p>\n<p>Il sistema di regolazione della circonferenza della testa consente di regolare la circonferenza della testa con la semplice pressione di un pulsante per ottenere la vestibilit\u00e0 ideale del casco<\/p>\n<p>La fronte \u00e8 rinforzata con cinghie elastiche ai lati del polpo (parte inferiore del supporto per la visione notturna) per fissare specchi, fotocamere, occhiali per la visione notturna e altri dispositivi<\/p>\n<p>Dotato di binari, montaggio di accessori pi\u00f9 potente, pu\u00f2 essere dotato di un potente sistema di illuminazione e luci di identificazione del faro, pu\u00f2 anche essere dotato di protezione dell&#8217;udito<\/p>\n","protected":false},"featured_media":3151,"comment_status":"open","ping_status":"closed","template":"","meta":[],"product_brand":[],"product_cat":[349,149],"product_tag":[],"woo-feed-brand":[50],"class_list":{"0":"post-3888","1":"product","2":"type-product","3":"status-publish","4":"has-post-thumbnail","6":"product_cat-casco-antiproiettile","7":"product_cat-fast-it","8":"woo-feed-brand-tyditiao","10":"first","11":"instock","12":"sale","13":"shipping-taxable","14":"purchasable","15":"product-type-simple"},"_links":{"self":[{"href":"https:\/\/tyditiao.com\/it\/wp-json\/wp\/v2\/product\/3888","targetHints":{"allow":["GET"]}}],"collection":[{"href":"https:\/\/tyditiao.com\/it\/wp-json\/wp\/v2\/product"}],"about":[{"href":"https:\/\/tyditiao.com\/it\/wp-json\/wp\/v2\/types\/product"}],"replies":[{"embeddable":true,"href":"https:\/\/tyditiao.com\/it\/wp-json\/wp\/v2\/comments?post=3888"}],"wp:featuredmedia":[{"embeddable":true,"href":"https:\/\/tyditiao.com\/it\/wp-json\/wp\/v2\/media\/3151"}],"wp:attachment":[{"href":"https:\/\/tyditiao.com\/it\/wp-json\/wp\/v2\/media?parent=3888"}],"wp:term":[{"taxonomy":"product_brand","embeddable":true,"href":"https:\/\/tyditiao.com\/it\/wp-json\/wp\/v2\/product_brand?post=3888"},{"taxonomy":"product_cat","embeddable":true,"href":"https:\/\/tyditiao.com\/it\/wp-json\/wp\/v2\/product_cat?post=3888"},{"taxonomy":"product_tag","embeddable":true,"href":"https:\/\/tyditiao.com\/it\/wp-json\/wp\/v2\/product_tag?post=3888"},{"taxonomy":"woo-feed-brand","embeddable":true,"href":"https:\/\/tyditiao.com\/it\/wp-json\/wp\/v2\/woo-feed-brand?post=3888"}],"curies":[{"name":"wp","href":"https:\/\/api.w.org\/{rel}","templated":true}]}}