{"id":3889,"date":"2022-06-13T04:38:14","date_gmt":"2022-08-22T03:23:24","guid":{"rendered":"http:\/\/tyditiao.com\/product\/casco-protettivo-militare-elmetto-in-kevlar-di-classe-iiia-elmo-tattico-balistico-militare-wendy-nero\/"},"modified":"2023-01-27T10:46:56","modified_gmt":"2023-01-27T08:46:56","slug":"wendy-casco-antiproiettile-kevlar-casco-tattico-nero","status":"publish","type":"product","link":"https:\/\/tyditiao.com\/it\/prodotto\/wendy-casco-antiproiettile-kevlar-casco-tattico-nero\/","title":{"rendered":"Casco protettivo militare, elmetto in Kevlar di classe IIIA, elmo tattico balistico militare wendy, nero"},"content":{"rendered":"<p>Il casco protettivo militare tattico wendy NIJ IIIA \u00e8 progettato per essere super leggero e molto comodo da indossare. La regolazione rapida e semplice con una sola mano garantisce una vestibilit\u00e0 precisa. \u00c8 inoltre dotato di cuscinetti ad assorbimento di energia di alta qualit\u00e0, che possono assorbire efficacemente la forza d&#8217;impatto, ridurre la deformazione del corpo del casco dopo il colpo del proiettile e ridurre il tasso di lesioni e la gravit\u00e0 dell&#8217;utente. L&#8217;elmetto tattico militare wendy \u00e8 dotato di guide di montaggio universali e poggiatesta, offrendo a Wendy maggiori possibilit\u00e0. Rispetto al casco antiproiettile MICH, il peso pi\u00f9 leggero significa che non deve aggiungere pi\u00f9 peso alla testa, ma pu\u00f2 essere utilizzato per trasportare attrezzature pi\u00f9 moderne, pi\u00f9 adatte allo scambio di informazioni tra le squadre.<\/p>\n<hr>\n<p><strong>Classe di difesa:<\/strong><\/p>\n<p>Questo casco antiproiettile \u00e8 un casco antiproiettile NIJ Livello IIIA secondo lo standard NIJ 0101.06 e pu\u00f2 essere fornito il rapporto di prova corrispondente.<\/p>\n<hr>\n<p><strong>Parametri del proiettile di difesa:<\/strong><\/p>\n<p>.44 Mag SJHP<br \/>\n.357 SIG FMJ FN<br \/>\n9mm FMJ RN<br \/>\n.357 Mag JSP<br \/>\n.40 S&amp;W FMJ<\/p>\n<p>Fornisce inoltre protezione contro la maggior parte delle minacce da arma da fuoco e dalle minacce di Classe IIA e II<\/p>\n<hr>\n<p><strong>Parametri del casco antiproiettile:<\/strong><br \/>\nNome: elmetto protettivo militare tattico di Wendy NIJ IIIA<\/p>\n<p>Materiale: fibra aramidica Kevlar-DuPont ad alta resistenza<\/p>\n<p>Circonferenza della testa: 52-60 cm<\/p>\n<p>Fodera: i cuscinetti antiurto in schiuma Zorbium ti mantengono fresco e asciutto con una fodera impermeabile e confortevole e un rivestimento antibatterico che allontana il sudore. Fornisce meno della met\u00e0 della forza richiesta per shock ripetitivi in \u200b\u200btutte le condizioni ambientali. Il casco viene fornito di serie con tre cuscinetti di impatto aggiuntivi e otto cuscinetti regolabili che possono essere installati in modo flessibile in base alle esigenze dell&#8217;utente per una vestibilit\u00e0 e un comfort ottimali.<\/p>\n<p>Accessori opzionali: maschere di ossigeno gonfiabili, visiere, scudi laterali, scudi laterali corazzati, scudi protettivi, scudi per elmetti, maschere antiproiettile, ecc.<\/p>\n<p>Colore del casco: nero<br \/>\nPeriodo di garanzia: il periodo di garanzia di 5 anni pu\u00f2 avere una protezione sufficiente, ma se il periodo di garanzia viene superato<br \/>\nridurr\u00e0 la protezione.<\/p>\n<hr>\n<p><strong>Per le persone:<\/strong><br \/>\nIl casco balistico NIJ lllA Kevlar WENDY \u00e8 in grado di gestire le minacce di pistole e schegge, ha una maggiore connettivit\u00e0 di attacco, \u00e8 pi\u00f9 leggero e pi\u00f9 comodo da indossare. Questo casco \u00e8 adatto a tutti i tipi di utenti. Il personale di agenzie come l&#8217;esercito, la polizia, la SWAT, la sicurezza interna, le dogane e le guardie di frontiera pu\u00f2 essere dotato di capacit\u00e0 di combattimento avanzate. \u00c8 anche una buona scelta per la protezione della casa e il cosplay.<\/p>\n<hr>\n<p>Ecco il nostro negozio di caschi protettivi tattici con uno sconto del 15% sulla piattaforma Allegro.<\/p>\n<p>Se desideri acquistare i nostri prodotti o hai domande sui nostri prodotti, per favore (<a href=\"http:\/\/tyditiao.com\/contact\/\">contattaci<\/a>) prontamente, ti risponderemo entro 1 giorno lavorativo. Se vuoi ordinare pi\u00f9 di 5 caschi antiproiettile contemporaneamente, avrai uno sconto aggiuntivo;<\/p>\n<p>&nbsp;<\/p>\n","protected":false},"excerpt":{"rendered":"<p>Buone prestazioni antiproiettile: NIJ Level lllA, perfetta protezione della testa.<\/p>\n<p>Comoda da indossare: la sella Zorbium Foam Impact ha una fodera impermeabile e un rivestimento antibatterico che allontana l&#8217;umidit\u00e0 per mantenerti fresco e asciutto mentre la indossi.<\/p>\n<p>REGOLAZIONE FACILE: Il leggero sistema di fissaggio del casco CAM FIT militare con sistema di chiusura BOA fornisce una regolazione rapida e semplice con una sola mano e una vestibilit\u00e0 precisa.<\/p>\n<p>BUONA QUALIT\u00c0: Il casco protettivo militare tattico di Wendy NIJ IIIA \u00e8 realizzato in fibra aramidica DuPont Kevlar molto resistente, resistente al calore e non si deforma<\/p>\n<p>Buona estensibilit\u00e0: il sistema di fissaggio Rail 2.0 \u00e8 compatibile con tutti gli elementi di fissaggio EXFIL Rail 2.0. Le guide di montaggio del giunto cardanico a doppia faccia e il giunto cardanico frontale sono facili da installare e configurare, cuffie, luci per pistole, fotocamere, luci stroboscopiche, dispositivi per la visione notturna, fotocamere GoPro e occhiali NVG.<\/p>\n","protected":false},"featured_media":3286,"comment_status":"closed","ping_status":"closed","template":"","meta":[],"product_brand":[],"product_cat":[349,171],"product_tag":[],"woo-feed-brand":[50],"class_list":{"0":"post-3889","1":"product","2":"type-product","3":"status-publish","4":"has-post-thumbnail","6":"product_cat-casco-antiproiettile","7":"product_cat-wendy-it","8":"woo-feed-brand-tyditiao","10":"first","11":"instock","12":"sale","13":"shipping-taxable","14":"purchasable","15":"product-type-simple"},"_links":{"self":[{"href":"https:\/\/tyditiao.com\/it\/wp-json\/wp\/v2\/product\/3889","targetHints":{"allow":["GET"]}}],"collection":[{"href":"https:\/\/tyditiao.com\/it\/wp-json\/wp\/v2\/product"}],"about":[{"href":"https:\/\/tyditiao.com\/it\/wp-json\/wp\/v2\/types\/product"}],"replies":[{"embeddable":true,"href":"https:\/\/tyditiao.com\/it\/wp-json\/wp\/v2\/comments?post=3889"}],"wp:featuredmedia":[{"embeddable":true,"href":"https:\/\/tyditiao.com\/it\/wp-json\/wp\/v2\/media\/3286"}],"wp:attachment":[{"href":"https:\/\/tyditiao.com\/it\/wp-json\/wp\/v2\/media?parent=3889"}],"wp:term":[{"taxonomy":"product_brand","embeddable":true,"href":"https:\/\/tyditiao.com\/it\/wp-json\/wp\/v2\/product_brand?post=3889"},{"taxonomy":"product_cat","embeddable":true,"href":"https:\/\/tyditiao.com\/it\/wp-json\/wp\/v2\/product_cat?post=3889"},{"taxonomy":"product_tag","embeddable":true,"href":"https:\/\/tyditiao.com\/it\/wp-json\/wp\/v2\/product_tag?post=3889"},{"taxonomy":"woo-feed-brand","embeddable":true,"href":"https:\/\/tyditiao.com\/it\/wp-json\/wp\/v2\/woo-feed-brand?post=3889"}],"curies":[{"name":"wp","href":"https:\/\/api.w.org\/{rel}","templated":true}]}}