{"id":3890,"date":"2022-06-13T03:53:55","date_gmt":"2022-06-13T01:53:55","guid":{"rendered":"http:\/\/tyditiao.com\/product\/armatura-antiproiettile-elmetto-tattico-di-classe-iiia-elmetto-delle-forze-speciali-mich2000-marrone-chiaro\/"},"modified":"2025-07-20T13:11:54","modified_gmt":"2025-07-20T11:11:54","slug":"mich2000-elmo-antiproiettile-kevlar-livello-3-marrone-chiaro","status":"publish","type":"product","link":"https:\/\/tyditiao.com\/it\/prodotto\/mich2000-elmo-antiproiettile-kevlar-livello-3-marrone-chiaro\/","title":{"rendered":"Armatura antiproiettile, elmetto tattico di classe IIIA, elmetto delle forze speciali mich2000, marrone chiaro"},"content":{"rendered":"<p>Il MICH \u00e8 un casco che blocca i colpi di pistola e fornisce una protezione affidabile contro detriti e detriti in caduta. Il taglio basso offre una migliore copertura su entrambi i lati della testa rispetto ai caschi over-ear. Questi caschi sono inoltre dotati di padiglioni auricolari per ospitare cuffie e altre apparecchiature di comunicazione.<\/p>\n<hr \/>\n<p><strong>Classe di difesa:<\/strong><\/p>\n<p>Questo casco antiproiettile \u00e8 un casco antiproiettile NIJ Livello IIIA secondo lo standard NIJ 0101.06 e pu\u00f2 essere fornito il rapporto di prova corrispondente.<\/p>\n<p>Questo prodotto si qualifica anche come Enhanced Combat Helmet (ECH) se utilizzato con una corazza superiore per una vera protezione del fucile<\/p>\n<hr \/>\n<p><strong>Parametri del proiettile di difesa:<\/strong><\/p>\n<p>.44 Mag SJHP<br \/>\n.357 SIG FMJ FN<br \/>\n9mm FMJ RN<br \/>\n.357 Mag JSP<br \/>\n.40 S&amp;W FMJ<\/p>\n<p>Fornisce inoltre protezione contro la maggior parte delle minacce da arma da fuoco e dalle minacce di Classe IIA e II<\/p>\n<hr \/>\n<p><strong>Parametri del casco antiproiettile:<\/strong><br \/>\nNome: casco antiproiettile NIJ lllA MICH2000<\/p>\n<p>Materiale: fibra aramidica Kevlar-DuPont ad alta resistenza<br \/>\nCirconferenza della testa: 52-60 cm (regolazione dello schienale in due fasi e sottogola regolabile)<br \/>\nFodera: la fodera in schiuma a rimbalzo lento riposizionabile mantiene il casco comodo e previene l&#8217;affaticamento e il surriscaldamento.<br \/>\nAccessori opzionali: maschera antiproiettile, ecc.<br \/>\nColore del casco: marrone chiaro<br \/>\nPeriodo di garanzia: il periodo di garanzia di 5 anni pu\u00f2 avere una protezione sufficiente, ma se il periodo di garanzia viene superato<br \/>\nridurr\u00e0 la protezione.<\/p>\n<hr \/>\n<p><strong>Per le persone:<\/strong><br \/>\nL&#8217;elmetto balistico NIJ lllA Kevlar MICH2000 gestisce minacce di pistole e schegge con una maggiore capacit\u00e0 di attacco per una vestibilit\u00e0 pi\u00f9 leggera e confortevole. Questo casco \u00e8 adatto a tutti i tipi di utenti. Il personale di agenzie come l&#8217;esercito, la polizia, la SWAT, la sicurezza interna, le dogane e le guardie di frontiera pu\u00f2 essere dotato di capacit\u00e0 di combattimento avanzate. \u00c8 anche una buona scelta per la protezione della casa e il cosplay.<\/p>\n<hr \/>\n<p>Se vuoi acquistare i nostri prodotti o hai domande sui nostri prodotti;<br \/>\nSe hai esigenze di personalizzazione;<br \/>\nPer favore (<a href=\"http:\/\/tyditiao.com\/contact\/\">contattaci<\/a>) immediatamente, ti risponderemo entro 1 giorno lavorativo<\/p>\n","protected":false},"excerpt":{"rendered":"<p>Ampia area di protezione: l&#8217;area di protezione \u00e8 pi\u00f9 ampia di quella dei tradizionali caschi antiproiettile, fornendo una buona protezione per la parte dell&#8217;orecchio<\/p>\n<p>Buona qualit\u00e0: realizzato in fibra aramidica DuPont Kevlar di alta qualit\u00e0, resistente al calore e non facilmente deformabile<\/p>\n<p>Buone prestazioni balistiche: NIJ livello IIIA<\/p>\n<p>Il sistema di essiccazione delle seppie e il set di binari sinistro e destro consentono di installare set di cuffie, luce pistola, fotocamera, elenco flash, visione notturna, fotocamera GoPro, occhiali NVG<\/p>\n<p>Buone prestazioni di aggiornamento: maschera di ossigeno aggiornabile, casco, scudo laterale, scudo laterale corazzato, scudo protettivo, copertura del casco<\/p>\n","protected":false},"featured_media":3124,"comment_status":"open","ping_status":"closed","template":"","meta":[],"product_brand":[],"product_cat":[349,166],"product_tag":[],"woo-feed-brand":[50],"class_list":{"0":"post-3890","1":"product","2":"type-product","3":"status-publish","4":"has-post-thumbnail","6":"product_cat-casco-antiproiettile","7":"product_cat-mich2000-it","8":"woo-feed-brand-tyditiao","10":"first","11":"instock","12":"sale","13":"shipping-taxable","14":"purchasable","15":"product-type-simple"},"_links":{"self":[{"href":"https:\/\/tyditiao.com\/it\/wp-json\/wp\/v2\/product\/3890","targetHints":{"allow":["GET"]}}],"collection":[{"href":"https:\/\/tyditiao.com\/it\/wp-json\/wp\/v2\/product"}],"about":[{"href":"https:\/\/tyditiao.com\/it\/wp-json\/wp\/v2\/types\/product"}],"replies":[{"embeddable":true,"href":"https:\/\/tyditiao.com\/it\/wp-json\/wp\/v2\/comments?post=3890"}],"wp:featuredmedia":[{"embeddable":true,"href":"https:\/\/tyditiao.com\/it\/wp-json\/wp\/v2\/media\/3124"}],"wp:attachment":[{"href":"https:\/\/tyditiao.com\/it\/wp-json\/wp\/v2\/media?parent=3890"}],"wp:term":[{"taxonomy":"product_brand","embeddable":true,"href":"https:\/\/tyditiao.com\/it\/wp-json\/wp\/v2\/product_brand?post=3890"},{"taxonomy":"product_cat","embeddable":true,"href":"https:\/\/tyditiao.com\/it\/wp-json\/wp\/v2\/product_cat?post=3890"},{"taxonomy":"product_tag","embeddable":true,"href":"https:\/\/tyditiao.com\/it\/wp-json\/wp\/v2\/product_tag?post=3890"},{"taxonomy":"woo-feed-brand","embeddable":true,"href":"https:\/\/tyditiao.com\/it\/wp-json\/wp\/v2\/woo-feed-brand?post=3890"}],"curies":[{"name":"wp","href":"https:\/\/api.w.org\/{rel}","templated":true}]}}