{"id":3891,"date":"2022-06-13T03:55:46","date_gmt":"2022-08-22T03:36:11","guid":{"rendered":"http:\/\/tyditiao.com\/product\/casco-militare-casco-balistico-tattico-iiia-casco-in-kevlar-polacco-verde\/"},"modified":"2026-03-14T23:16:57","modified_gmt":"2026-03-14T21:16:57","slug":"mich2000-elmo-antiproiettile-kevlar-livello-3-verde","status":"publish","type":"product","link":"https:\/\/tyditiao.com\/it\/prodotto\/mich2000-elmo-antiproiettile-kevlar-livello-3-verde\/","title":{"rendered":"Casco militare, casco balistico tattico IIIA, casco in kevlar polacco, verde"},"content":{"rendered":"<p><strong>Classe di difesa:<\/strong><\/p>\n<p>Questo casco antiproiettile \u00e8 un casco antiproiettile NIJ Livello IIIA secondo lo standard NIJ 0101.06 e pu\u00f2 essere fornito il rapporto di prova corrispondente.<\/p>\n<p>Questo prodotto si qualifica anche come Enhanced Combat Helmet (ECH) se utilizzato con una corazza superiore per una vera protezione del fucile<\/p>\n<hr>\n<p><strong>Parametri del proiettile di difesa:<\/strong><\/p>\n<p>.44 Mag SJHP<br \/>\n.357 SIG FMJ FN<br \/>\n9mm FMJ RN<br \/>\n.357 Mag JSP<br \/>\n.40 S&amp;W FMJ<\/p>\n<p>Fornisce inoltre protezione contro la maggior parte delle minacce da arma da fuoco e dalle minacce di Classe IIA e II<\/p>\n<hr>\n<p><strong>Parametri del casco antiproiettile:<\/strong><br \/>\nNome: casco antiproiettile NIJ lllA MICH2000<\/p>\n<p>Materiale: fibra aramidica Kevlar-DuPont ad alta resistenza<br \/>\nAbbassamento dopo il lancio del proiettile: &lt;20mm<br \/>\nCirconferenza della testa: 52-60 cm<br \/>\nFodera: la fodera in schiuma a rimbalzo lento riposizionabile mantiene il casco comodo e previene l&#8217;affaticamento e il surriscaldamento.<br \/>\nAccessori opzionali: maschera antiproiettile, ecc.<br \/>\nColore del casco: verde<br \/>\nPeriodo di garanzia: il periodo di garanzia di 5 anni pu\u00f2 avere una protezione sufficiente, ma se il periodo di garanzia viene superato<br \/>\nridurr\u00e0 la protezione.<\/p>\n<hr>\n<p><strong>Per le persone:<\/strong><br \/>\nL&#8217;elmetto balistico NIJ lllA Kevlar MICH2000 gestisce minacce di pistole e schegge con una maggiore capacit\u00e0 di attacco per una vestibilit\u00e0 pi\u00f9 leggera e confortevole. Questo casco \u00e8 adatto a tutti i tipi di utenti. Il personale di agenzie come l&#8217;esercito, la polizia, la SWAT, la sicurezza interna, le dogane e le guardie di frontiera pu\u00f2 essere dotato di capacit\u00e0 di combattimento avanzate. \u00c8 anche una buona scelta per la protezione della casa e il cosplay.<\/p>\n<p>Il MICH \u00e8 un casco che blocca i colpi di pistola e fornisce una protezione affidabile contro detriti e detriti in caduta. L&#8217;elmetto balistico mich non solo fornisce la necessaria protezione completa contro armi contundenti, balistiche e altre minacce, ma \u00e8 anche altamente modulare e confortevole. Questo prodotto si qualifica anche come Enhanced Combat Helmet (ECH) se utilizzato insieme alla piastra dell&#8217;armatura superiore per fornire una vera protezione al fucile. Il taglio basso offre una migliore copertura su entrambi i lati della testa rispetto ai caschi over-ear. Questi caschi sono inoltre dotati di padiglioni auricolari per ospitare cuffie e altre apparecchiature di comunicazione.<\/p>\n<hr>\n<p><strong>Qual \u00e8 il casco balistico tattico pi\u00f9 popolare, MICH2000 o FAST?<\/strong><br \/>\nIl MICH2000 ha una superficie protettiva pi\u00f9 ampia, che \u00e8 pi\u00f9 vantaggiosa se non si prevede di installare pi\u00f9 accessori. Se prevedi di scegliere molte attrezzature, ad esempio (indossando una torcia, cuffie con cancellazione del rumore e apparecchiature di comunicazione, occhiali per la visione notturna o apparecchiature di registrazione video, ecc.), Si consiglia di utilizzare FAST, poich\u00e9 non sar\u00e0 troppo pesante per causare pressione sul collo, influenzando indirettamente la capacit\u00e0 delle attivit\u00e0.<\/p>\n<hr>\n<p><strong>Prezzo elmetto militare MICH2000<\/strong><br \/>\nAcquista sul nostro sito e risparmia il 15% sul prezzo<\/p>\n<hr>\n<p>Se vuoi acquistare i nostri prodotti o hai domande sui nostri prodotti;<br \/>\nSe hai esigenze di personalizzazione;<br \/>\nPer favore (<a href=\"http:\/\/tyditiao.com\/contact\/\">contattaci<\/a>) immediatamente, ti risponderemo entro 1 giorno lavorativo<\/p>\n","protected":false},"excerpt":{"rendered":"<p>Buona qualit\u00e0: realizzato in fibra aramidica DuPont Kevlar di alta qualit\u00e0, resistente al calore e non facilmente deformabile<\/p>\n<p>Buone prestazioni balistiche: NIJ livello IIIA<\/p>\n<p>Schiuma a memoria di forma lenta: tessuto traspirante per una facile pulizia, cuscinetti modulari che possono essere regolati dall&#8217;utente finale<\/p>\n<p>Sistema di seppie essiccate: noto anche come base per la visione notturna, pu\u00f2 essere combinato con proiettori, telecamere, dispositivi per la visione notturna e altre apparecchiature<\/p>\n<p>Ci sono gruppi ferroviari sui lati sinistro e destro: possono essere installati con un potente sistema di illuminazione, luce di identificazione del segnale, assicella di protezione degli auricolari<\/p>\n","protected":false},"featured_media":3700,"comment_status":"open","ping_status":"closed","template":"","meta":[],"product_brand":[],"product_cat":[349,166],"product_tag":[],"woo-feed-brand":[50],"class_list":{"0":"post-3891","1":"product","2":"type-product","3":"status-publish","4":"has-post-thumbnail","6":"product_cat-casco-antiproiettile","7":"product_cat-mich2000-it","8":"woo-feed-brand-tyditiao","10":"first","11":"instock","12":"sale","13":"shipping-taxable","14":"purchasable","15":"product-type-simple"},"_links":{"self":[{"href":"https:\/\/tyditiao.com\/it\/wp-json\/wp\/v2\/product\/3891","targetHints":{"allow":["GET"]}}],"collection":[{"href":"https:\/\/tyditiao.com\/it\/wp-json\/wp\/v2\/product"}],"about":[{"href":"https:\/\/tyditiao.com\/it\/wp-json\/wp\/v2\/types\/product"}],"replies":[{"embeddable":true,"href":"https:\/\/tyditiao.com\/it\/wp-json\/wp\/v2\/comments?post=3891"}],"wp:featuredmedia":[{"embeddable":true,"href":"https:\/\/tyditiao.com\/it\/wp-json\/wp\/v2\/media\/3700"}],"wp:attachment":[{"href":"https:\/\/tyditiao.com\/it\/wp-json\/wp\/v2\/media?parent=3891"}],"wp:term":[{"taxonomy":"product_brand","embeddable":true,"href":"https:\/\/tyditiao.com\/it\/wp-json\/wp\/v2\/product_brand?post=3891"},{"taxonomy":"product_cat","embeddable":true,"href":"https:\/\/tyditiao.com\/it\/wp-json\/wp\/v2\/product_cat?post=3891"},{"taxonomy":"product_tag","embeddable":true,"href":"https:\/\/tyditiao.com\/it\/wp-json\/wp\/v2\/product_tag?post=3891"},{"taxonomy":"woo-feed-brand","embeddable":true,"href":"https:\/\/tyditiao.com\/it\/wp-json\/wp\/v2\/woo-feed-brand?post=3891"}],"curies":[{"name":"wp","href":"https:\/\/api.w.org\/{rel}","templated":true}]}}