{"id":3892,"date":"2022-06-13T04:05:41","date_gmt":"2022-06-13T02:05:41","guid":{"rendered":"http:\/\/tyditiao.com\/product\/elmo-militare-tedesco-elmetto-da-soldato-di-classe-iiia-elmetto-balistico-tattico-rapido-verde\/"},"modified":"2026-03-14T23:16:54","modified_gmt":"2026-03-14T21:16:54","slug":"elmo-veloce-antiproiettile-tattico-kevlar-nijiiia-verde","status":"publish","type":"product","link":"https:\/\/tyditiao.com\/it\/prodotto\/elmo-veloce-antiproiettile-tattico-kevlar-nijiiia-verde\/","title":{"rendered":"Elmo militare tedesco, elmetto da soldato di classe IIIA, elmetto balistico tattico rapido, verde"},"content":{"rendered":"<p><strong>Classe di difesa:<\/strong><\/p>\n<p>Questo casco antiproiettile \u00e8 un casco antiproiettile NIJ Livello IIIA secondo lo standard NIJ 0101.06 e pu\u00f2 essere fornito il rapporto di prova corrispondente.<\/p>\n<hr \/>\n<p><strong>Parametri del proiettile di difesa:<\/strong><\/p>\n<p>.44 Mag SJHP<br \/>\n.357 SIG FMJ FN<br \/>\n9mm FMJ RN<br \/>\n.357 Mag JSP<br \/>\n.40 S&amp;W FMJ<\/p>\n<p>Fornisce inoltre protezione contro la maggior parte delle minacce da arma da fuoco e dalle minacce di Classe IIA e II<\/p>\n<hr \/>\n<p><strong>Parametri del casco antiproiettile:<\/strong><\/p>\n<p>Nome: casco antiproiettile NIJ lllA FAST<\/p>\n<p>Materiale: fibra aramidica Kevlar-DuPont ad alta resistenza<br \/>\nCirconferenza della testa: 52-64 cm<br \/>\nAccessori opzionali: maschera antiproiettile, ecc.<br \/>\nColore del casco: verde<br \/>\nPeriodo di garanzia: il periodo di garanzia di 5 anni pu\u00f2 avere una protezione sufficiente, ma se il periodo di garanzia viene superato<br \/>\nridurr\u00e0 la protezione.<\/p>\n<hr \/>\n<p><strong>Per le persone:<\/strong><\/p>\n<p>L&#8217;elmetto balistico NIJ lllA Kevlar FAST \u00e8 progettato per affrontare la minaccia di pistole e schegge, con attacchi pi\u00f9 forti per una vestibilit\u00e0 pi\u00f9 leggera e confortevole. Questo casco \u00e8 adatto a tutti i tipi di utenti. Il personale di agenzie come l&#8217;esercito, la polizia, la SWAT, la sicurezza interna, le dogane e le guardie di frontiera pu\u00f2 essere dotato di capacit\u00e0 di combattimento avanzate. \u00c8 anche una buona scelta per la protezione della casa e il cosplay.<\/p>\n<hr \/>\n<p><strong>Caratteristiche del casco balistico tattico militare FAST:<\/strong><\/p>\n<p>Rispetto ai normali elmetti militari, il casco FAST \u00e8 pi\u00f9 leggero del 25%. Grazie al sistema di sospensione del casco, gli utenti possono facilmente regolare la vestibilit\u00e0 o la tenuta del casco per un comfort ottimale. Il casco FAST \u00e8 dotato di guide ARC sui lati sinistro e destro per il montaggio di accessori come torce elettriche, cuffie con cancellazione del rumore e apparecchiature di comunicazione, nonch\u00e9 apparecchiature per la visione notturna o di registrazione video. L&#8217;adattatore pu\u00f2 essere montato al centro del casco tramite l&#8217;adattatore. Questo \u00e8 un combattimento speciale che pu\u00f2 aggiungere un maggiore vantaggio tattico. Il diavolo in feltro attaccato all&#8217;elmo permette di apporre la bandiera di un paese, esercito o istituzione, oltre a timbri identificativi appropriati come nominativo, gruppo sanguigno, ecc. Inoltre, grazie al design modulare, la versione civile del casco FAST non antiproiettile non \u00e8 utilizzata solo da militari e polizia, ma anche accettata con entusiasmo da sportivi all&#8217;aperto e operatori sul campo come giornalisti e soccorritori.<\/p>\n<hr \/>\n<p><strong>Gli elmetti balistici tattici militari FAST forniscono una buona protezione e perch\u00e9 sono popolari?<\/strong><\/p>\n<p>Ci sono due ragioni: in primo luogo, il progresso della tecnologia ha reso i singoli soldati sempre pi\u00f9 equipaggiamenti tecnici, richiedendo una piattaforma per caricare gli accessori tecnici, e ha dovuto sacrificare la protezione per scegliere;<br \/>\nIn secondo luogo, gli utenti FAST sono principalmente forze speciali e le forze speciali rinunciano semplicemente a una certa protezione a distanza di combattimento, la portabilit\u00e0 e l&#8217;attrezzatura tecnica sulla piattaforma diventano il tasso di sopravvivenza, anche nelle applicazioni pratiche, di solito solo per caschi veloci, non lo sono pi\u00f9 elementi di unit\u00e0 su di esso, solo per la portabilit\u00e0.<\/p>\n<p>FAST non si basa su una protezione rigorosa Non sono sufficienti padiglioni auricolari su entrambi i lati Principalmente per il comfort del personale che indossa cuffie e accessori aggiuntivi I caschi tattici leggeri rinunciano parzialmente alla protezione apportano maggiori vantaggi in combattimento.<\/p>\n<p>I caschi FAST sono ampiamente utilizzati in molti paesi e molti paesi hanno design dei caschi molto simili ai caschi FAST statunitensi, come i caschi russi, francesi e britannici sono progettati secondo i caschi FAST, anche se si evolveranno nel tempo. Anche questi caschi cambiano costantemente, ma sembrano ancora molto simili ai caschi FAST, per ovvi motivi, che proteggono efficacemente la testa e massimizzano la vita del soldato.<\/p>\n<hr \/>\n<p><strong>Prezzo del casco balistico tattico militare VELOCE?<\/strong><\/p>\n<p>Questo \u00e8 il nostro negozio di caschi di sicurezza tattici, si prega di acquistare direttamente dal nostro sito Web, \u00e8 possibile ottenere uno sconto del 15% sul prezzo originale<\/p>\n<p>Se desideri acquistare i nostri prodotti o hai domande sui nostri prodotti, per favore (<a href=\"https:\/\/tyditiao.com\/it\/contatto\/\">contattaci<\/a>) prontamente, ti risponderemo entro 1 giorno lavorativo. Se vuoi ordinare pi\u00f9 di 5 caschi antiproiettile contemporaneamente, avrai uno sconto aggiuntivo;<\/p>\n","protected":false},"excerpt":{"rendered":"<p>Realizzato in fibra aramidica DuPont Kevlar ad alta resistenza, resistente al calore e non facile da deformare<\/p>\n<p>NIJ Livello IIIA<\/p>\n<p>Sistema di regolazione della circonferenza della testa, pu\u00f2 rendere il casco per ottenere l&#8217;effetto ideale da indossare<\/p>\n<p>Il sistema di regolazione della circonferenza della testa consente di regolare la circonferenza della testa con la semplice pressione di un pulsante per ottenere la vestibilit\u00e0 ideale del casco<\/p>\n<p>La fronte \u00e8 rinforzata con cinghie elastiche ai lati del polpo (parte inferiore del supporto per la visione notturna) per fissare specchi, fotocamere, occhiali per la visione notturna e altri dispositivi<\/p>\n<p>Dotato di binari, montaggio di accessori pi\u00f9 potente, pu\u00f2 essere dotato di un potente sistema di illuminazione e luci di identificazione del faro, pu\u00f2 anche essere dotato di protezione dell&#8217;udito<\/p>\n","protected":false},"featured_media":3178,"comment_status":"open","ping_status":"closed","template":"","meta":[],"product_brand":[],"product_cat":[349,149],"product_tag":[],"woo-feed-brand":[50],"class_list":{"0":"post-3892","1":"product","2":"type-product","3":"status-publish","4":"has-post-thumbnail","6":"product_cat-casco-antiproiettile","7":"product_cat-fast-it","8":"woo-feed-brand-tyditiao","10":"first","11":"instock","12":"sale","13":"shipping-taxable","14":"purchasable","15":"product-type-simple"},"_links":{"self":[{"href":"https:\/\/tyditiao.com\/it\/wp-json\/wp\/v2\/product\/3892","targetHints":{"allow":["GET"]}}],"collection":[{"href":"https:\/\/tyditiao.com\/it\/wp-json\/wp\/v2\/product"}],"about":[{"href":"https:\/\/tyditiao.com\/it\/wp-json\/wp\/v2\/types\/product"}],"replies":[{"embeddable":true,"href":"https:\/\/tyditiao.com\/it\/wp-json\/wp\/v2\/comments?post=3892"}],"wp:featuredmedia":[{"embeddable":true,"href":"https:\/\/tyditiao.com\/it\/wp-json\/wp\/v2\/media\/3178"}],"wp:attachment":[{"href":"https:\/\/tyditiao.com\/it\/wp-json\/wp\/v2\/media?parent=3892"}],"wp:term":[{"taxonomy":"product_brand","embeddable":true,"href":"https:\/\/tyditiao.com\/it\/wp-json\/wp\/v2\/product_brand?post=3892"},{"taxonomy":"product_cat","embeddable":true,"href":"https:\/\/tyditiao.com\/it\/wp-json\/wp\/v2\/product_cat?post=3892"},{"taxonomy":"product_tag","embeddable":true,"href":"https:\/\/tyditiao.com\/it\/wp-json\/wp\/v2\/product_tag?post=3892"},{"taxonomy":"woo-feed-brand","embeddable":true,"href":"https:\/\/tyditiao.com\/it\/wp-json\/wp\/v2\/woo-feed-brand?post=3892"}],"curies":[{"name":"wp","href":"https:\/\/api.w.org\/{rel}","templated":true}]}}