{"id":3893,"date":"2022-06-13T04:11:33","date_gmt":"2022-08-22T03:42:41","guid":{"rendered":"http:\/\/tyditiao.com\/product\/elmo-militare-polacco-elmetto-tattico-in-kevlar-di-classe-iiia-elmetto-energetico-con-maschera-veloce-nero\/"},"modified":"2023-01-27T10:14:05","modified_gmt":"2023-01-27T08:14:05","slug":"elmo-tattico-veloce-antiproiettile-in-kevlar-nijiiia-nero","status":"publish","type":"product","link":"https:\/\/tyditiao.com\/it\/prodotto\/elmo-tattico-veloce-antiproiettile-in-kevlar-nijiiia-nero\/","title":{"rendered":"Elmo militare polacco, elmetto tattico in kevlar di classe IIIA, elmetto energetico con maschera veloce, nero"},"content":{"rendered":"<p><strong>Classe di difesa:<\/strong><\/p>\n<p>Questo casco antiproiettile \u00e8 un casco antiproiettile NIJ Livello IIIA secondo lo standard NIJ 0101.06 e pu\u00f2 essere fornito il rapporto di prova corrispondente.<\/p>\n<hr>\n<p><strong>Parametri del proiettile di difesa:<\/strong><\/p>\n<p>.44 Mag SJHP<br \/>\n.357 SIG FMJ FN<br \/>\n9mm FMJ RN<br \/>\n.357 Mag JSP<br \/>\n.40 S&amp;W FMJ<\/p>\n<p>Fornisce inoltre protezione contro la maggior parte delle minacce da arma da fuoco e dalle minacce di Classe IIA e II<\/p>\n<hr>\n<p><strong>Parametri del casco antiproiettile:<\/strong><br \/>\nNome: casco antiproiettile NIJ lllA FAST<\/p>\n<p>Materiale: fibra aramidica Kevlar-DuPont ad alta resistenza<br \/>\nCirconferenza della testa: 52-64 cm<br \/>\nAccessori opzionali: maschera antiproiettile, ecc.<br \/>\nColore del casco: nero<br \/>\nPeriodo di garanzia: il periodo di garanzia di 5 anni pu\u00f2 avere una protezione sufficiente, ma se il periodo di garanzia viene superato<br \/>\nridurr\u00e0 la protezione.<\/p>\n<hr>\n<p><strong>Per le persone:<\/strong><br \/>\nL&#8217;elmetto balistico NIJ lllA Kevlar FAST \u00e8 progettato per affrontare la minaccia di pistole e schegge, con attacchi pi\u00f9 forti per una vestibilit\u00e0 pi\u00f9 leggera e confortevole. Questo casco \u00e8 adatto a tutti i tipi di utenti. Il personale di agenzie come l&#8217;esercito, la polizia, la SWAT, la sicurezza interna, le dogane e le guardie di frontiera pu\u00f2 essere dotato di capacit\u00e0 di combattimento avanzate. \u00c8 anche una buona scelta per la protezione della casa e il cosplay.<\/p>\n<hr>\n<p><strong>Cos&#8217;\u00e8 un casco balistico FAST?<\/strong><\/p>\n<p>Casco antiproiettile FAST (inglese: Future Assault Shell Technology Helmet, di seguito denominato: FAST) Il casco Future Assault Shell Technology \u00e8 un elmetto da combattimento sviluppato dall&#8217;US Army Research Institute e dal US Army Research, Development and Engineering Center Natick. Il casco \u00e8 progettato per offrire comfort agli operatori di operazioni speciali fornendo al contempo una protezione balistica di base. Il casco FAST \u00e8 stato mostrato per la prima volta al pubblico allo SHOT SHOW nel 2009 ed \u00e8 stato presto adottato dalle forze speciali statunitensi che operano in Afghanistan. Gli elmetti balistici tattici FAST sono ora ampiamente utilizzati nelle forze speciali e nelle forze di polizia speciali in vari paesi. Inoltre, l&#8217;elmetto tattico FAST \u00e8 ora l&#8217;elmetto da combattimento standard per le forze armate norvegesi.<\/p>\n<hr>\n<p><strong>Caratteristiche del casco FAST Kevlar:<\/strong><\/p>\n<p>Rispetto ai normali elmetti militari, il casco FAST \u00e8 pi\u00f9 leggero del 25%. Con il sistema di sospensione del casco, gli utenti possono facilmente regolare la vestibilit\u00e0 o la tenuta del casco per un comfort ottimale. I caschi FAST sono dotati di guide ARC sui lati sinistro e destro per il montaggio di apparecchiature come torce elettriche, cuffie con cancellazione del rumore e apparecchiature di comunicazione, nonch\u00e9 apparecchiature per la visione notturna o la registrazione video.Gli adattatori possono essere montati al centro del casco attraverso il adattatore, che \u00e8 un combattimento speciale, che pu\u00f2 aggiungere un maggiore vantaggio tattico. Il diavolo in feltro attaccato all&#8217;elmetto consente agli utenti di apporre la bandiera, l&#8217;esercito o l&#8217;istituzione del proprio paese, oltre a timbri identificativi appropriati come segnali di chiamata e gruppi sanguigni. Inoltre, grazie al design modulare, la versione civile del casco FAST senza funzione antiproiettile non viene utilizzata solo dall&#8217;esercito e dalla polizia, ma anche adottata con entusiasmo da atleti all&#8217;aperto, giornalisti, soccorritori e altri operatori sul campo.<\/p>\n<hr>\n<p><strong>L&#8217;elmetto balistico tattico FAST \u00e8 un&#8217;ottima protezione e perch\u00e9 \u00e8 cos\u00ec popolare?<\/strong><\/p>\n<p>Ci sono due ragioni: in primo luogo, il progresso della tecnologia ha portato a un equipaggiamento sempre pi\u00f9 tecnico per i singoli soldati, che richiede una piattaforma per la ricarica degli accessori tecnici, che devono essere sacrificati per la protezione;<br \/>\nIn secondo luogo, gli utenti FAST sono principalmente forze speciali e a distanza di combattimento le forze speciali rinunciano semplicemente a una certa protezione, la portabilit\u00e0 e l&#8217;equipaggiamento tecnico sulla piattaforma si trasformano in tassi di sopravvivenza, e anche nelle applicazioni pratiche, di solito solo nel caso di caschi veloci, ci are Non ci sono elementi su molte unit\u00e0, solo per la portabilit\u00e0.<\/p>\n<p>FAST non si basa su una protezione rigorosa Le cuffie antirumore a doppia faccia non sono sufficienti Principalmente per la comodit\u00e0 del personale che indossa cuffie e accessori aggiuntivi I caschi tattici leggeri rinunciano parzialmente alla protezione apportano maggiori benefici in combattimento.<\/p>\n<p>I caschi FAST sono ampiamente utilizzati in molti paesi e molti paesi hanno design dei caschi molto simili ai caschi FAST americani, come Russia, Francia e Regno Unito. I caschi sono progettati per essere conformi ai caschi FAST, anche se si evolveranno nel tempo. Anche il numero di questi caschi sta cambiando, ma sembra ancora simile all&#8217;elmetto FAST, per ovvi motivi, questo elmetto pu\u00f2 proteggere efficacemente la testa e massimizzare la vita del soldato.<\/p>\n<hr>\n<p><strong>Prezzo casco VELOCE in Kevlar?<\/strong><\/p>\n<p>Acquista direttamente dal nostro sito e risparmia il 15% sul prezzo normale<\/p>\n<hr>\n<p>Se vuoi acquistare i nostri prodotti o hai domande sui nostri prodotti;<br \/>\nSe hai esigenze di personalizzazione;<br \/>\nPer favore (<a href=\"http:\/\/tyditiao.com\/contact\/\">contattaci<\/a>) immediatamente, ti risponderemo entro 1 giorno lavorativo<\/p>\n<p>&nbsp;<\/p>\n<p>&nbsp;<\/p>\n","protected":false},"excerpt":{"rendered":"<p>Realizzato in fibra aramidica DuPont Kevlar ad alta resistenza, resistente al calore e non facile da deformare<\/p>\n<p>NIJ Livello IIIA<\/p>\n<p>Il sistema di regolazione della circonferenza della testa consente di regolare la circonferenza della testa con la semplice pressione di un pulsante per ottenere la vestibilit\u00e0 ideale del casco<\/p>\n<p>La fronte \u00e8 rinforzata con cinghie elastiche ai lati del polpo (parte inferiore del supporto per la visione notturna) per fissare specchi, fotocamere, occhiali per la visione notturna e altri dispositivi<\/p>\n<p>Dotato di binari, montaggio di accessori pi\u00f9 potente, pu\u00f2 essere dotato di un potente sistema di illuminazione e luci di identificazione del faro, pu\u00f2 anche essere dotato di protezione dell&#8217;udito<\/p>\n","protected":false},"featured_media":3187,"comment_status":"closed","ping_status":"closed","template":"","meta":[],"product_brand":[],"product_cat":[349,149],"product_tag":[],"woo-feed-brand":[50],"class_list":{"0":"post-3893","1":"product","2":"type-product","3":"status-publish","4":"has-post-thumbnail","6":"product_cat-casco-antiproiettile","7":"product_cat-fast-it","8":"woo-feed-brand-tyditiao","10":"first","11":"instock","12":"sale","13":"shipping-taxable","14":"purchasable","15":"product-type-simple"},"_links":{"self":[{"href":"https:\/\/tyditiao.com\/it\/wp-json\/wp\/v2\/product\/3893","targetHints":{"allow":["GET"]}}],"collection":[{"href":"https:\/\/tyditiao.com\/it\/wp-json\/wp\/v2\/product"}],"about":[{"href":"https:\/\/tyditiao.com\/it\/wp-json\/wp\/v2\/types\/product"}],"replies":[{"embeddable":true,"href":"https:\/\/tyditiao.com\/it\/wp-json\/wp\/v2\/comments?post=3893"}],"wp:featuredmedia":[{"embeddable":true,"href":"https:\/\/tyditiao.com\/it\/wp-json\/wp\/v2\/media\/3187"}],"wp:attachment":[{"href":"https:\/\/tyditiao.com\/it\/wp-json\/wp\/v2\/media?parent=3893"}],"wp:term":[{"taxonomy":"product_brand","embeddable":true,"href":"https:\/\/tyditiao.com\/it\/wp-json\/wp\/v2\/product_brand?post=3893"},{"taxonomy":"product_cat","embeddable":true,"href":"https:\/\/tyditiao.com\/it\/wp-json\/wp\/v2\/product_cat?post=3893"},{"taxonomy":"product_tag","embeddable":true,"href":"https:\/\/tyditiao.com\/it\/wp-json\/wp\/v2\/product_tag?post=3893"},{"taxonomy":"woo-feed-brand","embeddable":true,"href":"https:\/\/tyditiao.com\/it\/wp-json\/wp\/v2\/woo-feed-brand?post=3893"}],"curies":[{"name":"wp","href":"https:\/\/api.w.org\/{rel}","templated":true}]}}