{"id":3895,"date":"2022-06-13T04:32:01","date_gmt":"2022-06-13T02:32:01","guid":{"rendered":"http:\/\/tyditiao.com\/product\/nuovo-elmetto-in-kevlar-elmetto-militare-di-classe-iiia-elmetto-militare-da-combattimento-team-wendy-verde\/"},"modified":"2025-09-16T08:08:31","modified_gmt":"2025-09-16T06:08:31","slug":"casco-antiproiettile-wendys-casco-in-kevlar-verde-tattico","status":"publish","type":"product","link":"https:\/\/tyditiao.com\/it\/prodotto\/casco-antiproiettile-wendys-casco-in-kevlar-verde-tattico\/","title":{"rendered":"Nuovo elmetto in kevlar, elmetto militare di classe IIIA, elmetto militare da combattimento Team Wendy, verde"},"content":{"rendered":"<p>Casco da soldato leggero Il casco di Wendy \u00e8 progettato per essere super leggero e molto comodo da indossare. \u00c8 inoltre dotato di inserti di assorbimento dell&#8217;energia di alta qualit\u00e0, che possono assorbire efficacemente la forza d&#8217;impatto, ridurre la deformazione del corpo del casco quando il proiettile colpisce il casco e ridurre il tasso di lesioni e il grado dell&#8217;utente. Bifacciale con guide di montaggio universali per dispositivi e una staffa cardanica sulla fronte, consentendo a Wendy di creare pi\u00f9 possibilit\u00e0.<\/p>\n<hr \/>\n<p><strong>Classe di difesa:<\/strong><\/p>\n<p>Questo casco antiproiettile \u00e8 un casco antiproiettile NIJ Livello IIIA secondo lo standard NIJ 0101.06 e pu\u00f2 essere fornito il rapporto di prova corrispondente.<\/p>\n<hr \/>\n<p><strong>Parametri del proiettile di difesa:<\/strong><\/p>\n<p>.44 Mag SJHP<br \/>\n.357 SIG FMJ FN<br \/>\n9mm FMJ RN<br \/>\n.357 Mag JSP<br \/>\n.40 S&amp;W FMJ<\/p>\n<p>Fornisce inoltre protezione contro la maggior parte delle minacce da arma da fuoco e dalle minacce di Classe IIA e II<\/p>\n<hr \/>\n<p><strong>Parametri del casco antiproiettile:<\/strong><br \/>\nNome: elmetto antiproiettile NIJ lllA WENDY<\/p>\n<p>Materiale: fibra aramidica Kevlar-DuPont ad alta resistenza<br \/>\nCirconferenza della testa: 52-60 cm<\/p>\n<p>Fodera: i cuscinetti in schiuma Zorbium ti mantengono fresco e asciutto con un&#8217;imbottitura impermeabile e confortevole e una copertura antibatterica che allontana il sudore. Fornisce meno della met\u00e0 della forza richiesta per shock ripetitivi in \u200b\u200btutte le condizioni ambientali. Il tappetino per mouse viene fornito di serie con tre cuscinetti resistenti agli urti e otto cuscinetti regolabili per una vestibilit\u00e0 e un comfort ottimali.<\/p>\n<p>Accessori opzionali: maschere di ossigeno gonfiabili, visiere, scudi laterali, scudi laterali corazzati, scudi, scudi per elmetti, maschere antiproiettile, ecc.<br \/>\nColore del casco: verde<br \/>\nPeriodo di garanzia: il periodo di garanzia di 5 anni pu\u00f2 avere una protezione sufficiente, ma se il periodo di garanzia viene superato<br \/>\nridurr\u00e0 la protezione.<\/p>\n<hr \/>\n<p><strong>Per le persone:<\/strong><br \/>\nL&#8217;elmetto balistico NIJ lllA Kevlar WENDY \u00e8 in grado di gestire minacce con pistole e schegge, ha attacchi di attacco pi\u00f9 forti, \u00e8 pi\u00f9 leggero e pi\u00f9 comodo da indossare. Questo casco \u00e8 adatto a tutti i tipi di utenti. Il personale di agenzie come l&#8217;esercito, la polizia, la SWAT, la sicurezza interna, le dogane e le guardie di frontiera pu\u00f2 essere dotato di capacit\u00e0 di combattimento avanzate. \u00c8 anche una buona scelta per la protezione della casa e il cosplay.<\/p>\n<hr \/>\n<p>Se vuoi acquistare i nostri prodotti o hai domande sui nostri prodotti;<br \/>\nSe hai esigenze di personalizzazione;<br \/>\nPer favore (<a href=\"http:\/\/tyditiao.com\/contact\/\">contattaci<\/a>) immediatamente, ti risponderemo entro 1 giorno lavorativo<\/p>\n","protected":false},"excerpt":{"rendered":"<p>Buona qualit\u00e0: l&#8217;elmetto militare di livello tecnico \u00e8 realizzato in fibra aramidica DuPont Kevlar ad alta resistenza, resistente al calore e non facile da deformare<\/p>\n<p>Buone prestazioni balistiche: NIJ livello IIIA<\/p>\n<p>Comodo da indossare: il cuscino in schiuma Zorbium Impact presenta una fodera impermeabile e un rivestimento antimicrobico che allontana l&#8217;umidit\u00e0 per mantenerti fresco e asciutto.<\/p>\n<p>REGOLAZIONE FACILE: Sistema di montaggio CAM FIT per casco militare leggero con sistema di chiusura BOA per una regolazione sicura con una sola mano per una vestibilit\u00e0 precisa.<\/p>\n<p>ESPANDIBILE: il sistema di fissaggio Rail 2.0 \u00e8 compatibile con tutti gli elementi di fissaggio EXFIL Rail 2.0. La guida di montaggio del gimbal a doppia faccia e la staffa del gimbal sulla fronte consentono a Wendy di creare pi\u00f9 possibilit\u00e0.<\/p>\n","protected":false},"featured_media":3331,"comment_status":"open","ping_status":"closed","template":"","meta":[],"product_brand":[],"product_cat":[349,171],"product_tag":[],"woo-feed-brand":[50],"class_list":{"0":"post-3895","1":"product","2":"type-product","3":"status-publish","4":"has-post-thumbnail","6":"product_cat-casco-antiproiettile","7":"product_cat-wendy-it","8":"woo-feed-brand-tyditiao","10":"first","11":"instock","12":"sale","13":"shipping-taxable","14":"purchasable","15":"product-type-simple"},"_links":{"self":[{"href":"https:\/\/tyditiao.com\/it\/wp-json\/wp\/v2\/product\/3895","targetHints":{"allow":["GET"]}}],"collection":[{"href":"https:\/\/tyditiao.com\/it\/wp-json\/wp\/v2\/product"}],"about":[{"href":"https:\/\/tyditiao.com\/it\/wp-json\/wp\/v2\/types\/product"}],"replies":[{"embeddable":true,"href":"https:\/\/tyditiao.com\/it\/wp-json\/wp\/v2\/comments?post=3895"}],"wp:featuredmedia":[{"embeddable":true,"href":"https:\/\/tyditiao.com\/it\/wp-json\/wp\/v2\/media\/3331"}],"wp:attachment":[{"href":"https:\/\/tyditiao.com\/it\/wp-json\/wp\/v2\/media?parent=3895"}],"wp:term":[{"taxonomy":"product_brand","embeddable":true,"href":"https:\/\/tyditiao.com\/it\/wp-json\/wp\/v2\/product_brand?post=3895"},{"taxonomy":"product_cat","embeddable":true,"href":"https:\/\/tyditiao.com\/it\/wp-json\/wp\/v2\/product_cat?post=3895"},{"taxonomy":"product_tag","embeddable":true,"href":"https:\/\/tyditiao.com\/it\/wp-json\/wp\/v2\/product_tag?post=3895"},{"taxonomy":"woo-feed-brand","embeddable":true,"href":"https:\/\/tyditiao.com\/it\/wp-json\/wp\/v2\/woo-feed-brand?post=3895"}],"curies":[{"name":"wp","href":"https:\/\/api.w.org\/{rel}","templated":true}]}}