{"id":5704,"date":"2022-10-18T05:26:18","date_gmt":"2022-10-18T03:26:18","guid":{"rendered":"http:\/\/tyditiao.com\/product\/gilet-tattico-esterno-a-sgancio-rapido-gilet-tattico-cs-con-piastra-antiproiettile-2xpe-iiia-10x12\/"},"modified":"2023-04-28T05:14:48","modified_gmt":"2023-04-28T03:14:48","slug":"zewnetrzna-gilet-tattico-con-gilet-tattico-a-sgancio-rapido-cs-con-piastra-antiproiettile-2xpe-iiia-10x12","status":"publish","type":"product","link":"https:\/\/tyditiao.com\/it\/prodotto\/zewnetrzna-gilet-tattico-con-gilet-tattico-a-sgancio-rapido-cs-con-piastra-antiproiettile-2xpe-iiia-10x12\/","title":{"rendered":"Gilet tattico esterno a sgancio rapido, Gilet tattico CS con piastra antiproiettile 2XPE IIIA 10&#215;12"},"content":{"rendered":"<p>I lati e le spalle di questo prodotto sono regolabili con velcro, quindi utenti di qualsiasi taglia possono indossarlo.<br \/>\nStrato interno: materiale ad alta resistenza, impermeabile, di lunga durata e stabile.<br \/>\nStrato esterno: Oxford, cotone o nylon, resistente all&#8217;abrasione, resistente alle macchie e durevole.<br \/>\nLa giacca pu\u00f2 essere dotata di inserti balistici per una protezione extra.<\/p>\n<p>Livello di difesa: piastra antiproiettile PE predefinita, NIJIIIA,<br \/>\nInserto di protezione: UHMW-PE<br \/>\nSpessore: ~8 mm\/~0,3&#8242;<br \/>\nValidit\u00e0: 5 anni<br \/>\nTipi di proiettili che possono essere difesi da:<br \/>\nGiacca interamente in metallo da 9 mm (FMJ) \/ Testa tonda (RN)<br \/>\n.44 Punta cava per guaina universale (JHP)<\/p>\n<p>Utenti target:<br \/>\nI giubbotti antiproiettile NIJ Classe IIIA nascosti proteggono dai rischi legati alle armi. E ha pi\u00f9 accessori e occupa un&#8217;area pi\u00f9 ampia. La taglia pu\u00f2 essere regolata con velcro sui fianchi e sulle spalle. I nostri prodotti possono essere equipaggiati con forze armate, agenzie SWAT, agenzie di sicurezza interna, agenzie doganali e di protezione delle frontiere, agenzie di controllo dell&#8217;immigrazione e altre agenzie a rischio di armi da fuoco. Le persone ottengono risultati migliori e meno vittime.<\/p>\n","protected":false},"excerpt":{"rendered":"<p>Realizza uno sgancio rapido: la fibbia a sgancio rapido in vita \u00e8 facile da usare.<\/p>\n<p>Ampio spazio di archiviazione: tasca nascosta incorporata e la tasca multiuso pu\u00f2 essere installata o rimossa in base alle proprie esigenze.<\/p>\n<p>Dotato di piastre antiproiettile NIJ IIIA anteriori e posteriori: in grado di affrontare la minaccia dei proiettili di pistola.<\/p>\n<p>TAGLIA REGOLABILE: Taglia regolabile con velcro sui lati e sulle spalle.<\/p>\n","protected":false},"featured_media":5163,"comment_status":"open","ping_status":"closed","template":"","meta":[],"product_brand":[],"product_cat":[227],"product_tag":[],"woo-feed-brand":[50],"class_list":{"0":"post-5704","1":"product","2":"type-product","3":"status-publish","4":"has-post-thumbnail","6":"product_cat-tactical-vest-it","7":"woo-feed-brand-tyditiao","9":"first","10":"instock","11":"sale","12":"shipping-taxable","13":"purchasable","14":"product-type-simple"},"_links":{"self":[{"href":"https:\/\/tyditiao.com\/it\/wp-json\/wp\/v2\/product\/5704","targetHints":{"allow":["GET"]}}],"collection":[{"href":"https:\/\/tyditiao.com\/it\/wp-json\/wp\/v2\/product"}],"about":[{"href":"https:\/\/tyditiao.com\/it\/wp-json\/wp\/v2\/types\/product"}],"replies":[{"embeddable":true,"href":"https:\/\/tyditiao.com\/it\/wp-json\/wp\/v2\/comments?post=5704"}],"wp:featuredmedia":[{"embeddable":true,"href":"https:\/\/tyditiao.com\/it\/wp-json\/wp\/v2\/media\/5163"}],"wp:attachment":[{"href":"https:\/\/tyditiao.com\/it\/wp-json\/wp\/v2\/media?parent=5704"}],"wp:term":[{"taxonomy":"product_brand","embeddable":true,"href":"https:\/\/tyditiao.com\/it\/wp-json\/wp\/v2\/product_brand?post=5704"},{"taxonomy":"product_cat","embeddable":true,"href":"https:\/\/tyditiao.com\/it\/wp-json\/wp\/v2\/product_cat?post=5704"},{"taxonomy":"product_tag","embeddable":true,"href":"https:\/\/tyditiao.com\/it\/wp-json\/wp\/v2\/product_tag?post=5704"},{"taxonomy":"woo-feed-brand","embeddable":true,"href":"https:\/\/tyditiao.com\/it\/wp-json\/wp\/v2\/woo-feed-brand?post=5704"}],"curies":[{"name":"wp","href":"https:\/\/api.w.org\/{rel}","templated":true}]}}