{"id":5706,"date":"2022-10-21T05:10:23","date_gmt":"2022-10-21T03:10:23","guid":{"rendered":"http:\/\/tyditiao.com\/product\/sicpe-nij-level-iv-23mm-2-5kg-inserto-balistico-corazza-antiproiettile-250x300mm\/"},"modified":"2025-03-17T07:44:00","modified_gmt":"2025-03-17T05:44:00","slug":"sicpe-nij-level-iv-23mm-2-5kgn-corazza-proiettile-250x300mm","status":"publish","type":"product","link":"https:\/\/tyditiao.com\/it\/prodotto\/sicpe-nij-level-iv-23mm-2-5kgn-corazza-proiettile-250x300mm\/","title":{"rendered":"SIC+PE, NIJ Level IV, 23MM, 2.5KG, inserto balistico corazza antiproiettile, 250X300MM"},"content":{"rendered":"<p>Nome: piastra antiproiettile in carburo di silicio ultraleggero di grado IV NIJ<\/p>\n<p>Standard: NIJ 0101.06 Classe IV, possiamo fornire il rapporto di prova corrispondente.<\/p>\n<p>Materiale: SiC + UHMW-PE<\/p>\n<p>Peso: 2,5 kg + 0,05 kg \/ 2,20 + 0,11 libbre<\/p>\n<p>Spessore: 23 mm<\/p>\n<p>Strato esterno: tessuto in poliestere impermeabile nero;<br \/>\nDimensioni: 250&#215;300 mm \/ 9,8&#8217;x11,8&#8242;<br \/>\nForma: trapezoidale (tavola trapezoidale con angoli smussati)<\/p>\n<p>Lista imballaggio:<br \/>\n1 piastra antiproiettile trapezoidale.<\/p>\n<p>Avviso:<br \/>\nGilet catarifrangente non incluso<\/p>\n<p>Utenti target: piastre antiproiettile NIJ Classe IV Superlight Sic da utilizzare contro le minacce legate alle armi. Le forze armate, le agenzie SWAT, le agenzie di sicurezza interna, le agenzie doganali e di protezione delle frontiere, le agenzie di controllo dell&#8217;immigrazione e altre agenzie a rischio di armi da fuoco possono essere equipaggiate con i nostri prodotti. Le persone ottengono risultati migliori e meno vittime. Il prodotto \u00e8 anche pi\u00f9 adatto per situazioni come missioni a lunga distanza o missioni a lunga distanza. \u00c8 anche una buona scelta per la protezione della tua famiglia<\/p>\n<p><!--more--><\/p>\n<p>Parametri dei proiettili contro cui NIJ IV pu\u00f2 difendersi:<\/p>\n<p>Alloggiamento interamente in metallo 7,62 x 51 mm M80 (FMJ) \/ Sfera NATO;<\/p>\n<p>7,62 x 39 mm AK47 Anima in piombo (LC) \/ Anima in acciaio dolce (MSC);<\/p>\n<p>5,56 x 45 mm M193 Piombo (LC) \/ Sfera NATO SS109;<\/p>\n<p>Gli inserti balistici sono spesso usati nelle armature o nei giubbotti tattici. Esistono due tipi di cartucce antiproiettile: frontale e laterale. Il pannello frontale protegge il torace e la schiena, mentre i pannelli laterali proteggono i lati del corpo. Gli smussi di solito proteggono la parte anteriore del torace e i quadrati proteggono la parte posteriore.<\/p>\n<p>Esistono quattro tipi di materiali per piastre antiproiettile: acciaio antiproiettile, polietilene PE, PE + allumina, PE + carburo di silicio. Disponibile in una variet\u00e0 di modelli di materiale, questa batteria \u00e8 in puro PE + silicio.<\/p>\n<p>Gli inserti antiproiettile in ceramica sono solitamente realizzati con materiali come ceramica e polietilene PE. La regola \u00e8: quando un proiettile colpisce una cartuccia antiproiettile, il proiettile colpisce prima la parte superiore dello strato di ceramica. L&#8217;enorme forza d&#8217;impatto del proiettile viene trasmessa all&#8217;ambiente, assorbendo l&#8217;enorme energia cinetica del proiettile. Quando il proiettile passa attraverso lo strato ceramico, perde la maggior parte della sua energia cinetica. Quando il proiettile raggiunge lo strato di polietilene, il polietilene dissipa l&#8217;energia cinetica del proiettile allungando e avvolgendo il proiettile e i frammenti, con scarso effetto sul corpo, fornendo un&#8217;eccellente protezione.<\/p>\n","protected":false},"excerpt":{"rendered":"<p>Piastra balistica ultraleggera in carburo di silicio di grado IV NIJ in grado di resistere alla minaccia dei colpi di fucile convenzionali.<\/p>\n<p>Processo maturo: mostrer\u00e0 prestazioni protettive stabili ed eccellenti.<\/p>\n<p>Pi\u00f9 leggero e pi\u00f9 conveniente dei pannelli in ceramica di allumina.<\/p>\n<p>Lo strato superiore \u00e8 realizzato in tessuto di poliestere resistente all&#8217;acqua e il pannello \u00e8 impermeabile e antimacchia.<\/p>\n","protected":false},"featured_media":5405,"comment_status":"open","ping_status":"closed","template":"","meta":[],"product_brand":[],"product_cat":[228],"product_tag":[],"woo-feed-brand":[50],"class_list":{"0":"post-5706","1":"product","2":"type-product","3":"status-publish","4":"has-post-thumbnail","6":"product_cat-bulletproof-chest-plate-it","7":"woo-feed-brand-tyditiao","9":"first","10":"instock","11":"sale","12":"shipping-taxable","13":"purchasable","14":"product-type-simple"},"_links":{"self":[{"href":"https:\/\/tyditiao.com\/it\/wp-json\/wp\/v2\/product\/5706","targetHints":{"allow":["GET"]}}],"collection":[{"href":"https:\/\/tyditiao.com\/it\/wp-json\/wp\/v2\/product"}],"about":[{"href":"https:\/\/tyditiao.com\/it\/wp-json\/wp\/v2\/types\/product"}],"replies":[{"embeddable":true,"href":"https:\/\/tyditiao.com\/it\/wp-json\/wp\/v2\/comments?post=5706"}],"wp:featuredmedia":[{"embeddable":true,"href":"https:\/\/tyditiao.com\/it\/wp-json\/wp\/v2\/media\/5405"}],"wp:attachment":[{"href":"https:\/\/tyditiao.com\/it\/wp-json\/wp\/v2\/media?parent=5706"}],"wp:term":[{"taxonomy":"product_brand","embeddable":true,"href":"https:\/\/tyditiao.com\/it\/wp-json\/wp\/v2\/product_brand?post=5706"},{"taxonomy":"product_cat","embeddable":true,"href":"https:\/\/tyditiao.com\/it\/wp-json\/wp\/v2\/product_cat?post=5706"},{"taxonomy":"product_tag","embeddable":true,"href":"https:\/\/tyditiao.com\/it\/wp-json\/wp\/v2\/product_tag?post=5706"},{"taxonomy":"woo-feed-brand","embeddable":true,"href":"https:\/\/tyditiao.com\/it\/wp-json\/wp\/v2\/woo-feed-brand?post=5706"}],"curies":[{"name":"wp","href":"https:\/\/api.w.org\/{rel}","templated":true}]}}