{"id":5707,"date":"2022-10-21T05:13:02","date_gmt":"2022-10-21T03:13:02","guid":{"rendered":"http:\/\/tyditiao.com\/product\/sic-pe-nij-iii-20mm-1-8kg-corazza-antiproiettile-inserto-balistico-250x300mm\/"},"modified":"2022-10-23T02:18:56","modified_gmt":"2022-10-23T00:18:56","slug":"sicpe-nij-level-iii-20mm-1-8kgn-corazza-proiettile-250x300mm","status":"publish","type":"product","link":"https:\/\/tyditiao.com\/it\/prodotto\/sicpe-nij-level-iii-20mm-1-8kgn-corazza-proiettile-250x300mm\/","title":{"rendered":"SIC + PE, NIJ III, 20MM, 1.8KG, corazza antiproiettile, inserto balistico, 250X300MM"},"content":{"rendered":"<p>Peso: 1,8 kg<br \/>\nMateriale: Sci+PE<br \/>\nSpessore: 20 mm<br \/>\nClasse di protezione: classe NIJ III (GA5)<\/p>\n<p>Strato esterno: tessuto in poliestere impermeabile nero;<br \/>\nDimensioni: 250&#215;300 mm \/ 9,8&#8217;x11,8&#8242;<br \/>\nForma: trapezoidale (tavola trapezoidale con angoli smussati)<\/p>\n<p>Lista imballaggio:<br \/>\n1 piastra antiproiettile trapezoidale.<\/p>\n<p>Avviso:<br \/>\nGilet catarifrangente non incluso<\/p>\n<p>Utenti previsti: Forze armate, SWAT, Sicurezza interna, Protezione doganale e delle frontiere, Controllo dell&#8217;immigrazione e altri soggetti esposti a minacce di armi possono essere equipaggiati con i nostri prodotti. Le persone ottengono risultati migliori e meno vittime. Il prodotto \u00e8 anche pi\u00f9 adatto per situazioni come missioni a lunga distanza o missioni a lunga distanza. \u00c8 anche una buona scelta per la protezione della tua famiglia<\/p>\n<p>Gli inserti balistici sono spesso usati nelle armature o nei giubbotti tattici. Esistono due tipi di cartucce antiproiettile: frontale e laterale. Il pannello frontale protegge il torace e la schiena, mentre i pannelli laterali proteggono i lati del corpo. Gli smussi di solito proteggono la parte anteriore del torace e i quadrati proteggono la parte posteriore.<\/p>\n<p>Esistono quattro tipi di materiali per piastre antiproiettile: acciaio antiproiettile, polietilene PE, PE + allumina, PE + carburo di silicio. Disponibile in una variet\u00e0 di modelli di materiale, questa batteria \u00e8 in puro PE + silicio.<\/p>\n<p>Gli inserti antiproiettile in ceramica sono solitamente realizzati con materiali come ceramica e polietilene PE. La regola \u00e8: quando un proiettile colpisce una cartuccia antiproiettile, il proiettile colpisce prima la parte superiore dello strato di ceramica. L&#8217;enorme forza d&#8217;impatto del proiettile viene trasmessa all&#8217;ambiente, assorbendo l&#8217;enorme energia cinetica del proiettile. Quando il proiettile passa attraverso lo strato ceramico, perde la maggior parte della sua energia cinetica. Quando il proiettile raggiunge lo strato di polietilene, il polietilene dissipa l&#8217;energia cinetica del proiettile allungando e avvolgendo il proiettile e i frammenti, con scarso effetto sul corpo, fornendo un&#8217;eccellente protezione.<\/p>\n","protected":false},"excerpt":{"rendered":"<p>NIJ 0101.06 Piastra antiproiettile in carburo di silicio ultraleggera di grado III, \u00e8 possibile fornire un rapporto di prova corrispondente.<\/p>\n<p>Processo maturo: mostrer\u00e0 prestazioni protettive stabili ed eccellenti.<\/p>\n<p>Pi\u00f9 leggero e pi\u00f9 conveniente dei pannelli in ceramica di allumina.<\/p>\n<p>Lo strato superiore \u00e8 realizzato in tessuto di poliestere resistente all&#8217;acqua e il pannello \u00e8 impermeabile e antimacchia.<\/p>\n","protected":false},"featured_media":5387,"comment_status":"open","ping_status":"closed","template":"","meta":[],"product_brand":[],"product_cat":[228],"product_tag":[],"woo-feed-brand":[50],"class_list":{"0":"post-5707","1":"product","2":"type-product","3":"status-publish","4":"has-post-thumbnail","6":"product_cat-bulletproof-chest-plate-it","7":"woo-feed-brand-tyditiao","9":"first","10":"instock","11":"sale","12":"shipping-taxable","13":"purchasable","14":"product-type-simple"},"_links":{"self":[{"href":"https:\/\/tyditiao.com\/it\/wp-json\/wp\/v2\/product\/5707","targetHints":{"allow":["GET"]}}],"collection":[{"href":"https:\/\/tyditiao.com\/it\/wp-json\/wp\/v2\/product"}],"about":[{"href":"https:\/\/tyditiao.com\/it\/wp-json\/wp\/v2\/types\/product"}],"replies":[{"embeddable":true,"href":"https:\/\/tyditiao.com\/it\/wp-json\/wp\/v2\/comments?post=5707"}],"wp:featuredmedia":[{"embeddable":true,"href":"https:\/\/tyditiao.com\/it\/wp-json\/wp\/v2\/media\/5387"}],"wp:attachment":[{"href":"https:\/\/tyditiao.com\/it\/wp-json\/wp\/v2\/media?parent=5707"}],"wp:term":[{"taxonomy":"product_brand","embeddable":true,"href":"https:\/\/tyditiao.com\/it\/wp-json\/wp\/v2\/product_brand?post=5707"},{"taxonomy":"product_cat","embeddable":true,"href":"https:\/\/tyditiao.com\/it\/wp-json\/wp\/v2\/product_cat?post=5707"},{"taxonomy":"product_tag","embeddable":true,"href":"https:\/\/tyditiao.com\/it\/wp-json\/wp\/v2\/product_tag?post=5707"},{"taxonomy":"woo-feed-brand","embeddable":true,"href":"https:\/\/tyditiao.com\/it\/wp-json\/wp\/v2\/woo-feed-brand?post=5707"}],"curies":[{"name":"wp","href":"https:\/\/api.w.org\/{rel}","templated":true}]}}