{"id":5708,"date":"2022-10-21T05:15:35","date_gmt":"2022-10-21T03:15:35","guid":{"rendered":"http:\/\/tyditiao.com\/product\/alluminape-nij-iv-23mm-2-9kg-corazza-antiproiettile-250x300mm\/"},"modified":"2025-03-17T07:47:07","modified_gmt":"2025-03-17T05:47:07","slug":"allumina-nij-level-iv-23mm-2-9kg-nustro-antiproiettile-250x300mm","status":"publish","type":"product","link":"https:\/\/tyditiao.com\/it\/prodotto\/allumina-nij-level-iv-23mm-2-9kg-nustro-antiproiettile-250x300mm\/","title":{"rendered":"Allumina+PE, NIJ IV, 23MM, 2.9KG, corazza antiproiettile, 250X300MM"},"content":{"rendered":"<p>Peso: 2,9 kg<br \/>\nMateriale: allumina+PE<br \/>\nSpessore: 23 mm<br \/>\nClasse di protezione: classe NIJ IV(GA6)<\/p>\n<p>Strato esterno: tessuto in poliestere impermeabile nero;<br \/>\nDimensioni: 250&#215;300 mm \/ 9,8&#8217;x11,8&#8242;<br \/>\nForma: trapezoidale (tavola trapezoidale con angoli smussati)<\/p>\n<p>Lista imballaggio:<br \/>\n1 piastra antiproiettile trapezoidale.<\/p>\n<p>Avviso:<br \/>\nGilet catarifrangente non incluso<\/p>\n<p>Utenti previsti: Forze armate, SWAT, Sicurezza interna, Protezione doganale e delle frontiere, Controllo dell&#8217;immigrazione e altri soggetti esposti a minacce di armi possono essere equipaggiati con i nostri prodotti. Le persone ottengono risultati migliori e meno vittime. Il prodotto \u00e8 anche pi\u00f9 adatto per situazioni come missioni a lunga distanza o missioni a lunga distanza. \u00c8 anche una buona scelta per la protezione della tua famiglia<\/p>\n<p>Gli inserti antiproiettile in ceramica sono solitamente realizzati con materiali come ceramica e polietilene PE. La regola \u00e8: quando un proiettile colpisce una cartuccia antiproiettile, il proiettile colpisce prima la parte superiore dello strato di ceramica. L&#8217;enorme forza d&#8217;impatto del proiettile viene trasmessa all&#8217;ambiente, assorbendo l&#8217;enorme energia cinetica del proiettile. Quando il proiettile passa attraverso lo strato ceramico, perde la maggior parte della sua energia cinetica. Quando il proiettile raggiunge lo strato di polietilene, il polietilene dissipa l&#8217;energia cinetica del proiettile allungando e avvolgendo il proiettile e i frammenti, con scarso effetto sul corpo, fornendo un&#8217;eccellente protezione.<\/p>\n","protected":false},"excerpt":{"rendered":"<p>Alla stessa valutazione balistica, \u00e8 pi\u00f9 leggero dell&#8217;acciaio e meno costoso del carburo di silicio, quindi il balistico in ceramica di allumina \u00e8 un buon equilibrio.<\/p>\n<p>Lo strato superiore \u00e8 realizzato in tessuto di poliestere resistente all&#8217;acqua e il pannello \u00e8 impermeabile e antimacchia.<\/p>\n<p>Strato tampone: ogni piastra antiproiettile \u00e8 attaccata allo strato interno del pad antiurto EVA, che pu\u00f2 ridurre efficacemente l&#8217;impatto sul corpo umano dopo l&#8217;esplosione<\/p>\n<p>Materiale della piastra: lo strato superiore \u00e8 una piastra in ceramica di alluminio e lo strato inferiore \u00e8 una piastra antiproiettile in PE;<\/p>\n","protected":false},"featured_media":5333,"comment_status":"open","ping_status":"closed","template":"","meta":[],"product_brand":[],"product_cat":[228],"product_tag":[],"woo-feed-brand":[50],"class_list":{"0":"post-5708","1":"product","2":"type-product","3":"status-publish","4":"has-post-thumbnail","6":"product_cat-bulletproof-chest-plate-it","7":"woo-feed-brand-tyditiao","9":"first","10":"instock","11":"sale","12":"shipping-taxable","13":"purchasable","14":"product-type-simple"},"_links":{"self":[{"href":"https:\/\/tyditiao.com\/it\/wp-json\/wp\/v2\/product\/5708","targetHints":{"allow":["GET"]}}],"collection":[{"href":"https:\/\/tyditiao.com\/it\/wp-json\/wp\/v2\/product"}],"about":[{"href":"https:\/\/tyditiao.com\/it\/wp-json\/wp\/v2\/types\/product"}],"replies":[{"embeddable":true,"href":"https:\/\/tyditiao.com\/it\/wp-json\/wp\/v2\/comments?post=5708"}],"wp:featuredmedia":[{"embeddable":true,"href":"https:\/\/tyditiao.com\/it\/wp-json\/wp\/v2\/media\/5333"}],"wp:attachment":[{"href":"https:\/\/tyditiao.com\/it\/wp-json\/wp\/v2\/media?parent=5708"}],"wp:term":[{"taxonomy":"product_brand","embeddable":true,"href":"https:\/\/tyditiao.com\/it\/wp-json\/wp\/v2\/product_brand?post=5708"},{"taxonomy":"product_cat","embeddable":true,"href":"https:\/\/tyditiao.com\/it\/wp-json\/wp\/v2\/product_cat?post=5708"},{"taxonomy":"product_tag","embeddable":true,"href":"https:\/\/tyditiao.com\/it\/wp-json\/wp\/v2\/product_tag?post=5708"},{"taxonomy":"woo-feed-brand","embeddable":true,"href":"https:\/\/tyditiao.com\/it\/wp-json\/wp\/v2\/woo-feed-brand?post=5708"}],"curies":[{"name":"wp","href":"https:\/\/api.w.org\/{rel}","templated":true}]}}