{"id":5712,"date":"2022-10-21T05:25:40","date_gmt":"2022-10-21T03:25:40","guid":{"rendered":"http:\/\/tyditiao.com\/product\/uhmwpe-nij-level-iiia-7mm-0-5kg-piastra-toracica-antiproiettile-250x300mm\/"},"modified":"2026-01-25T18:08:08","modified_gmt":"2026-01-25T16:08:08","slug":"uhmwpe-nij-level-iiia-7mm-corazza-0-5kgn-antiproiettile-250x300mm","status":"publish","type":"product","link":"https:\/\/tyditiao.com\/it\/prodotto\/uhmwpe-nij-level-iiia-7mm-corazza-0-5kgn-antiproiettile-250x300mm\/","title":{"rendered":"UHMWPE, NIJ Level IIIA, 7MM, 0.5KG, piastra toracica antiproiettile, 250X300MM"},"content":{"rendered":"<p>Peso: 0,5 kg<br \/>\nMateriale: PE<br \/>\nSpessore: 7 mm<br \/>\nClasse di protezione: livello NIJ IIIA (GA4)<\/p>\n<p>Strato esterno: tessuto in poliestere impermeabile nero;<br \/>\nDimensioni: 250&#215;300 mm \/ 9,8&#8217;x11,8&#8242;<br \/>\nForma: trapezoidale (tavola trapezoidale con angoli smussati)<\/p>\n<p>Lista imballaggio:<br \/>\n1 piastra antiproiettile trapezoidale.<\/p>\n<p>Avviso:<br \/>\nGilet catarifrangente non incluso<\/p>\n<p>Utenti previsti: Forze armate, SWAT, Sicurezza interna, Protezione doganale e delle frontiere, Controllo dell&#8217;immigrazione e altri soggetti esposti a minacce di armi possono essere equipaggiati con i nostri prodotti. Le persone ottengono risultati migliori e meno vittime. Il prodotto \u00e8 anche pi\u00f9 adatto per situazioni come missioni a lunga distanza o missioni a lunga distanza. \u00c8 anche una buona scelta per la protezione della tua famiglia<\/p>\n","protected":false},"excerpt":{"rendered":"<p>Questa fodera \u00e8 realizzata in pura fibra di PE: il vantaggio \u00e8 la leggerezza e meno possibilit\u00e0 di danni secondari dopo la frittura. Una volta bloccato, il proiettile viene incastrato nella lama con una bassissima probabilit\u00e0 di rimbalzo<\/p>\n<p>Piastra antiproiettile in puro PE, grado NIJ IIIA: peso 0,5 kg, pistola a prova di piombo, tipo 54, tipo 64, fucile mitragliatore tipo 79<\/p>\n<p>Strato tampone: all&#8217;interno di ciascuna piastra antiproiettile \u00e8 presente uno strato di batuffolo di cotone EVA antiurto, che pu\u00f2 ridurre efficacemente l&#8217;impatto sul corpo umano dopo essere stato bombardato<\/p>\n<p>Design a doppio arco: la stiratura meccanica sui lati sinistro e destro della tavola secondo principi ergonomici fa s\u00ec che i bordi arcuati si adattino perfettamente al corpo<\/p>\n","protected":false},"featured_media":5459,"comment_status":"open","ping_status":"closed","template":"","meta":[],"product_brand":[],"product_cat":[228],"product_tag":[],"woo-feed-brand":[50],"class_list":{"0":"post-5712","1":"product","2":"type-product","3":"status-publish","4":"has-post-thumbnail","6":"product_cat-bulletproof-chest-plate-it","7":"woo-feed-brand-tyditiao","9":"first","10":"instock","11":"sale","12":"shipping-taxable","13":"purchasable","14":"product-type-simple"},"_links":{"self":[{"href":"https:\/\/tyditiao.com\/it\/wp-json\/wp\/v2\/product\/5712","targetHints":{"allow":["GET"]}}],"collection":[{"href":"https:\/\/tyditiao.com\/it\/wp-json\/wp\/v2\/product"}],"about":[{"href":"https:\/\/tyditiao.com\/it\/wp-json\/wp\/v2\/types\/product"}],"replies":[{"embeddable":true,"href":"https:\/\/tyditiao.com\/it\/wp-json\/wp\/v2\/comments?post=5712"}],"wp:featuredmedia":[{"embeddable":true,"href":"https:\/\/tyditiao.com\/it\/wp-json\/wp\/v2\/media\/5459"}],"wp:attachment":[{"href":"https:\/\/tyditiao.com\/it\/wp-json\/wp\/v2\/media?parent=5712"}],"wp:term":[{"taxonomy":"product_brand","embeddable":true,"href":"https:\/\/tyditiao.com\/it\/wp-json\/wp\/v2\/product_brand?post=5712"},{"taxonomy":"product_cat","embeddable":true,"href":"https:\/\/tyditiao.com\/it\/wp-json\/wp\/v2\/product_cat?post=5712"},{"taxonomy":"product_tag","embeddable":true,"href":"https:\/\/tyditiao.com\/it\/wp-json\/wp\/v2\/product_tag?post=5712"},{"taxonomy":"woo-feed-brand","embeddable":true,"href":"https:\/\/tyditiao.com\/it\/wp-json\/wp\/v2\/woo-feed-brand?post=5712"}],"curies":[{"name":"wp","href":"https:\/\/api.w.org\/{rel}","templated":true}]}}