{"id":6046,"date":"2023-01-16T12:36:49","date_gmt":"2023-01-16T10:36:49","guid":{"rendered":"http:\/\/tyditiao.com\/product\/armatura-occultabile-giubbotto-antiproiettile-con-livello-di-protezione-nij-iiia-equipaggiamento-personale-per-la-sicurezza-allaperto\/"},"modified":"2025-11-17T18:23:47","modified_gmt":"2025-11-17T16:23:47","slug":"giubbotto-antiproiettile-occultabile-giubbotto-antiproiettile-con-livello-di-protezione-ni-iiia-dispositivi-per-la-sicurezza-personale-all-aperto","status":"publish","type":"product","link":"https:\/\/tyditiao.com\/it\/prodotto\/giubbotto-antiproiettile-occultabile-giubbotto-antiproiettile-con-livello-di-protezione-ni-iiia-dispositivi-per-la-sicurezza-personale-all-aperto\/","title":{"rendered":"Armatura occultabile, giubbotto antiproiettile con livello di protezione NIJ IIIA, equipaggiamento personale per la sicurezza all&#8217;aperto"},"content":{"rendered":"<p>Materiale: materiale PE polimerico ultra alto, che pu\u00f2 resistere a pi\u00f9 colpi mantenendo la flessibilit\u00e0. Presenta leggerezza, morbidezza, comfort, eccellente resistenza ai raggi UV, bassa sensibilit\u00e0 all&#8217;umidit\u00e0 e resistenza all&#8217;acqua.<\/p>\n<p>Grado di protezione: protezione NIJ IIIA su fronte e retro<\/p>\n<p>Proiettili bloccabili:<br \/>\n.44 Magnum<br \/>\n.40 SW, .357 Magnum, .45<br \/>\nfucile mitragliatore 9mm<br \/>\nProiettili a punta cava semi-rivestiti (SJHP)<br \/>\nCalibrazione del proiettile completamente in metallo Proiettile completamente rivestito in metallo da 9 mm con una massa nominale di 8,0 g (124 g) e una velocit\u00e0 d&#8217;impatto di 426 m \/ s (1.400 piedi \/ s) o inferiore<br \/>\nFornisce inoltre protezione contro la maggior parte delle minacce da arma da fuoco e dalle minacce di Classe IIA e II<\/p>\n<p>Colore: nero<br \/>\nGenere: unisex<br \/>\nTipo di abbigliamento: gilet, top<br \/>\nTipo di manica: senza maniche<br \/>\nFunzione: antiproiettile<br \/>\ntaglia: taglia unica<br \/>\nPeso: 2,5 kg<br \/>\nLavaggio: la fodera interna e il capospalla possono essere separati, lo strato interno antiproiettile non pu\u00f2 essere lavato, basta pulire lo strato esterno<\/p>\n<p>Confezione: 1 giubbotto antiproiettile (NIJ IIIA)<\/p>\n","protected":false},"excerpt":{"rendered":"<p>Morbido e leggero: flessibile, comodo da indossare, in pratica non influisce sul corpo umano per correre o accovacciarsi<\/p>\n<p>Ottimo occultamento: regolabile in 4 punti diversi con cinghie in velcro per un facile occultamento sotto i vestiti<\/p>\n<p>Protezione NIJ IIIA: il pi\u00f9 alto livello di protezione attualmente disponibile per i giubbotti antiproiettile<\/p>\n<p>Buone prestazioni di espansione: le tasche dell&#8217;armatura anteriore e posteriore possono essere fissate con piastre in acciaio antiproiettile per fornire una protezione aggiuntiva in base alle proprie esigenze<\/p>\n<p>Persone applicabili: giornalisti e personale militare viaggiano attraverso aree devastate dalla guerra e possono anche essere utilizzati per la difesa domestica per proteggere la propria sicurezza e il proprio corpo da proiettili e detriti<\/p>\n","protected":false},"featured_media":6025,"comment_status":"open","ping_status":"closed","template":"","meta":[],"product_brand":[],"product_cat":[227],"product_tag":[],"woo-feed-brand":[50],"class_list":{"0":"post-6046","1":"product","2":"type-product","3":"status-publish","4":"has-post-thumbnail","6":"product_cat-tactical-vest-it","7":"woo-feed-brand-tyditiao","9":"first","10":"instock","11":"sale","12":"shipping-taxable","13":"purchasable","14":"product-type-simple"},"_links":{"self":[{"href":"https:\/\/tyditiao.com\/it\/wp-json\/wp\/v2\/product\/6046","targetHints":{"allow":["GET"]}}],"collection":[{"href":"https:\/\/tyditiao.com\/it\/wp-json\/wp\/v2\/product"}],"about":[{"href":"https:\/\/tyditiao.com\/it\/wp-json\/wp\/v2\/types\/product"}],"replies":[{"embeddable":true,"href":"https:\/\/tyditiao.com\/it\/wp-json\/wp\/v2\/comments?post=6046"}],"wp:featuredmedia":[{"embeddable":true,"href":"https:\/\/tyditiao.com\/it\/wp-json\/wp\/v2\/media\/6025"}],"wp:attachment":[{"href":"https:\/\/tyditiao.com\/it\/wp-json\/wp\/v2\/media?parent=6046"}],"wp:term":[{"taxonomy":"product_brand","embeddable":true,"href":"https:\/\/tyditiao.com\/it\/wp-json\/wp\/v2\/product_brand?post=6046"},{"taxonomy":"product_cat","embeddable":true,"href":"https:\/\/tyditiao.com\/it\/wp-json\/wp\/v2\/product_cat?post=6046"},{"taxonomy":"product_tag","embeddable":true,"href":"https:\/\/tyditiao.com\/it\/wp-json\/wp\/v2\/product_tag?post=6046"},{"taxonomy":"woo-feed-brand","embeddable":true,"href":"https:\/\/tyditiao.com\/it\/wp-json\/wp\/v2\/woo-feed-brand?post=6046"}],"curies":[{"name":"wp","href":"https:\/\/api.w.org\/{rel}","templated":true}]}}