{"id":7279,"date":"2023-03-05T03:08:59","date_gmt":"2023-03-05T12:37:18","guid":{"rendered":"http:\/\/tyditiao.com\/product\/corda-statica-completa-in-kevlar-corda-da-arrampicata-per-paracadute-corda-antincendio-8-105-mm-10-m\/"},"modified":"2023-03-05T14:37:18","modified_gmt":"2023-03-05T12:37:18","slug":"corda-per-ombrello-di-sicurezza-antincendio-per-arrampicata-in-kevlar-completamente-elettrostatico-8-105-mm-10-m","status":"publish","type":"product","link":"https:\/\/tyditiao.com\/it\/prodotto\/corda-per-ombrello-di-sicurezza-antincendio-per-arrampicata-in-kevlar-completamente-elettrostatico-8-105-mm-10-m\/","title":{"rendered":"Corda statica completa in Kevlar, corda da arrampicata per paracadute, corda antincendio, 8, 10,5 mm (10 m)"},"content":{"rendered":"<p>Se desideri acquistare una corda pi\u00f9 lunga, ad esempio 50 metri, acquista 5 * 10 metri di corda, quindi lascia un messaggio al venditore che ti serve un&#8217;intera corda di 50 metri.<\/p>\n<p><strong>Informazioni sui moschettoni:<\/strong> se acquisti una corda lunga pi\u00f9 di 10 metri, ti forniremo due moschettoni come indicato nell&#8217;immagine. Puoi installarlo su entrambe le estremit\u00e0 della corda, oppure puoi lasciarlo da solo ed \u00e8 incluso nella confezione. Mandaci un messaggio e facci sapere la tua decisione<\/p>\n<p>Nome del prodotto: corda statica in kevlar completa<br \/>\nMateriale: kevlar<br \/>\nColore: colore come mostrato nell&#8217;immagine<br \/>\nDiametro: 10,5 mm, 8 mm<br \/>\nPeso netto (\u00b15%): 10,5 mm (75 g\/m) 8 mm (43 g\/m)<br \/>\nForza di trazione: 10,5 mm (40 kN\/4000 kg) 8 mm (28 kN\/2800 kg)<br \/>\nCertificazione: CE EN1891:1998<br \/>\nCaratteristiche: alta resistenza, resistenza alle alte temperature, buona tenacit\u00e0, forte resistenza allo strappo<br \/>\nMultifunzione: arrampicata, espansione, lotta antincendio, lavoro aereo, speleologia, impiccagione, ecc.<\/p>\n<p>Promemoria amichevole: quando si lavora o si gioca in quota, controllare e mantenere la propria attrezzatura per evitare pericoli causati da un uso improprio<\/p>\n","protected":false},"excerpt":{"rendered":"<p>Se desideri acquistare una corda pi\u00f9 lunga, ad esempio 50 metri, acquista 5 * 10 metri di corda, quindi lascia&#8230;<\/p>\n","protected":false},"featured_media":6497,"comment_status":"open","ping_status":"closed","template":"","meta":[],"product_brand":[],"product_cat":[360],"product_tag":[],"woo-feed-brand":[],"class_list":{"0":"post-7279","1":"product","2":"type-product","3":"status-publish","4":"has-post-thumbnail","6":"product_cat-corda-di-sicurezza","8":"first","9":"instock","10":"shipping-taxable","11":"purchasable","12":"product-type-variable","13":"has-default-attributes"},"_links":{"self":[{"href":"https:\/\/tyditiao.com\/it\/wp-json\/wp\/v2\/product\/7279","targetHints":{"allow":["GET"]}}],"collection":[{"href":"https:\/\/tyditiao.com\/it\/wp-json\/wp\/v2\/product"}],"about":[{"href":"https:\/\/tyditiao.com\/it\/wp-json\/wp\/v2\/types\/product"}],"replies":[{"embeddable":true,"href":"https:\/\/tyditiao.com\/it\/wp-json\/wp\/v2\/comments?post=7279"}],"wp:featuredmedia":[{"embeddable":true,"href":"https:\/\/tyditiao.com\/it\/wp-json\/wp\/v2\/media\/6497"}],"wp:attachment":[{"href":"https:\/\/tyditiao.com\/it\/wp-json\/wp\/v2\/media?parent=7279"}],"wp:term":[{"taxonomy":"product_brand","embeddable":true,"href":"https:\/\/tyditiao.com\/it\/wp-json\/wp\/v2\/product_brand?post=7279"},{"taxonomy":"product_cat","embeddable":true,"href":"https:\/\/tyditiao.com\/it\/wp-json\/wp\/v2\/product_cat?post=7279"},{"taxonomy":"product_tag","embeddable":true,"href":"https:\/\/tyditiao.com\/it\/wp-json\/wp\/v2\/product_tag?post=7279"},{"taxonomy":"woo-feed-brand","embeddable":true,"href":"https:\/\/tyditiao.com\/it\/wp-json\/wp\/v2\/woo-feed-brand?post=7279"}],"curies":[{"name":"wp","href":"https:\/\/api.w.org\/{rel}","templated":true}]}}