{"id":16783,"date":"2025-04-17T09:25:14","date_gmt":"2025-04-17T07:25:14","guid":{"rendered":"https:\/\/tyditiao.com\/product\/fast-balistinis-salmas-su-wendys-zorbium-ideklu-ir-cam-fit-pakabos-sistema-nij-iiia-apsaugos-lygis\/"},"modified":"2026-01-25T18:05:37","modified_gmt":"2026-01-25T16:05:37","slug":"fast-balistinis-salmas-su-wendys-zorbium-ideklu-ir-cam-fit-pakabos-sistema-nij-iiia-apsaugos-lygis","status":"publish","type":"product","link":"https:\/\/tyditiao.com\/lt\/produktas\/fast-balistinis-salmas-su-wendys-zorbium-ideklu-ir-cam-fit-pakabos-sistema-nij-iiia-apsaugos-lygis\/","title":{"rendered":"FAST balistinis \u0161almas, su Wendy&#8217;s Zorbium \u012fd\u0117klu ir CAM FIT pakabos sistema, NIJ IIIA apsaugos lygis"},"content":{"rendered":"<p><strong>Specialios pastabos:<\/strong><\/p>\n<p>Tai m\u016bs\u0173 naujas pavyzdinis modelis, kuriame auk\u0161tos kokyb\u0117s darbas derinamas su auk\u0161\u010diausiu komfortu. Jei nenurodyta kitaip, numatytoji konfig\u016bracija yra tokia: L dydis, \u017ealias, FAST neper\u0161aunamas \u0161almas su Zorbium put\u0173 pamu\u0161alu ir CAM FIT pakabos sistema, NIJ IIIA apsaugos lygis. Be to, si\u016blome plat\u0173 spalv\u0173 (\u017ealia, sm\u0117lio, juoda) ir dyd\u017ei\u0173 (S, M, L, XL) pasirinkim\u0105.<\/p>\n<p>Nesvarbu, kur esate, galite pateikti u\u017esakym\u0105 tiesiogiai naudodami \u0161i\u0105 nuorod\u0105 ir apsipirkti be joki\u0173 problem\u0173. Tiesiog u\u017esakymo pastabose nurodykite reikiam\u0105 dyd\u012f ir spalv\u0105 (pvz.: XL-juoda) ir gausite savo svajoni\u0173 \u012frang\u0105. Pasirink\u0119 kitas spalvas ir dyd\u017eius, joki\u0173 papildom\u0173 mokes\u010di\u0173 neimsime.<\/p>\n<hr \/>\n<p><strong>Gynybos klas\u0117:<\/strong><\/p>\n<p>\u0160is neper\u0161aunamas \u0161almas yra NIJ IIIA lygio neper\u0161aunamas \u0161almas pagal NIJ 0101.06 standart\u0105, tod\u0117l galima pateikti atitinkam\u0105 bandymo ataskait\u0105.<\/p>\n<hr \/>\n<p><strong>Gynybos sviedinio parametrai:<\/strong><\/p>\n<p>.44 Mag SJHP<br \/>\n.357 SIG FMJ FN<br \/>\n9 mm FMJ RN<br \/>\n.357 Mag JSP<br \/>\n.40 S&amp;W FMJ<\/p>\n<p>Taip pat suteikia apsaug\u0105 nuo daugelio ginkl\u0173 gr\u0117smi\u0173, taip pat nuo IIA ir II klas\u0117s gr\u0117smi\u0173<\/p>\n<hr \/>\n<p><strong>Neper\u0161aunamo \u0161almo parametrai:<\/strong><\/p>\n<p>Pavadinimas: NIJ lllA FAST karinis neper\u0161aunamas taktinis \u0161almas Kevlar su Wendy Zorbium putplas\u010dio pamu\u0161alu + CAM FIT pakabos sistema<\/p>\n<p>Med\u017eiaga: didelio stiprumo DuPont Kevlar-aramido pluo\u0161tas<br \/>\nDyd\u017eiai: S, M, L, XL<br \/>\nSpalva: \u017ealia, sm\u0117lio, juoda<br \/>\nPapildomi priedai: neper\u0161aunama kauk\u0117 ir kt.<br \/>\nGarantijos laikotarpis: 5 met\u0173 garantijos laikotarpis gali tur\u0117ti tinkam\u0105 apsaug\u0105, bet jei jis vir\u0161ija garantin\u012f laikotarp\u012f<br \/>\nGyvenimo kokyb\u0117 suma\u017eins geb\u0117jim\u0105 apsisaugoti.<\/p>\n<p>&nbsp;<\/p>\n<hr \/>\n<p><strong>Neper\u0161aunam\u0173 \u0161alm\u0173 detal\u0117s ir dyd\u017ei\u0173 palyginimas:<\/strong><\/p>\n<p>&nbsp;<\/p>\n<table style=\"border-collapse: collapse;\" border=\"1\" cellspacing=\"0\" cellpadding=\"5\">\n<thead>\n<tr>\n<th>Ballistinis \u0161almas \u0160almo dydis<\/th>\n<th>S<\/th>\n<th>M<\/th>\n<th>L<\/th>\n<th>XL<\/th>\n<\/tr>\n<\/thead>\n<tbody>\n<tr>\n<td>Dangos storis<\/td>\n<td>9.5<\/td>\n<td>9.5<\/td>\n<td>10 (9.5)<\/td>\n<td>10 (9.5)<\/td>\n<\/tr>\n<tr>\n<td>Apsaugos lygis<\/td>\n<td>3A.44<\/td>\n<td>3A.44<\/td>\n<td>3A.44<\/td>\n<td>3A.44<\/td>\n<\/tr>\n<tr>\n<td>Ilgoji a\u0161is (ilgoji a\u0161is\/mm)<\/td>\n<td>235<\/td>\n<td>240<\/td>\n<td>247<\/td>\n<td>263<\/td>\n<\/tr>\n<tr>\n<td>Trumpoji a\u0161is (ma\u017eoji a\u0161is\/mm)<\/td>\n<td>182<\/td>\n<td>185<\/td>\n<td>193<\/td>\n<td>205<\/td>\n<\/tr>\n<tr>\n<td>Vidinis auk\u0161tis\/mm<\/td>\n<td>146<\/td>\n<td>153<\/td>\n<td>158<\/td>\n<td>161<\/td>\n<\/tr>\n<tr>\n<td>Galvos apimtis (su nagais)<\/td>\n<td>53-59<\/td>\n<td>53-59<\/td>\n<td>56-59<\/td>\n<td>58-62<\/td>\n<\/tr>\n<tr>\n<td>Standartinis svoris (svoris\/kg)<\/td>\n<td>1.24<\/td>\n<td>1.29<\/td>\n<td>1.32<\/td>\n<td>1.42<\/td>\n<\/tr>\n<tr>\n<td>Svorio nuokrypis\/kg<\/td>\n<td>0.05<\/td>\n<td>0.05<\/td>\n<td>0.05<\/td>\n<td>0.05<\/td>\n<\/tr>\n<tr>\n<td>D\u0117\u017eut\u0117s svoris\/kg<\/td>\n<td>2<\/td>\n<td>2<\/td>\n<td>2<\/td>\n<td>2.1<\/td>\n<\/tr>\n<\/tbody>\n<\/table>\n","protected":false},"excerpt":{"rendered":"<p>FAST balistinio \u0161almo ir Wendy \u0161almo privalum\u0173 derinys suteikia puik\u0173 komfort\u0105 ir apsaug\u0105, leid\u017eian\u010di\u0105 i\u0161laikyti visi\u0161k\u0105 mobilum\u0105 ir saugum\u0105 atliekant bet koki\u0105 u\u017eduot\u012f.<\/p>\n<p>Lengvas ir patogus dizainas: FAST \u0161almas su \u0161iuolaiki\u0161ku lengvu dizainu suma\u017eina svor\u012f iki minimumo, tod\u0117l idealiai tinka ilgalaikiam d\u0117v\u0117jimui sud\u0117tingomis s\u0105lygomis. Suteikia i\u0161skirtin\u012f komfort\u0105 net ir intensyvios veiklos metu.<\/p>\n<p>Tiksli pakabos sistema: Zorbium \u012fd\u0117klas ir CAM FIT pakabos sistema leid\u017eia tiksliai reguliuoti galvos form\u0105, u\u017etikrinant stabil\u0173, mink\u0161t\u0105 ir patog\u0173 prigludim\u0105, o tai garantuoja komfort\u0105 ilg\u0105 laik\u0105 ne\u0161iojant.<\/p>\n<p>Nereikia savaranki\u0161ko surinkimo, o tai leid\u017eia sutaupyti laiko ir pastang\u0173 bei i\u0161 karto m\u0117gautis visa taktine \u012franga.<\/p>\n","protected":false},"featured_media":16573,"comment_status":"open","ping_status":"closed","template":"","meta":[],"product_brand":[],"product_cat":[203,152,351],"product_tag":[],"woo-feed-brand":[50],"class_list":{"0":"post-16783","1":"product","2":"type-product","3":"status-publish","4":"has-post-thumbnail","6":"product_cat-ballistic-mask-lt","7":"product_cat-fast-lt","8":"product_cat-nepersaunamas-salmas","9":"woo-feed-brand-tyditiao","11":"first","12":"instock","13":"sale","14":"shipping-taxable","15":"purchasable","16":"product-type-simple"},"_links":{"self":[{"href":"https:\/\/tyditiao.com\/lt\/wp-json\/wp\/v2\/product\/16783","targetHints":{"allow":["GET"]}}],"collection":[{"href":"https:\/\/tyditiao.com\/lt\/wp-json\/wp\/v2\/product"}],"about":[{"href":"https:\/\/tyditiao.com\/lt\/wp-json\/wp\/v2\/types\/product"}],"replies":[{"embeddable":true,"href":"https:\/\/tyditiao.com\/lt\/wp-json\/wp\/v2\/comments?post=16783"}],"wp:featuredmedia":[{"embeddable":true,"href":"https:\/\/tyditiao.com\/lt\/wp-json\/wp\/v2\/media\/16573"}],"wp:attachment":[{"href":"https:\/\/tyditiao.com\/lt\/wp-json\/wp\/v2\/media?parent=16783"}],"wp:term":[{"taxonomy":"product_brand","embeddable":true,"href":"https:\/\/tyditiao.com\/lt\/wp-json\/wp\/v2\/product_brand?post=16783"},{"taxonomy":"product_cat","embeddable":true,"href":"https:\/\/tyditiao.com\/lt\/wp-json\/wp\/v2\/product_cat?post=16783"},{"taxonomy":"product_tag","embeddable":true,"href":"https:\/\/tyditiao.com\/lt\/wp-json\/wp\/v2\/product_tag?post=16783"},{"taxonomy":"woo-feed-brand","embeddable":true,"href":"https:\/\/tyditiao.com\/lt\/wp-json\/wp\/v2\/woo-feed-brand?post=16783"}],"curies":[{"name":"wp","href":"https:\/\/api.w.org\/{rel}","templated":true}]}}