{"id":3821,"date":"2022-06-13T03:50:24","date_gmt":"2022-06-13T01:50:24","guid":{"rendered":"http:\/\/tyditiao.com\/product\/salmo-kariuomene-iiia-klases-taktine-iranga-kevlaro-salmas-juodas\/"},"modified":"2026-03-17T13:18:07","modified_gmt":"2026-03-17T11:18:07","slug":"mich2000-bulletproof-helm-kevlar-level-3-juoda","status":"publish","type":"product","link":"https:\/\/tyditiao.com\/lt\/produktas\/mich2000-bulletproof-helm-kevlar-level-3-juoda\/","title":{"rendered":"\u0160almo kariuomen\u0117, IIIA klas\u0117s taktin\u0117 \u012franga, Kevlaro \u0161almas, juodas"},"content":{"rendered":"<p><strong>Gynybos klas\u0117:<\/strong><br \/>\n\u0160is neper\u0161aunamas \u0161almas yra NIJ IIIA lygio neper\u0161aunamas \u0161almas pagal NIJ 0101.06 standart\u0105, tod\u0117l galima pateikti atitinkam\u0105 bandymo ataskait\u0105.<\/p>\n<hr \/>\n<p><strong>Gynybos sviedinio parametrai:<\/strong><br \/>\n.44 Mag SJHP<br \/>\n.357 SIG FMJ FN<br \/>\n9mm FMJ RN<br \/>\n.357 Mag JSP<br \/>\n.40 S&amp;W FMJ<\/p>\n<p>Taip pat suteikia apsaug\u0105 nuo daugelio ginkl\u0173 gr\u0117smi\u0173, taip pat nuo IIA ir II klas\u0117s gr\u0117smi\u0173<\/p>\n<hr \/>\n<p><strong>Neper\u0161aunamo \u0161almo parametrai:<\/strong><br \/>\nPavadinimas: NIJ lllA MICH2000 neper\u0161aunamas \u0161almas<\/p>\n<p>Med\u017eiaga: didelio tempimo Kevlar-DuPont aramido pluo\u0161tas<br \/>\nGalvos apimtis: 52-60 cm<br \/>\nPamu\u0161alas: perkeliamas l\u0117tai at\u0161okantis putplas\u010dio pamu\u0161alas u\u017etikrina, kad \u0161almas b\u016bt\u0173 patogus ir apsaugo nuo nuovargio bei perkaitimo.<br \/>\nPapildomi priedai: deguonies kauk\u0117, veido skydas, \u0161oninis skydas, \u0161arv\u0173 \u0161oninis skydas, skydas, \u0161almo dangtelis, neper\u0161aunama kauk\u0117 ir kt.<br \/>\n\u0160almo spalva: juoda<br \/>\nGarantinis laikotarpis: 5 met\u0173 garantinis laikotarpis gali tur\u0117ti pakankamai apsaugos, bet jei garantinis laikotarpis yra vir\u0161ytas<br \/>\nsuma\u017eins apsaug\u0105.<\/p>\n<hr \/>\n<p><strong>\u017dmon\u0117ms:<\/strong><br \/>\nNIJ lllA Kevlar MICH2000 balistinis \u0161almas susidoroja su pistoleto ir skeveldr\u0173 gr\u0117sm\u0117mis, turi didesn\u0119 tvirtinimo talp\u0105, kad b\u016bt\u0173 lengviau ir patogiau. \u0160is \u0161almas tinka vis\u0173 tip\u0173 naudotojams. Toki\u0173 agent\u016br\u0173 kaip kariuomen\u0117, policija, SWAT, vidaus saugumo, muitin\u0117s ir pasienio apsaugos darbuotojai gali b\u016bti apr\u016bpinti patobulintais koviniais paj\u0117gumais. Tai taip pat geras pasirinkimas nam\u0173 apsaugai ir cosplay.<\/p>\n<hr \/>\n<p><strong>Kas yra MICH2000 Kevlar karinis \u0161almas?<\/strong><br \/>\n\u201eModular Integrated Communications Helmet\u201c (MICH) yra amerikieti\u0161kas kovinis \u0161almas ir vienas i\u0161 keli\u0173 JAV kariuomen\u0117s naudojam\u0173 \u0161alm\u0173. J\u012f suk\u016br\u0117 JAV kariuomen\u0117s kari\u0173 sistem\u0173 centras kaip naujos kartos apsaugin\u012f kovos \u0161alm\u0105, kur\u012f naudoja JAV kariuomen\u0117. Pagrindin\u0117 MICH k\u016brimo prie\u017eastis buvo pakeisti apsauginius, bet sunkius PASGT, nes jie buvo lengvesni, patogesni, geriau tilpo, juose buvo lengviau montuoti priedus, ypa\u010d naktinio matymo \u012frang\u0105 ir ry\u0161io ausines. Nesukelia nereikalingo streso kaklui. I\u0161 prad\u017ei\u0173 j\u012f naudojo beveik vien SOCOM ir kai kurie glaud\u017eiai susij\u0119 subjektai. Iki \u0161iol MICH ir jo dariniai, Advanced Combat Helmet ir Modified Combat Helmet, visi\u0161kai pakeit\u0117 PASGT aktyvioje JAV armijos tarnyboje ir yra bent tam tikru mastu naudojami visuose JAV armijos padaliniuose.<\/p>\n<hr \/>\n<p><strong>MICH2000 Kevlar \u0161almo savyb\u0117s:<\/strong><br \/>\nMICH svoris yra ma\u017edaug 1,6 kg. MICH taip pat yra \u0161iek tiek ma\u017eesnis nei PASGT, turi 8% ma\u017eiau nuotolio, naudoja naujus, pa\u017eangesnius Kevlar pluo\u0161tus ir si\u016blo geresn\u0119 pistoleto ir sviedinio apsaug\u0105. Amortizavimo sistema ir keturi\u0173 ta\u0161k\u0173 tvirtinimo sistema, pana\u0161i \u012f riedlen\u010di\u0173, dviratinink\u0173 \u0161alm\u0173 ir vandens \u0161alm\u0173 apsaugas ir dir\u017eelius, pakei\u010dia PASGT \u0161almuose esan\u010di\u0105 nailono laido pakabos sistem\u0105, prakaito juost\u0105 ir smakro dir\u017eel\u012f. \u0160is pakeitimas suteikia naudotojui didesn\u0119 apsaug\u0105 nuo sm\u016bgio ir komfort\u0105. Jis turi priekin\u012f tvirtinimo laikikl\u012f naktinio matymo akiniams (pvz., AN\/PVS-14 arba AN\/PVS-15), pana\u0161\u0173 \u012f esant\u012f ant PASGT \u0161almo. Nugaroje taip pat yra pora dir\u017eeli\u0173 apsauginiams akiniams pritvirtinti, taip pat med\u017eiaginis \u0161almo u\u017evalkalas su \u012fvairiais kamuflia\u017einiais ra\u0161tais. Prie\u0161ingai nei \u201elenktas\u201c kont\u016bras, PASGT vis\u0173 pirma yra antaki\u0173 pa\u0161alinimas ir \u0161on\u0173 pak\u0117limas \u012f \u201eplok\u0161t\u0105\u201c ta\u0161k\u0105 apatiniame kra\u0161te u\u017e smilkini\u0173. Tai \u0161iek tiek suma\u017eina svor\u012f ir leid\u017eia geriau suvokti situacij\u0105 bei ma\u017eiau kli\u016b\u010di\u0173 naudotojo matymo lauke, ypa\u010d derinant su neper\u0161aunamomis liemen\u0117mis. Kariai anks\u010diau skund\u0117si, kad auk\u0161ta perimama apykakl\u0117 ir dviej\u0173 ta\u0161k\u0173 smakro dir\u017eelis stumia PASGT \u0161almo galin\u0119 dal\u012f \u012f priek\u012f, o bandant \u0161audyti i\u0161 gulimos pad\u0117ties, \u0161almo kra\u0161tas slysta pro akis, o tai MICH. susiaurintas kont\u016brinis ir keturi\u0173 ta\u0161k\u0173 smakro dir\u017eelis.<\/p>\n<hr \/>\n<p><strong>Kuris populiaresnis, MICH2000 ar FAST taktinis balistinis \u0161almas?<\/strong><br \/>\nMICH2000 turi didesn\u012f apsaugin\u012f pavir\u0161i\u0173, kuris yra naudingesnis, jei neplanuojate montuoti daug pried\u0173. Jei planuojate rinktis daug \u012frangos, pavyzd\u017eiui (d\u0117v\u0117ti \u017eibintuv\u0117l\u012f, triuk\u0161m\u0105 slopinan\u010dias ausines ir ry\u0161io \u012frang\u0105, naktinio matymo akinius ar vaizdo aparat\u016br\u0105 ir pan.), rekomenduojama rinktis GREITAS, nes ji nebus per sunki. , tai darys spaudim\u0105 kaklui, o tai netiesiogiai paveiks aktyvum\u0105.<\/p>\n<hr \/>\n<p><strong>MICH2000 karinio \u0161almo kaina<\/strong><br \/>\nTai yra m\u016bs\u0173 taktini\u0173 saugos \u0161alm\u0173 parduotuv\u0117, pirkite tiesiai i\u0161 m\u016bs\u0173 svetain\u0117s, galite gauti 15% nuolaid\u0105 nuo pradin\u0117s kainos<\/p>\n<hr \/>\n<p>Jei norite \u012fsigyti m\u016bs\u0173 gamini\u0173 arba turite klausim\u0173 apie m\u016bs\u0173 gaminius;<br \/>\nJei turite koki\u0173 nors pritaikymo poreiki\u0173;<br \/>\nPra\u0161ome (<a href=\"https:\/\/tyditiao.com\/lt\/kontaktas\/\">susisiekite su mumis<\/a>) nedelsiant, mes jums atsakysime per 1 darbo dien\u0105<\/p>\n","protected":false},"excerpt":{"rendered":"<p>Pagaminta i\u0161 didelio stiprumo DuPont Kevlar Aramido pluo\u0161to, atsparus kar\u0161\u010diui ir nelengvai deformuojamas<\/p>\n<p>NIJ IIIA lygis<\/p>\n<p>Galvos perimetro reguliavimo sistema gali padaryti \u0161alm\u0105, kad b\u016bt\u0173 pasiektas idealus d\u0117v\u0117jimo efektas<\/p>\n<p>Kakta sustiprinta elastingais dir\u017eeliais a\u0161tuonkojo \u0161onuose (naktinio matymo stovo apa\u010dioje), kad b\u016bt\u0173 galima pritvirtinti veidrod\u017eius, kameras, naktinio matymo akinius ir kitus prietaisus<\/p>\n<p>\u012erengti b\u0117giai, galingesnis pried\u0173 tvirtinimas, gali b\u016bti \u012frengta stipri \u0161viesos sistema ir \u0161vyturi\u0173 identifikavimo \u017eibintai, taip pat gali b\u016bti \u012frengtos klausos apsaugos<\/p>\n","protected":false},"featured_media":3694,"comment_status":"open","ping_status":"closed","template":"","meta":[],"product_brand":[],"product_cat":[164,351],"product_tag":[],"woo-feed-brand":[50],"class_list":{"0":"post-3821","1":"product","2":"type-product","3":"status-publish","4":"has-post-thumbnail","6":"product_cat-mich2000-lt","7":"product_cat-nepersaunamas-salmas","8":"woo-feed-brand-tyditiao","10":"first","11":"instock","12":"sale","13":"shipping-taxable","14":"purchasable","15":"product-type-simple"},"_links":{"self":[{"href":"https:\/\/tyditiao.com\/lt\/wp-json\/wp\/v2\/product\/3821","targetHints":{"allow":["GET"]}}],"collection":[{"href":"https:\/\/tyditiao.com\/lt\/wp-json\/wp\/v2\/product"}],"about":[{"href":"https:\/\/tyditiao.com\/lt\/wp-json\/wp\/v2\/types\/product"}],"replies":[{"embeddable":true,"href":"https:\/\/tyditiao.com\/lt\/wp-json\/wp\/v2\/comments?post=3821"}],"wp:featuredmedia":[{"embeddable":true,"href":"https:\/\/tyditiao.com\/lt\/wp-json\/wp\/v2\/media\/3694"}],"wp:attachment":[{"href":"https:\/\/tyditiao.com\/lt\/wp-json\/wp\/v2\/media?parent=3821"}],"wp:term":[{"taxonomy":"product_brand","embeddable":true,"href":"https:\/\/tyditiao.com\/lt\/wp-json\/wp\/v2\/product_brand?post=3821"},{"taxonomy":"product_cat","embeddable":true,"href":"https:\/\/tyditiao.com\/lt\/wp-json\/wp\/v2\/product_cat?post=3821"},{"taxonomy":"product_tag","embeddable":true,"href":"https:\/\/tyditiao.com\/lt\/wp-json\/wp\/v2\/product_tag?post=3821"},{"taxonomy":"woo-feed-brand","embeddable":true,"href":"https:\/\/tyditiao.com\/lt\/wp-json\/wp\/v2\/woo-feed-brand?post=3821"}],"curies":[{"name":"wp","href":"https:\/\/api.w.org\/{rel}","templated":true}]}}