{"id":3824,"date":"2022-06-13T03:53:55","date_gmt":"2022-06-13T01:53:55","guid":{"rendered":"http:\/\/tyditiao.com\/product\/nepersaunami-sarvai-iiia-klases-taktinis-salmas-mich2000-specialiuju-pajegu-salmas-sviesiai-ruda\/"},"modified":"2026-01-25T18:16:26","modified_gmt":"2026-01-25T16:16:26","slug":"mich2000-bulletproof-helm-kevlar-level-3-sviesiai-ruda","status":"publish","type":"product","link":"https:\/\/tyditiao.com\/lt\/produktas\/mich2000-bulletproof-helm-kevlar-level-3-sviesiai-ruda\/","title":{"rendered":"Neper\u0161aunami \u0161arvai, IIIA klas\u0117s taktinis \u0161almas, mich2000 speciali\u0173j\u0173 paj\u0117g\u0173 \u0161almas, \u0161viesiai ruda"},"content":{"rendered":"<p>MICH yra \u0161almas, kuris sustabdo pistoleto \u0161ovinius ir u\u017etikrina patikim\u0105 apsaug\u0105 nuo \u0161iuk\u0161li\u0173 ir krintan\u010di\u0173 \u0161iuk\u0161li\u0173. \u017demas pj\u016bvis geriau dengia abi galvos puses nei ant ausies u\u017edengti \u0161almai. \u0160ie \u0161almai taip pat yra su ausini\u0173 kau\u0161eliais, kad tilpt\u0173 ausines ir kit\u0105 ry\u0161io \u012frang\u0105.<\/p>\n<hr \/>\n<p><strong>Gynybos klas\u0117:<\/strong><\/p>\n<p>\u0160is neper\u0161aunamas \u0161almas yra NIJ IIIA lygio neper\u0161aunamas \u0161almas pagal NIJ 0101.06 standart\u0105, tod\u0117l galima pateikti atitinkam\u0105 bandymo ataskait\u0105.<\/p>\n<p>\u0160is gaminys taip pat atitinka patobulinto kovos \u0161almo (ECH) reikalavimus, kai naudojamas su vir\u0161utine \u0161arv\u0173 plok\u0161te, u\u017etikrinan\u010dia tikr\u0105 \u0161autuvo apsaug\u0105.<\/p>\n<hr \/>\n<p><strong>Gynybos sviedinio parametrai:<\/strong><\/p>\n<p>.44 Mag SJHP<br \/>\n.357 SIG FMJ FN<br \/>\n9mm FMJ RN<br \/>\n.357 Mag JSP<br \/>\n.40 S&amp;W FMJ<\/p>\n<p>Taip pat suteikia apsaug\u0105 nuo daugelio ginkl\u0173 gr\u0117smi\u0173, taip pat nuo IIA ir II klas\u0117s gr\u0117smi\u0173<\/p>\n<hr \/>\n<p><strong>Neper\u0161aunamo \u0161almo parametrai:<\/strong><br \/>\nPavadinimas: NIJ lllA MICH2000 neper\u0161aunamas \u0161almas<\/p>\n<p>Med\u017eiaga: didelio tempimo Kevlar-DuPont aramido pluo\u0161tas<br \/>\nGalvos apimtis: 52-60 cm (dviej\u0173 pakop\u0173 atlo\u0161o reguliavimas ir reguliuojamas smakro dir\u017eelis)<br \/>\nPamu\u0161alas: perkeliamas l\u0117tai at\u0161okantis putplas\u010dio pamu\u0161alas u\u017etikrina, kad \u0161almas b\u016bt\u0173 patogus ir apsaugo nuo nuovargio bei perkaitimo.<br \/>\nPapildomi priedai: neper\u0161aunama kauk\u0117 ir kt.<br \/>\n\u0160almo spalva: \u0161viesiai ruda<br \/>\nGarantinis laikotarpis: 5 met\u0173 garantinis laikotarpis gali tur\u0117ti pakankamai apsaugos, bet jei garantinis laikotarpis yra vir\u0161ytas<br \/>\nsuma\u017eins apsaug\u0105.<\/p>\n<hr \/>\n<p><strong>\u017dmon\u0117ms:<\/strong><br \/>\nNIJ lllA Kevlar MICH2000 balistinis \u0161almas susidoroja su pistoleto ir skeveldr\u0173 gr\u0117sm\u0117mis, turi didesn\u0119 tvirtinimo talp\u0105, kad b\u016bt\u0173 lengviau ir patogiau. \u0160is \u0161almas tinka vis\u0173 tip\u0173 naudotojams. Toki\u0173 agent\u016br\u0173 kaip kariuomen\u0117, policija, SWAT, vidaus saugumo, muitin\u0117s ir pasienio apsaugos darbuotojai gali b\u016bti apr\u016bpinti patobulintais koviniais paj\u0117gumais. Tai taip pat geras pasirinkimas nam\u0173 apsaugai ir cosplay.<\/p>\n<hr \/>\n<p>Jei norite \u012fsigyti m\u016bs\u0173 gamini\u0173 arba turite klausim\u0173 apie m\u016bs\u0173 gaminius;<br \/>\nJei turite koki\u0173 nors pritaikymo poreiki\u0173;<br \/>\nPra\u0161ome (<a href=\"https:\/\/tyditiao.com\/lt\/kontaktas\/\">susisiekite su mumis<\/a>) nedelsiant, mes jums atsakysime per 1 darbo dien\u0105<\/p>\n","protected":false},"excerpt":{"rendered":"<p>Didel\u0117 apsaugos zona: Apsaugos zona yra didesn\u0117 nei tradicini\u0173 neper\u0161aunam\u0173 \u0161alm\u0173, tod\u0117l gerai apsaugo ausies dalis<\/p>\n<p>Gera kokyb\u0117: Pagaminta i\u0161 auk\u0161tos kokyb\u0117s DuPont Kevlar Aramido pluo\u0161to, atsparus kar\u0161\u010diui ir lengvai nedeformuojamas<\/p>\n<p>Geri balistiniai rodikliai: NIJ IIIA lygis<\/p>\n<p>Sepij\u0173 d\u017eiovinimo sistema ir kairiojo bei de\u0161iniojo b\u0117gi\u0173 komplektas leid\u017eia \u012fdiegti ausines, ginklo lemput\u0119, kamer\u0105, blyks\u010di\u0173 s\u0105ra\u0161\u0105, naktin\u012f matym\u0105, GoPro kamer\u0105, NVG akinius<\/p>\n<p>Geras atnaujinimo na\u0161umas: atnaujinama deguonies kauk\u0117, \u0161almas, \u0161oninis skydas, \u0161arvuotas \u0161oninis skydas, apsauginis skydas, \u0161almo dangtelis<\/p>\n","protected":false},"featured_media":3127,"comment_status":"open","ping_status":"closed","template":"","meta":[],"product_brand":[],"product_cat":[164,351],"product_tag":[],"woo-feed-brand":[50],"class_list":{"0":"post-3824","1":"product","2":"type-product","3":"status-publish","4":"has-post-thumbnail","6":"product_cat-mich2000-lt","7":"product_cat-nepersaunamas-salmas","8":"woo-feed-brand-tyditiao","10":"first","11":"instock","12":"sale","13":"shipping-taxable","14":"purchasable","15":"product-type-simple"},"_links":{"self":[{"href":"https:\/\/tyditiao.com\/lt\/wp-json\/wp\/v2\/product\/3824","targetHints":{"allow":["GET"]}}],"collection":[{"href":"https:\/\/tyditiao.com\/lt\/wp-json\/wp\/v2\/product"}],"about":[{"href":"https:\/\/tyditiao.com\/lt\/wp-json\/wp\/v2\/types\/product"}],"replies":[{"embeddable":true,"href":"https:\/\/tyditiao.com\/lt\/wp-json\/wp\/v2\/comments?post=3824"}],"wp:featuredmedia":[{"embeddable":true,"href":"https:\/\/tyditiao.com\/lt\/wp-json\/wp\/v2\/media\/3127"}],"wp:attachment":[{"href":"https:\/\/tyditiao.com\/lt\/wp-json\/wp\/v2\/media?parent=3824"}],"wp:term":[{"taxonomy":"product_brand","embeddable":true,"href":"https:\/\/tyditiao.com\/lt\/wp-json\/wp\/v2\/product_brand?post=3824"},{"taxonomy":"product_cat","embeddable":true,"href":"https:\/\/tyditiao.com\/lt\/wp-json\/wp\/v2\/product_cat?post=3824"},{"taxonomy":"product_tag","embeddable":true,"href":"https:\/\/tyditiao.com\/lt\/wp-json\/wp\/v2\/product_tag?post=3824"},{"taxonomy":"woo-feed-brand","embeddable":true,"href":"https:\/\/tyditiao.com\/lt\/wp-json\/wp\/v2\/woo-feed-brand?post=3824"}],"curies":[{"name":"wp","href":"https:\/\/api.w.org\/{rel}","templated":true}]}}