{"id":3825,"date":"2022-06-13T03:55:46","date_gmt":"2022-08-20T03:48:57","guid":{"rendered":"http:\/\/tyditiao.com\/product\/karinis-salmas-iiia-taktinis-balistinis-salmas-lenkiskas-kevlaro-salmas-zalias\/"},"modified":"2026-03-14T23:16:57","modified_gmt":"2026-03-14T21:16:57","slug":"mich2000-bulletproof-helm-kevlar-level-3-zalia","status":"publish","type":"product","link":"https:\/\/tyditiao.com\/lt\/produktas\/mich2000-bulletproof-helm-kevlar-level-3-zalia\/","title":{"rendered":"Karinis \u0161almas, IIIA taktinis balistinis \u0161almas, lenki\u0161kas kevlaro \u0161almas, \u017ealias"},"content":{"rendered":"<p><strong>Gynybos klas\u0117:<\/strong><\/p>\n<p>\u0160is neper\u0161aunamas \u0161almas yra NIJ IIIA lygio neper\u0161aunamas \u0161almas pagal NIJ 0101.06 standart\u0105, tod\u0117l galima pateikti atitinkam\u0105 bandymo ataskait\u0105.<\/p>\n<p>\u0160is gaminys taip pat atitinka patobulinto kovos \u0161almo (ECH) reikalavimus, kai naudojamas su vir\u0161utine \u0161arv\u0173 plok\u0161te, u\u017etikrinan\u010dia tikr\u0105 \u0161autuvo apsaug\u0105.<\/p>\n<hr>\n<p><strong>Gynybos sviedinio parametrai:<\/strong><\/p>\n<p>.44 Mag SJHP<br \/>\n.357 SIG FMJ FN<br \/>\n9mm FMJ RN<br \/>\n.357 Mag JSP<br \/>\n.40 S&amp;W FMJ<\/p>\n<p>Taip pat suteikia apsaug\u0105 nuo daugelio ginkl\u0173 gr\u0117smi\u0173, taip pat nuo IIA ir II klas\u0117s gr\u0117smi\u0173<\/p>\n<hr>\n<p><strong>Neper\u0161aunamo \u0161almo parametrai:<\/strong><br \/>\nPavadinimas: NIJ lllA MICH2000 neper\u0161aunamas \u0161almas<\/p>\n<p>Med\u017eiaga: didelio tempimo Kevlar-DuPont aramido pluo\u0161tas<br \/>\nNukritimas po sviedinio paleidimo: &lt;20mm<br \/>\nGalvos apimtis: 52-60 cm<br \/>\nPamu\u0161alas: perkeliamas l\u0117tai at\u0161okantis putplas\u010dio pamu\u0161alas u\u017etikrina, kad \u0161almas b\u016bt\u0173 patogus ir apsaugo nuo nuovargio bei perkaitimo.<br \/>\nPapildomi priedai: neper\u0161aunama kauk\u0117 ir kt.<br \/>\n\u0160almo spalva: \u017ealia<br \/>\nGarantinis laikotarpis: 5 met\u0173 garantinis laikotarpis gali tur\u0117ti pakankamai apsaugos, bet jei garantinis laikotarpis yra vir\u0161ytas<br \/>\nsuma\u017eins apsaug\u0105.<\/p>\n<hr>\n<p><strong>\u017dmon\u0117ms:<\/strong><br \/>\nNIJ lllA Kevlar MICH2000 balistinis \u0161almas susidoroja su pistoleto ir skeveldr\u0173 gr\u0117sm\u0117mis, turi didesn\u0119 tvirtinimo talp\u0105, kad b\u016bt\u0173 lengviau ir patogiau. \u0160is \u0161almas tinka vis\u0173 tip\u0173 naudotojams. Toki\u0173 agent\u016br\u0173 kaip kariuomen\u0117, policija, SWAT, vidaus saugumo, muitin\u0117s ir pasienio apsaugos darbuotojai gali b\u016bti apr\u016bpinti patobulintais koviniais paj\u0117gumais. Tai taip pat geras pasirinkimas nam\u0173 apsaugai ir cosplay.<\/p>\n<p>MICH yra \u0161almas, kuris sustabdo pistoleto \u0161ovinius ir u\u017etikrina patikim\u0105 apsaug\u0105 nuo \u0161iuk\u0161li\u0173 ir krintan\u010di\u0173 \u0161iuk\u0161li\u0173. MICH yra \u0161almas, kuris sustabdo pistoleto \u0161ovinius ir u\u017etikrina patikim\u0105 apsaug\u0105 nuo \u0161iuk\u0161li\u0173 ir krintan\u010di\u0173 \u0161iuk\u0161li\u0173. Mich balistinis \u0161almas ne tik suteikia reikiam\u0105 visapusi\u0161k\u0105 apsaug\u0105 nuo bukuot\u0173 ginkl\u0173, balistini\u0173 ir kit\u0173 gr\u0117smi\u0173, bet ir yra itin modulinis bei patogus. \u017demas pj\u016bvis geriau dengia abi galvos puses nei ant ausies u\u017edengti \u0161almai. \u0160ie \u0161almai taip pat yra su ausini\u0173 kau\u0161eliais, kad tilpt\u0173 ausines ir kit\u0105 ry\u0161io \u012frang\u0105.<\/p>\n<hr>\n<p><strong>Kuris populiaresnis, MICH2000 ar FAST taktinis balistinis \u0161almas?<\/strong><br \/>\nMICH2000 turi didesn\u012f apsaugin\u012f pavir\u0161i\u0173, kuris yra naudingesnis, jei neplanuojate montuoti keli\u0173 pried\u0173. Jei planuojate rinktis daug \u012frangos, pavyzd\u017eiui (d\u0117v\u0117ti \u017eibintuv\u0117l\u012f, triuk\u0161m\u0105 slopinan\u010dias ausines ir ry\u0161io \u012frang\u0105, naktinio matymo akinius ar vaizdo \u012fra\u0161ymo \u012frang\u0105 ir pan.), rekomenduojama naudoti FAST, nes taip nebus per daug. sunkus, kad sl\u0117gt\u0173 kakl\u0105, netiesiogiai paveikdamas geb\u0117jim\u0105 veikti.<\/p>\n<hr>\n<p><strong>MICH2000 karinio \u0161almo kaina<\/strong><br \/>\nPirkite m\u016bs\u0173 svetain\u0117je ir sutaupykite 15% nuo kainos<\/p>\n<hr>\n<p>Jei norite \u012fsigyti m\u016bs\u0173 gamini\u0173 arba turite klausim\u0173 apie m\u016bs\u0173 gaminius;<br \/>\nJei turite koki\u0173 nors pritaikymo poreiki\u0173;<br \/>\nPra\u0161ome (<a href=\"https:\/\/tyditiao.com\/lt\/kontaktas\/\">susisiekite su mumis<\/a>) nedelsiant, mes jums atsakysime per 1 darbo dien\u0105<\/p>\n","protected":false},"excerpt":{"rendered":"<p>Gera kokyb\u0117: Pagaminta i\u0161 auk\u0161tos kokyb\u0117s DuPont Kevlar Aramido pluo\u0161to, atsparus kar\u0161\u010diui ir lengvai nedeformuojamas<\/p>\n<p>Geri balistiniai rodikliai: NIJ IIIA lygis<\/p>\n<p>L\u0117tos formos atminties putos: dr\u0117gm\u0119 sugeriantis audinys, kur\u012f lengva valyti, modulin\u0117s pagalv\u0117l\u0117s, kurias gali reguliuoti galutinis vartotojas<\/p>\n<p>D\u017eiovint\u0173 sepij\u0173 sistema: taip pat \u017einoma kaip naktinio matymo baz\u0117, gali b\u016bti derinama su pro\u017eektoriais, kameromis, naktinio matymo prietaisais ir kita \u012franga<\/p>\n<p>Kair\u0117je ir de\u0161in\u0117je pus\u0117se yra gele\u017einkelio grup\u0117s: gali b\u016bti montuojama su stipria ap\u0161vietimo sistema, signaline ID lempute, ausini\u0173 apsauga<\/p>\n","protected":false},"featured_media":3703,"comment_status":"open","ping_status":"closed","template":"","meta":[],"product_brand":[],"product_cat":[164,351],"product_tag":[],"woo-feed-brand":[50],"class_list":{"0":"post-3825","1":"product","2":"type-product","3":"status-publish","4":"has-post-thumbnail","6":"product_cat-mich2000-lt","7":"product_cat-nepersaunamas-salmas","8":"woo-feed-brand-tyditiao","10":"first","11":"instock","12":"sale","13":"shipping-taxable","14":"purchasable","15":"product-type-simple"},"_links":{"self":[{"href":"https:\/\/tyditiao.com\/lt\/wp-json\/wp\/v2\/product\/3825","targetHints":{"allow":["GET"]}}],"collection":[{"href":"https:\/\/tyditiao.com\/lt\/wp-json\/wp\/v2\/product"}],"about":[{"href":"https:\/\/tyditiao.com\/lt\/wp-json\/wp\/v2\/types\/product"}],"replies":[{"embeddable":true,"href":"https:\/\/tyditiao.com\/lt\/wp-json\/wp\/v2\/comments?post=3825"}],"wp:featuredmedia":[{"embeddable":true,"href":"https:\/\/tyditiao.com\/lt\/wp-json\/wp\/v2\/media\/3703"}],"wp:attachment":[{"href":"https:\/\/tyditiao.com\/lt\/wp-json\/wp\/v2\/media?parent=3825"}],"wp:term":[{"taxonomy":"product_brand","embeddable":true,"href":"https:\/\/tyditiao.com\/lt\/wp-json\/wp\/v2\/product_brand?post=3825"},{"taxonomy":"product_cat","embeddable":true,"href":"https:\/\/tyditiao.com\/lt\/wp-json\/wp\/v2\/product_cat?post=3825"},{"taxonomy":"product_tag","embeddable":true,"href":"https:\/\/tyditiao.com\/lt\/wp-json\/wp\/v2\/product_tag?post=3825"},{"taxonomy":"woo-feed-brand","embeddable":true,"href":"https:\/\/tyditiao.com\/lt\/wp-json\/wp\/v2\/woo-feed-brand?post=3825"}],"curies":[{"name":"wp","href":"https:\/\/api.w.org\/{rel}","templated":true}]}}