{"id":3826,"date":"2022-06-13T04:05:41","date_gmt":"2022-06-13T02:05:41","guid":{"rendered":"http:\/\/tyditiao.com\/product\/vokietijos-karinis-salmas-iiia-klases-kario-salmas-balistinis-taktinis-greitasis-salmas-zalias\/"},"modified":"2026-03-16T12:08:33","modified_gmt":"2026-03-16T10:08:33","slug":"greitas-nepersaunamas-vairas-taktinis-kevlar-nijiiia-green","status":"publish","type":"product","link":"https:\/\/tyditiao.com\/lt\/produktas\/greitas-nepersaunamas-vairas-taktinis-kevlar-nijiiia-green\/","title":{"rendered":"Vokietijos karinis \u0161almas, IIIA klas\u0117s kario \u0161almas, balistinis taktinis greitasis \u0161almas, \u017ealias"},"content":{"rendered":"<p><strong>Gynybos klas\u0117:<\/strong><\/p>\n<p>\u0160is neper\u0161aunamas \u0161almas yra NIJ IIIA lygio neper\u0161aunamas \u0161almas pagal NIJ 0101.06 standart\u0105, tod\u0117l galima pateikti atitinkam\u0105 bandymo ataskait\u0105.<\/p>\n<hr \/>\n<p><strong>Gynybos sviedinio parametrai:<\/strong><\/p>\n<p>.44 Mag SJHP<br \/>\n.357 SIG FMJ FN<br \/>\n9mm FMJ RN<br \/>\n.357 Mag JSP<br \/>\n.40 S&amp;W FMJ<\/p>\n<p>Taip pat suteikia apsaug\u0105 nuo daugelio ginkl\u0173 gr\u0117smi\u0173, taip pat nuo IIA ir II klas\u0117s gr\u0117smi\u0173<\/p>\n<hr \/>\n<p><strong>Neper\u0161aunamo \u0161almo parametrai:<\/strong><\/p>\n<p>Pavadinimas: NIJ lllA FAST neper\u0161aunamas \u0161almas<\/p>\n<p>Med\u017eiaga: didelio tempimo Kevlar-DuPont aramido pluo\u0161tas<br \/>\nGalvos apimtis: 52-64 cm<br \/>\nPapildomi priedai: neper\u0161aunama kauk\u0117 ir kt.<br \/>\n\u0160almo spalva: \u017ealia<br \/>\nGarantinis laikotarpis: 5 met\u0173 garantinis laikotarpis gali tur\u0117ti pakankamai apsaugos, bet jei garantinis laikotarpis yra vir\u0161ytas<br \/>\nsuma\u017eins apsaug\u0105.<\/p>\n<hr \/>\n<p><strong>\u017dmon\u0117ms:<\/strong><\/p>\n<p>NIJ lllA Kevlar FAST balistinis \u0161almas sukurtas taip, kad susidorot\u0173 su ginkl\u0173 ir skeveldr\u0173 gr\u0117sme, su tvirtesniais priedais, kad b\u016bt\u0173 lengvesnis ir patogesnis. \u0160is \u0161almas tinka vis\u0173 tip\u0173 naudotojams. Toki\u0173 agent\u016br\u0173 kaip kariuomen\u0117, policija, SWAT, vidaus saugumo, muitin\u0117s ir pasienio apsaugos darbuotojai gali b\u016bti apr\u016bpinti patobulintais koviniais paj\u0117gumais. Tai taip pat geras pasirinkimas nam\u0173 apsaugai ir cosplay.<\/p>\n<hr \/>\n<p><strong>FAST karinio taktinio balistinio \u0161almo savyb\u0117s:<\/strong><\/p>\n<p>Palyginti su \u012fprastais kariniais \u0161almais, FAST \u0161almas yra 25% lengvesnis. D\u0117l \u0161almo pakabos sistemos vartotojai gali lengvai reguliuoti \u0161almo prigludim\u0105 ar sandarum\u0105, kad b\u016bt\u0173 u\u017etikrintas optimalus komfortas. FAST \u0161almo kair\u0117je ir de\u0161in\u0117je pus\u0117se yra ARC b\u0117geliai, skirti tvirtinti priedus, tokius kaip \u017eibintuv\u0117lis, triuk\u0161m\u0105 slopinan\u010dias ausines ir ry\u0161io \u012frang\u0105, taip pat naktinio matymo ar vaizdo \u012fra\u0161ymo \u012frang\u0105. Adapteris gali b\u016bti montuojamas \u0161almo centre per adapter\u012f Tai ypatinga kova, kuri gali suteikti didesn\u012f taktin\u012f prana\u0161um\u0105. Velnias, pritvirtintas prie \u0161almo, leid\u017eia pritvirtinti \u0161alies, kariuomen\u0117s ar institucijos v\u0117liav\u0105, taip pat atitinkamus identifikavimo antspaudus, tokius kaip \u0161aukinys, kraujo grup\u0117 ir kt. Be to, d\u0117l modulin\u0117s konstrukcijos civilin\u0119 neper\u0161aunamo FAST \u0161almo versij\u0105 naudoja ne tik kariuomen\u0117 ir policija, bet ir noriai priima lauko sportininkai bei lauko darbuotojai, tokie kaip \u017eurnalistai ir gelb\u0117tojai.<\/p>\n<hr \/>\n<p><strong>Ar FAST kariniai taktiniai balistiniai \u0161almai u\u017etikrina ger\u0105 apsaug\u0105 ir kod\u0117l jie populiar\u016bs?<\/strong><\/p>\n<p>Yra dvi prie\u017eastys: pirma, d\u0117l technologij\u0173 pa\u017eangos pavieniai kariai padar\u0117 vis daugiau technin\u0117s \u012frangos, reikalaujan\u010dios platformos techniniams priedams pakrauti, o pasirinkdami tur\u0117jo paaukoti apsaug\u0105;<br \/>\nAntra, FAST naudotojai daugiausia yra specialiosios paj\u0117gos, o specialiosios paj\u0117gos tiesiog atsisako tam tikros apsaugos kovos atstumu, platformos ne\u0161iojamumas ir technin\u0117 \u012franga tampa i\u0161gyvenimo rodikliu, net ir prakti\u0161kai, da\u017eniausiai tik greitiems \u0161almams, jie n\u0117ra keli\u0173 vienet\u0173 element\u0173, tik d\u0117l ne\u0161iojamumo.<\/p>\n<p>FAST nepasikliauja grie\u017eta apsauga Neu\u017etenka ausini\u0173 kau\u0161eli\u0173 i\u0161 abiej\u0173 pusi\u0173. Daugiausia darbuotoj\u0173 patogumui, d\u0117vintiems ausines ir papildomus priedus. Lengvi taktiniai \u0161almai i\u0161 dalies atsisako apsaugos, tod\u0117l kovoje yra daugiau naudos.<\/p>\n<p>FAST \u0161almai yra pla\u010diai naudojami daugelyje \u0161ali\u0173, o daugelyje \u0161ali\u0173 \u0161alm\u0173 dizainas labai pana\u0161us \u012f JAV FAST \u0161almus, pavyzd\u017eiui, rusi\u0161ki, pranc\u016bzi\u0161ki ir briti\u0161ki \u0161almai yra sukurti pagal FAST \u0161almus, nors laikui b\u0117gant jie vystysis. \u0160ie \u0161almai taip pat nuolat kei\u010diasi, ta\u010diau d\u0117l akivaizd\u017ei\u0173 prie\u017eas\u010di\u0173 vis dar atrodo labai pana\u0161\u016bs \u012f FAST \u0161almus, kurie efektyviai apsaugo galv\u0105 ir prailgina kario gyvenim\u0105.<\/p>\n<hr \/>\n<p><strong>FAST karinio taktinio balistinio \u0161almo kaina?<\/strong><\/p>\n<p>Tai yra m\u016bs\u0173 taktini\u0173 saugos \u0161alm\u0173 parduotuv\u0117, pirkite tiesiai i\u0161 m\u016bs\u0173 svetain\u0117s, galite gauti 15% nuolaid\u0105 nuo pradin\u0117s kainos<\/p>\n<p>Jei norite \u012fsigyti m\u016bs\u0173 gamini\u0173 ar turite klausim\u0173 apie m\u016bs\u0173 gaminius, pra\u0161ome (<a href=\"https:\/\/tyditiao.com\/lt\/kontaktas\/\">susisiekite su mumis<\/a>) nedelsdami, mes jums atsakysime per 1 darbo dien\u0105. Jei vienu metu norite u\u017esisakyti daugiau nei 5 neper\u0161aunamus \u0161almus, gausite papildom\u0105 nuolaid\u0105;<\/p>\n","protected":false},"excerpt":{"rendered":"<p>Pagaminta i\u0161 didelio stiprumo DuPont Kevlar Aramido pluo\u0161to, atsparus kar\u0161\u010diui ir nelengvai deformuojamas<\/p>\n<p>NIJ IIIA lygis<\/p>\n<p>Galvos perimetro reguliavimo sistema gali padaryti \u0161alm\u0105, kad b\u016bt\u0173 pasiektas idealus d\u0117v\u0117jimo efektas<\/p>\n<p>Galvos apimties reguliavimo sistema leid\u017eia reguliuoti galvos apimt\u012f vienu mygtuko paspaudimu, kad b\u016bt\u0173 pasiektas idealus \u0161almo prigludimas<\/p>\n<p>Kakta sustiprinta elastingais dir\u017eeliais a\u0161tuonkojo \u0161onuose (naktinio matymo stovo apa\u010dioje), kad b\u016bt\u0173 galima pritvirtinti veidrod\u017eius, kameras, naktinio matymo akinius ir kitus prietaisus<\/p>\n<p>\u012erengti b\u0117giai, galingesnis pried\u0173 tvirtinimas, gali b\u016bti \u012frengta stipri \u0161viesos sistema ir \u0161vyturi\u0173 identifikavimo \u017eibintai, taip pat gali b\u016bti \u012frengtos klausos apsaugos<\/p>\n","protected":false},"featured_media":3181,"comment_status":"open","ping_status":"closed","template":"","meta":[],"product_brand":[],"product_cat":[152,351],"product_tag":[],"woo-feed-brand":[50],"class_list":{"0":"post-3826","1":"product","2":"type-product","3":"status-publish","4":"has-post-thumbnail","6":"product_cat-fast-lt","7":"product_cat-nepersaunamas-salmas","8":"woo-feed-brand-tyditiao","10":"first","11":"instock","12":"sale","13":"shipping-taxable","14":"purchasable","15":"product-type-simple"},"_links":{"self":[{"href":"https:\/\/tyditiao.com\/lt\/wp-json\/wp\/v2\/product\/3826","targetHints":{"allow":["GET"]}}],"collection":[{"href":"https:\/\/tyditiao.com\/lt\/wp-json\/wp\/v2\/product"}],"about":[{"href":"https:\/\/tyditiao.com\/lt\/wp-json\/wp\/v2\/types\/product"}],"replies":[{"embeddable":true,"href":"https:\/\/tyditiao.com\/lt\/wp-json\/wp\/v2\/comments?post=3826"}],"wp:featuredmedia":[{"embeddable":true,"href":"https:\/\/tyditiao.com\/lt\/wp-json\/wp\/v2\/media\/3181"}],"wp:attachment":[{"href":"https:\/\/tyditiao.com\/lt\/wp-json\/wp\/v2\/media?parent=3826"}],"wp:term":[{"taxonomy":"product_brand","embeddable":true,"href":"https:\/\/tyditiao.com\/lt\/wp-json\/wp\/v2\/product_brand?post=3826"},{"taxonomy":"product_cat","embeddable":true,"href":"https:\/\/tyditiao.com\/lt\/wp-json\/wp\/v2\/product_cat?post=3826"},{"taxonomy":"product_tag","embeddable":true,"href":"https:\/\/tyditiao.com\/lt\/wp-json\/wp\/v2\/product_tag?post=3826"},{"taxonomy":"woo-feed-brand","embeddable":true,"href":"https:\/\/tyditiao.com\/lt\/wp-json\/wp\/v2\/woo-feed-brand?post=3826"}],"curies":[{"name":"wp","href":"https:\/\/api.w.org\/{rel}","templated":true}]}}