{"id":3827,"date":"2022-06-13T04:11:33","date_gmt":"2022-08-20T04:00:27","guid":{"rendered":"http:\/\/tyditiao.com\/product\/lenkijos-karinis-salmas-iiia-klases-taktinis-kevlaro-salmas-energetinis-salmas-su-greita-kauke-juodas\/"},"modified":"2023-01-27T10:13:05","modified_gmt":"2023-01-27T08:13:05","slug":"greitas-nepersaunamas-vairas-taktinis-kevlaras-nijiiia-juodas","status":"publish","type":"product","link":"https:\/\/tyditiao.com\/lt\/produktas\/greitas-nepersaunamas-vairas-taktinis-kevlaras-nijiiia-juodas\/","title":{"rendered":"Lenkijos karinis \u0161almas, IIIA klas\u0117s taktinis kevlaro \u0161almas, energetinis \u0161almas su greita kauke, juodas"},"content":{"rendered":"<p><strong>Gynybos klas\u0117:<\/strong><\/p>\n<p>\u0160is neper\u0161aunamas \u0161almas yra NIJ IIIA lygio neper\u0161aunamas \u0161almas pagal NIJ 0101.06 standart\u0105, tod\u0117l galima pateikti atitinkam\u0105 bandymo ataskait\u0105.<\/p>\n<hr>\n<p><strong>Gynybos sviedinio parametrai:<\/strong><\/p>\n<p>.44 Mag SJHP<br \/>\n.357 SIG FMJ FN<br \/>\n9mm FMJ RN<br \/>\n.357 Mag JSP<br \/>\n.40 S&amp;W FMJ<\/p>\n<p>Taip pat suteikia apsaug\u0105 nuo daugelio ginkl\u0173 gr\u0117smi\u0173, taip pat nuo IIA ir II klas\u0117s gr\u0117smi\u0173<\/p>\n<hr>\n<p><strong>Neper\u0161aunamo \u0161almo parametrai:<\/strong><br \/>\nPavadinimas: NIJ lllA FAST neper\u0161aunamas \u0161almas<\/p>\n<p>Med\u017eiaga: didelio tempimo Kevlar-DuPont aramido pluo\u0161tas<br \/>\nGalvos apimtis: 52-64 cm<br \/>\nPapildomi priedai: neper\u0161aunama kauk\u0117 ir kt.<br \/>\n\u0160almo spalva: juoda<br \/>\nGarantinis laikotarpis: 5 met\u0173 garantinis laikotarpis gali tur\u0117ti pakankamai apsaugos, bet jei garantinis laikotarpis yra vir\u0161ytas<br \/>\nsuma\u017eins apsaug\u0105.<\/p>\n<hr>\n<p><strong>\u017dmon\u0117ms:<\/strong><br \/>\nNIJ lllA Kevlar FAST balistinis \u0161almas sukurtas taip, kad susidorot\u0173 su ginkl\u0173 ir skeveldr\u0173 gr\u0117sme, su tvirtesniais priedais, kad b\u016bt\u0173 lengvesnis ir patogesnis. \u0160is \u0161almas tinka vis\u0173 tip\u0173 naudotojams. Toki\u0173 agent\u016br\u0173 kaip kariuomen\u0117, policija, SWAT, vidaus saugumo, muitin\u0117s ir pasienio apsaugos darbuotojai gali b\u016bti apr\u016bpinti patobulintais koviniais paj\u0117gumais. Tai taip pat geras pasirinkimas nam\u0173 apsaugai ir cosplay.<\/p>\n<hr>\n<p><strong>Kas yra FAST balistinis \u0161almas?<\/strong><\/p>\n<p>FAST neper\u0161aunamas \u0161almas (angl. Future Assault Shell Technology Helmet, toliau \u2013 FAST) Future Assault Shell Technology \u0160almas \u2013 tai kovinis \u0161almas, sukurtas JAV armijos tyrim\u0173 instituto ir JAV armijos tyrim\u0173, pl\u0117tros ir in\u017einerijos centro Natick. \u0160almas sukurtas taip, kad suteikt\u0173 komfort\u0105 speciali\u0173 operacij\u0173 operatoriams, kartu u\u017etikrinant pagrindin\u0119 balistin\u0119 apsaug\u0105. FAST \u0161almas pirm\u0105 kart\u0105 buvo parodytas visuomenei SHOT SHOW 2009 m., o netrukus j\u012f pri\u0117m\u0117 JAV specialiosios paj\u0117gos, veikian\u010dios Afganistane. FAST taktiniai balistiniai \u0161almai dabar pla\u010diai naudojami specialiosiose paj\u0117gose ir specialiosiose policijos paj\u0117gose \u012fvairiose \u0161alyse. Be to, FAST taktinis \u0161almas dabar yra standartinis kovos \u0161almas Norvegijos ginkluotosioms paj\u0117goms.<\/p>\n<hr>\n<p><strong>FAST Kevlar \u0161almo savyb\u0117s:<\/strong><\/p>\n<p>Palyginti su \u012fprastais kariniais \u0161almais, FAST \u0161almas yra 25% lengvesnis. Naudodami \u0161almo pakabos sistem\u0105, vartotojai gali lengvai reguliuoti \u0161almo prigludim\u0105 arba sandarum\u0105, kad b\u016bt\u0173 u\u017etikrintas optimalus komfortas. FAST \u0161alm\u0173 kair\u0117je ir de\u0161in\u0117je pus\u0117se yra \u012frengti ARC b\u0117geliai, skirti tvirtinti tokiai \u012frangai kaip \u017eibintuv\u0117liai, triuk\u0161m\u0105 slopinan\u010dios ausin\u0117s ir ry\u0161io \u012franga, taip pat naktinio matymo ar vaizdo \u012frang\u0105 galima montuoti \u0161almo centre per tvirtinimo adapter\u012f, Tai yra speciali kova, kuri gali suteikti didesn\u012f taktin\u012f prana\u0161um\u0105. Velnias, pritvirtintas prie \u0161almo, leid\u017eia naudotojams pritvirtinti savo \u0161alies v\u0117liav\u0105, kariuomen\u0119 ar institucij\u0105, taip pat atitinkamus identifikavimo antspaudus, tokius kaip \u0161aukiniai ir kraujo grup\u0117s. Be to, d\u0117l modulin\u0117s konstrukcijos civilin\u0119 FAST \u0161almo versij\u0105 be neper\u0161aunamos funkcijos naudoja ne tik kariuomen\u0117 ir policija, bet ir noriai priima lauko sportininkai, \u017eurnalistai, gelb\u0117tojai ir kiti lauko darbuotojai.<\/p>\n<hr>\n<p><strong>Ar FAST taktinis balistinis \u0161almas yra puiki apsauga ir kod\u0117l jis toks populiarus?<\/strong><\/p>\n<p>Prie\u017eastys yra dvi: Pirma, d\u0117l technologij\u0173 pa\u017eangos atsiranda vis daugiau atskir\u0173 kari\u0173 technin\u0117s \u012frangos, kuriai reikalinga technini\u0173 pried\u0173 \u012fkrovimo platforma, kuri\u0105 reikia paaukoti d\u0117l apsaugos;<br \/>\nAntra, FAST naudotojai daugiausia yra specialiosios paj\u0117gos, o kovos atstumu specialiosios paj\u0117gos tiesiog atsisako tam tikros apsaugos, platformos ne\u0161iojamumas ir technin\u0117 \u012franga paver\u010diama i\u0161gyvenimo rodikliais, o net praktikoje, da\u017eniausiai tik greit\u0173j\u0173 \u0161alm\u0173 atveju, yra Daugelyje \u012frengini\u0173 n\u0117ra element\u0173, tik d\u0117l perkeliamumo.<\/p>\n<p>FAST n\u0117ra pagr\u012fsta grie\u017eta apsauga Neu\u017etenka dvipusi\u0173 ausini\u0173. Daugiausia darbuotoj\u0173, ne\u0161iojan\u010di\u0173 ausines ir papildomus priedus, patogumui Lengvi taktiniai \u0161almai i\u0161 dalies atsisako apsaugos, tod\u0117l kovoje yra daugiau naudos.<\/p>\n<p>FAST \u0161almai yra pla\u010diai naudojami daugelyje \u0161ali\u0173, o daugelio \u0161ali\u0173 \u0161alm\u0173 dizainas labai pana\u0161us \u012f amerikieti\u0161kus FAST \u0161almus, pvz., Rusijoje, Pranc\u016bzijoje ir Jungtin\u0117je Karalyst\u0117je \u0161almai yra sukurti taip, kad atitikt\u0173 FAST \u0161almus, nors laikui b\u0117gant jie vystysis. \u0160i\u0173 \u0161alm\u0173 skai\u010dius taip pat kei\u010diasi, ta\u010diau vis dar atrodo pana\u0161us \u012f FAST \u0161alm\u0105, d\u0117l akivaizd\u017ei\u0173 prie\u017eas\u010di\u0173 \u0161is \u0161almas gali efektyviai apsaugoti galv\u0105 ir maksimaliai prailginti kario gyvenim\u0105.<\/p>\n<hr>\n<p><strong>FAST Kevlar \u0161almo kaina?<\/strong><\/p>\n<p>Pirkite tiesiai i\u0161 m\u016bs\u0173 svetain\u0117s ir sutaupykite 15% nuo \u012fprastos kainos<\/p>\n<hr>\n<p>Jei norite \u012fsigyti m\u016bs\u0173 gamini\u0173 arba turite klausim\u0173 apie m\u016bs\u0173 gaminius;<br \/>\nJei turite koki\u0173 nors pritaikymo poreiki\u0173;<br \/>\nPra\u0161ome (<a href=\"https:\/\/tyditiao.com\/lt\/kontaktas\/\">susisiekite su mumis<\/a>) nedelsiant, mes jums atsakysime per 1 darbo dien\u0105<\/p>\n<p>&nbsp;<\/p>\n<p>&nbsp;<\/p>\n","protected":false},"excerpt":{"rendered":"<p>Pagaminta i\u0161 didelio stiprumo DuPont Kevlar Aramido pluo\u0161to, atsparus kar\u0161\u010diui ir nelengvai deformuojamas<\/p>\n<p>NIJ IIIA lygis<\/p>\n<p>Galvos apimties reguliavimo sistema leid\u017eia reguliuoti galvos apimt\u012f vienu mygtuko paspaudimu, kad b\u016bt\u0173 pasiektas idealus \u0161almo prigludimas<\/p>\n<p>Kakta sustiprinta elastingais dir\u017eeliais a\u0161tuonkojo \u0161onuose (naktinio matymo stovo apa\u010dioje), kad b\u016bt\u0173 galima pritvirtinti veidrod\u017eius, kameras, naktinio matymo akinius ir kitus prietaisus<\/p>\n<p>\u012erengti b\u0117giai, galingesnis pried\u0173 tvirtinimas, gali b\u016bti \u012frengta stipri \u0161viesos sistema ir \u0161vyturi\u0173 identifikavimo \u017eibintai, taip pat gali b\u016bti \u012frengtos klausos apsaugos<\/p>\n","protected":false},"featured_media":3190,"comment_status":"closed","ping_status":"closed","template":"","meta":[],"product_brand":[],"product_cat":[152,351],"product_tag":[],"woo-feed-brand":[50],"class_list":{"0":"post-3827","1":"product","2":"type-product","3":"status-publish","4":"has-post-thumbnail","6":"product_cat-fast-lt","7":"product_cat-nepersaunamas-salmas","8":"woo-feed-brand-tyditiao","10":"first","11":"instock","12":"sale","13":"shipping-taxable","14":"purchasable","15":"product-type-simple"},"_links":{"self":[{"href":"https:\/\/tyditiao.com\/lt\/wp-json\/wp\/v2\/product\/3827","targetHints":{"allow":["GET"]}}],"collection":[{"href":"https:\/\/tyditiao.com\/lt\/wp-json\/wp\/v2\/product"}],"about":[{"href":"https:\/\/tyditiao.com\/lt\/wp-json\/wp\/v2\/types\/product"}],"replies":[{"embeddable":true,"href":"https:\/\/tyditiao.com\/lt\/wp-json\/wp\/v2\/comments?post=3827"}],"wp:featuredmedia":[{"embeddable":true,"href":"https:\/\/tyditiao.com\/lt\/wp-json\/wp\/v2\/media\/3190"}],"wp:attachment":[{"href":"https:\/\/tyditiao.com\/lt\/wp-json\/wp\/v2\/media?parent=3827"}],"wp:term":[{"taxonomy":"product_brand","embeddable":true,"href":"https:\/\/tyditiao.com\/lt\/wp-json\/wp\/v2\/product_brand?post=3827"},{"taxonomy":"product_cat","embeddable":true,"href":"https:\/\/tyditiao.com\/lt\/wp-json\/wp\/v2\/product_cat?post=3827"},{"taxonomy":"product_tag","embeddable":true,"href":"https:\/\/tyditiao.com\/lt\/wp-json\/wp\/v2\/product_tag?post=3827"},{"taxonomy":"woo-feed-brand","embeddable":true,"href":"https:\/\/tyditiao.com\/lt\/wp-json\/wp\/v2\/woo-feed-brand?post=3827"}],"curies":[{"name":"wp","href":"https:\/\/api.w.org\/{rel}","templated":true}]}}