{"id":3828,"date":"2022-06-13T04:36:04","date_gmt":"2022-06-13T02:36:04","guid":{"rendered":"http:\/\/tyditiao.com\/product\/karinis-salmas-iiia-klases-sarvai-wendy-karinis-taktinis-salmas-sviesiai-ruda\/"},"modified":"2026-01-25T18:14:18","modified_gmt":"2026-01-25T16:14:18","slug":"wendy-nepersaunamas-salmas-kevlaro-salmas-taktinis-sviesiai-rudas","status":"publish","type":"product","link":"https:\/\/tyditiao.com\/lt\/produktas\/wendy-nepersaunamas-salmas-kevlaro-salmas-taktinis-sviesiai-rudas\/","title":{"rendered":"Karinis \u0161almas, IIIA klas\u0117s \u0161arvai, Wendy karinis taktinis \u0161almas, \u0161viesiai ruda"},"content":{"rendered":"<p>Wendy karinis taktinis IIIA balistinis \u0161almas sukurtas taip, kad b\u016bt\u0173 itin lengvas ir labai patogus d\u0117v\u0117ti. Greitas ir lengvas reguliavimas viena ranka u\u017etikrina tiksl\u0173 prigludim\u0105. Jame taip pat yra auk\u0161tos kokyb\u0117s energij\u0105 sugerian\u010dios pagalv\u0117l\u0117s, kurios gali efektyviai sugerti sm\u016bgio j\u0117g\u0105, suma\u017einti \u0161almo korpuso deformacij\u0105 po kulkos sm\u016bgio ir suma\u017einti vartotojo su\u017ealojim\u0173 da\u017en\u012f bei sunkum\u0105. Wendy kariniame taktiniame \u0161alme yra universal\u016bs tvirtinimo b\u0117geliai ir galvos atrama, tod\u0117l Wendy yra daugiau galimybi\u0173. Palyginti su MICH neper\u0161aunamu \u0161almu, d\u0117l lengvesnio svorio nereikia papildomai apkrauti galvos, bet galima ne\u0161tis modernesn\u0119 \u012frang\u0105, kuri labiau tinka komandoms keistis informacija.<\/p>\n<hr \/>\n<p><strong>Gynybos klas\u0117:<\/strong><\/p>\n<p>\u0160is neper\u0161aunamas \u0161almas yra NIJ IIIA lygio neper\u0161aunamas \u0161almas pagal NIJ 0101.06 standart\u0105, tod\u0117l galima pateikti atitinkam\u0105 bandymo ataskait\u0105.<\/p>\n<hr \/>\n<p><strong>Gynybos sviedinio parametrai:<\/strong><\/p>\n<p>.44 Mag SJHP<br \/>\n.357 SIG FMJ FN<br \/>\n9mm FMJ RN<br \/>\n.357 Mag JSP<br \/>\n.40 S&amp;W FMJ<\/p>\n<p>Taip pat suteikia apsaug\u0105 nuo daugelio ginkl\u0173 gr\u0117smi\u0173, taip pat nuo IIA ir II klas\u0117s gr\u0117smi\u0173<\/p>\n<hr \/>\n<p><strong>Neper\u0161aunamo \u0161almo parametrai:<\/strong><br \/>\nPavadinimas: NIJ lllA WENDY neper\u0161aunamas \u0161almas<\/p>\n<p>Med\u017eiaga: didelio tempimo Kevlar-DuPont aramido pluo\u0161tas<\/p>\n<p>Galvos apimtis: 52-60 cm<\/p>\n<p>Pamu\u0161alas: Zorbium putplas\u010dio sm\u016bgin\u0117s pagalv\u0117l\u0117s v\u0117sina ir i\u0161sausina, o vandeniui atsparus, patogus pamu\u0161alas ir antibakterin\u0117 danga, kuri pa\u0161alina prakait\u0105. Suteikia ma\u017eiau nei pus\u0119 j\u0117gos, reikalingos pasikartojantiems sm\u016bgiams visomis aplinkos s\u0105lygomis. \u0160almas standarti\u0161kai komplektuojamas su trimis papildomomis sm\u016bgio pagalv\u0117l\u0117mis ir a\u0161tuoniomis reguliuojamomis pagalv\u0117l\u0117mis, kurias galima lanks\u010diai montuoti pagal vartotojo reikalavimus, kad b\u016bt\u0173 optimalus prigludimas ir patogumas.<\/p>\n<p>Papildomi priedai: pripu\u010diamos deguonies kauk\u0117s, veido skydai, \u0161oniniai skydai, \u0161arvuoti \u0161oniniai skydai, apsauginiai skydai, \u0161almo skydai, neper\u0161aunamos kauk\u0117s ir kt.<\/p>\n<p>\u0160almo spalva: \u0161viesiai ruda<br \/>\nGarantinis laikotarpis: 5 met\u0173 garantinis laikotarpis gali tur\u0117ti pakankamai apsaugos, bet jei garantinis laikotarpis yra vir\u0161ytas<br \/>\nsuma\u017eins apsaug\u0105.<\/p>\n<hr \/>\n<p><strong>\u017dmon\u0117ms:<\/strong><br \/>\nNIJ lllA Kevlar WENDY balistinis \u0161almas susidoroja su pistoletais ir skeveldromis, turi tvirtesnius tvirtinimo elementus, yra lengvesnis ir patogesnis d\u0117v\u0117ti. \u0160is \u0161almas tinka vis\u0173 tip\u0173 naudotojams. Toki\u0173 agent\u016br\u0173 kaip kariuomen\u0117, policija, SWAT, vidaus saugumo, muitin\u0117s ir pasienio apsaugos darbuotojai gali b\u016bti apr\u016bpinti patobulintais koviniais paj\u0117gumais. Tai taip pat geras pasirinkimas nam\u0173 apsaugai ir cosplay.<\/p>\n<hr \/>\n<p>Galite \u012fsigyti m\u016bs\u0173 gamini\u0173 arba tur\u0117ti klausim\u0173 apie m\u016bs\u0173 gaminius,<\/p>\n<p>Pra\u0161ome (<a href=\"https:\/\/tyditiao.com\/lt\/kontaktas\/\">susisiekite su mumis<\/a>) nedelsdami ir mes atsakysime per 1 darbo dien\u0105. Jei vienu metu norite u\u017esisakyti daugiau nei 5 neper\u0161aunamus \u0161almus, gausite papildom\u0105 nuolaid\u0105;<\/p>\n","protected":false},"excerpt":{"rendered":"<p>Geras neper\u0161aunamas veikimas: NIJ Level lllA, puiki galvos apsauga.<\/p>\n<p>Gera kokyb\u0117: Wendy Military Tactical \u0161almas pagamintas i\u0161 patvaraus Dupont Kevlar aramido pluo\u0161to, kuris yra atsparus kar\u0161\u010diui ir n\u0117ra lengvai deformuojamas.<\/p>\n<p>LENGVAS REGULIAVIMAS: Lengva karinio CAM FIT \u0161almo tvirtinimo sistema su BOA u\u017edarymo sistema u\u017etikrina greit\u0105 ir lengv\u0105 reguliavim\u0105 viena ranka ir tiksl\u0173 prigludim\u0105.<\/p>\n<p>Patogus d\u0117v\u0117ti: \u201eZorbium Foam Impact\u201c balnelis turi vandeniui atspar\u0173 pamu\u0161al\u0105 ir antibakterin\u0119 dang\u0105, kuri pa\u0161alina dr\u0117gm\u0119, kad ne\u0161iotum\u0117te v\u0117siai ir i\u0161sausintum\u0117te.<\/p>\n<p>I\u0161pl\u0117timas: Rail 2.0 tvirtinimo sistema suderinama su visomis EXFIL Rail 2.0 tvirtinimo detal\u0117mis. Dvipusius gimbalo tvirtinimo b\u0117gelius ir kaktos gimbal\u0105 lengva montuoti ir konfig\u016bruoti, ausines, ginklo lemputes, kameras, blyksnius, naktinio matymo \u012frenginius, \u201eGoPro\u201c kameras ir NVG akinius.<\/p>\n","protected":false},"featured_media":3397,"comment_status":"closed","ping_status":"closed","template":"","meta":[],"product_brand":[],"product_cat":[351,174],"product_tag":[],"woo-feed-brand":[50],"class_list":{"0":"post-3828","1":"product","2":"type-product","3":"status-publish","4":"has-post-thumbnail","6":"product_cat-nepersaunamas-salmas","7":"product_cat-wendy-lt","8":"woo-feed-brand-tyditiao","10":"first","11":"instock","12":"sale","13":"shipping-taxable","14":"purchasable","15":"product-type-simple"},"_links":{"self":[{"href":"https:\/\/tyditiao.com\/lt\/wp-json\/wp\/v2\/product\/3828","targetHints":{"allow":["GET"]}}],"collection":[{"href":"https:\/\/tyditiao.com\/lt\/wp-json\/wp\/v2\/product"}],"about":[{"href":"https:\/\/tyditiao.com\/lt\/wp-json\/wp\/v2\/types\/product"}],"replies":[{"embeddable":true,"href":"https:\/\/tyditiao.com\/lt\/wp-json\/wp\/v2\/comments?post=3828"}],"wp:featuredmedia":[{"embeddable":true,"href":"https:\/\/tyditiao.com\/lt\/wp-json\/wp\/v2\/media\/3397"}],"wp:attachment":[{"href":"https:\/\/tyditiao.com\/lt\/wp-json\/wp\/v2\/media?parent=3828"}],"wp:term":[{"taxonomy":"product_brand","embeddable":true,"href":"https:\/\/tyditiao.com\/lt\/wp-json\/wp\/v2\/product_brand?post=3828"},{"taxonomy":"product_cat","embeddable":true,"href":"https:\/\/tyditiao.com\/lt\/wp-json\/wp\/v2\/product_cat?post=3828"},{"taxonomy":"product_tag","embeddable":true,"href":"https:\/\/tyditiao.com\/lt\/wp-json\/wp\/v2\/product_tag?post=3828"},{"taxonomy":"woo-feed-brand","embeddable":true,"href":"https:\/\/tyditiao.com\/lt\/wp-json\/wp\/v2\/woo-feed-brand?post=3828"}],"curies":[{"name":"wp","href":"https:\/\/api.w.org\/{rel}","templated":true}]}}