{"id":3829,"date":"2022-06-13T04:32:01","date_gmt":"2022-06-13T02:32:01","guid":{"rendered":"http:\/\/tyditiao.com\/product\/naujas-kevlar-salmas-iiia-klases-karinis-salmas-karinio-kovinio-salmo-komanda-wendy-zalia\/"},"modified":"2026-01-25T18:14:35","modified_gmt":"2026-01-25T16:14:35","slug":"wendy-nepersaunamas-salmas-kevlaro-salmas-tactical-green","status":"publish","type":"product","link":"https:\/\/tyditiao.com\/lt\/produktas\/wendy-nepersaunamas-salmas-kevlaro-salmas-tactical-green\/","title":{"rendered":"Naujas Kevlar \u0161almas, IIIA klas\u0117s karinis \u0161almas, karinio kovinio \u0161almo komanda Wendy, \u017ealia"},"content":{"rendered":"<p>Lengvas kareivio \u0161almas Wendy \u0161almas sukurtas taip, kad b\u016bt\u0173 itin lengvas ir labai patogus d\u0117v\u0117ti. Jame taip pat sumontuoti auk\u0161tos kokyb\u0117s energij\u0105 sugeriantys \u012fd\u0117klai, kurie gali efektyviai sugerti sm\u016bgio j\u0117g\u0105, suma\u017einti \u0161almo korpuso deformacij\u0105 kulkai atsitrenkus \u012f \u0161alm\u0105 ir suma\u017einti naudotojo su\u017ealojimo da\u017en\u012f bei laipsn\u012f. Dvipusis su universaliais \u012frenginio tvirtinimo b\u0117geliais ir kardaniniu laikikliu ant kaktos, tod\u0117l Wendy gali sukurti daugiau galimybi\u0173.<\/p>\n<hr \/>\n<p><strong>Gynybos klas\u0117:<\/strong><\/p>\n<p>\u0160is neper\u0161aunamas \u0161almas yra NIJ IIIA lygio neper\u0161aunamas \u0161almas pagal NIJ 0101.06 standart\u0105, tod\u0117l galima pateikti atitinkam\u0105 bandymo ataskait\u0105.<\/p>\n<hr \/>\n<p><strong>Gynybos sviedinio parametrai:<\/strong><\/p>\n<p>.44 Mag SJHP<br \/>\n.357 SIG FMJ FN<br \/>\n9mm FMJ RN<br \/>\n.357 Mag JSP<br \/>\n.40 S&amp;W FMJ<\/p>\n<p>Taip pat suteikia apsaug\u0105 nuo daugelio ginkl\u0173 gr\u0117smi\u0173, taip pat nuo IIA ir II klas\u0117s gr\u0117smi\u0173<\/p>\n<hr \/>\n<p><strong>Neper\u0161aunamo \u0161almo parametrai:<\/strong><br \/>\nPavadinimas: NIJ lllA WENDY neper\u0161aunamas \u0161almas<\/p>\n<p>Med\u017eiaga: didelio tempimo Kevlar-DuPont aramido pluo\u0161tas<br \/>\nGalvos apimtis: 52-60 cm<\/p>\n<p>Pamu\u0161alas: \u201eZorbium Foam Impact Pads\u201c v\u0117sina ir i\u0161sausina, nes yra atsparus vandeniui, patogus kam\u0161alas ir antibakterinis dangtelis, kuris pa\u0161alina prakait\u0105. Suteikia ma\u017eiau nei pus\u0119 j\u0117gos, reikalingos pasikartojantiems sm\u016bgiams visomis aplinkos s\u0105lygomis. Pel\u0117s kilim\u0117lis standarti\u0161kai komplektuojamas su trimis sm\u016bgiams atspariais kilim\u0117liais ir a\u0161tuoniomis reguliuojamomis pagalv\u0117l\u0117mis, u\u017etikrinan\u010dias optimal\u0173 prigludim\u0105 ir patogum\u0105.<\/p>\n<p>Papildomi priedai: pripu\u010diamos deguonies kauk\u0117s, veido skydai, \u0161oniniai skydai, \u0161arvuoti \u0161oniniai skydai, skydai, \u0161almo skydai, neper\u0161aunamos kauk\u0117s ir kt.<br \/>\n\u0160almo spalva: \u017ealia<br \/>\nGarantinis laikotarpis: 5 met\u0173 garantinis laikotarpis gali tur\u0117ti pakankamai apsaugos, bet jei garantinis laikotarpis yra vir\u0161ytas<br \/>\nsuma\u017eins apsaug\u0105.<\/p>\n<hr \/>\n<p><strong>\u017dmon\u0117ms:<\/strong><br \/>\nNIJ lllA Kevlar WENDY balistinis \u0161almas susidoroja su pistoletais ir skeveldromis, turi tvirtesnius tvirtinimo elementus, yra lengvesnis ir patogesnis d\u0117v\u0117ti. \u0160is \u0161almas tinka vis\u0173 tip\u0173 naudotojams. Toki\u0173 agent\u016br\u0173 kaip kariuomen\u0117, policija, SWAT, vidaus saugumo, muitin\u0117s ir pasienio apsaugos darbuotojai gali b\u016bti apr\u016bpinti patobulintais koviniais paj\u0117gumais. Tai taip pat geras pasirinkimas nam\u0173 apsaugai ir cosplay.<\/p>\n<hr \/>\n<p>Jei norite \u012fsigyti m\u016bs\u0173 gamini\u0173 arba turite klausim\u0173 apie m\u016bs\u0173 gaminius;<br \/>\nJei turite koki\u0173 nors pritaikymo poreiki\u0173;<br \/>\nPra\u0161ome (<a href=\"https:\/\/tyditiao.com\/lt\/kontaktas\/\">susisiekite su mumis<\/a>) nedelsiant, mes jums atsakysime per 1 darbo dien\u0105<\/p>\n","protected":false},"excerpt":{"rendered":"<p>Gera kokyb\u0117: technin\u0117s klas\u0117s karinis \u0161almas pagamintas i\u0161 didelio stiprumo DuPont Kevlar Aramid pluo\u0161to, kuris yra atsparus kar\u0161\u010diui ir n\u0117ra lengvai deformuojamas<\/p>\n<p>Geri balistiniai rodikliai: NIJ IIIA lygis<\/p>\n<p>Patogi ne\u0161ioti: \u201eZorbium Foam Impact Pillow\u201c turi vandeniui atspar\u0173 pamu\u0161al\u0105 ir antimikrobin\u0119 dang\u0105, kuri pa\u0161alina dr\u0117gm\u0119, kad i\u0161likt\u0173 v\u0117si ir sausa.<\/p>\n<p>LENGVAS REGULIAVIMAS: Lengva karinio \u0161almo CAM FIT tvirtinimo sistema su BOA u\u017edarymo sistema, kad b\u016bt\u0173 galima saugiai reguliuoti viena ranka ir tiksliai pritvirtinti.<\/p>\n<p>I\u0161ple\u010diama: Rail 2.0 tvirtinimo sistema suderinama su visomis EXFIL Rail 2.0 tvirtinimo detal\u0117mis. Dvipusis gimbalo tvirtinimo b\u0117gelis ir kardaninio r\u0117mo laikiklis ant kaktos leid\u017eia Wendy sukurti daugiau galimybi\u0173.<\/p>\n","protected":false},"featured_media":3334,"comment_status":"open","ping_status":"closed","template":"","meta":[],"product_brand":[],"product_cat":[351,174],"product_tag":[],"woo-feed-brand":[50],"class_list":{"0":"post-3829","1":"product","2":"type-product","3":"status-publish","4":"has-post-thumbnail","6":"product_cat-nepersaunamas-salmas","7":"product_cat-wendy-lt","8":"woo-feed-brand-tyditiao","10":"first","11":"instock","12":"sale","13":"shipping-taxable","14":"purchasable","15":"product-type-simple"},"_links":{"self":[{"href":"https:\/\/tyditiao.com\/lt\/wp-json\/wp\/v2\/product\/3829","targetHints":{"allow":["GET"]}}],"collection":[{"href":"https:\/\/tyditiao.com\/lt\/wp-json\/wp\/v2\/product"}],"about":[{"href":"https:\/\/tyditiao.com\/lt\/wp-json\/wp\/v2\/types\/product"}],"replies":[{"embeddable":true,"href":"https:\/\/tyditiao.com\/lt\/wp-json\/wp\/v2\/comments?post=3829"}],"wp:featuredmedia":[{"embeddable":true,"href":"https:\/\/tyditiao.com\/lt\/wp-json\/wp\/v2\/media\/3334"}],"wp:attachment":[{"href":"https:\/\/tyditiao.com\/lt\/wp-json\/wp\/v2\/media?parent=3829"}],"wp:term":[{"taxonomy":"product_brand","embeddable":true,"href":"https:\/\/tyditiao.com\/lt\/wp-json\/wp\/v2\/product_brand?post=3829"},{"taxonomy":"product_cat","embeddable":true,"href":"https:\/\/tyditiao.com\/lt\/wp-json\/wp\/v2\/product_cat?post=3829"},{"taxonomy":"product_tag","embeddable":true,"href":"https:\/\/tyditiao.com\/lt\/wp-json\/wp\/v2\/product_tag?post=3829"},{"taxonomy":"woo-feed-brand","embeddable":true,"href":"https:\/\/tyditiao.com\/lt\/wp-json\/wp\/v2\/woo-feed-brand?post=3829"}],"curies":[{"name":"wp","href":"https:\/\/api.w.org\/{rel}","templated":true}]}}