{"id":5129,"date":"2022-10-11T12:39:23","date_gmt":"2022-10-11T10:39:23","guid":{"rendered":"http:\/\/tyditiao.com\/product\/kevlar-nij-iiia-nepersaunama-puskauke-aramidine-nepersaunama-veido-kauke-taktiniam-nepersaunamam-salmui\/"},"modified":"2026-01-25T18:13:09","modified_gmt":"2026-01-25T16:13:09","slug":"ballistinis-kevlaras-nij-iiia-aramidas-balistinis-kauke-tinka-su-taktiniu-balistiniu-salmu-wendy-quick-michigan-fit","status":"publish","type":"product","link":"https:\/\/tyditiao.com\/lt\/produktas\/ballistinis-kevlaras-nij-iiia-aramidas-balistinis-kauke-tinka-su-taktiniu-balistiniu-salmu-wendy-quick-michigan-fit\/","title":{"rendered":"Kevlar NIJ IIIA neper\u0161aunama puskauk\u0117, aramidin\u0117 neper\u0161aunama veido kauk\u0117 taktiniam neper\u0161aunamam \u0161almui"},"content":{"rendered":"<p>Svoris: 0,68 kg<\/p>\n<p>Med\u017eiaga: aramidas<\/p>\n<p>Storis: 8 mm storio aramidas ir 1 mm danga<\/p>\n<p>Apsaugos klas\u0117: NIJ 0101.06 IIIA lygis<\/p>\n<p>Dydis: vienas dydis tinka visiems<\/p>\n<p>Galiojimas: 5 metai<\/p>\n<p>Taikomi scenarijai: nam\u0173 apsauga, apsauga, policijos \u012franga, tikros kovos, cosplay<\/p>\n<p>OEM \/ ODM paslauga teikiama papra\u0161ius<\/p>\n<p>&nbsp;<\/p>\n<p>Pakuot\u0117s s\u0105ra\u0161as: 1X pus\u0117s veido neper\u0161aunama kauk\u0117<\/p>\n","protected":false},"excerpt":{"rendered":"<p>Med\u017eiaga: Pagaminta i\u0161 pa\u017eangi\u0173 lengv\u0173 kevlaro pluo\u0161t\u0173, kurie yra 15 kart\u0173 stipresni u\u017e plien\u0105, kad suma\u017eint\u0173 kulk\u0173 pavoj\u0173<\/p>\n<p>Unikalus ergonomi\u0161kas dizainas: 6 ta\u0161k\u0173 reguliuojama nailonin\u0117 galvos juosta ir papildomas pamink\u0161tinimas tinka bet kokiai galvos formai ir pagerina ne\u0161iojimo komfort\u0105<\/p>\n<p>Geras prisitaikymas: gali b\u016bti naudojamas su FAST, WENDY, MICH ir kitais neper\u0161aunamais \u0161almais, visi\u0161kai u\u017edengian\u010diais naudotojo veid\u0105<\/p>\n<p>Taikomas naudojimas: nam\u0173 apsauga, kariuomen\u0117, personalas, dalyvaujantis pavojingose \u200b\u200boperacijose, lauko mokymas, asmens sargybiniai, darbuotojai, dalyvaujantys pavojingose \u200b\u200boperacijose u\u017esienio ginkluot\u0173 konflikt\u0173 zonose<\/p>\n","protected":false},"featured_media":4893,"comment_status":"open","ping_status":"closed","template":"","meta":[],"product_brand":[],"product_cat":[203],"product_tag":[],"woo-feed-brand":[50],"class_list":{"0":"post-5129","1":"product","2":"type-product","3":"status-publish","4":"has-post-thumbnail","6":"product_cat-ballistic-mask-lt","7":"product_shipping_class-0-3-kg-lt","8":"woo-feed-brand-tyditiao","10":"first","11":"instock","12":"sale","13":"shipping-taxable","14":"purchasable","15":"product-type-simple"},"_links":{"self":[{"href":"https:\/\/tyditiao.com\/lt\/wp-json\/wp\/v2\/product\/5129","targetHints":{"allow":["GET"]}}],"collection":[{"href":"https:\/\/tyditiao.com\/lt\/wp-json\/wp\/v2\/product"}],"about":[{"href":"https:\/\/tyditiao.com\/lt\/wp-json\/wp\/v2\/types\/product"}],"replies":[{"embeddable":true,"href":"https:\/\/tyditiao.com\/lt\/wp-json\/wp\/v2\/comments?post=5129"}],"wp:featuredmedia":[{"embeddable":true,"href":"https:\/\/tyditiao.com\/lt\/wp-json\/wp\/v2\/media\/4893"}],"wp:attachment":[{"href":"https:\/\/tyditiao.com\/lt\/wp-json\/wp\/v2\/media?parent=5129"}],"wp:term":[{"taxonomy":"product_brand","embeddable":true,"href":"https:\/\/tyditiao.com\/lt\/wp-json\/wp\/v2\/product_brand?post=5129"},{"taxonomy":"product_cat","embeddable":true,"href":"https:\/\/tyditiao.com\/lt\/wp-json\/wp\/v2\/product_cat?post=5129"},{"taxonomy":"product_tag","embeddable":true,"href":"https:\/\/tyditiao.com\/lt\/wp-json\/wp\/v2\/product_tag?post=5129"},{"taxonomy":"woo-feed-brand","embeddable":true,"href":"https:\/\/tyditiao.com\/lt\/wp-json\/wp\/v2\/woo-feed-brand?post=5129"}],"curies":[{"name":"wp","href":"https:\/\/api.w.org\/{rel}","templated":true}]}}