{"id":5131,"date":"2022-10-12T08:35:45","date_gmt":"2022-10-12T06:35:45","guid":{"rendered":"http:\/\/tyditiao.com\/product\/permatoma-balistine-kauke-nij-iiia-nuimama-salmams-su-begeliais-is-abieju-pusiu\/"},"modified":"2026-01-25T18:12:30","modified_gmt":"2026-01-25T16:12:30","slug":"skaidri-nepersaunama-kauke-nij-iiia-nuimama-kad-butu-galima-su-begeliais-abiejose-pusese-wendy-fast-ir-kt","status":"publish","type":"product","link":"https:\/\/tyditiao.com\/lt\/produktas\/skaidri-nepersaunama-kauke-nij-iiia-nuimama-kad-butu-galima-su-begeliais-abiejose-pusese-wendy-fast-ir-kt\/","title":{"rendered":"Permatoma balistin\u0117 kauk\u0117 NIJ IIIA nuimama \u0161almams su b\u0117geliais i\u0161 abiej\u0173 pusi\u0173"},"content":{"rendered":"<p>Nuimama balistin\u0117 kauk\u0117 yra nauja IIIA klas\u0117s balistin\u0117 kauk\u0117, tvirtinama prie balistinio \u0161almo.<\/p>\n<p>\u0160is gaminys tinka \u0161almams su b\u0117geliais i\u0161 abiej\u0173 pusi\u0173. Pavyzd\u017eiui: WENDY, FAST ir kt.<\/p>\n<p>Apsaugos klas\u0117: NIJ IIIA lygis<\/p>\n<p>Svoris: 1,50 kg (3,31 svaro)<\/p>\n<p>Med\u017eiaga: PC, PMMA ir kt.<\/p>\n<p>Dydis: 350 mm (ilgis) * 145 mm (auk\u0161tis)<\/p>\n<p>Kauk\u0117s storis: 22 mm<\/p>\n<p>Ry\u0161kumas: 83,9 %<\/p>\n<p>Galiojimas: 5 metai<\/p>\n<p>Jei jums reikia neper\u0161aunamo \u0161almo, apsilankykite m\u016bs\u0173 parduotuv\u0117je ir nusipirkite. D\u0117koju!<\/p>\n<p>Informacija apie pakuot\u0119: 1 * Neper\u0161aunamas veido skydelis (\u0161almas ne\u012ftrauktas)<\/p>\n","protected":false},"excerpt":{"rendered":"<p>Pagrindin\u0117 med\u017eiaga yra pagaminta i\u0161 auk\u0161tos kokyb\u0117s skaidraus polikarbonato dervos PC ir akrilo plok\u0161t\u0117s sumu\u0161tini\u0173 tipo kompozito, didel\u0117s rai\u0161kos, neapta\u0161kymo, geras neper\u0161aunamas efektas<\/p>\n<p>Neper\u0161aunamos kauk\u0117s laikiklis pagamintas i\u0161 plieno ir itin stipri\u0173 med\u017eiag\u0173, kurias galima stabiliai reguliuoti skirtingais kampais<\/p>\n<p>Mes giliai bendradarbiaujame su logistikos tiek\u0117jais ir galime garantuoti preki\u0173 pristatym\u0105 beveik \u012f visas \u0161alis ir regionus, o visos m\u016bs\u0173 gamyklos svetain\u0117je u\u017esakytos prek\u0117s yra nemokamos pa\u0161to<\/p>\n","protected":false},"featured_media":5043,"comment_status":"open","ping_status":"closed","template":"","meta":[],"product_brand":[],"product_cat":[203],"product_tag":[],"woo-feed-brand":[50],"class_list":{"0":"post-5131","1":"product","2":"type-product","3":"status-publish","4":"has-post-thumbnail","6":"product_cat-ballistic-mask-lt","7":"product_shipping_class-0-3-kg-lt","8":"woo-feed-brand-tyditiao","10":"first","11":"instock","12":"sale","13":"shipping-taxable","14":"purchasable","15":"product-type-simple"},"_links":{"self":[{"href":"https:\/\/tyditiao.com\/lt\/wp-json\/wp\/v2\/product\/5131","targetHints":{"allow":["GET"]}}],"collection":[{"href":"https:\/\/tyditiao.com\/lt\/wp-json\/wp\/v2\/product"}],"about":[{"href":"https:\/\/tyditiao.com\/lt\/wp-json\/wp\/v2\/types\/product"}],"replies":[{"embeddable":true,"href":"https:\/\/tyditiao.com\/lt\/wp-json\/wp\/v2\/comments?post=5131"}],"wp:featuredmedia":[{"embeddable":true,"href":"https:\/\/tyditiao.com\/lt\/wp-json\/wp\/v2\/media\/5043"}],"wp:attachment":[{"href":"https:\/\/tyditiao.com\/lt\/wp-json\/wp\/v2\/media?parent=5131"}],"wp:term":[{"taxonomy":"product_brand","embeddable":true,"href":"https:\/\/tyditiao.com\/lt\/wp-json\/wp\/v2\/product_brand?post=5131"},{"taxonomy":"product_cat","embeddable":true,"href":"https:\/\/tyditiao.com\/lt\/wp-json\/wp\/v2\/product_cat?post=5131"},{"taxonomy":"product_tag","embeddable":true,"href":"https:\/\/tyditiao.com\/lt\/wp-json\/wp\/v2\/product_tag?post=5131"},{"taxonomy":"woo-feed-brand","embeddable":true,"href":"https:\/\/tyditiao.com\/lt\/wp-json\/wp\/v2\/woo-feed-brand?post=5131"}],"curies":[{"name":"wp","href":"https:\/\/api.w.org\/{rel}","templated":true}]}}