{"id":5668,"date":"2022-10-18T05:26:18","date_gmt":"2022-10-18T03:26:18","guid":{"rendered":"http:\/\/tyditiao.com\/product\/isorine-taktine-greitai-atsegama-liemene-cs-taktine-liemene-su-2xpe-iiia-10x12-nepersaunama-plokste\/"},"modified":"2026-01-25T18:11:44","modified_gmt":"2026-01-25T16:11:44","slug":"zewnetrzna-taktine-liemene-su-greitai-atsegama-taktine-liemene-cs-su-nepersaunama-plokste-2xpe-iiia-10x12","status":"publish","type":"product","link":"https:\/\/tyditiao.com\/lt\/produktas\/zewnetrzna-taktine-liemene-su-greitai-atsegama-taktine-liemene-cs-su-nepersaunama-plokste-2xpe-iiia-10x12\/","title":{"rendered":"I\u0161orin\u0117 taktin\u0117 greitai atsegama liemen\u0117, CS taktin\u0117 liemen\u0117 su 2XPE IIIA 10&#215;12 neper\u0161aunama plok\u0161te"},"content":{"rendered":"<p>\u0160io gaminio \u0161onai ir pe\u010diai reguliuojami Velcro, tod\u0117l bet kokio dyd\u017eio naudotojai gali j\u012f d\u0117v\u0117ti.<br \/>\nVidinis sluoksnis: didelio stiprumo med\u017eiaga, atspari vandeniui, ilgaam\u017e\u0117 ir stabili.<br \/>\nI\u0161orinis sluoksnis: Oksfordas, medviln\u0117 arba nailonas, atsparus dilimui, atsparus d\u0117m\u0117ms ir patvarus.<br \/>\nPrie striuk\u0117s gali b\u016bti pritvirtinti balistiniai \u012fd\u0117klai papildomai apsaugai.<\/p>\n<p>Apsaugos lygis: numatytoji PE neper\u0161aunama plok\u0161t\u0117, NIJIIIA,<br \/>\nApsauginis \u012fd\u0117klas: UHMW-PE<br \/>\nStoris: \uff5e8mm\/\uff5e0,3&#8242;<br \/>\nGaliojimas: 5 metai<br \/>\nSviedini\u0173 tipai, nuo kuri\u0173 galima apsiginti:<br \/>\n9 mm pilno metalo striuk\u0117 (FMJ) \/ apvali galvut\u0117 (RN)<br \/>\n.44 Universalus apvalkalas, tu\u0161\u010diaviduris ta\u0161kas (JHP)<\/p>\n<p>Tiksliniai vartotojai:<br \/>\nPasl\u0117ptos NIJ IIIA klas\u0117s neper\u0161aunamos liemen\u0117s apsaugo nuo su ginklu susijusi\u0173 pavoj\u0173. Ir jis turi daugiau pried\u0173 ir u\u017eima didesn\u012f plot\u0105. Dydis gali b\u016bti reguliuojamas lipduku \u0161onuose ir pe\u010diuose. M\u016bs\u0173 gaminiuose gali b\u016bti ginkluotosios paj\u0117gos, SWAT agent\u016bros, vidaus saugumo agent\u016bros, muitin\u0117s ir sien\u0173 apsaugos agent\u016bros, imigracijos kontrol\u0117s agent\u016bros ir kitos agent\u016bros, kurioms kyla \u0161aunam\u0173j\u0173 ginkl\u0173 pavojus. \u017dmon\u0117s gauna geresni\u0173 rezultat\u0173 ir ma\u017eiau auk\u0173.<\/p>\n","protected":false},"excerpt":{"rendered":"<p>Greitas atsegimas: juosmens greito atsegimo sagt\u012f lengva valdyti.<\/p>\n<p>Daug saugyklos: \u012fmontuota saugojimo ki\u0161en\u0117, o komunalini\u0173 paslaug\u0173 ki\u0161en\u0119 galima sumontuoti arba i\u0161imti pagal j\u016bs\u0173 poreikius.<\/p>\n<p>\u012erengtos priekin\u0117s ir galin\u0117s NIJ IIIA neper\u0161aunamos plok\u0161t\u0117s: gali susidoroti su pistolet\u0173 kulk\u0173 gr\u0117sme.<\/p>\n<p>REGULIUOJAMAS DYDIS: Reguliuojamas dydis su Velcro \u0161onuose ir pe\u010diais.<\/p>\n","protected":false},"featured_media":5166,"comment_status":"open","ping_status":"closed","template":"","meta":[],"product_brand":[],"product_cat":[219],"product_tag":[],"woo-feed-brand":[50],"class_list":{"0":"post-5668","1":"product","2":"type-product","3":"status-publish","4":"has-post-thumbnail","6":"product_cat-tactical-vest-lt","7":"woo-feed-brand-tyditiao","9":"first","10":"instock","11":"sale","12":"shipping-taxable","13":"purchasable","14":"product-type-simple"},"_links":{"self":[{"href":"https:\/\/tyditiao.com\/lt\/wp-json\/wp\/v2\/product\/5668","targetHints":{"allow":["GET"]}}],"collection":[{"href":"https:\/\/tyditiao.com\/lt\/wp-json\/wp\/v2\/product"}],"about":[{"href":"https:\/\/tyditiao.com\/lt\/wp-json\/wp\/v2\/types\/product"}],"replies":[{"embeddable":true,"href":"https:\/\/tyditiao.com\/lt\/wp-json\/wp\/v2\/comments?post=5668"}],"wp:featuredmedia":[{"embeddable":true,"href":"https:\/\/tyditiao.com\/lt\/wp-json\/wp\/v2\/media\/5166"}],"wp:attachment":[{"href":"https:\/\/tyditiao.com\/lt\/wp-json\/wp\/v2\/media?parent=5668"}],"wp:term":[{"taxonomy":"product_brand","embeddable":true,"href":"https:\/\/tyditiao.com\/lt\/wp-json\/wp\/v2\/product_brand?post=5668"},{"taxonomy":"product_cat","embeddable":true,"href":"https:\/\/tyditiao.com\/lt\/wp-json\/wp\/v2\/product_cat?post=5668"},{"taxonomy":"product_tag","embeddable":true,"href":"https:\/\/tyditiao.com\/lt\/wp-json\/wp\/v2\/product_tag?post=5668"},{"taxonomy":"woo-feed-brand","embeddable":true,"href":"https:\/\/tyditiao.com\/lt\/wp-json\/wp\/v2\/woo-feed-brand?post=5668"}],"curies":[{"name":"wp","href":"https:\/\/api.w.org\/{rel}","templated":true}]}}