{"id":5670,"date":"2022-10-21T05:10:23","date_gmt":"2022-10-21T03:10:23","guid":{"rendered":"http:\/\/tyditiao.com\/product\/sicpe-nij-iv-lygis-23-mm-25-kg-nepersaunamas-krutines-balistinis-ideklas-250-x-300-mm\/"},"modified":"2026-01-25T18:10:43","modified_gmt":"2026-01-25T16:10:43","slug":"sicpe-nij-level-iv-23mm-2-5kgn-krutine-nepersaunama-250x300mm","status":"publish","type":"product","link":"https:\/\/tyditiao.com\/lt\/produktas\/sicpe-nij-level-iv-23mm-2-5kgn-krutine-nepersaunama-250x300mm\/","title":{"rendered":"SIC+PE, NIJ IV lygis, 23 mm, 2,5 kg, neper\u0161aunamas kr\u016btin\u0117s balistinis \u012fd\u0117klas, 250 x 300 mm"},"content":{"rendered":"<p>Pavadinimas: NIJ IV klas\u0117s ypa\u010d lengva silicio karbido neper\u0161aunama plok\u0161t\u0117<\/p>\n<p>Standartas: NIJ 0101.06 IV klas\u0117, galime pateikti atitinkam\u0105 bandymo ataskait\u0105.<\/p>\n<p>Med\u017eiaga: SiC + UHMW-PE<\/p>\n<p>Svoris: 2,5 KG + 0,05 KG \/ 2,20 + 0,11 LB<\/p>\n<p>Storis: 23 mm<\/p>\n<p>I\u0161orinis sluoksnis: juodas vandeniui atsparus poliesterio audinys;<br \/>\nMatmenys: 250&#215;300 mm \/ 9,8&#8243;x11,8&#8243;<br \/>\nForma: trapecija (trapecijos formos lenta su nuo\u017eulniais kampais)<\/p>\n<p>Pakavimo s\u0105ra\u0161as:<br \/>\n1 x trapecijos formos neper\u0161aunama plok\u0161t\u0117.<\/p>\n<p>Pasteb\u0117ti:<br \/>\n\u0160vies\u0105 atspindinti liemen\u0117 \u012f komplektacij\u0105 ne\u012feina<\/p>\n<p>Tiksliniai vartotojai: NIJ IV klas\u0117s \u201eSuperlight Sic\u201c neper\u0161aunamos plok\u0161t\u0117s, skirtos naudoti prie\u0161 su ginklu susijusias gr\u0117smes. Ginkluotosios paj\u0117gos, SWAT agent\u016bros, vidaus saugumo agent\u016bros, muitin\u0117s ir sien\u0173 apsaugos agent\u016bros, imigracijos kontrol\u0117s agent\u016bros ir kitos agent\u016bros, kurioms gresia \u0161aunamasis ginklas, gali b\u016bti apr\u016bpintos m\u016bs\u0173 gaminiais. \u017dmon\u0117s pasiekia geresni\u0173 rezultat\u0173 ir ma\u017eiau auk\u0173. Produktas taip pat geriau tinka tokioms situacijoms, kaip tolimojo nuotolio misijos arba tolimos misijos. Tai taip pat geras pasirinkimas j\u016bs\u0173 \u0161eimos apsaugai<\/p>\n<p><!--more--><\/p>\n<p>Sviedini\u0173, nuo kuri\u0173 NIJ IV gali apsiginti, parametrai:<\/p>\n<p>Visas metalinis korpusas 7,62 x 51 mm M80 (FMJ) \/ NATO kamuolys;<\/p>\n<p>7,62 x 39 mm AK47 \u0161vino \u0161erdis (LC) \/ \u0161velnaus plieno \u0161erdis (MSC);<\/p>\n<p>5,56 x 45 mm M193 \u0161vinas (LC) \/ NATO SS109 rutulys;<\/p>\n<p>Balistiniai \u012fd\u0117klai da\u017enai naudojami \u0161arvuose ar taktin\u0117se liemen\u0117se. Yra dviej\u0173 tip\u0173 neper\u0161aunamos \u0161ovin\u0117s: priekin\u0117s ir \u0161onin\u0117s. Priekinis skydelis apsaugo kr\u016btin\u0119 ir nugar\u0105, o \u0161onin\u0117s \u2013 k\u016bno \u0161onus. Nuo\u017eulniai da\u017eniausiai apsaugo priekin\u0119 kr\u016btin\u0117s pus\u0119, o kvadratai \u2013 nugar\u0105.<\/p>\n<p>Yra keturi\u0173 r\u016b\u0161i\u0173 neper\u0161aunam\u0173 plok\u0161\u010di\u0173 med\u017eiagos: neper\u0161aunamas plienas, PE polietilenas, PE+aliuminio oksidas, PE+silicio karbidas. Galima \u012fsigyti i\u0161 \u012fvairi\u0173 med\u017eiag\u0173 modeli\u0173, \u0161i baterija yra gryno PE + silicio.<\/p>\n<p>Keraminiai neper\u0161aunami \u012fd\u0117klai da\u017eniausiai gaminami i\u0161 toki\u0173 med\u017eiag\u0173 kaip keramika ir polietilenas PE. Taisykl\u0117 yra tokia: kai kulka pataiko \u012f neper\u0161aunam\u0105 \u0161ovin\u012f, kulka pirmiausia patenka \u012f keraminio sluoksnio vir\u0161\u0173. Did\u017eiul\u0117 sviedinio sm\u016bgio j\u0117ga perduodama \u012f aplink\u0105, sugerdama did\u017eiul\u0119 kinetin\u0119 sviedinio energij\u0105. Kai sviedinys praeina per keramin\u012f sluoksn\u012f, jis praranda did\u017ei\u0105j\u0105 dal\u012f savo kinetin\u0117s energijos. Kai sviedinys pasiekia polietileno sluoksn\u012f, polietilenas i\u0161sklaido sviedinio kinetin\u0119 energij\u0105 i\u0161tempdamas ir apvyniodamas sviedin\u012f bei skeveldras, ma\u017eai paveikdamas k\u016bn\u0105, suteikdamas puiki\u0105 apsaug\u0105.<\/p>\n","protected":false},"excerpt":{"rendered":"<p>Itin lengva balistin\u0117 plok\u0161t\u0117, pagaminta i\u0161 NIJ IV klas\u0117s silicio karbido, galinti atlaikyti \u012fprast\u0173 \u0161autuv\u0173 \u0161ovini\u0173 gr\u0117sm\u0119.<\/p>\n<p>Brandus procesas: parodys stabil\u0173 ir puik\u0173 apsaugin\u012f veikim\u0105.<\/p>\n<p>Lengvesn\u0117s ir patogesn\u0117s nei aliuminio oksido keramikos plok\u0161t\u0117s.<\/p>\n<p>Vir\u0161utinis sluoksnis pagamintas i\u0161 vandeniui atsparaus poliesterio audinio, o plok\u0161t\u0117 yra atspari vandeniui ir d\u0117m\u0117ms.<\/p>\n","protected":false},"featured_media":5408,"comment_status":"open","ping_status":"closed","template":"","meta":[],"product_brand":[],"product_cat":[220],"product_tag":[],"woo-feed-brand":[50],"class_list":{"0":"post-5670","1":"product","2":"type-product","3":"status-publish","4":"has-post-thumbnail","6":"product_cat-bulletproof-chest-plate-lt","7":"woo-feed-brand-tyditiao","9":"first","10":"instock","11":"sale","12":"shipping-taxable","13":"purchasable","14":"product-type-simple"},"_links":{"self":[{"href":"https:\/\/tyditiao.com\/lt\/wp-json\/wp\/v2\/product\/5670","targetHints":{"allow":["GET"]}}],"collection":[{"href":"https:\/\/tyditiao.com\/lt\/wp-json\/wp\/v2\/product"}],"about":[{"href":"https:\/\/tyditiao.com\/lt\/wp-json\/wp\/v2\/types\/product"}],"replies":[{"embeddable":true,"href":"https:\/\/tyditiao.com\/lt\/wp-json\/wp\/v2\/comments?post=5670"}],"wp:featuredmedia":[{"embeddable":true,"href":"https:\/\/tyditiao.com\/lt\/wp-json\/wp\/v2\/media\/5408"}],"wp:attachment":[{"href":"https:\/\/tyditiao.com\/lt\/wp-json\/wp\/v2\/media?parent=5670"}],"wp:term":[{"taxonomy":"product_brand","embeddable":true,"href":"https:\/\/tyditiao.com\/lt\/wp-json\/wp\/v2\/product_brand?post=5670"},{"taxonomy":"product_cat","embeddable":true,"href":"https:\/\/tyditiao.com\/lt\/wp-json\/wp\/v2\/product_cat?post=5670"},{"taxonomy":"product_tag","embeddable":true,"href":"https:\/\/tyditiao.com\/lt\/wp-json\/wp\/v2\/product_tag?post=5670"},{"taxonomy":"woo-feed-brand","embeddable":true,"href":"https:\/\/tyditiao.com\/lt\/wp-json\/wp\/v2\/woo-feed-brand?post=5670"}],"curies":[{"name":"wp","href":"https:\/\/api.w.org\/{rel}","templated":true}]}}