{"id":5673,"date":"2022-10-21T05:17:38","date_gmt":"2022-10-22T02:49:03","guid":{"rendered":"http:\/\/tyditiao.com\/product\/aliuminis-pe-nij-iii-lygis-20-mm-2-kg-nepersaunama-krutine-balistinis-ideklas-250x300-mm\/"},"modified":"2022-10-22T04:49:03","modified_gmt":"2022-10-22T02:49:03","slug":"aliuminio-oksidas-nij-level-iii-20-mm-2-kg-nepersaunamas-250x300-mm","status":"publish","type":"product","link":"https:\/\/tyditiao.com\/lt\/produktas\/aliuminio-oksidas-nij-level-iii-20-mm-2-kg-nepersaunamas-250x300-mm\/","title":{"rendered":"Aliuminis + PE, NIJ III lygis, 20 mm, 2 kg, neper\u0161aunama kr\u016btin\u0117, balistinis \u012fd\u0117klas 250&#215;300 mm"},"content":{"rendered":"<p>Svoris: 2kg<br \/>\nMed\u017eiaga: aliuminio oksidas + PE<br \/>\nStoris: 20mm<br \/>\nApsaugos klas\u0117: NIJ III klas\u0117 (GA5)<\/p>\n<p>I\u0161orinis sluoksnis: juodas vandeniui atsparus poliesterio audinys;<br \/>\nMatmenys: 250&#215;300 mm \/ 9,8&#8243;x11,8&#8243;<br \/>\nForma: trapecija (trapecijos formos lenta su nuo\u017eulniais kampais)<\/p>\n<p>Pakavimo s\u0105ra\u0161as:<br \/>\n1 x trapecijos formos neper\u0161aunama plok\u0161t\u0117.<\/p>\n<p>Pasteb\u0117ti:<br \/>\n\u0160vies\u0105 atspindinti liemen\u0117 \u012f komplektacij\u0105 ne\u012feina<\/p>\n<p>Tiksliniai vartotojai: Ginkluotosios paj\u0117gos, SWAT, T\u0117vyn\u0117s saugumas, Muitin\u0117 ir sien\u0173 apsauga, Imigracijos kontrol\u0117 ir kiti, kurie susiduria su ginkl\u0173 gr\u0117sme, gali b\u016bti apr\u016bpinti m\u016bs\u0173 produktais. \u017dmon\u0117s pasiekia geresni\u0173 rezultat\u0173 ir ma\u017eiau auk\u0173. Produktas taip pat geriau tinka tokioms situacijoms, kaip tolimojo nuotolio misijos arba tolimos misijos. Tai taip pat geras pasirinkimas j\u016bs\u0173 \u0161eimos apsaugai<\/p>\n<p>Balistiniai \u012fd\u0117klai da\u017enai naudojami \u0161arvuose ar taktin\u0117se liemen\u0117se. Yra dviej\u0173 tip\u0173 neper\u0161aunamos \u0161ovin\u0117s: priekin\u0117s ir \u0161onin\u0117s. Priekinis skydelis apsaugo kr\u016btin\u0119 ir nugar\u0105, o \u0161onin\u0117s \u2013 k\u016bno \u0161onus. Nuo\u017eulniai da\u017eniausiai apsaugo priekin\u0119 kr\u016btin\u0117s pus\u0119, o kvadratai \u2013 nugar\u0105.<\/p>\n<p>Yra keturi\u0173 r\u016b\u0161i\u0173 neper\u0161aunam\u0173 plok\u0161\u010di\u0173 med\u017eiagos: neper\u0161aunamas plienas, PE polietilenas, PE+aliuminio oksidas, PE+silicio karbidas.<\/p>\n<p>Keraminiai neper\u0161aunami \u012fd\u0117klai da\u017eniausiai gaminami i\u0161 toki\u0173 med\u017eiag\u0173 kaip keramika ir polietilenas PE. Taisykl\u0117 yra tokia: kai kulka pataiko \u012f neper\u0161aunam\u0105 \u0161ovin\u012f, kulka pirmiausia patenka \u012f keraminio sluoksnio vir\u0161\u0173. Did\u017eiul\u0117 sviedinio sm\u016bgio j\u0117ga perduodama \u012f aplink\u0105, sugerdama did\u017eiul\u0119 kinetin\u0119 sviedinio energij\u0105. Kai sviedinys praeina per keramin\u012f sluoksn\u012f, jis praranda did\u017ei\u0105j\u0105 dal\u012f savo kinetin\u0117s energijos. Kai sviedinys pasiekia polietileno sluoksn\u012f, polietilenas i\u0161sklaido sviedinio kinetin\u0119 energij\u0105 i\u0161tempdamas ir apvyniodamas sviedin\u012f bei skeveldras, ma\u017eai paveikdamas k\u016bn\u0105, suteikdamas puiki\u0105 apsaug\u0105.<\/p>\n","protected":false},"excerpt":{"rendered":"<p>Tuo pa\u010diu balistiniu \u012fvertinimu jis yra lengvesnis u\u017e plien\u0105 ir pigesnis nei silicio karbidas, tod\u0117l aliuminio oksido keramikos balistika yra geras balansas.<\/p>\n<p>Vir\u0161utinis sluoksnis pagamintas i\u0161 vandeniui atsparaus poliesterio audinio, o plok\u0161t\u0117 yra atspari vandeniui ir d\u0117m\u0117ms.<\/p>\n<p>Buferinis sluoksnis: kiekviena neper\u0161aunama plok\u0161t\u0117 yra pritvirtinta prie vidinio sm\u016bgiams atsparaus EVA sluoksnio, kuris gali veiksmingai suma\u017einti poveik\u012f \u017emogaus k\u016bnui po sprogimo.<\/p>\n<p>Plok\u0161t\u0117s med\u017eiaga: vir\u0161utinis sluoksnis yra aliuminio keramin\u0117 plok\u0161t\u0117, o apatinis sluoksnis yra PE neper\u0161aunama plok\u0161t\u0117;<\/p>\n","protected":false},"featured_media":5318,"comment_status":"open","ping_status":"closed","template":"","meta":[],"product_brand":[],"product_cat":[220],"product_tag":[],"woo-feed-brand":[50],"class_list":{"0":"post-5673","1":"product","2":"type-product","3":"status-publish","4":"has-post-thumbnail","6":"product_cat-bulletproof-chest-plate-lt","7":"woo-feed-brand-tyditiao","9":"first","10":"instock","11":"sale","12":"shipping-taxable","13":"purchasable","14":"product-type-simple"},"_links":{"self":[{"href":"https:\/\/tyditiao.com\/lt\/wp-json\/wp\/v2\/product\/5673","targetHints":{"allow":["GET"]}}],"collection":[{"href":"https:\/\/tyditiao.com\/lt\/wp-json\/wp\/v2\/product"}],"about":[{"href":"https:\/\/tyditiao.com\/lt\/wp-json\/wp\/v2\/types\/product"}],"replies":[{"embeddable":true,"href":"https:\/\/tyditiao.com\/lt\/wp-json\/wp\/v2\/comments?post=5673"}],"wp:featuredmedia":[{"embeddable":true,"href":"https:\/\/tyditiao.com\/lt\/wp-json\/wp\/v2\/media\/5318"}],"wp:attachment":[{"href":"https:\/\/tyditiao.com\/lt\/wp-json\/wp\/v2\/media?parent=5673"}],"wp:term":[{"taxonomy":"product_brand","embeddable":true,"href":"https:\/\/tyditiao.com\/lt\/wp-json\/wp\/v2\/product_brand?post=5673"},{"taxonomy":"product_cat","embeddable":true,"href":"https:\/\/tyditiao.com\/lt\/wp-json\/wp\/v2\/product_cat?post=5673"},{"taxonomy":"product_tag","embeddable":true,"href":"https:\/\/tyditiao.com\/lt\/wp-json\/wp\/v2\/product_tag?post=5673"},{"taxonomy":"woo-feed-brand","embeddable":true,"href":"https:\/\/tyditiao.com\/lt\/wp-json\/wp\/v2\/woo-feed-brand?post=5673"}],"curies":[{"name":"wp","href":"https:\/\/api.w.org\/{rel}","templated":true}]}}