{"id":5674,"date":"2022-10-21T05:20:55","date_gmt":"2022-10-21T03:20:55","guid":{"rendered":"http:\/\/tyditiao.com\/product\/nepersaunamas-plienas-nij-iv-7-mm-3-kg-nepersaunamas-balistine-krutines-plokste-250x300-mm\/"},"modified":"2025-09-29T15:50:15","modified_gmt":"2025-09-29T13:50:15","slug":"nepersaunamas-plienas-nij-level-iv-7mm-3kg-krutine-nepersaunamas-250x300mm","status":"publish","type":"product","link":"https:\/\/tyditiao.com\/lt\/produktas\/nepersaunamas-plienas-nij-level-iv-7mm-3kg-krutine-nepersaunamas-250x300mm\/","title":{"rendered":"Neper\u0161aunamas plienas, NIJ IV, 7 mm, 3 kg, neper\u0161aunamas balistin\u0117 kr\u016btin\u0117s plok\u0161t\u0117, 250&#215;300 mm"},"content":{"rendered":"<p>Svoris: 3kg<br \/>\nMed\u017eiaga: neper\u0161aunamas plienas;<br \/>\nStoris: 7mm<br \/>\nApsaugos klas\u0117: NIJ IV (GA6)<\/p>\n<p>Dydis: 25cm * 30cm<br \/>\nForma: trapecija (trapecijos formos lenta su nuo\u017eulniais kampais)<\/p>\n<p>Pakavimo s\u0105ra\u0161as:<br \/>\n1 x trapecijos formos neper\u0161aunama plok\u0161t\u0117.<\/p>\n<p>Pasteb\u0117ti:<br \/>\n\u0160vies\u0105 atspindinti liemen\u0117 \u012f komplektacij\u0105 ne\u012feina<\/p>\n<p>Vartotojai: \u0161eimos gynyba, su rizika susij\u0119s personalas, banko valiutos apsauga, u\u017esienio kari\u0161kiai, u\u017esienio ginkluot\u0173 konflikt\u0173 darbuotojai, apsaugos darbuotojai, j\u016breiviai, pasienie\u010diai ir kt.<\/p>\n","protected":false},"excerpt":{"rendered":"<p>Pagaminta i\u0161 specialios neper\u0161aunamo plieno plok\u0161t\u0117s: tokio pat lygio apsauga, o prana\u0161umas \u2013 plonas ir lengvas.<\/p>\n<p>Buferinis sluoksnis: kiekvienos neper\u0161aunamos plok\u0161t\u0117s viduje yra sm\u016bgiams atsparaus EVA medviln\u0117s kilim\u0117lio sluoksnis, kuris gali veiksmingai suma\u017einti poveik\u012f \u017emogaus k\u016bnui po bombardavimo.<\/p>\n<p>Dvigubos arkos dizainas: Mechaninis lyginimas kair\u0117je ir de\u0161in\u0117je lentos pus\u0117se pagal ergonominius principus, kad i\u0161lenktas kra\u0161tas puikiai priglust\u0173 prie k\u016bno<\/p>\n<p>Naudojimas: Saugumo sumetimais naudokite su taktin\u0117mis liemen\u0117mis, striuk\u0117mis, balistin\u0117mis kuprin\u0117mis, \u012fvairiomis liemen\u0117mis ir kt.<\/p>\n","protected":false},"featured_media":5372,"comment_status":"open","ping_status":"closed","template":"","meta":[],"product_brand":[],"product_cat":[220],"product_tag":[],"woo-feed-brand":[50],"class_list":{"0":"post-5674","1":"product","2":"type-product","3":"status-publish","4":"has-post-thumbnail","6":"product_cat-bulletproof-chest-plate-lt","7":"woo-feed-brand-tyditiao","9":"first","10":"instock","11":"sale","12":"shipping-taxable","13":"purchasable","14":"product-type-simple"},"_links":{"self":[{"href":"https:\/\/tyditiao.com\/lt\/wp-json\/wp\/v2\/product\/5674","targetHints":{"allow":["GET"]}}],"collection":[{"href":"https:\/\/tyditiao.com\/lt\/wp-json\/wp\/v2\/product"}],"about":[{"href":"https:\/\/tyditiao.com\/lt\/wp-json\/wp\/v2\/types\/product"}],"replies":[{"embeddable":true,"href":"https:\/\/tyditiao.com\/lt\/wp-json\/wp\/v2\/comments?post=5674"}],"wp:featuredmedia":[{"embeddable":true,"href":"https:\/\/tyditiao.com\/lt\/wp-json\/wp\/v2\/media\/5372"}],"wp:attachment":[{"href":"https:\/\/tyditiao.com\/lt\/wp-json\/wp\/v2\/media?parent=5674"}],"wp:term":[{"taxonomy":"product_brand","embeddable":true,"href":"https:\/\/tyditiao.com\/lt\/wp-json\/wp\/v2\/product_brand?post=5674"},{"taxonomy":"product_cat","embeddable":true,"href":"https:\/\/tyditiao.com\/lt\/wp-json\/wp\/v2\/product_cat?post=5674"},{"taxonomy":"product_tag","embeddable":true,"href":"https:\/\/tyditiao.com\/lt\/wp-json\/wp\/v2\/product_tag?post=5674"},{"taxonomy":"woo-feed-brand","embeddable":true,"href":"https:\/\/tyditiao.com\/lt\/wp-json\/wp\/v2\/woo-feed-brand?post=5674"}],"curies":[{"name":"wp","href":"https:\/\/api.w.org\/{rel}","templated":true}]}}