{"id":5676,"date":"2022-10-21T05:25:40","date_gmt":"2022-10-21T03:25:40","guid":{"rendered":"http:\/\/tyditiao.com\/product\/uhmwpe-nij-iiia-lygis-7-mm-05-kg-nepersaunama-krutines-plokste-250-x-300-mm\/"},"modified":"2026-01-25T18:08:09","modified_gmt":"2026-01-25T16:08:09","slug":"uhmwpe-nij-level-iiia-7mm-0-5kgn-krutine-nepersaunama-250x300mm","status":"publish","type":"product","link":"https:\/\/tyditiao.com\/lt\/produktas\/uhmwpe-nij-level-iiia-7mm-0-5kgn-krutine-nepersaunama-250x300mm\/","title":{"rendered":"UHMWPE, NIJ IIIA lygis, 7 mm, 0,5 kg, neper\u0161aunama kr\u016btin\u0117s plok\u0161t\u0117, 250 x 300 mm"},"content":{"rendered":"<p>Svoris: 0,5kg<br \/>\nMed\u017eiaga: PE<br \/>\nStoris: 7mm<br \/>\nApsaugos klas\u0117: NIJ IIIA lygis (GA4)<\/p>\n<p>I\u0161orinis sluoksnis: juodas vandeniui atsparus poliesterio audinys;<br \/>\nMatmenys: 250&#215;300 mm \/ 9,8&#8243;x11,8&#8243;<br \/>\nForma: trapecija (trapecijos formos lenta su nuo\u017eulniais kampais)<\/p>\n<p>Pakavimo s\u0105ra\u0161as:<br \/>\n1 x trapecijos formos neper\u0161aunama plok\u0161t\u0117.<\/p>\n<p>Pasteb\u0117ti:<br \/>\n\u0160vies\u0105 atspindinti liemen\u0117 \u012f komplektacij\u0105 ne\u012feina<\/p>\n<p>Tiksliniai vartotojai: Ginkluotosios paj\u0117gos, SWAT, T\u0117vyn\u0117s saugumas, Muitin\u0117 ir sien\u0173 apsauga, Imigracijos kontrol\u0117 ir kiti, kurie susiduria su ginkl\u0173 gr\u0117sme, gali b\u016bti apr\u016bpinti m\u016bs\u0173 produktais. \u017dmon\u0117s pasiekia geresni\u0173 rezultat\u0173 ir ma\u017eiau auk\u0173. Produktas taip pat geriau tinka tokioms situacijoms, kaip tolimojo nuotolio misijos arba tolimos misijos. Tai taip pat geras pasirinkimas j\u016bs\u0173 \u0161eimos apsaugai<\/p>\n","protected":false},"excerpt":{"rendered":"<p>\u0160is \u012fd\u0117klas pagamintas i\u0161 gryno PE pluo\u0161to: privalumas yra ma\u017eas svoris ir ma\u017eesn\u0117 antrinio pa\u017eeidimo tikimyb\u0117 po kepimo. U\u017erakinus, sviedinys \u012fterpiamas \u012f gele\u017et\u0119 ir labai ma\u017ea at\u0161okimo tikimyb\u0117<\/p>\n<p>Gryna PE neper\u0161aunama plok\u0161t\u0117, NIJ IIIA klas\u0117: svoris 0,5 kg, atsparus \u0161vinui, 54 tipo, 64 tipo pistoletas, 79 tipo automatas<\/p>\n<p>Buferinis sluoksnis: kiekvienos neper\u0161aunamos plok\u0161t\u0117s viduje yra sm\u016bgiams atsparaus EVA medviln\u0117s kilim\u0117lio sluoksnis, kuris gali veiksmingai suma\u017einti poveik\u012f \u017emogaus k\u016bnui po bombardavimo.<\/p>\n<p>Dvigubos arkos dizainas: Mechaninis lyginimas kair\u0117je ir de\u0161in\u0117je lentos pus\u0117se pagal ergonominius principus, kad i\u0161lenktas kra\u0161tas puikiai priglust\u0173 prie k\u016bno<\/p>\n","protected":false},"featured_media":5462,"comment_status":"open","ping_status":"closed","template":"","meta":[],"product_brand":[],"product_cat":[220],"product_tag":[],"woo-feed-brand":[50],"class_list":{"0":"post-5676","1":"product","2":"type-product","3":"status-publish","4":"has-post-thumbnail","6":"product_cat-bulletproof-chest-plate-lt","7":"woo-feed-brand-tyditiao","9":"first","10":"instock","11":"sale","12":"shipping-taxable","13":"purchasable","14":"product-type-simple"},"_links":{"self":[{"href":"https:\/\/tyditiao.com\/lt\/wp-json\/wp\/v2\/product\/5676","targetHints":{"allow":["GET"]}}],"collection":[{"href":"https:\/\/tyditiao.com\/lt\/wp-json\/wp\/v2\/product"}],"about":[{"href":"https:\/\/tyditiao.com\/lt\/wp-json\/wp\/v2\/types\/product"}],"replies":[{"embeddable":true,"href":"https:\/\/tyditiao.com\/lt\/wp-json\/wp\/v2\/comments?post=5676"}],"wp:featuredmedia":[{"embeddable":true,"href":"https:\/\/tyditiao.com\/lt\/wp-json\/wp\/v2\/media\/5462"}],"wp:attachment":[{"href":"https:\/\/tyditiao.com\/lt\/wp-json\/wp\/v2\/media?parent=5676"}],"wp:term":[{"taxonomy":"product_brand","embeddable":true,"href":"https:\/\/tyditiao.com\/lt\/wp-json\/wp\/v2\/product_brand?post=5676"},{"taxonomy":"product_cat","embeddable":true,"href":"https:\/\/tyditiao.com\/lt\/wp-json\/wp\/v2\/product_cat?post=5676"},{"taxonomy":"product_tag","embeddable":true,"href":"https:\/\/tyditiao.com\/lt\/wp-json\/wp\/v2\/product_tag?post=5676"},{"taxonomy":"woo-feed-brand","embeddable":true,"href":"https:\/\/tyditiao.com\/lt\/wp-json\/wp\/v2\/woo-feed-brand?post=5676"}],"curies":[{"name":"wp","href":"https:\/\/api.w.org\/{rel}","templated":true}]}}