{"id":6048,"date":"2023-01-16T12:36:49","date_gmt":"2023-01-16T10:36:49","guid":{"rendered":"http:\/\/tyditiao.com\/product\/paslepiami-sarvai-nepersaunama-liemene-su-nij-iiia-apsaugos-lygiu-asmenine-lauko-saugos-iranga\/"},"modified":"2026-01-25T18:07:02","modified_gmt":"2026-01-25T16:07:02","slug":"paslepiama-nepersaunama-liemene-nepersaunama-liemene-su-ni-iiia-apsaugos-lygiu-asmenines-apsaugos-iranga-lauke","status":"publish","type":"product","link":"https:\/\/tyditiao.com\/lt\/produktas\/paslepiama-nepersaunama-liemene-nepersaunama-liemene-su-ni-iiia-apsaugos-lygiu-asmenines-apsaugos-iranga-lauke\/","title":{"rendered":"Paslepiami \u0161arvai, neper\u0161aunama liemen\u0117 su NIJ IIIA apsaugos lygiu, asmenin\u0117 lauko saugos \u012franga"},"content":{"rendered":"<p>Med\u017eiaga: itin auk\u0161tos kokyb\u0117s polimerin\u0117 PE med\u017eiaga, kuri gali atlaikyti kelis sm\u016bgius i\u0161laikant lankstum\u0105. Pasi\u017eymi lengvumu, mink\u0161tumu, komfortu, puikiu atsparumu UV spinduliams, ma\u017eu jautrumu dr\u0117gmei ir atsparumu vandeniui.<\/p>\n<p>Apsaugos laipsnis: NIJ IIIA apsauga priekyje ir gale<\/p>\n<p>Blokuojamos kulkos:<br \/>\n.44 Magnum<br \/>\n.40 S&amp;W, .357 Magnum, .45<br \/>\nkulkosvaidis 9mm<br \/>\nPusiau apvalkalin\u0117s tu\u0161\u010diavidur\u0117s (SJHP) kulkos<br \/>\nViso metalo sviedinio kalibravimas 9 mm pilna metalu dengta kulka, kurios vardin\u0117 mas\u0117 8,0 g (124 g) ir sm\u016bgio greitis 426 m\/s (1 400 p\u0117d\u0173\/s) ar ma\u017eesnis<br \/>\nTaip pat suteikia apsaug\u0105 nuo daugelio ginkl\u0173 gr\u0117smi\u0173, taip pat nuo IIA ir II klas\u0117s gr\u0117smi\u0173<\/p>\n<p>Spalva: juoda<br \/>\nLytis: Unisex<br \/>\nAprangos tipas: liemen\u0117, vir\u0161us<br \/>\nRankovi\u0173 tipas: be rankovi\u0173<br \/>\nFunkcija: Neper\u0161aunamas<br \/>\ndydis: vienas dydis<br \/>\nSvoris: 2,5 kg<br \/>\nSkalbimas: vidinis pamu\u0161alas ir vir\u0161utiniai drabu\u017eiai gali b\u016bti atskirti, vidinis neper\u0161aunamas sluoksnis negali b\u016bti skalbiamas, tiesiog nuvalykite i\u0161orin\u012f sluoksn\u012f<\/p>\n<p>Pakuot\u0117: 1 x neper\u0161aunama liemen\u0117 (NIJ IIIA)<\/p>\n","protected":false},"excerpt":{"rendered":"<p>Mink\u0161tas ir lengvas: lankstus, patogus ne\u0161ioti, i\u0161 esm\u0117s netrukdo \u017emogaus k\u016bnui b\u0117gioti ar tup\u0117ti<\/p>\n<p>Puikus sl\u0117pimas: reguliuojamas 4 skirtinguose ta\u0161kuose su velcro dir\u017eeliais, kad b\u016bt\u0173 lengva pasl\u0117pti po drabu\u017eiais<\/p>\n<p>NIJ IIIA apsauga: auk\u0161\u010diausias \u0161iuo metu neper\u0161aunam\u0173 liemeni\u0173 apsaugos lygis<\/p>\n<p>Geras i\u0161pl\u0117timas: priekin\u0117s ir galin\u0117s \u0161arv\u0173 ki\u0161en\u0117s gali b\u016bti pritvirtintos neper\u0161aunamo plieno plok\u0161t\u0117mis, kad b\u016bt\u0173 suteikta papildoma apsauga pagal j\u0173 poreikius<\/p>\n<p>Taikomi \u017emon\u0117s: \u017eurnalistai ir kari\u0161kiai keliauja per karo draskomas vietoves, taip pat gali b\u016bti naudojami nam\u0173 gynybai, siekiant apsaugoti savo saugum\u0105 ir k\u016bn\u0105 nuo kulk\u0173 ir \u0161iuk\u0161li\u0173<\/p>\n","protected":false},"featured_media":6028,"comment_status":"open","ping_status":"closed","template":"","meta":[],"product_brand":[],"product_cat":[219],"product_tag":[],"woo-feed-brand":[50],"class_list":{"0":"post-6048","1":"product","2":"type-product","3":"status-publish","4":"has-post-thumbnail","6":"product_cat-tactical-vest-lt","7":"woo-feed-brand-tyditiao","9":"first","10":"instock","11":"sale","12":"shipping-taxable","13":"purchasable","14":"product-type-simple"},"_links":{"self":[{"href":"https:\/\/tyditiao.com\/lt\/wp-json\/wp\/v2\/product\/6048","targetHints":{"allow":["GET"]}}],"collection":[{"href":"https:\/\/tyditiao.com\/lt\/wp-json\/wp\/v2\/product"}],"about":[{"href":"https:\/\/tyditiao.com\/lt\/wp-json\/wp\/v2\/types\/product"}],"replies":[{"embeddable":true,"href":"https:\/\/tyditiao.com\/lt\/wp-json\/wp\/v2\/comments?post=6048"}],"wp:featuredmedia":[{"embeddable":true,"href":"https:\/\/tyditiao.com\/lt\/wp-json\/wp\/v2\/media\/6028"}],"wp:attachment":[{"href":"https:\/\/tyditiao.com\/lt\/wp-json\/wp\/v2\/media?parent=6048"}],"wp:term":[{"taxonomy":"product_brand","embeddable":true,"href":"https:\/\/tyditiao.com\/lt\/wp-json\/wp\/v2\/product_brand?post=6048"},{"taxonomy":"product_cat","embeddable":true,"href":"https:\/\/tyditiao.com\/lt\/wp-json\/wp\/v2\/product_cat?post=6048"},{"taxonomy":"product_tag","embeddable":true,"href":"https:\/\/tyditiao.com\/lt\/wp-json\/wp\/v2\/product_tag?post=6048"},{"taxonomy":"woo-feed-brand","embeddable":true,"href":"https:\/\/tyditiao.com\/lt\/wp-json\/wp\/v2\/woo-feed-brand?post=6048"}],"curies":[{"name":"wp","href":"https:\/\/api.w.org\/{rel}","templated":true}]}}