{"id":7021,"date":"2023-03-05T03:25:17","date_gmt":"2023-03-05T03:21:25","guid":{"rendered":"http:\/\/tyditiao.com\/product\/wendy-taktinis-salmas-3a-lengvas-specialiu-pajegu-sprogimui-atsparus-salmas-specialaus-dydzio-pasirinktinai-spalvai-skirta-pirkimo-nuoroda\/"},"modified":"2023-03-05T05:21:25","modified_gmt":"2023-03-05T03:21:25","slug":"wendy-tactical-helm-light-forces-special-3a-proof-proof-helm-special-size-custom-color-dedicated-link-to-purchase","status":"publish","type":"product","link":"https:\/\/tyditiao.com\/lt\/produktas\/wendy-tactical-helm-light-forces-special-3a-proof-proof-helm-special-size-custom-color-dedicated-link-to-purchase\/","title":{"rendered":"WENDY taktinis \u0161almas 3A lengvas speciali\u0173 paj\u0117g\u0173 sprogimui atsparus \u0161almas specialaus dyd\u017eio pasirinktinai spalvai skirta pirkimo nuoroda"},"content":{"rendered":"<p><strong>Apie WENDY neper\u0161aunamo \u0161almo dyd\u012f:<\/strong> prie \u0161io WENDY speciali\u0173j\u0173 paj\u0117g\u0173 neper\u0161aunamo \u0161almo prid\u0117jome didelio ir ma\u017eo dyd\u017eio gamybos formas, kad patenkintume skirtingus vartotoj\u0173 poreikius. M dydis yra normalus dydis, tinkantis daugumai \u017emoni\u0173. Jei manote, kad ma\u017eas dydis gali geriau atitikti j\u016bs\u0173 poreikius ar d\u0117v\u0117jimo \u012fpro\u010dius, rinkit\u0117s ma\u017e\u0105 dyd\u012f, kitu atveju rinkit\u0117s didel\u012f.<\/p>\n<p><strong>Apie WENDY neper\u0161aunamo \u0161almo spalv\u0105:<\/strong> masi\u0161kai gaminame daugiausia juodos, \u0161viesiai rudos ir \u017ealios spalvos. Ta\u010diau tuo pat metu mes galime pagaminti bet kokias spalvas ar \u012fvairius kamuflia\u017eo modelius, kuri\u0173 reikalauja klientai, pavyzd\u017eiui, mi\u0161ko kamuflia\u017eas, d\u017eiungli\u0173 kamuflia\u017eas, dykumos kamuflia\u017eas, j\u016brinis kamuflia\u017eas, miesto kamuflia\u017eas ir kt. Jei planuojate u\u017esisakyti daugiau nei 10 \u0161alm\u0173, susisiekite su mumis, \u0161i\u0105 tinkint\u0173 spalv\u0173 paslaug\u0105 gausite nemokamai, tiesiog atsi\u0173skite mums norim\u0105 spalv\u0173 model\u012f<\/p>\n<p><strong>WENDY taktinio \u0161almo neper\u0161aunamas lygis:<\/strong> 0101.06 standartinis IIIA lygis<\/p>\n<p>PATOGU D\u0116V\u0116TI: Zorbium putplas\u010dio amortizacija turi vanden\u012f atstumiant\u012f pamu\u0161al\u0105 su antimikrobine danga, kuri pa\u0161alina dr\u0117gm\u0119, kad i\u0161likt\u0173 v\u0117si ir sausa.<\/p>\n<p>LENGVAS REGULIAVIMAS: Lengva karinio lygio CAM FIT tvirtinimo sistema su BOA u\u017esegimo sistema, kad b\u016bt\u0173 galima saugiai reguliuoti viena ranka ir tiksliai priglusti.<\/p>\n<p>I\u0161ple\u010diama: Rail 2.0 tvirtinimo sistema suderinama su visais EXFIL Rail 2.0 priedais. Apver\u010diamas kardaninio veleno tvirtinimo b\u0117gelis ir kardaninio r\u0117mo laikiklis ant kaktos leid\u017eia Wendy sukurti daugiau galimybi\u0173.<\/p>\n<p>Be \u012fprastos pakabos, \u0161almas turi tris sm\u016bgio pagalv\u0117les ir a\u0161tuonias reguliuojamas pagalv\u0117les, u\u017etikrinan\u010dias optimal\u0173 prigludim\u0105 ir patogum\u0105.<\/p>\n","protected":false},"excerpt":{"rendered":"<p>Apie WENDY neper\u0161aunamo \u0161almo dyd\u012f: prie \u0161io WENDY speciali\u0173j\u0173 paj\u0117g\u0173 neper\u0161aunamo \u0161almo prid\u0117jome didelio ir ma\u017eo dyd\u017eio gamybos formas, kad&#8230;<\/p>\n","protected":false},"featured_media":3325,"comment_status":"open","ping_status":"closed","template":"","meta":[],"product_brand":[],"product_cat":[351,185,174],"product_tag":[],"woo-feed-brand":[],"class_list":{"0":"post-7021","1":"product","2":"type-product","3":"status-publish","4":"has-post-thumbnail","6":"product_cat-nepersaunamas-salmas","7":"product_cat-uncategorized-lt","8":"product_cat-wendy-lt","10":"first","11":"instock","12":"sale","13":"shipping-taxable","14":"purchasable","15":"product-type-variable","16":"has-default-attributes"},"_links":{"self":[{"href":"https:\/\/tyditiao.com\/lt\/wp-json\/wp\/v2\/product\/7021","targetHints":{"allow":["GET"]}}],"collection":[{"href":"https:\/\/tyditiao.com\/lt\/wp-json\/wp\/v2\/product"}],"about":[{"href":"https:\/\/tyditiao.com\/lt\/wp-json\/wp\/v2\/types\/product"}],"replies":[{"embeddable":true,"href":"https:\/\/tyditiao.com\/lt\/wp-json\/wp\/v2\/comments?post=7021"}],"wp:featuredmedia":[{"embeddable":true,"href":"https:\/\/tyditiao.com\/lt\/wp-json\/wp\/v2\/media\/3325"}],"wp:attachment":[{"href":"https:\/\/tyditiao.com\/lt\/wp-json\/wp\/v2\/media?parent=7021"}],"wp:term":[{"taxonomy":"product_brand","embeddable":true,"href":"https:\/\/tyditiao.com\/lt\/wp-json\/wp\/v2\/product_brand?post=7021"},{"taxonomy":"product_cat","embeddable":true,"href":"https:\/\/tyditiao.com\/lt\/wp-json\/wp\/v2\/product_cat?post=7021"},{"taxonomy":"product_tag","embeddable":true,"href":"https:\/\/tyditiao.com\/lt\/wp-json\/wp\/v2\/product_tag?post=7021"},{"taxonomy":"woo-feed-brand","embeddable":true,"href":"https:\/\/tyditiao.com\/lt\/wp-json\/wp\/v2\/woo-feed-brand?post=7021"}],"curies":[{"name":"wp","href":"https:\/\/api.w.org\/{rel}","templated":true}]}}